{"id":6742,"date":"2019-08-21T15:36:32","date_gmt":"2019-08-21T14:36:32","guid":{"rendered":"http:\/\/www.meprolim.es\/?post_type=product&#038;p=6742"},"modified":"2019-10-16T12:44:54","modified_gmt":"2019-10-16T11:44:54","slug":"contenedor-pilas-sobremesa","status":"publish","type":"product","link":"https:\/\/meprolim.es\/fr\/producto\/dispensadores-celulosa-y-complementos\/contenedores-cubos-fr-2\/contenedor-pilas-fr-2\/contenedor-pilas-sobremesa\/","title":{"rendered":"CONTENEDOR PILAS SOBREMESA &#8211; C\u00d3DIGO: BE0004"},"content":{"rendered":"<div class=\"wpb-content-wrapper\"><p>[vc_row][vc_column][\/vc_column][\/vc_row]<\/p>\n<\/div>","protected":false},"excerpt":{"rendered":"<ul>\n<li>En polietileno inyectado para resistir un uso intenso.<\/li>\n<li>Permite la recuperaci\u00f3n combinada de pilas de bot\u00f3n y pilas salinas o alcalinas en dep\u00f3sitos diferentes.<\/li>\n<li>Una apertura peque\u00f1a y una grande, adaptadas a los diferentes tipos de pilas, facilitan la selecci\u00f3n de recogida.<\/li>\n<li>Mecanismo de seguridad. Tapa articulada.<\/li>\n<li>Sencilla instalaci\u00f3n. Permite incluso la fijaci\u00f3n en la pared.<\/li>\n<\/ul>\n<p><strong>SKU: BE0004<\/strong><\/p>\n","protected":false},"featured_media":6741,"template":"","meta":[],"product_brand":[],"product_cat":[90,448,1109],"product_tag":[449,424],"class_list":{"0":"post-6742","1":"product","2":"type-product","3":"status-publish","4":"has-post-thumbnail","6":"product_cat-complementos-para-banos-y-dispensadores","7":"product_cat-contenedor-pilas","8":"product_cat-contenedores-cubos","9":"product_tag-contenedor-pilas","10":"product_tag-papeleras-residuos","12":"first","13":"instock","14":"shipping-taxable","15":"product-type-simple"},"yoast_head":"<!-- This site is optimized with the Yoast SEO plugin v27.3 - https:\/\/yoast.com\/product\/yoast-seo-wordpress\/ -->\n<title>CONTENEDOR PILAS SOBREMESA - C\u00d3DIGO: BE0004 - Meprolim<\/title>\n<meta name=\"robots\" content=\"index, follow, max-snippet:-1, max-image-preview:large, max-video-preview:-1\" \/>\n<link rel=\"canonical\" href=\"https:\/\/meprolim.es\/en\/producto\/complementos-para-banos-y-dispensadores\/contenedores-cubos\/contenedor-pilas\/contenedor-pilas-sobremesa\/\" \/>\n<meta property=\"og:locale\" content=\"fr_FR\" \/>\n<meta property=\"og:type\" content=\"article\" \/>\n<meta property=\"og:title\" content=\"CONTENEDOR PILAS SOBREMESA - C\u00d3DIGO: BE0004 - Meprolim\" \/>\n<meta property=\"og:description\" content=\"En polietileno inyectado para resistir un uso intenso.  Permite la recuperaci\u00f3n combinada de pilas de bot\u00f3n y pilas salinas o alcalinas en dep\u00f3sitos diferentes.  Una apertura peque\u00f1a y una grande, adaptadas a los diferentes tipos de pilas, facilitan la selecci\u00f3n de recogida.  Mecanismo de seguridad. Tapa articulada.  Sencilla instalaci\u00f3n. Permite incluso la fijaci\u00f3n en la pared.  SKU: BE0004\" \/>\n<meta property=\"og:url\" content=\"https:\/\/meprolim.es\/en\/producto\/complementos-para-banos-y-dispensadores\/contenedores-cubos\/contenedor-pilas\/contenedor-pilas-sobremesa\/\" \/>\n<meta property=\"og:site_name\" content=\"Meprolim\" \/>\n<meta property=\"article:modified_time\" content=\"2019-10-16T11:44:54+00:00\" \/>\n<meta property=\"og:image\" content=\"https:\/\/meprolim.es\/wp-content\/uploads\/2019\/08\/BE0004.jpg\" \/>\n\t<meta property=\"og:image:width\" content=\"768\" \/>\n\t<meta property=\"og:image:height\" content=\"768\" \/>\n\t<meta property=\"og:image:type\" content=\"image\/jpeg\" \/>\n<meta name=\"twitter:card\" content=\"summary_large_image\" \/>\n<script type=\"application\/ld+json\" class=\"yoast-schema-graph\">{\"@context\":\"https:\\\/\\\/schema.org\",\"@graph\":[{\"@type\":\"WebPage\",\"@id\":\"https:\\\/\\\/meprolim.es\\\/en\\\/producto\\\/complementos-para-banos-y-dispensadores\\\/contenedores-cubos\\\/contenedor-pilas\\\/contenedor-pilas-sobremesa\\\/\",\"url\":\"https:\\\/\\\/meprolim.es\\\/en\\\/producto\\\/complementos-para-banos-y-dispensadores\\\/contenedores-cubos\\\/contenedor-pilas\\\/contenedor-pilas-sobremesa\\\/\",\"name\":\"CONTENEDOR PILAS SOBREMESA - C\u00d3DIGO: BE0004 - Meprolim\",\"isPartOf\":{\"@id\":\"https:\\\/\\\/meprolim.es\\\/fr\\\/#website\"},\"primaryImageOfPage\":{\"@id\":\"https:\\\/\\\/meprolim.es\\\/en\\\/producto\\\/complementos-para-banos-y-dispensadores\\\/contenedores-cubos\\\/contenedor-pilas\\\/contenedor-pilas-sobremesa\\\/#primaryimage\"},\"image\":{\"@id\":\"https:\\\/\\\/meprolim.es\\\/en\\\/producto\\\/complementos-para-banos-y-dispensadores\\\/contenedores-cubos\\\/contenedor-pilas\\\/contenedor-pilas-sobremesa\\\/#primaryimage\"},\"thumbnailUrl\":\"https:\\\/\\\/meprolim.es\\\/wp-content\\\/uploads\\\/2019\\\/08\\\/BE0004.jpg\",\"datePublished\":\"2019-08-21T14:36:32+00:00\",\"dateModified\":\"2019-10-16T11:44:54+00:00\",\"breadcrumb\":{\"@id\":\"https:\\\/\\\/meprolim.es\\\/en\\\/producto\\\/complementos-para-banos-y-dispensadores\\\/contenedores-cubos\\\/contenedor-pilas\\\/contenedor-pilas-sobremesa\\\/#breadcrumb\"},\"inLanguage\":\"fr-FR\",\"potentialAction\":[{\"@type\":\"ReadAction\",\"target\":[\"https:\\\/\\\/meprolim.es\\\/en\\\/producto\\\/complementos-para-banos-y-dispensadores\\\/contenedores-cubos\\\/contenedor-pilas\\\/contenedor-pilas-sobremesa\\\/\"]}]},{\"@type\":\"ImageObject\",\"inLanguage\":\"fr-FR\",\"@id\":\"https:\\\/\\\/meprolim.es\\\/en\\\/producto\\\/complementos-para-banos-y-dispensadores\\\/contenedores-cubos\\\/contenedor-pilas\\\/contenedor-pilas-sobremesa\\\/#primaryimage\",\"url\":\"https:\\\/\\\/meprolim.es\\\/wp-content\\\/uploads\\\/2019\\\/08\\\/BE0004.jpg\",\"contentUrl\":\"https:\\\/\\\/meprolim.es\\\/wp-content\\\/uploads\\\/2019\\\/08\\\/BE0004.jpg\",\"width\":768,\"height\":768},{\"@type\":\"BreadcrumbList\",\"@id\":\"https:\\\/\\\/meprolim.es\\\/en\\\/producto\\\/complementos-para-banos-y-dispensadores\\\/contenedores-cubos\\\/contenedor-pilas\\\/contenedor-pilas-sobremesa\\\/#breadcrumb\",\"itemListElement\":[{\"@type\":\"ListItem\",\"position\":1,\"name\":\"Portada\",\"item\":\"https:\\\/\\\/meprolim.es\\\/fr\\\/\"},{\"@type\":\"ListItem\",\"position\":2,\"name\":\"Catalogue\",\"item\":\"https:\\\/\\\/meprolim.es\\\/fr\\\/catalogue\\\/\"},{\"@type\":\"ListItem\",\"position\":3,\"name\":\"CONTENEDOR PILAS SOBREMESA &#8211; C\u00d3DIGO: BE0004\"}]},{\"@type\":\"WebSite\",\"@id\":\"https:\\\/\\\/meprolim.es\\\/fr\\\/#website\",\"url\":\"https:\\\/\\\/meprolim.es\\\/fr\\\/\",\"name\":\"Meprolim\",\"description\":\"Cavas Catalanas S.L.\",\"publisher\":{\"@id\":\"https:\\\/\\\/meprolim.es\\\/fr\\\/#organization\"},\"potentialAction\":[{\"@type\":\"SearchAction\",\"target\":{\"@type\":\"EntryPoint\",\"urlTemplate\":\"https:\\\/\\\/meprolim.es\\\/fr\\\/?s={search_term_string}\"},\"query-input\":{\"@type\":\"PropertyValueSpecification\",\"valueRequired\":true,\"valueName\":\"search_term_string\"}}],\"inLanguage\":\"fr-FR\"},{\"@type\":\"Organization\",\"@id\":\"https:\\\/\\\/meprolim.es\\\/fr\\\/#organization\",\"name\":\"Meprolim\",\"url\":\"https:\\\/\\\/meprolim.es\\\/fr\\\/\",\"logo\":{\"@type\":\"ImageObject\",\"inLanguage\":\"fr-FR\",\"@id\":\"https:\\\/\\\/meprolim.es\\\/fr\\\/#\\\/schema\\\/logo\\\/image\\\/\",\"url\":\"https:\\\/\\\/meprolim.es\\\/wp-content\\\/uploads\\\/2019\\\/07\\\/cropped-logo2.png\",\"contentUrl\":\"https:\\\/\\\/meprolim.es\\\/wp-content\\\/uploads\\\/2019\\\/07\\\/cropped-logo2.png\",\"width\":401,\"height\":162,\"caption\":\"Meprolim\"},\"image\":{\"@id\":\"https:\\\/\\\/meprolim.es\\\/fr\\\/#\\\/schema\\\/logo\\\/image\\\/\"}}]}<\/script>\n<!-- \/ Yoast SEO plugin. -->","yoast_head_json":{"title":"CONTENEDOR PILAS SOBREMESA - C\u00d3DIGO: BE0004 - Meprolim","robots":{"index":"index","follow":"follow","max-snippet":"max-snippet:-1","max-image-preview":"max-image-preview:large","max-video-preview":"max-video-preview:-1"},"canonical":"https:\/\/meprolim.es\/en\/producto\/complementos-para-banos-y-dispensadores\/contenedores-cubos\/contenedor-pilas\/contenedor-pilas-sobremesa\/","og_locale":"fr_FR","og_type":"article","og_title":"CONTENEDOR PILAS SOBREMESA - C\u00d3DIGO: BE0004 - Meprolim","og_description":"En polietileno inyectado para resistir un uso intenso.  Permite la recuperaci\u00f3n combinada de pilas de bot\u00f3n y pilas salinas o alcalinas en dep\u00f3sitos diferentes.  Una apertura peque\u00f1a y una grande, adaptadas a los diferentes tipos de pilas, facilitan la selecci\u00f3n de recogida.  Mecanismo de seguridad. Tapa articulada.  Sencilla instalaci\u00f3n. Permite incluso la fijaci\u00f3n en la pared.  SKU: BE0004","og_url":"https:\/\/meprolim.es\/en\/producto\/complementos-para-banos-y-dispensadores\/contenedores-cubos\/contenedor-pilas\/contenedor-pilas-sobremesa\/","og_site_name":"Meprolim","article_modified_time":"2019-10-16T11:44:54+00:00","og_image":[{"width":768,"height":768,"url":"https:\/\/meprolim.es\/wp-content\/uploads\/2019\/08\/BE0004.jpg","type":"image\/jpeg"}],"twitter_card":"summary_large_image","schema":{"@context":"https:\/\/schema.org","@graph":[{"@type":"WebPage","@id":"https:\/\/meprolim.es\/en\/producto\/complementos-para-banos-y-dispensadores\/contenedores-cubos\/contenedor-pilas\/contenedor-pilas-sobremesa\/","url":"https:\/\/meprolim.es\/en\/producto\/complementos-para-banos-y-dispensadores\/contenedores-cubos\/contenedor-pilas\/contenedor-pilas-sobremesa\/","name":"CONTENEDOR PILAS SOBREMESA - C\u00d3DIGO: BE0004 - Meprolim","isPartOf":{"@id":"https:\/\/meprolim.es\/fr\/#website"},"primaryImageOfPage":{"@id":"https:\/\/meprolim.es\/en\/producto\/complementos-para-banos-y-dispensadores\/contenedores-cubos\/contenedor-pilas\/contenedor-pilas-sobremesa\/#primaryimage"},"image":{"@id":"https:\/\/meprolim.es\/en\/producto\/complementos-para-banos-y-dispensadores\/contenedores-cubos\/contenedor-pilas\/contenedor-pilas-sobremesa\/#primaryimage"},"thumbnailUrl":"https:\/\/meprolim.es\/wp-content\/uploads\/2019\/08\/BE0004.jpg","datePublished":"2019-08-21T14:36:32+00:00","dateModified":"2019-10-16T11:44:54+00:00","breadcrumb":{"@id":"https:\/\/meprolim.es\/en\/producto\/complementos-para-banos-y-dispensadores\/contenedores-cubos\/contenedor-pilas\/contenedor-pilas-sobremesa\/#breadcrumb"},"inLanguage":"fr-FR","potentialAction":[{"@type":"ReadAction","target":["https:\/\/meprolim.es\/en\/producto\/complementos-para-banos-y-dispensadores\/contenedores-cubos\/contenedor-pilas\/contenedor-pilas-sobremesa\/"]}]},{"@type":"ImageObject","inLanguage":"fr-FR","@id":"https:\/\/meprolim.es\/en\/producto\/complementos-para-banos-y-dispensadores\/contenedores-cubos\/contenedor-pilas\/contenedor-pilas-sobremesa\/#primaryimage","url":"https:\/\/meprolim.es\/wp-content\/uploads\/2019\/08\/BE0004.jpg","contentUrl":"https:\/\/meprolim.es\/wp-content\/uploads\/2019\/08\/BE0004.jpg","width":768,"height":768},{"@type":"BreadcrumbList","@id":"https:\/\/meprolim.es\/en\/producto\/complementos-para-banos-y-dispensadores\/contenedores-cubos\/contenedor-pilas\/contenedor-pilas-sobremesa\/#breadcrumb","itemListElement":[{"@type":"ListItem","position":1,"name":"Portada","item":"https:\/\/meprolim.es\/fr\/"},{"@type":"ListItem","position":2,"name":"Catalogue","item":"https:\/\/meprolim.es\/fr\/catalogue\/"},{"@type":"ListItem","position":3,"name":"CONTENEDOR PILAS SOBREMESA &#8211; C\u00d3DIGO: BE0004"}]},{"@type":"WebSite","@id":"https:\/\/meprolim.es\/fr\/#website","url":"https:\/\/meprolim.es\/fr\/","name":"Meprolim","description":"Cavas Catalanas S.L.","publisher":{"@id":"https:\/\/meprolim.es\/fr\/#organization"},"potentialAction":[{"@type":"SearchAction","target":{"@type":"EntryPoint","urlTemplate":"https:\/\/meprolim.es\/fr\/?s={search_term_string}"},"query-input":{"@type":"PropertyValueSpecification","valueRequired":true,"valueName":"search_term_string"}}],"inLanguage":"fr-FR"},{"@type":"Organization","@id":"https:\/\/meprolim.es\/fr\/#organization","name":"Meprolim","url":"https:\/\/meprolim.es\/fr\/","logo":{"@type":"ImageObject","inLanguage":"fr-FR","@id":"https:\/\/meprolim.es\/fr\/#\/schema\/logo\/image\/","url":"https:\/\/meprolim.es\/wp-content\/uploads\/2019\/07\/cropped-logo2.png","contentUrl":"https:\/\/meprolim.es\/wp-content\/uploads\/2019\/07\/cropped-logo2.png","width":401,"height":162,"caption":"Meprolim"},"image":{"@id":"https:\/\/meprolim.es\/fr\/#\/schema\/logo\/image\/"}}]}},"_links":{"self":[{"href":"https:\/\/meprolim.es\/fr\/wp-json\/wp\/v2\/product\/6742","targetHints":{"allow":["GET"]}}],"collection":[{"href":"https:\/\/meprolim.es\/fr\/wp-json\/wp\/v2\/product"}],"about":[{"href":"https:\/\/meprolim.es\/fr\/wp-json\/wp\/v2\/types\/product"}],"wp:featuredmedia":[{"embeddable":true,"href":"https:\/\/meprolim.es\/fr\/wp-json\/wp\/v2\/media\/6741"}],"wp:attachment":[{"href":"https:\/\/meprolim.es\/fr\/wp-json\/wp\/v2\/media?parent=6742"}],"wp:term":[{"taxonomy":"product_brand","embeddable":true,"href":"https:\/\/meprolim.es\/fr\/wp-json\/wp\/v2\/product_brand?post=6742"},{"taxonomy":"product_cat","embeddable":true,"href":"https:\/\/meprolim.es\/fr\/wp-json\/wp\/v2\/product_cat?post=6742"},{"taxonomy":"product_tag","embeddable":true,"href":"https:\/\/meprolim.es\/fr\/wp-json\/wp\/v2\/product_tag?post=6742"}],"curies":[{"name":"wp","href":"https:\/\/api.w.org\/{rel}","templated":true}]}}