{"id":6892,"date":"2019-08-22T09:47:48","date_gmt":"2019-08-22T08:47:48","guid":{"rendered":"http:\/\/www.meprolim.es\/?post_type=product&#038;p=6892"},"modified":"2019-09-22T11:26:26","modified_gmt":"2019-09-22T10:26:26","slug":"metro-vinilo-degofil-verde-1-20-mts","status":"publish","type":"product","link":"https:\/\/meprolim.es\/fr\/producto\/dispensadores-celulosa-y-complementos\/pavimentos-alfombras-fr-2\/pavimentos-vinilo-fr-2\/metro-vinilo-degofil-verde-1-20-mts\/","title":{"rendered":"METRO VINILO DEGOFIL VERDE 1.20 Mts &#8211; C\u00d3DIGO: AF2006"},"content":{"rendered":"<div class=\"wpb-content-wrapper\"><p>[vc_row][vc_column][vc_column_text]<\/p>\n<p>Rollos y alfombras de vinilo en rizos (bucles)<\/p>\n<p>[\/vc_column_text][\/vc_column][\/vc_row]<\/p>\n<\/div>","protected":false},"excerpt":{"rendered":"<ul>\n<li>Fabricadas en bucles para retener en mayor grado la suciedad.<\/li>\n<li>No permite el desarrollo de hongos ni bacterias.<\/li>\n<li>Se puede instalar en interior y exterior.<\/li>\n<li>M\u00e1xima duraci\u00f3n al desgaste y la decoloraci\u00f3n.<\/li>\n<li>Recomendada para empotrar en suelo sin soporte.<\/li>\n<li>Estructura abierta para permitir el paso de l\u00edquidos.<\/li>\n<\/ul>\n<p><strong>SKU: AF2006<\/strong><\/p>\n","protected":false},"featured_media":6889,"template":"","meta":[],"product_brand":[],"product_cat":[90,474,473],"product_tag":[475],"class_list":{"0":"post-6892","1":"product","2":"type-product","3":"status-publish","4":"has-post-thumbnail","6":"product_cat-complementos-para-banos-y-dispensadores","7":"product_cat-pavimentos-vinilo","8":"product_cat-pavimentos-alfombras","9":"product_tag-pavimentos-de-vinilo","11":"first","12":"instock","13":"shipping-taxable","14":"product-type-simple"},"yoast_head":"<!-- This site is optimized with the Yoast SEO plugin v27.3 - https:\/\/yoast.com\/product\/yoast-seo-wordpress\/ -->\n<title>METRO VINILO DEGOFIL VERDE 1.20 Mts - C\u00d3DIGO: AF2006 - Meprolim<\/title>\n<meta name=\"robots\" content=\"index, follow, max-snippet:-1, max-image-preview:large, max-video-preview:-1\" \/>\n<link rel=\"canonical\" href=\"https:\/\/meprolim.es\/de\/producto\/complementos-para-banos-y-dispensadores\/pavimentos-alfombras\/pavimentos-vinilo\/metro-vinilo-degofil-verde-1-20-mts\/\" \/>\n<meta property=\"og:locale\" content=\"fr_FR\" \/>\n<meta property=\"og:type\" content=\"article\" \/>\n<meta property=\"og:title\" content=\"METRO VINILO DEGOFIL VERDE 1.20 Mts - C\u00d3DIGO: AF2006 - Meprolim\" \/>\n<meta property=\"og:description\" content=\"Fabricadas en bucles para retener en mayor grado la suciedad.  No permite el desarrollo de hongos ni bacterias.  Se puede instalar en interior y exterior.  M\u00e1xima duraci\u00f3n al desgaste y la decoloraci\u00f3n.  Recomendada para empotrar en suelo sin soporte.  Estructura abierta para permitir el paso de l\u00edquidos.  SKU: AF2006\" \/>\n<meta property=\"og:url\" content=\"https:\/\/meprolim.es\/de\/producto\/complementos-para-banos-y-dispensadores\/pavimentos-alfombras\/pavimentos-vinilo\/metro-vinilo-degofil-verde-1-20-mts\/\" \/>\n<meta property=\"og:site_name\" content=\"Meprolim\" \/>\n<meta property=\"article:modified_time\" content=\"2019-09-22T10:26:26+00:00\" \/>\n<meta property=\"og:image\" content=\"https:\/\/meprolim.es\/wp-content\/uploads\/2019\/08\/AF2005.jpg\" \/>\n\t<meta property=\"og:image:width\" content=\"768\" \/>\n\t<meta property=\"og:image:height\" content=\"768\" \/>\n\t<meta property=\"og:image:type\" content=\"image\/jpeg\" \/>\n<meta name=\"twitter:card\" content=\"summary_large_image\" \/>\n<script type=\"application\/ld+json\" class=\"yoast-schema-graph\">{\"@context\":\"https:\\\/\\\/schema.org\",\"@graph\":[{\"@type\":\"WebPage\",\"@id\":\"https:\\\/\\\/meprolim.es\\\/de\\\/producto\\\/complementos-para-banos-y-dispensadores\\\/pavimentos-alfombras\\\/pavimentos-vinilo\\\/metro-vinilo-degofil-verde-1-20-mts\\\/\",\"url\":\"https:\\\/\\\/meprolim.es\\\/de\\\/producto\\\/complementos-para-banos-y-dispensadores\\\/pavimentos-alfombras\\\/pavimentos-vinilo\\\/metro-vinilo-degofil-verde-1-20-mts\\\/\",\"name\":\"METRO VINILO DEGOFIL VERDE 1.20 Mts - C\u00d3DIGO: AF2006 - Meprolim\",\"isPartOf\":{\"@id\":\"https:\\\/\\\/meprolim.es\\\/fr\\\/#website\"},\"primaryImageOfPage\":{\"@id\":\"https:\\\/\\\/meprolim.es\\\/de\\\/producto\\\/complementos-para-banos-y-dispensadores\\\/pavimentos-alfombras\\\/pavimentos-vinilo\\\/metro-vinilo-degofil-verde-1-20-mts\\\/#primaryimage\"},\"image\":{\"@id\":\"https:\\\/\\\/meprolim.es\\\/de\\\/producto\\\/complementos-para-banos-y-dispensadores\\\/pavimentos-alfombras\\\/pavimentos-vinilo\\\/metro-vinilo-degofil-verde-1-20-mts\\\/#primaryimage\"},\"thumbnailUrl\":\"https:\\\/\\\/meprolim.es\\\/wp-content\\\/uploads\\\/2019\\\/08\\\/AF2005.jpg\",\"datePublished\":\"2019-08-22T08:47:48+00:00\",\"dateModified\":\"2019-09-22T10:26:26+00:00\",\"breadcrumb\":{\"@id\":\"https:\\\/\\\/meprolim.es\\\/de\\\/producto\\\/complementos-para-banos-y-dispensadores\\\/pavimentos-alfombras\\\/pavimentos-vinilo\\\/metro-vinilo-degofil-verde-1-20-mts\\\/#breadcrumb\"},\"inLanguage\":\"fr-FR\",\"potentialAction\":[{\"@type\":\"ReadAction\",\"target\":[\"https:\\\/\\\/meprolim.es\\\/de\\\/producto\\\/complementos-para-banos-y-dispensadores\\\/pavimentos-alfombras\\\/pavimentos-vinilo\\\/metro-vinilo-degofil-verde-1-20-mts\\\/\"]}]},{\"@type\":\"ImageObject\",\"inLanguage\":\"fr-FR\",\"@id\":\"https:\\\/\\\/meprolim.es\\\/de\\\/producto\\\/complementos-para-banos-y-dispensadores\\\/pavimentos-alfombras\\\/pavimentos-vinilo\\\/metro-vinilo-degofil-verde-1-20-mts\\\/#primaryimage\",\"url\":\"https:\\\/\\\/meprolim.es\\\/wp-content\\\/uploads\\\/2019\\\/08\\\/AF2005.jpg\",\"contentUrl\":\"https:\\\/\\\/meprolim.es\\\/wp-content\\\/uploads\\\/2019\\\/08\\\/AF2005.jpg\",\"width\":768,\"height\":768},{\"@type\":\"BreadcrumbList\",\"@id\":\"https:\\\/\\\/meprolim.es\\\/de\\\/producto\\\/complementos-para-banos-y-dispensadores\\\/pavimentos-alfombras\\\/pavimentos-vinilo\\\/metro-vinilo-degofil-verde-1-20-mts\\\/#breadcrumb\",\"itemListElement\":[{\"@type\":\"ListItem\",\"position\":1,\"name\":\"Portada\",\"item\":\"https:\\\/\\\/meprolim.es\\\/fr\\\/\"},{\"@type\":\"ListItem\",\"position\":2,\"name\":\"Catalogue\",\"item\":\"https:\\\/\\\/meprolim.es\\\/fr\\\/catalogue\\\/\"},{\"@type\":\"ListItem\",\"position\":3,\"name\":\"METRO VINILO DEGOFIL VERDE 1.20 Mts &#8211; C\u00d3DIGO: AF2006\"}]},{\"@type\":\"WebSite\",\"@id\":\"https:\\\/\\\/meprolim.es\\\/fr\\\/#website\",\"url\":\"https:\\\/\\\/meprolim.es\\\/fr\\\/\",\"name\":\"Meprolim\",\"description\":\"Cavas Catalanas S.L.\",\"publisher\":{\"@id\":\"https:\\\/\\\/meprolim.es\\\/fr\\\/#organization\"},\"potentialAction\":[{\"@type\":\"SearchAction\",\"target\":{\"@type\":\"EntryPoint\",\"urlTemplate\":\"https:\\\/\\\/meprolim.es\\\/fr\\\/?s={search_term_string}\"},\"query-input\":{\"@type\":\"PropertyValueSpecification\",\"valueRequired\":true,\"valueName\":\"search_term_string\"}}],\"inLanguage\":\"fr-FR\"},{\"@type\":\"Organization\",\"@id\":\"https:\\\/\\\/meprolim.es\\\/fr\\\/#organization\",\"name\":\"Meprolim\",\"url\":\"https:\\\/\\\/meprolim.es\\\/fr\\\/\",\"logo\":{\"@type\":\"ImageObject\",\"inLanguage\":\"fr-FR\",\"@id\":\"https:\\\/\\\/meprolim.es\\\/fr\\\/#\\\/schema\\\/logo\\\/image\\\/\",\"url\":\"https:\\\/\\\/meprolim.es\\\/wp-content\\\/uploads\\\/2019\\\/07\\\/cropped-logo2.png\",\"contentUrl\":\"https:\\\/\\\/meprolim.es\\\/wp-content\\\/uploads\\\/2019\\\/07\\\/cropped-logo2.png\",\"width\":401,\"height\":162,\"caption\":\"Meprolim\"},\"image\":{\"@id\":\"https:\\\/\\\/meprolim.es\\\/fr\\\/#\\\/schema\\\/logo\\\/image\\\/\"}}]}<\/script>\n<!-- \/ Yoast SEO plugin. -->","yoast_head_json":{"title":"METRO VINILO DEGOFIL VERDE 1.20 Mts - C\u00d3DIGO: AF2006 - Meprolim","robots":{"index":"index","follow":"follow","max-snippet":"max-snippet:-1","max-image-preview":"max-image-preview:large","max-video-preview":"max-video-preview:-1"},"canonical":"https:\/\/meprolim.es\/de\/producto\/complementos-para-banos-y-dispensadores\/pavimentos-alfombras\/pavimentos-vinilo\/metro-vinilo-degofil-verde-1-20-mts\/","og_locale":"fr_FR","og_type":"article","og_title":"METRO VINILO DEGOFIL VERDE 1.20 Mts - C\u00d3DIGO: AF2006 - Meprolim","og_description":"Fabricadas en bucles para retener en mayor grado la suciedad.  No permite el desarrollo de hongos ni bacterias.  Se puede instalar en interior y exterior.  M\u00e1xima duraci\u00f3n al desgaste y la decoloraci\u00f3n.  Recomendada para empotrar en suelo sin soporte.  Estructura abierta para permitir el paso de l\u00edquidos.  SKU: AF2006","og_url":"https:\/\/meprolim.es\/de\/producto\/complementos-para-banos-y-dispensadores\/pavimentos-alfombras\/pavimentos-vinilo\/metro-vinilo-degofil-verde-1-20-mts\/","og_site_name":"Meprolim","article_modified_time":"2019-09-22T10:26:26+00:00","og_image":[{"width":768,"height":768,"url":"https:\/\/meprolim.es\/wp-content\/uploads\/2019\/08\/AF2005.jpg","type":"image\/jpeg"}],"twitter_card":"summary_large_image","schema":{"@context":"https:\/\/schema.org","@graph":[{"@type":"WebPage","@id":"https:\/\/meprolim.es\/de\/producto\/complementos-para-banos-y-dispensadores\/pavimentos-alfombras\/pavimentos-vinilo\/metro-vinilo-degofil-verde-1-20-mts\/","url":"https:\/\/meprolim.es\/de\/producto\/complementos-para-banos-y-dispensadores\/pavimentos-alfombras\/pavimentos-vinilo\/metro-vinilo-degofil-verde-1-20-mts\/","name":"METRO VINILO DEGOFIL VERDE 1.20 Mts - C\u00d3DIGO: AF2006 - Meprolim","isPartOf":{"@id":"https:\/\/meprolim.es\/fr\/#website"},"primaryImageOfPage":{"@id":"https:\/\/meprolim.es\/de\/producto\/complementos-para-banos-y-dispensadores\/pavimentos-alfombras\/pavimentos-vinilo\/metro-vinilo-degofil-verde-1-20-mts\/#primaryimage"},"image":{"@id":"https:\/\/meprolim.es\/de\/producto\/complementos-para-banos-y-dispensadores\/pavimentos-alfombras\/pavimentos-vinilo\/metro-vinilo-degofil-verde-1-20-mts\/#primaryimage"},"thumbnailUrl":"https:\/\/meprolim.es\/wp-content\/uploads\/2019\/08\/AF2005.jpg","datePublished":"2019-08-22T08:47:48+00:00","dateModified":"2019-09-22T10:26:26+00:00","breadcrumb":{"@id":"https:\/\/meprolim.es\/de\/producto\/complementos-para-banos-y-dispensadores\/pavimentos-alfombras\/pavimentos-vinilo\/metro-vinilo-degofil-verde-1-20-mts\/#breadcrumb"},"inLanguage":"fr-FR","potentialAction":[{"@type":"ReadAction","target":["https:\/\/meprolim.es\/de\/producto\/complementos-para-banos-y-dispensadores\/pavimentos-alfombras\/pavimentos-vinilo\/metro-vinilo-degofil-verde-1-20-mts\/"]}]},{"@type":"ImageObject","inLanguage":"fr-FR","@id":"https:\/\/meprolim.es\/de\/producto\/complementos-para-banos-y-dispensadores\/pavimentos-alfombras\/pavimentos-vinilo\/metro-vinilo-degofil-verde-1-20-mts\/#primaryimage","url":"https:\/\/meprolim.es\/wp-content\/uploads\/2019\/08\/AF2005.jpg","contentUrl":"https:\/\/meprolim.es\/wp-content\/uploads\/2019\/08\/AF2005.jpg","width":768,"height":768},{"@type":"BreadcrumbList","@id":"https:\/\/meprolim.es\/de\/producto\/complementos-para-banos-y-dispensadores\/pavimentos-alfombras\/pavimentos-vinilo\/metro-vinilo-degofil-verde-1-20-mts\/#breadcrumb","itemListElement":[{"@type":"ListItem","position":1,"name":"Portada","item":"https:\/\/meprolim.es\/fr\/"},{"@type":"ListItem","position":2,"name":"Catalogue","item":"https:\/\/meprolim.es\/fr\/catalogue\/"},{"@type":"ListItem","position":3,"name":"METRO VINILO DEGOFIL VERDE 1.20 Mts &#8211; C\u00d3DIGO: AF2006"}]},{"@type":"WebSite","@id":"https:\/\/meprolim.es\/fr\/#website","url":"https:\/\/meprolim.es\/fr\/","name":"Meprolim","description":"Cavas Catalanas S.L.","publisher":{"@id":"https:\/\/meprolim.es\/fr\/#organization"},"potentialAction":[{"@type":"SearchAction","target":{"@type":"EntryPoint","urlTemplate":"https:\/\/meprolim.es\/fr\/?s={search_term_string}"},"query-input":{"@type":"PropertyValueSpecification","valueRequired":true,"valueName":"search_term_string"}}],"inLanguage":"fr-FR"},{"@type":"Organization","@id":"https:\/\/meprolim.es\/fr\/#organization","name":"Meprolim","url":"https:\/\/meprolim.es\/fr\/","logo":{"@type":"ImageObject","inLanguage":"fr-FR","@id":"https:\/\/meprolim.es\/fr\/#\/schema\/logo\/image\/","url":"https:\/\/meprolim.es\/wp-content\/uploads\/2019\/07\/cropped-logo2.png","contentUrl":"https:\/\/meprolim.es\/wp-content\/uploads\/2019\/07\/cropped-logo2.png","width":401,"height":162,"caption":"Meprolim"},"image":{"@id":"https:\/\/meprolim.es\/fr\/#\/schema\/logo\/image\/"}}]}},"_links":{"self":[{"href":"https:\/\/meprolim.es\/fr\/wp-json\/wp\/v2\/product\/6892","targetHints":{"allow":["GET"]}}],"collection":[{"href":"https:\/\/meprolim.es\/fr\/wp-json\/wp\/v2\/product"}],"about":[{"href":"https:\/\/meprolim.es\/fr\/wp-json\/wp\/v2\/types\/product"}],"wp:featuredmedia":[{"embeddable":true,"href":"https:\/\/meprolim.es\/fr\/wp-json\/wp\/v2\/media\/6889"}],"wp:attachment":[{"href":"https:\/\/meprolim.es\/fr\/wp-json\/wp\/v2\/media?parent=6892"}],"wp:term":[{"taxonomy":"product_brand","embeddable":true,"href":"https:\/\/meprolim.es\/fr\/wp-json\/wp\/v2\/product_brand?post=6892"},{"taxonomy":"product_cat","embeddable":true,"href":"https:\/\/meprolim.es\/fr\/wp-json\/wp\/v2\/product_cat?post=6892"},{"taxonomy":"product_tag","embeddable":true,"href":"https:\/\/meprolim.es\/fr\/wp-json\/wp\/v2\/product_tag?post=6892"}],"curies":[{"name":"wp","href":"https:\/\/api.w.org\/{rel}","templated":true}]}}