{"id":7055,"date":"2019-08-23T15:00:31","date_gmt":"2019-08-23T14:00:31","guid":{"rendered":"http:\/\/www.meprolim.es\/?post_type=product&#038;p=7055"},"modified":"2019-10-28T20:56:14","modified_gmt":"2019-10-28T20:56:14","slug":"secapelos-hawai-toma-afeitar-timer","status":"publish","type":"product","link":"https:\/\/meprolim.es\/fr\/producto\/dispensadores-celulosa-y-complementos\/secadores-cabello-fr-2\/secador-cabellos-mural-fr-2\/secapelos-hawai-toma-afeitar-timer\/","title":{"rendered":"SECAPELOS HAWAI TOMA AFEITAR + TIMER &#8211; C\u00d3DIGO: FK0001"},"content":{"rendered":"<div class=\"wpb-content-wrapper\"><p>[vc_row][vc_column][vc_column_text]<\/p>\n<p>Secador de cabello con manguera.<\/p>\n<p>[\/vc_column_text][\/vc_column][\/vc_row]<\/p>\n<\/div>","protected":false},"excerpt":{"rendered":"<ul>\n<li>Secadores murales de dimensiones reducidas.<\/li>\n<li>Gran caudal de aire.<\/li>\n<li>Mango para facilitar el secado.<\/li>\n<li>Aseguran el \u00edndice de protecci\u00f3n contra la humedad m\u00e1s elevado del mercado.<\/li>\n<li>El c\u00f3digo FK0001 tiene efecto luminoso por la zona de secado, aislamiento Clase II, parada<br \/>\nautom\u00e1tica en caso de mal funcionamiento, toma de afeitado, timer y sistema antivand\u00e1lico.<\/li>\n<\/ul>\n<p><strong>SKU: FK0001<\/strong><\/p>\n","protected":false},"featured_media":7056,"template":"","meta":[],"product_brand":[],"product_cat":[90,504,1135],"product_tag":[380,486,506,505],"class_list":{"0":"post-7055","1":"product","2":"type-product","3":"status-publish","4":"has-post-thumbnail","6":"product_cat-complementos-para-banos-y-dispensadores","7":"product_cat-secador-cabellos-mural","8":"product_cat-secadores-cabello","9":"product_tag-acero-inoxidable","10":"product_tag-bano","11":"product_tag-secador-de-cabello","12":"product_tag-secador-de-pelo","14":"first","15":"instock","16":"shipping-taxable","17":"product-type-simple"},"yoast_head":"<!-- This site is optimized with the Yoast SEO plugin v27.4 - https:\/\/yoast.com\/product\/yoast-seo-wordpress\/ -->\n<title>SECAPELOS HAWAI TOMA AFEITAR + TIMER - C\u00d3DIGO: FK0001 - Meprolim<\/title>\n<meta name=\"robots\" content=\"index, follow, max-snippet:-1, max-image-preview:large, max-video-preview:-1\" \/>\n<link rel=\"canonical\" href=\"https:\/\/meprolim.es\/fr\/producto\/complementos-para-banos-y-dispensadores\/secadores-cabello\/secador-cabellos-mural\/secapelos-hawai-toma-afeitar-timer\/\" \/>\n<meta property=\"og:locale\" content=\"fr_FR\" \/>\n<meta property=\"og:type\" content=\"article\" \/>\n<meta property=\"og:title\" content=\"SECAPELOS HAWAI TOMA AFEITAR + TIMER - C\u00d3DIGO: FK0001 - Meprolim\" \/>\n<meta property=\"og:description\" content=\"Secadores murales de dimensiones reducidas.  Gran caudal de aire.  Mango para facilitar el secado.  Aseguran el \u00edndice de protecci\u00f3n contra la humedad m\u00e1s elevado del mercado.  El c\u00f3digo FK0001 tiene efecto luminoso por la zona de secado, aislamiento Clase II, parada autom\u00e1tica en caso de mal funcionamiento, toma de afeitado, timer y sistema antivand\u00e1lico.  SKU: FK0001\" \/>\n<meta property=\"og:url\" content=\"https:\/\/meprolim.es\/fr\/producto\/complementos-para-banos-y-dispensadores\/secadores-cabello\/secador-cabellos-mural\/secapelos-hawai-toma-afeitar-timer\/\" \/>\n<meta property=\"og:site_name\" content=\"Meprolim\" \/>\n<meta property=\"article:modified_time\" content=\"2019-10-28T20:56:14+00:00\" \/>\n<meta property=\"og:image\" content=\"https:\/\/meprolim.es\/wp-content\/uploads\/2019\/08\/FK0001.jpg\" \/>\n\t<meta property=\"og:image:width\" content=\"768\" \/>\n\t<meta property=\"og:image:height\" content=\"768\" \/>\n\t<meta property=\"og:image:type\" content=\"image\/jpeg\" \/>\n<meta name=\"twitter:card\" content=\"summary_large_image\" \/>\n<script type=\"application\/ld+json\" class=\"yoast-schema-graph\">{\"@context\":\"https:\\\/\\\/schema.org\",\"@graph\":[{\"@type\":\"WebPage\",\"@id\":\"https:\\\/\\\/meprolim.es\\\/fr\\\/producto\\\/complementos-para-banos-y-dispensadores\\\/secadores-cabello\\\/secador-cabellos-mural\\\/secapelos-hawai-toma-afeitar-timer\\\/\",\"url\":\"https:\\\/\\\/meprolim.es\\\/fr\\\/producto\\\/complementos-para-banos-y-dispensadores\\\/secadores-cabello\\\/secador-cabellos-mural\\\/secapelos-hawai-toma-afeitar-timer\\\/\",\"name\":\"SECAPELOS HAWAI TOMA AFEITAR + TIMER - C\u00d3DIGO: FK0001 - Meprolim\",\"isPartOf\":{\"@id\":\"https:\\\/\\\/meprolim.es\\\/fr\\\/#website\"},\"primaryImageOfPage\":{\"@id\":\"https:\\\/\\\/meprolim.es\\\/fr\\\/producto\\\/complementos-para-banos-y-dispensadores\\\/secadores-cabello\\\/secador-cabellos-mural\\\/secapelos-hawai-toma-afeitar-timer\\\/#primaryimage\"},\"image\":{\"@id\":\"https:\\\/\\\/meprolim.es\\\/fr\\\/producto\\\/complementos-para-banos-y-dispensadores\\\/secadores-cabello\\\/secador-cabellos-mural\\\/secapelos-hawai-toma-afeitar-timer\\\/#primaryimage\"},\"thumbnailUrl\":\"https:\\\/\\\/meprolim.es\\\/wp-content\\\/uploads\\\/2019\\\/08\\\/FK0001.jpg\",\"datePublished\":\"2019-08-23T14:00:31+00:00\",\"dateModified\":\"2019-10-28T20:56:14+00:00\",\"breadcrumb\":{\"@id\":\"https:\\\/\\\/meprolim.es\\\/fr\\\/producto\\\/complementos-para-banos-y-dispensadores\\\/secadores-cabello\\\/secador-cabellos-mural\\\/secapelos-hawai-toma-afeitar-timer\\\/#breadcrumb\"},\"inLanguage\":\"fr-FR\",\"potentialAction\":[{\"@type\":\"ReadAction\",\"target\":[\"https:\\\/\\\/meprolim.es\\\/fr\\\/producto\\\/complementos-para-banos-y-dispensadores\\\/secadores-cabello\\\/secador-cabellos-mural\\\/secapelos-hawai-toma-afeitar-timer\\\/\"]}]},{\"@type\":\"ImageObject\",\"inLanguage\":\"fr-FR\",\"@id\":\"https:\\\/\\\/meprolim.es\\\/fr\\\/producto\\\/complementos-para-banos-y-dispensadores\\\/secadores-cabello\\\/secador-cabellos-mural\\\/secapelos-hawai-toma-afeitar-timer\\\/#primaryimage\",\"url\":\"https:\\\/\\\/meprolim.es\\\/wp-content\\\/uploads\\\/2019\\\/08\\\/FK0001.jpg\",\"contentUrl\":\"https:\\\/\\\/meprolim.es\\\/wp-content\\\/uploads\\\/2019\\\/08\\\/FK0001.jpg\",\"width\":768,\"height\":768},{\"@type\":\"BreadcrumbList\",\"@id\":\"https:\\\/\\\/meprolim.es\\\/fr\\\/producto\\\/complementos-para-banos-y-dispensadores\\\/secadores-cabello\\\/secador-cabellos-mural\\\/secapelos-hawai-toma-afeitar-timer\\\/#breadcrumb\",\"itemListElement\":[{\"@type\":\"ListItem\",\"position\":1,\"name\":\"Portada\",\"item\":\"https:\\\/\\\/meprolim.es\\\/fr\\\/\"},{\"@type\":\"ListItem\",\"position\":2,\"name\":\"Catalogue\",\"item\":\"https:\\\/\\\/meprolim.es\\\/fr\\\/catalogue\\\/\"},{\"@type\":\"ListItem\",\"position\":3,\"name\":\"SECAPELOS HAWAI TOMA AFEITAR + TIMER &#8211; C\u00d3DIGO: FK0001\"}]},{\"@type\":\"WebSite\",\"@id\":\"https:\\\/\\\/meprolim.es\\\/fr\\\/#website\",\"url\":\"https:\\\/\\\/meprolim.es\\\/fr\\\/\",\"name\":\"Meprolim\",\"description\":\"Cavas Catalanas S.L.\",\"publisher\":{\"@id\":\"https:\\\/\\\/meprolim.es\\\/fr\\\/#organization\"},\"potentialAction\":[{\"@type\":\"SearchAction\",\"target\":{\"@type\":\"EntryPoint\",\"urlTemplate\":\"https:\\\/\\\/meprolim.es\\\/fr\\\/?s={search_term_string}\"},\"query-input\":{\"@type\":\"PropertyValueSpecification\",\"valueRequired\":true,\"valueName\":\"search_term_string\"}}],\"inLanguage\":\"fr-FR\"},{\"@type\":\"Organization\",\"@id\":\"https:\\\/\\\/meprolim.es\\\/fr\\\/#organization\",\"name\":\"Meprolim\",\"url\":\"https:\\\/\\\/meprolim.es\\\/fr\\\/\",\"logo\":{\"@type\":\"ImageObject\",\"inLanguage\":\"fr-FR\",\"@id\":\"https:\\\/\\\/meprolim.es\\\/fr\\\/#\\\/schema\\\/logo\\\/image\\\/\",\"url\":\"https:\\\/\\\/meprolim.es\\\/wp-content\\\/uploads\\\/2019\\\/07\\\/cropped-logo2.png\",\"contentUrl\":\"https:\\\/\\\/meprolim.es\\\/wp-content\\\/uploads\\\/2019\\\/07\\\/cropped-logo2.png\",\"width\":401,\"height\":162,\"caption\":\"Meprolim\"},\"image\":{\"@id\":\"https:\\\/\\\/meprolim.es\\\/fr\\\/#\\\/schema\\\/logo\\\/image\\\/\"}}]}<\/script>\n<!-- \/ Yoast SEO plugin. -->","yoast_head_json":{"title":"SECAPELOS HAWAI TOMA AFEITAR + TIMER - C\u00d3DIGO: FK0001 - Meprolim","robots":{"index":"index","follow":"follow","max-snippet":"max-snippet:-1","max-image-preview":"max-image-preview:large","max-video-preview":"max-video-preview:-1"},"canonical":"https:\/\/meprolim.es\/fr\/producto\/complementos-para-banos-y-dispensadores\/secadores-cabello\/secador-cabellos-mural\/secapelos-hawai-toma-afeitar-timer\/","og_locale":"fr_FR","og_type":"article","og_title":"SECAPELOS HAWAI TOMA AFEITAR + TIMER - C\u00d3DIGO: FK0001 - Meprolim","og_description":"Secadores murales de dimensiones reducidas.  Gran caudal de aire.  Mango para facilitar el secado.  Aseguran el \u00edndice de protecci\u00f3n contra la humedad m\u00e1s elevado del mercado.  El c\u00f3digo FK0001 tiene efecto luminoso por la zona de secado, aislamiento Clase II, parada autom\u00e1tica en caso de mal funcionamiento, toma de afeitado, timer y sistema antivand\u00e1lico.  SKU: FK0001","og_url":"https:\/\/meprolim.es\/fr\/producto\/complementos-para-banos-y-dispensadores\/secadores-cabello\/secador-cabellos-mural\/secapelos-hawai-toma-afeitar-timer\/","og_site_name":"Meprolim","article_modified_time":"2019-10-28T20:56:14+00:00","og_image":[{"width":768,"height":768,"url":"https:\/\/meprolim.es\/wp-content\/uploads\/2019\/08\/FK0001.jpg","type":"image\/jpeg"}],"twitter_card":"summary_large_image","schema":{"@context":"https:\/\/schema.org","@graph":[{"@type":"WebPage","@id":"https:\/\/meprolim.es\/fr\/producto\/complementos-para-banos-y-dispensadores\/secadores-cabello\/secador-cabellos-mural\/secapelos-hawai-toma-afeitar-timer\/","url":"https:\/\/meprolim.es\/fr\/producto\/complementos-para-banos-y-dispensadores\/secadores-cabello\/secador-cabellos-mural\/secapelos-hawai-toma-afeitar-timer\/","name":"SECAPELOS HAWAI TOMA AFEITAR + TIMER - C\u00d3DIGO: FK0001 - Meprolim","isPartOf":{"@id":"https:\/\/meprolim.es\/fr\/#website"},"primaryImageOfPage":{"@id":"https:\/\/meprolim.es\/fr\/producto\/complementos-para-banos-y-dispensadores\/secadores-cabello\/secador-cabellos-mural\/secapelos-hawai-toma-afeitar-timer\/#primaryimage"},"image":{"@id":"https:\/\/meprolim.es\/fr\/producto\/complementos-para-banos-y-dispensadores\/secadores-cabello\/secador-cabellos-mural\/secapelos-hawai-toma-afeitar-timer\/#primaryimage"},"thumbnailUrl":"https:\/\/meprolim.es\/wp-content\/uploads\/2019\/08\/FK0001.jpg","datePublished":"2019-08-23T14:00:31+00:00","dateModified":"2019-10-28T20:56:14+00:00","breadcrumb":{"@id":"https:\/\/meprolim.es\/fr\/producto\/complementos-para-banos-y-dispensadores\/secadores-cabello\/secador-cabellos-mural\/secapelos-hawai-toma-afeitar-timer\/#breadcrumb"},"inLanguage":"fr-FR","potentialAction":[{"@type":"ReadAction","target":["https:\/\/meprolim.es\/fr\/producto\/complementos-para-banos-y-dispensadores\/secadores-cabello\/secador-cabellos-mural\/secapelos-hawai-toma-afeitar-timer\/"]}]},{"@type":"ImageObject","inLanguage":"fr-FR","@id":"https:\/\/meprolim.es\/fr\/producto\/complementos-para-banos-y-dispensadores\/secadores-cabello\/secador-cabellos-mural\/secapelos-hawai-toma-afeitar-timer\/#primaryimage","url":"https:\/\/meprolim.es\/wp-content\/uploads\/2019\/08\/FK0001.jpg","contentUrl":"https:\/\/meprolim.es\/wp-content\/uploads\/2019\/08\/FK0001.jpg","width":768,"height":768},{"@type":"BreadcrumbList","@id":"https:\/\/meprolim.es\/fr\/producto\/complementos-para-banos-y-dispensadores\/secadores-cabello\/secador-cabellos-mural\/secapelos-hawai-toma-afeitar-timer\/#breadcrumb","itemListElement":[{"@type":"ListItem","position":1,"name":"Portada","item":"https:\/\/meprolim.es\/fr\/"},{"@type":"ListItem","position":2,"name":"Catalogue","item":"https:\/\/meprolim.es\/fr\/catalogue\/"},{"@type":"ListItem","position":3,"name":"SECAPELOS HAWAI TOMA AFEITAR + TIMER &#8211; C\u00d3DIGO: FK0001"}]},{"@type":"WebSite","@id":"https:\/\/meprolim.es\/fr\/#website","url":"https:\/\/meprolim.es\/fr\/","name":"Meprolim","description":"Cavas Catalanas S.L.","publisher":{"@id":"https:\/\/meprolim.es\/fr\/#organization"},"potentialAction":[{"@type":"SearchAction","target":{"@type":"EntryPoint","urlTemplate":"https:\/\/meprolim.es\/fr\/?s={search_term_string}"},"query-input":{"@type":"PropertyValueSpecification","valueRequired":true,"valueName":"search_term_string"}}],"inLanguage":"fr-FR"},{"@type":"Organization","@id":"https:\/\/meprolim.es\/fr\/#organization","name":"Meprolim","url":"https:\/\/meprolim.es\/fr\/","logo":{"@type":"ImageObject","inLanguage":"fr-FR","@id":"https:\/\/meprolim.es\/fr\/#\/schema\/logo\/image\/","url":"https:\/\/meprolim.es\/wp-content\/uploads\/2019\/07\/cropped-logo2.png","contentUrl":"https:\/\/meprolim.es\/wp-content\/uploads\/2019\/07\/cropped-logo2.png","width":401,"height":162,"caption":"Meprolim"},"image":{"@id":"https:\/\/meprolim.es\/fr\/#\/schema\/logo\/image\/"}}]}},"_links":{"self":[{"href":"https:\/\/meprolim.es\/fr\/wp-json\/wp\/v2\/product\/7055","targetHints":{"allow":["GET"]}}],"collection":[{"href":"https:\/\/meprolim.es\/fr\/wp-json\/wp\/v2\/product"}],"about":[{"href":"https:\/\/meprolim.es\/fr\/wp-json\/wp\/v2\/types\/product"}],"wp:featuredmedia":[{"embeddable":true,"href":"https:\/\/meprolim.es\/fr\/wp-json\/wp\/v2\/media\/7056"}],"wp:attachment":[{"href":"https:\/\/meprolim.es\/fr\/wp-json\/wp\/v2\/media?parent=7055"}],"wp:term":[{"taxonomy":"product_brand","embeddable":true,"href":"https:\/\/meprolim.es\/fr\/wp-json\/wp\/v2\/product_brand?post=7055"},{"taxonomy":"product_cat","embeddable":true,"href":"https:\/\/meprolim.es\/fr\/wp-json\/wp\/v2\/product_cat?post=7055"},{"taxonomy":"product_tag","embeddable":true,"href":"https:\/\/meprolim.es\/fr\/wp-json\/wp\/v2\/product_tag?post=7055"}],"curies":[{"name":"wp","href":"https:\/\/api.w.org\/{rel}","templated":true}]}}