{"id":7080,"date":"2019-08-23T15:50:34","date_gmt":"2019-08-23T14:50:34","guid":{"rendered":"http:\/\/www.meprolim.es\/?post_type=product&#038;p=7080"},"modified":"2020-03-02T07:47:40","modified_gmt":"2020-03-02T07:47:40","slug":"trona-para-ninos-homologada","status":"publish","type":"product","link":"https:\/\/meprolim.es\/fr\/producto\/dispensadores-celulosa-y-complementos\/tronas-fr-2\/trona-para-ninos-homologada\/","title":{"rendered":"TRONA PARA NI\u00d1OS HOMOLOGADA &#8211; C\u00d3DIGO: BK0025"},"content":{"rendered":"<div class=\"wpb-content-wrapper\"><p>[vc_row][vc_column][vc_column_text]<\/p>\n<p>Silla para ni\u00f1os con cintur\u00f3n de seguridad ajustable (opcional).<\/p>\n<p>[\/vc_column_text][\/vc_column][\/vc_row]<\/p>\n<\/div>","protected":false},"excerpt":{"rendered":"<ul>\n<li>Polipropileno Beige.<\/li>\n<li>De dise\u00f1o atractivo y f\u00e1cil uso en cualquier \u00e1rea de servicio.<\/li>\n<li>Para ni\u00f1os de hasta 3 a\u00f1os \u00f3 18 kg.<\/li>\n<li>Asiento seguro protegido por un cintur\u00f3n de seguridad ajustable (opcional).<\/li>\n<li>Duradera y con fabricaci\u00f3n robusta que prolonga la vida del producto.<\/li>\n<li>El sistema de moldeado en color requiere poco mantenimiento; no se astilla ni se abolla.<\/li>\n<li>Barra ajustable de estructura reforzada.<\/li>\n<li>Asa en el respaldo para mover la silla f\u00e1cilmente.<\/li>\n<li>Con patas especiales de seguridad para prevenir da\u00f1os y garantizar la estabilidad.<\/li>\n<li>Disponibles en color beige, otros colores bajo pedido: verde, rojo y negro.<\/li>\n<li>MICROBAN: protecci\u00f3n antimicrobiana que inhibe el desarrollo de bacterias que causan malos olores y manchas. Permanece activo siempre ya que est\u00e1 integrada en el proceso de fabricaci\u00f3n.<\/li>\n<li>Bandeja opcional con rebordes, f\u00e1cil de limpiar y puede ser retirada con una sola mano. Si no se utiliza, puede ir bajo el asiento.<\/li>\n<li>Certificaciones: ASTM &#8211; F404-04-TUV.<\/li>\n<li>18,4 x 34,4 x 18,4<\/li>\n<\/ul>\n<p><strong>SKU: BK0025\u00a0<\/strong><\/p>\n","protected":false},"featured_media":7079,"template":"","meta":[],"product_brand":[],"product_cat":[90,512],"product_tag":[386,513],"class_list":{"0":"post-7080","1":"product","2":"type-product","3":"status-publish","4":"has-post-thumbnail","6":"product_cat-complementos-para-banos-y-dispensadores","7":"product_cat-tronas","8":"product_tag-polipropileno","9":"product_tag-trona-para-ninos","11":"first","12":"instock","13":"shipping-taxable","14":"product-type-simple"},"yoast_head":"<!-- This site is optimized with the Yoast SEO plugin v27.3 - https:\/\/yoast.com\/product\/yoast-seo-wordpress\/ -->\n<title>TRONA PARA NI\u00d1OS HOMOLOGADA - C\u00d3DIGO: BK0025 - Meprolim<\/title>\n<meta name=\"robots\" content=\"index, follow, max-snippet:-1, max-image-preview:large, max-video-preview:-1\" \/>\n<link rel=\"canonical\" href=\"https:\/\/meprolim.es\/producto\/complementos-para-banos-y-dispensadores\/tronas\/trona-para-ninos-homologada\/\" \/>\n<meta property=\"og:locale\" content=\"fr_FR\" \/>\n<meta property=\"og:type\" content=\"article\" \/>\n<meta property=\"og:title\" content=\"TRONA PARA NI\u00d1OS HOMOLOGADA - C\u00d3DIGO: BK0025 - Meprolim\" \/>\n<meta property=\"og:description\" content=\"Polipropileno Beige.  De dise\u00f1o atractivo y f\u00e1cil uso en cualquier \u00e1rea de servicio.  Para ni\u00f1os de hasta 3 a\u00f1os \u00f3 18 kg.  Asiento seguro protegido por un cintur\u00f3n de seguridad ajustable (opcional).  Duradera y con fabricaci\u00f3n robusta que prolonga la vida del producto.  El sistema de moldeado en color requiere poco mantenimiento; no se astilla ni se abolla.  Barra ajustable de estructura reforzada.  Asa en el respaldo para mover la silla f\u00e1cilmente.  Con patas especiales de seguridad para prevenir da\u00f1os y garantizar la estabilidad.  Disponibles en color beige, otros colores bajo pedido: verde, rojo y negro.  MICROBAN: protecci\u00f3n antimicrobiana que inhibe el desarrollo de bacterias que causan malos olores y manchas. Permanece activo siempre ya que est\u00e1 integrada en el proceso de fabricaci\u00f3n.  Bandeja opcional con rebordes, f\u00e1cil de limpiar y puede ser retirada con una sola mano. Si no se utiliza, puede ir bajo el asiento.  Certificaciones: ASTM - F404-04-TUV.  18,4 x 34,4 x 18,4  SKU: BK0025\u00a0\" \/>\n<meta property=\"og:url\" content=\"https:\/\/meprolim.es\/producto\/complementos-para-banos-y-dispensadores\/tronas\/trona-para-ninos-homologada\/\" \/>\n<meta property=\"og:site_name\" content=\"Meprolim\" \/>\n<meta property=\"article:modified_time\" content=\"2020-03-02T07:47:40+00:00\" \/>\n<meta property=\"og:image\" content=\"https:\/\/meprolim.es\/wp-content\/uploads\/2019\/08\/BK0025.jpg\" \/>\n\t<meta property=\"og:image:width\" content=\"768\" \/>\n\t<meta property=\"og:image:height\" content=\"768\" \/>\n\t<meta property=\"og:image:type\" content=\"image\/jpeg\" \/>\n<meta name=\"twitter:card\" content=\"summary_large_image\" \/>\n<script type=\"application\/ld+json\" class=\"yoast-schema-graph\">{\"@context\":\"https:\\\/\\\/schema.org\",\"@graph\":[{\"@type\":\"WebPage\",\"@id\":\"https:\\\/\\\/meprolim.es\\\/producto\\\/complementos-para-banos-y-dispensadores\\\/tronas\\\/trona-para-ninos-homologada\\\/\",\"url\":\"https:\\\/\\\/meprolim.es\\\/producto\\\/complementos-para-banos-y-dispensadores\\\/tronas\\\/trona-para-ninos-homologada\\\/\",\"name\":\"TRONA PARA NI\u00d1OS HOMOLOGADA - C\u00d3DIGO: BK0025 - Meprolim\",\"isPartOf\":{\"@id\":\"https:\\\/\\\/meprolim.es\\\/fr\\\/#website\"},\"primaryImageOfPage\":{\"@id\":\"https:\\\/\\\/meprolim.es\\\/producto\\\/complementos-para-banos-y-dispensadores\\\/tronas\\\/trona-para-ninos-homologada\\\/#primaryimage\"},\"image\":{\"@id\":\"https:\\\/\\\/meprolim.es\\\/producto\\\/complementos-para-banos-y-dispensadores\\\/tronas\\\/trona-para-ninos-homologada\\\/#primaryimage\"},\"thumbnailUrl\":\"https:\\\/\\\/meprolim.es\\\/wp-content\\\/uploads\\\/2019\\\/08\\\/BK0025.jpg\",\"datePublished\":\"2019-08-23T14:50:34+00:00\",\"dateModified\":\"2020-03-02T07:47:40+00:00\",\"breadcrumb\":{\"@id\":\"https:\\\/\\\/meprolim.es\\\/producto\\\/complementos-para-banos-y-dispensadores\\\/tronas\\\/trona-para-ninos-homologada\\\/#breadcrumb\"},\"inLanguage\":\"fr-FR\",\"potentialAction\":[{\"@type\":\"ReadAction\",\"target\":[\"https:\\\/\\\/meprolim.es\\\/producto\\\/complementos-para-banos-y-dispensadores\\\/tronas\\\/trona-para-ninos-homologada\\\/\"]}]},{\"@type\":\"ImageObject\",\"inLanguage\":\"fr-FR\",\"@id\":\"https:\\\/\\\/meprolim.es\\\/producto\\\/complementos-para-banos-y-dispensadores\\\/tronas\\\/trona-para-ninos-homologada\\\/#primaryimage\",\"url\":\"https:\\\/\\\/meprolim.es\\\/wp-content\\\/uploads\\\/2019\\\/08\\\/BK0025.jpg\",\"contentUrl\":\"https:\\\/\\\/meprolim.es\\\/wp-content\\\/uploads\\\/2019\\\/08\\\/BK0025.jpg\",\"width\":768,\"height\":768},{\"@type\":\"BreadcrumbList\",\"@id\":\"https:\\\/\\\/meprolim.es\\\/producto\\\/complementos-para-banos-y-dispensadores\\\/tronas\\\/trona-para-ninos-homologada\\\/#breadcrumb\",\"itemListElement\":[{\"@type\":\"ListItem\",\"position\":1,\"name\":\"Portada\",\"item\":\"https:\\\/\\\/meprolim.es\\\/fr\\\/\"},{\"@type\":\"ListItem\",\"position\":2,\"name\":\"Catalogue\",\"item\":\"https:\\\/\\\/meprolim.es\\\/fr\\\/catalogue\\\/\"},{\"@type\":\"ListItem\",\"position\":3,\"name\":\"TRONA PARA NI\u00d1OS HOMOLOGADA &#8211; C\u00d3DIGO: BK0025\"}]},{\"@type\":\"WebSite\",\"@id\":\"https:\\\/\\\/meprolim.es\\\/fr\\\/#website\",\"url\":\"https:\\\/\\\/meprolim.es\\\/fr\\\/\",\"name\":\"Meprolim\",\"description\":\"Cavas Catalanas S.L.\",\"publisher\":{\"@id\":\"https:\\\/\\\/meprolim.es\\\/fr\\\/#organization\"},\"potentialAction\":[{\"@type\":\"SearchAction\",\"target\":{\"@type\":\"EntryPoint\",\"urlTemplate\":\"https:\\\/\\\/meprolim.es\\\/fr\\\/?s={search_term_string}\"},\"query-input\":{\"@type\":\"PropertyValueSpecification\",\"valueRequired\":true,\"valueName\":\"search_term_string\"}}],\"inLanguage\":\"fr-FR\"},{\"@type\":\"Organization\",\"@id\":\"https:\\\/\\\/meprolim.es\\\/fr\\\/#organization\",\"name\":\"Meprolim\",\"url\":\"https:\\\/\\\/meprolim.es\\\/fr\\\/\",\"logo\":{\"@type\":\"ImageObject\",\"inLanguage\":\"fr-FR\",\"@id\":\"https:\\\/\\\/meprolim.es\\\/fr\\\/#\\\/schema\\\/logo\\\/image\\\/\",\"url\":\"https:\\\/\\\/meprolim.es\\\/wp-content\\\/uploads\\\/2019\\\/07\\\/cropped-logo2.png\",\"contentUrl\":\"https:\\\/\\\/meprolim.es\\\/wp-content\\\/uploads\\\/2019\\\/07\\\/cropped-logo2.png\",\"width\":401,\"height\":162,\"caption\":\"Meprolim\"},\"image\":{\"@id\":\"https:\\\/\\\/meprolim.es\\\/fr\\\/#\\\/schema\\\/logo\\\/image\\\/\"}}]}<\/script>\n<!-- \/ Yoast SEO plugin. -->","yoast_head_json":{"title":"TRONA PARA NI\u00d1OS HOMOLOGADA - C\u00d3DIGO: BK0025 - Meprolim","robots":{"index":"index","follow":"follow","max-snippet":"max-snippet:-1","max-image-preview":"max-image-preview:large","max-video-preview":"max-video-preview:-1"},"canonical":"https:\/\/meprolim.es\/producto\/complementos-para-banos-y-dispensadores\/tronas\/trona-para-ninos-homologada\/","og_locale":"fr_FR","og_type":"article","og_title":"TRONA PARA NI\u00d1OS HOMOLOGADA - C\u00d3DIGO: BK0025 - Meprolim","og_description":"Polipropileno Beige.  De dise\u00f1o atractivo y f\u00e1cil uso en cualquier \u00e1rea de servicio.  Para ni\u00f1os de hasta 3 a\u00f1os \u00f3 18 kg.  Asiento seguro protegido por un cintur\u00f3n de seguridad ajustable (opcional).  Duradera y con fabricaci\u00f3n robusta que prolonga la vida del producto.  El sistema de moldeado en color requiere poco mantenimiento; no se astilla ni se abolla.  Barra ajustable de estructura reforzada.  Asa en el respaldo para mover la silla f\u00e1cilmente.  Con patas especiales de seguridad para prevenir da\u00f1os y garantizar la estabilidad.  Disponibles en color beige, otros colores bajo pedido: verde, rojo y negro.  MICROBAN: protecci\u00f3n antimicrobiana que inhibe el desarrollo de bacterias que causan malos olores y manchas. Permanece activo siempre ya que est\u00e1 integrada en el proceso de fabricaci\u00f3n.  Bandeja opcional con rebordes, f\u00e1cil de limpiar y puede ser retirada con una sola mano. Si no se utiliza, puede ir bajo el asiento.  Certificaciones: ASTM - F404-04-TUV.  18,4 x 34,4 x 18,4  SKU: BK0025\u00a0","og_url":"https:\/\/meprolim.es\/producto\/complementos-para-banos-y-dispensadores\/tronas\/trona-para-ninos-homologada\/","og_site_name":"Meprolim","article_modified_time":"2020-03-02T07:47:40+00:00","og_image":[{"width":768,"height":768,"url":"https:\/\/meprolim.es\/wp-content\/uploads\/2019\/08\/BK0025.jpg","type":"image\/jpeg"}],"twitter_card":"summary_large_image","schema":{"@context":"https:\/\/schema.org","@graph":[{"@type":"WebPage","@id":"https:\/\/meprolim.es\/producto\/complementos-para-banos-y-dispensadores\/tronas\/trona-para-ninos-homologada\/","url":"https:\/\/meprolim.es\/producto\/complementos-para-banos-y-dispensadores\/tronas\/trona-para-ninos-homologada\/","name":"TRONA PARA NI\u00d1OS HOMOLOGADA - C\u00d3DIGO: BK0025 - Meprolim","isPartOf":{"@id":"https:\/\/meprolim.es\/fr\/#website"},"primaryImageOfPage":{"@id":"https:\/\/meprolim.es\/producto\/complementos-para-banos-y-dispensadores\/tronas\/trona-para-ninos-homologada\/#primaryimage"},"image":{"@id":"https:\/\/meprolim.es\/producto\/complementos-para-banos-y-dispensadores\/tronas\/trona-para-ninos-homologada\/#primaryimage"},"thumbnailUrl":"https:\/\/meprolim.es\/wp-content\/uploads\/2019\/08\/BK0025.jpg","datePublished":"2019-08-23T14:50:34+00:00","dateModified":"2020-03-02T07:47:40+00:00","breadcrumb":{"@id":"https:\/\/meprolim.es\/producto\/complementos-para-banos-y-dispensadores\/tronas\/trona-para-ninos-homologada\/#breadcrumb"},"inLanguage":"fr-FR","potentialAction":[{"@type":"ReadAction","target":["https:\/\/meprolim.es\/producto\/complementos-para-banos-y-dispensadores\/tronas\/trona-para-ninos-homologada\/"]}]},{"@type":"ImageObject","inLanguage":"fr-FR","@id":"https:\/\/meprolim.es\/producto\/complementos-para-banos-y-dispensadores\/tronas\/trona-para-ninos-homologada\/#primaryimage","url":"https:\/\/meprolim.es\/wp-content\/uploads\/2019\/08\/BK0025.jpg","contentUrl":"https:\/\/meprolim.es\/wp-content\/uploads\/2019\/08\/BK0025.jpg","width":768,"height":768},{"@type":"BreadcrumbList","@id":"https:\/\/meprolim.es\/producto\/complementos-para-banos-y-dispensadores\/tronas\/trona-para-ninos-homologada\/#breadcrumb","itemListElement":[{"@type":"ListItem","position":1,"name":"Portada","item":"https:\/\/meprolim.es\/fr\/"},{"@type":"ListItem","position":2,"name":"Catalogue","item":"https:\/\/meprolim.es\/fr\/catalogue\/"},{"@type":"ListItem","position":3,"name":"TRONA PARA NI\u00d1OS HOMOLOGADA &#8211; C\u00d3DIGO: BK0025"}]},{"@type":"WebSite","@id":"https:\/\/meprolim.es\/fr\/#website","url":"https:\/\/meprolim.es\/fr\/","name":"Meprolim","description":"Cavas Catalanas S.L.","publisher":{"@id":"https:\/\/meprolim.es\/fr\/#organization"},"potentialAction":[{"@type":"SearchAction","target":{"@type":"EntryPoint","urlTemplate":"https:\/\/meprolim.es\/fr\/?s={search_term_string}"},"query-input":{"@type":"PropertyValueSpecification","valueRequired":true,"valueName":"search_term_string"}}],"inLanguage":"fr-FR"},{"@type":"Organization","@id":"https:\/\/meprolim.es\/fr\/#organization","name":"Meprolim","url":"https:\/\/meprolim.es\/fr\/","logo":{"@type":"ImageObject","inLanguage":"fr-FR","@id":"https:\/\/meprolim.es\/fr\/#\/schema\/logo\/image\/","url":"https:\/\/meprolim.es\/wp-content\/uploads\/2019\/07\/cropped-logo2.png","contentUrl":"https:\/\/meprolim.es\/wp-content\/uploads\/2019\/07\/cropped-logo2.png","width":401,"height":162,"caption":"Meprolim"},"image":{"@id":"https:\/\/meprolim.es\/fr\/#\/schema\/logo\/image\/"}}]}},"_links":{"self":[{"href":"https:\/\/meprolim.es\/fr\/wp-json\/wp\/v2\/product\/7080","targetHints":{"allow":["GET"]}}],"collection":[{"href":"https:\/\/meprolim.es\/fr\/wp-json\/wp\/v2\/product"}],"about":[{"href":"https:\/\/meprolim.es\/fr\/wp-json\/wp\/v2\/types\/product"}],"wp:featuredmedia":[{"embeddable":true,"href":"https:\/\/meprolim.es\/fr\/wp-json\/wp\/v2\/media\/7079"}],"wp:attachment":[{"href":"https:\/\/meprolim.es\/fr\/wp-json\/wp\/v2\/media?parent=7080"}],"wp:term":[{"taxonomy":"product_brand","embeddable":true,"href":"https:\/\/meprolim.es\/fr\/wp-json\/wp\/v2\/product_brand?post=7080"},{"taxonomy":"product_cat","embeddable":true,"href":"https:\/\/meprolim.es\/fr\/wp-json\/wp\/v2\/product_cat?post=7080"},{"taxonomy":"product_tag","embeddable":true,"href":"https:\/\/meprolim.es\/fr\/wp-json\/wp\/v2\/product_tag?post=7080"}],"curies":[{"name":"wp","href":"https:\/\/api.w.org\/{rel}","templated":true}]}}