{"id":7428,"date":"2019-08-25T17:54:45","date_gmt":"2019-08-25T16:54:45","guid":{"rendered":"http:\/\/www.meprolim.es\/?post_type=product&#038;p=7428"},"modified":"2019-10-27T20:21:02","modified_gmt":"2019-10-27T20:21:02","slug":"caja-40x100-servilleta-premium-n4-negro-1-2","status":"publish","type":"product","link":"https:\/\/meprolim.es\/fr\/producto\/dispensadores-celulosa-y-complementos\/papel-servilletas-fr-2\/servilletas-fr-2\/sistema-n4-fr-2\/caja-40x100-servilleta-premium-n4-negro-1-2\/","title":{"rendered":"CAJA 40&#215;100 SERVILLETA PREMIUM N4 NEGRO 1\/2 &#8211; C\u00d3DIGO: CR1134"},"content":{"rendered":"<div class=\"wpb-content-wrapper\"><p>[vc_row][vc_column][vc_column_text]<\/p>\n<p style=\"text-align: justify;\">Los dispensadores de servilletas Tork Xpressnap\u00ae son ideales para restaurantes de autoservicio. Este sistema le ayuda a reducir el uso de servilletas en un 25 % en comparaci\u00f3n con los sistemas de dispensaci\u00f3n tradicionales. Las servilletas de dispensador extrasuaves con dise\u00f1o de hojas Tork Xpressnap\u00ae de 2 capas son ideales para establecimientos que se preocupan por la\u00a0 comodidad y quieren dar sensaci\u00f3n de calidad ofreciendo una servilleta grande extragruesa con un dise\u00f1o elegante.<\/p>\n<p style=\"text-align: justify;\">Las servilletas vienen decoradas con un elegante dise\u00f1o destaca la calidad de la servilleta. La servilleta m\u00e1s grande, cuando se despliega, es suave, gruesa y tiene 2 capas, mejorando as\u00ed la experiencia del cliente. Soluci\u00f3n de embalaje ideal: una bolsa de pl\u00e1stico protege los paquetes para mejorar la higiene y facilitar el manejo.<\/p>\n<p>[\/vc_column_text][\/vc_column][\/vc_row]<\/p>\n<\/div>","protected":false},"excerpt":{"rendered":"<ul>\n<li>21,6 x 21,6\u00a0 cm<\/li>\n<li>Caja 40&#215;200<\/li>\n<\/ul>\n<p><strong>SKU: CR1134<\/strong><\/p>\n","protected":false},"featured_media":7429,"template":"","meta":[],"product_brand":[],"product_cat":[90,518,1119,548],"product_tag":[549],"class_list":{"0":"post-7428","1":"product","2":"type-product","3":"status-publish","4":"has-post-thumbnail","6":"product_cat-complementos-para-banos-y-dispensadores","7":"product_cat-papel-servilletas","8":"product_cat-servilletas","9":"product_cat-sistema-n4","10":"product_tag-servilletas-interplegadas","12":"first","13":"instock","14":"shipping-taxable","15":"product-type-simple"},"yoast_head":"<!-- This site is optimized with the Yoast SEO plugin v27.3 - https:\/\/yoast.com\/product\/yoast-seo-wordpress\/ -->\n<title>CAJA 40x100 SERVILLETA PREMIUM N4 NEGRO 1\/2 - C\u00d3DIGO: CR1134 - Meprolim<\/title>\n<meta name=\"robots\" content=\"index, follow, max-snippet:-1, max-image-preview:large, max-video-preview:-1\" \/>\n<link rel=\"canonical\" href=\"https:\/\/meprolim.es\/producto\/complementos-para-banos-y-dispensadores\/papel-servilletas\/servilletas\/sistema-n4\/caja-40x100-servilleta-premium-n4-negro-1-2\/\" \/>\n<meta property=\"og:locale\" content=\"fr_FR\" \/>\n<meta property=\"og:type\" content=\"article\" \/>\n<meta property=\"og:title\" content=\"CAJA 40x100 SERVILLETA PREMIUM N4 NEGRO 1\/2 - C\u00d3DIGO: CR1134 - Meprolim\" \/>\n<meta property=\"og:description\" content=\"21,6 x 21,6\u00a0 cm  Caja 40x200  SKU: CR1134\" \/>\n<meta property=\"og:url\" content=\"https:\/\/meprolim.es\/producto\/complementos-para-banos-y-dispensadores\/papel-servilletas\/servilletas\/sistema-n4\/caja-40x100-servilleta-premium-n4-negro-1-2\/\" \/>\n<meta property=\"og:site_name\" content=\"Meprolim\" \/>\n<meta property=\"article:modified_time\" content=\"2019-10-27T20:21:02+00:00\" \/>\n<meta property=\"og:image\" content=\"https:\/\/meprolim.es\/wp-content\/uploads\/2019\/08\/CR1134.jpg\" \/>\n\t<meta property=\"og:image:width\" content=\"768\" \/>\n\t<meta property=\"og:image:height\" content=\"768\" \/>\n\t<meta property=\"og:image:type\" content=\"image\/jpeg\" \/>\n<meta name=\"twitter:card\" content=\"summary_large_image\" \/>\n<meta name=\"twitter:label1\" content=\"Dur\u00e9e de lecture estim\u00e9e\" \/>\n\t<meta name=\"twitter:data1\" content=\"1 minute\" \/>\n<script type=\"application\/ld+json\" class=\"yoast-schema-graph\">{\"@context\":\"https:\\\/\\\/schema.org\",\"@graph\":[{\"@type\":\"WebPage\",\"@id\":\"https:\\\/\\\/meprolim.es\\\/producto\\\/complementos-para-banos-y-dispensadores\\\/papel-servilletas\\\/servilletas\\\/sistema-n4\\\/caja-40x100-servilleta-premium-n4-negro-1-2\\\/\",\"url\":\"https:\\\/\\\/meprolim.es\\\/producto\\\/complementos-para-banos-y-dispensadores\\\/papel-servilletas\\\/servilletas\\\/sistema-n4\\\/caja-40x100-servilleta-premium-n4-negro-1-2\\\/\",\"name\":\"CAJA 40x100 SERVILLETA PREMIUM N4 NEGRO 1\\\/2 - C\u00d3DIGO: CR1134 - Meprolim\",\"isPartOf\":{\"@id\":\"https:\\\/\\\/meprolim.es\\\/fr\\\/#website\"},\"primaryImageOfPage\":{\"@id\":\"https:\\\/\\\/meprolim.es\\\/producto\\\/complementos-para-banos-y-dispensadores\\\/papel-servilletas\\\/servilletas\\\/sistema-n4\\\/caja-40x100-servilleta-premium-n4-negro-1-2\\\/#primaryimage\"},\"image\":{\"@id\":\"https:\\\/\\\/meprolim.es\\\/producto\\\/complementos-para-banos-y-dispensadores\\\/papel-servilletas\\\/servilletas\\\/sistema-n4\\\/caja-40x100-servilleta-premium-n4-negro-1-2\\\/#primaryimage\"},\"thumbnailUrl\":\"https:\\\/\\\/meprolim.es\\\/wp-content\\\/uploads\\\/2019\\\/08\\\/CR1134.jpg\",\"datePublished\":\"2019-08-25T16:54:45+00:00\",\"dateModified\":\"2019-10-27T20:21:02+00:00\",\"breadcrumb\":{\"@id\":\"https:\\\/\\\/meprolim.es\\\/producto\\\/complementos-para-banos-y-dispensadores\\\/papel-servilletas\\\/servilletas\\\/sistema-n4\\\/caja-40x100-servilleta-premium-n4-negro-1-2\\\/#breadcrumb\"},\"inLanguage\":\"fr-FR\",\"potentialAction\":[{\"@type\":\"ReadAction\",\"target\":[\"https:\\\/\\\/meprolim.es\\\/producto\\\/complementos-para-banos-y-dispensadores\\\/papel-servilletas\\\/servilletas\\\/sistema-n4\\\/caja-40x100-servilleta-premium-n4-negro-1-2\\\/\"]}]},{\"@type\":\"ImageObject\",\"inLanguage\":\"fr-FR\",\"@id\":\"https:\\\/\\\/meprolim.es\\\/producto\\\/complementos-para-banos-y-dispensadores\\\/papel-servilletas\\\/servilletas\\\/sistema-n4\\\/caja-40x100-servilleta-premium-n4-negro-1-2\\\/#primaryimage\",\"url\":\"https:\\\/\\\/meprolim.es\\\/wp-content\\\/uploads\\\/2019\\\/08\\\/CR1134.jpg\",\"contentUrl\":\"https:\\\/\\\/meprolim.es\\\/wp-content\\\/uploads\\\/2019\\\/08\\\/CR1134.jpg\",\"width\":768,\"height\":768},{\"@type\":\"BreadcrumbList\",\"@id\":\"https:\\\/\\\/meprolim.es\\\/producto\\\/complementos-para-banos-y-dispensadores\\\/papel-servilletas\\\/servilletas\\\/sistema-n4\\\/caja-40x100-servilleta-premium-n4-negro-1-2\\\/#breadcrumb\",\"itemListElement\":[{\"@type\":\"ListItem\",\"position\":1,\"name\":\"Portada\",\"item\":\"https:\\\/\\\/meprolim.es\\\/fr\\\/\"},{\"@type\":\"ListItem\",\"position\":2,\"name\":\"Catalogue\",\"item\":\"https:\\\/\\\/meprolim.es\\\/fr\\\/catalogue\\\/\"},{\"@type\":\"ListItem\",\"position\":3,\"name\":\"CAJA 40&#215;100 SERVILLETA PREMIUM N4 NEGRO 1\\\/2 &#8211; C\u00d3DIGO: CR1134\"}]},{\"@type\":\"WebSite\",\"@id\":\"https:\\\/\\\/meprolim.es\\\/fr\\\/#website\",\"url\":\"https:\\\/\\\/meprolim.es\\\/fr\\\/\",\"name\":\"Meprolim\",\"description\":\"Cavas Catalanas S.L.\",\"publisher\":{\"@id\":\"https:\\\/\\\/meprolim.es\\\/fr\\\/#organization\"},\"potentialAction\":[{\"@type\":\"SearchAction\",\"target\":{\"@type\":\"EntryPoint\",\"urlTemplate\":\"https:\\\/\\\/meprolim.es\\\/fr\\\/?s={search_term_string}\"},\"query-input\":{\"@type\":\"PropertyValueSpecification\",\"valueRequired\":true,\"valueName\":\"search_term_string\"}}],\"inLanguage\":\"fr-FR\"},{\"@type\":\"Organization\",\"@id\":\"https:\\\/\\\/meprolim.es\\\/fr\\\/#organization\",\"name\":\"Meprolim\",\"url\":\"https:\\\/\\\/meprolim.es\\\/fr\\\/\",\"logo\":{\"@type\":\"ImageObject\",\"inLanguage\":\"fr-FR\",\"@id\":\"https:\\\/\\\/meprolim.es\\\/fr\\\/#\\\/schema\\\/logo\\\/image\\\/\",\"url\":\"https:\\\/\\\/meprolim.es\\\/wp-content\\\/uploads\\\/2019\\\/07\\\/cropped-logo2.png\",\"contentUrl\":\"https:\\\/\\\/meprolim.es\\\/wp-content\\\/uploads\\\/2019\\\/07\\\/cropped-logo2.png\",\"width\":401,\"height\":162,\"caption\":\"Meprolim\"},\"image\":{\"@id\":\"https:\\\/\\\/meprolim.es\\\/fr\\\/#\\\/schema\\\/logo\\\/image\\\/\"}}]}<\/script>\n<!-- \/ Yoast SEO plugin. -->","yoast_head_json":{"title":"CAJA 40x100 SERVILLETA PREMIUM N4 NEGRO 1\/2 - C\u00d3DIGO: CR1134 - Meprolim","robots":{"index":"index","follow":"follow","max-snippet":"max-snippet:-1","max-image-preview":"max-image-preview:large","max-video-preview":"max-video-preview:-1"},"canonical":"https:\/\/meprolim.es\/producto\/complementos-para-banos-y-dispensadores\/papel-servilletas\/servilletas\/sistema-n4\/caja-40x100-servilleta-premium-n4-negro-1-2\/","og_locale":"fr_FR","og_type":"article","og_title":"CAJA 40x100 SERVILLETA PREMIUM N4 NEGRO 1\/2 - C\u00d3DIGO: CR1134 - Meprolim","og_description":"21,6 x 21,6\u00a0 cm  Caja 40x200  SKU: CR1134","og_url":"https:\/\/meprolim.es\/producto\/complementos-para-banos-y-dispensadores\/papel-servilletas\/servilletas\/sistema-n4\/caja-40x100-servilleta-premium-n4-negro-1-2\/","og_site_name":"Meprolim","article_modified_time":"2019-10-27T20:21:02+00:00","og_image":[{"width":768,"height":768,"url":"https:\/\/meprolim.es\/wp-content\/uploads\/2019\/08\/CR1134.jpg","type":"image\/jpeg"}],"twitter_card":"summary_large_image","twitter_misc":{"Dur\u00e9e de lecture estim\u00e9e":"1 minute"},"schema":{"@context":"https:\/\/schema.org","@graph":[{"@type":"WebPage","@id":"https:\/\/meprolim.es\/producto\/complementos-para-banos-y-dispensadores\/papel-servilletas\/servilletas\/sistema-n4\/caja-40x100-servilleta-premium-n4-negro-1-2\/","url":"https:\/\/meprolim.es\/producto\/complementos-para-banos-y-dispensadores\/papel-servilletas\/servilletas\/sistema-n4\/caja-40x100-servilleta-premium-n4-negro-1-2\/","name":"CAJA 40x100 SERVILLETA PREMIUM N4 NEGRO 1\/2 - C\u00d3DIGO: CR1134 - Meprolim","isPartOf":{"@id":"https:\/\/meprolim.es\/fr\/#website"},"primaryImageOfPage":{"@id":"https:\/\/meprolim.es\/producto\/complementos-para-banos-y-dispensadores\/papel-servilletas\/servilletas\/sistema-n4\/caja-40x100-servilleta-premium-n4-negro-1-2\/#primaryimage"},"image":{"@id":"https:\/\/meprolim.es\/producto\/complementos-para-banos-y-dispensadores\/papel-servilletas\/servilletas\/sistema-n4\/caja-40x100-servilleta-premium-n4-negro-1-2\/#primaryimage"},"thumbnailUrl":"https:\/\/meprolim.es\/wp-content\/uploads\/2019\/08\/CR1134.jpg","datePublished":"2019-08-25T16:54:45+00:00","dateModified":"2019-10-27T20:21:02+00:00","breadcrumb":{"@id":"https:\/\/meprolim.es\/producto\/complementos-para-banos-y-dispensadores\/papel-servilletas\/servilletas\/sistema-n4\/caja-40x100-servilleta-premium-n4-negro-1-2\/#breadcrumb"},"inLanguage":"fr-FR","potentialAction":[{"@type":"ReadAction","target":["https:\/\/meprolim.es\/producto\/complementos-para-banos-y-dispensadores\/papel-servilletas\/servilletas\/sistema-n4\/caja-40x100-servilleta-premium-n4-negro-1-2\/"]}]},{"@type":"ImageObject","inLanguage":"fr-FR","@id":"https:\/\/meprolim.es\/producto\/complementos-para-banos-y-dispensadores\/papel-servilletas\/servilletas\/sistema-n4\/caja-40x100-servilleta-premium-n4-negro-1-2\/#primaryimage","url":"https:\/\/meprolim.es\/wp-content\/uploads\/2019\/08\/CR1134.jpg","contentUrl":"https:\/\/meprolim.es\/wp-content\/uploads\/2019\/08\/CR1134.jpg","width":768,"height":768},{"@type":"BreadcrumbList","@id":"https:\/\/meprolim.es\/producto\/complementos-para-banos-y-dispensadores\/papel-servilletas\/servilletas\/sistema-n4\/caja-40x100-servilleta-premium-n4-negro-1-2\/#breadcrumb","itemListElement":[{"@type":"ListItem","position":1,"name":"Portada","item":"https:\/\/meprolim.es\/fr\/"},{"@type":"ListItem","position":2,"name":"Catalogue","item":"https:\/\/meprolim.es\/fr\/catalogue\/"},{"@type":"ListItem","position":3,"name":"CAJA 40&#215;100 SERVILLETA PREMIUM N4 NEGRO 1\/2 &#8211; C\u00d3DIGO: CR1134"}]},{"@type":"WebSite","@id":"https:\/\/meprolim.es\/fr\/#website","url":"https:\/\/meprolim.es\/fr\/","name":"Meprolim","description":"Cavas Catalanas S.L.","publisher":{"@id":"https:\/\/meprolim.es\/fr\/#organization"},"potentialAction":[{"@type":"SearchAction","target":{"@type":"EntryPoint","urlTemplate":"https:\/\/meprolim.es\/fr\/?s={search_term_string}"},"query-input":{"@type":"PropertyValueSpecification","valueRequired":true,"valueName":"search_term_string"}}],"inLanguage":"fr-FR"},{"@type":"Organization","@id":"https:\/\/meprolim.es\/fr\/#organization","name":"Meprolim","url":"https:\/\/meprolim.es\/fr\/","logo":{"@type":"ImageObject","inLanguage":"fr-FR","@id":"https:\/\/meprolim.es\/fr\/#\/schema\/logo\/image\/","url":"https:\/\/meprolim.es\/wp-content\/uploads\/2019\/07\/cropped-logo2.png","contentUrl":"https:\/\/meprolim.es\/wp-content\/uploads\/2019\/07\/cropped-logo2.png","width":401,"height":162,"caption":"Meprolim"},"image":{"@id":"https:\/\/meprolim.es\/fr\/#\/schema\/logo\/image\/"}}]}},"_links":{"self":[{"href":"https:\/\/meprolim.es\/fr\/wp-json\/wp\/v2\/product\/7428","targetHints":{"allow":["GET"]}}],"collection":[{"href":"https:\/\/meprolim.es\/fr\/wp-json\/wp\/v2\/product"}],"about":[{"href":"https:\/\/meprolim.es\/fr\/wp-json\/wp\/v2\/types\/product"}],"wp:featuredmedia":[{"embeddable":true,"href":"https:\/\/meprolim.es\/fr\/wp-json\/wp\/v2\/media\/7429"}],"wp:attachment":[{"href":"https:\/\/meprolim.es\/fr\/wp-json\/wp\/v2\/media?parent=7428"}],"wp:term":[{"taxonomy":"product_brand","embeddable":true,"href":"https:\/\/meprolim.es\/fr\/wp-json\/wp\/v2\/product_brand?post=7428"},{"taxonomy":"product_cat","embeddable":true,"href":"https:\/\/meprolim.es\/fr\/wp-json\/wp\/v2\/product_cat?post=7428"},{"taxonomy":"product_tag","embeddable":true,"href":"https:\/\/meprolim.es\/fr\/wp-json\/wp\/v2\/product_tag?post=7428"}],"curies":[{"name":"wp","href":"https:\/\/api.w.org\/{rel}","templated":true}]}}