{"id":7465,"date":"2019-08-25T22:27:09","date_gmt":"2019-08-25T21:27:09","guid":{"rendered":"http:\/\/www.meprolim.es\/?post_type=product&#038;p=7465"},"modified":"2019-10-27T20:05:49","modified_gmt":"2019-10-27T20:05:49","slug":"pack-108-higienico-tork-premium-2c-200-servicios","status":"publish","type":"product","link":"https:\/\/meprolim.es\/fr\/producto\/dispensadores-celulosa-y-complementos\/papel-servilletas-fr-2\/papel-higienico-fr-2\/domestico-papel-higienico-fr-2\/pack-108-higienico-tork-premium-2c-200-servicios\/","title":{"rendered":"PACK 108 HIGI\u00c9NICO TORK PREMIUM 2C 200 SERVICIOS &#8211; C\u00d3DIGO: CR1155"},"content":{"rendered":"<div class=\"wpb-content-wrapper\"><p>[vc_row][vc_column][vc_column_text]<\/p>\n<p style=\"text-align: justify;\">Haga que sus clientes se sientan como en casa con el papel higi\u00e9nico convencional Premium de Tork. Este papel higi\u00e9nico extrasuave ofrece un aspecto y tacto de lujo, junto con un rendimiento superior, para los elegantes aseos de hoteles y edificios de oficinas.<\/p>\n<p>[\/vc_column_text][\/vc_column][\/vc_row]<\/p>\n<\/div>","protected":false},"excerpt":{"rendered":"<ul>\n<li>Papel higi\u00e9nico dom\u00e9stico.<\/li>\n<li>Pack 10 unidades.<\/li>\n<li>2 Capas<\/li>\n<\/ul>\n<p><strong>SKU: CR1155<\/strong><\/p>\n","protected":false},"featured_media":7463,"template":"","meta":[],"product_brand":[],"product_cat":[90,551,1114,518],"product_tag":[486,552],"class_list":{"0":"post-7465","1":"product","2":"type-product","3":"status-publish","4":"has-post-thumbnail","6":"product_cat-complementos-para-banos-y-dispensadores","7":"product_cat-domestico-papel-higienico","8":"product_cat-papel-higienico","9":"product_cat-papel-servilletas","10":"product_tag-bano","11":"product_tag-papel-higienico","13":"first","14":"instock","15":"shipping-taxable","16":"product-type-simple"},"yoast_head":"<!-- This site is optimized with the Yoast SEO plugin v27.3 - https:\/\/yoast.com\/product\/yoast-seo-wordpress\/ -->\n<title>PACK 108 HIGI\u00c9NICO TORK PREMIUM 2C 200 SERVICIOS - C\u00d3DIGO: CR1155 - Meprolim<\/title>\n<meta name=\"robots\" content=\"index, follow, max-snippet:-1, max-image-preview:large, max-video-preview:-1\" \/>\n<link rel=\"canonical\" href=\"https:\/\/meprolim.es\/producto\/complementos-para-banos-y-dispensadores\/papel-servilletas\/papel-higienico\/domestico-papel-higienico\/pack-108-higienico-tork-premium-2c-200-servicios\/\" \/>\n<meta property=\"og:locale\" content=\"fr_FR\" \/>\n<meta property=\"og:type\" content=\"article\" \/>\n<meta property=\"og:title\" content=\"PACK 108 HIGI\u00c9NICO TORK PREMIUM 2C 200 SERVICIOS - C\u00d3DIGO: CR1155 - Meprolim\" \/>\n<meta property=\"og:description\" content=\"Papel higi\u00e9nico dom\u00e9stico.  Pack 10 unidades.  2 Capas  SKU: CR1155\" \/>\n<meta property=\"og:url\" content=\"https:\/\/meprolim.es\/producto\/complementos-para-banos-y-dispensadores\/papel-servilletas\/papel-higienico\/domestico-papel-higienico\/pack-108-higienico-tork-premium-2c-200-servicios\/\" \/>\n<meta property=\"og:site_name\" content=\"Meprolim\" \/>\n<meta property=\"article:modified_time\" content=\"2019-10-27T20:05:49+00:00\" \/>\n<meta property=\"og:image\" content=\"https:\/\/meprolim.es\/wp-content\/uploads\/2019\/08\/CR1122.jpg\" \/>\n\t<meta property=\"og:image:width\" content=\"768\" \/>\n\t<meta property=\"og:image:height\" content=\"768\" \/>\n\t<meta property=\"og:image:type\" content=\"image\/jpeg\" \/>\n<meta name=\"twitter:card\" content=\"summary_large_image\" \/>\n<script type=\"application\/ld+json\" class=\"yoast-schema-graph\">{\"@context\":\"https:\\\/\\\/schema.org\",\"@graph\":[{\"@type\":\"WebPage\",\"@id\":\"https:\\\/\\\/meprolim.es\\\/producto\\\/complementos-para-banos-y-dispensadores\\\/papel-servilletas\\\/papel-higienico\\\/domestico-papel-higienico\\\/pack-108-higienico-tork-premium-2c-200-servicios\\\/\",\"url\":\"https:\\\/\\\/meprolim.es\\\/producto\\\/complementos-para-banos-y-dispensadores\\\/papel-servilletas\\\/papel-higienico\\\/domestico-papel-higienico\\\/pack-108-higienico-tork-premium-2c-200-servicios\\\/\",\"name\":\"PACK 108 HIGI\u00c9NICO TORK PREMIUM 2C 200 SERVICIOS - C\u00d3DIGO: CR1155 - Meprolim\",\"isPartOf\":{\"@id\":\"https:\\\/\\\/meprolim.es\\\/fr\\\/#website\"},\"primaryImageOfPage\":{\"@id\":\"https:\\\/\\\/meprolim.es\\\/producto\\\/complementos-para-banos-y-dispensadores\\\/papel-servilletas\\\/papel-higienico\\\/domestico-papel-higienico\\\/pack-108-higienico-tork-premium-2c-200-servicios\\\/#primaryimage\"},\"image\":{\"@id\":\"https:\\\/\\\/meprolim.es\\\/producto\\\/complementos-para-banos-y-dispensadores\\\/papel-servilletas\\\/papel-higienico\\\/domestico-papel-higienico\\\/pack-108-higienico-tork-premium-2c-200-servicios\\\/#primaryimage\"},\"thumbnailUrl\":\"https:\\\/\\\/meprolim.es\\\/wp-content\\\/uploads\\\/2019\\\/08\\\/CR1122.jpg\",\"datePublished\":\"2019-08-25T21:27:09+00:00\",\"dateModified\":\"2019-10-27T20:05:49+00:00\",\"breadcrumb\":{\"@id\":\"https:\\\/\\\/meprolim.es\\\/producto\\\/complementos-para-banos-y-dispensadores\\\/papel-servilletas\\\/papel-higienico\\\/domestico-papel-higienico\\\/pack-108-higienico-tork-premium-2c-200-servicios\\\/#breadcrumb\"},\"inLanguage\":\"fr-FR\",\"potentialAction\":[{\"@type\":\"ReadAction\",\"target\":[\"https:\\\/\\\/meprolim.es\\\/producto\\\/complementos-para-banos-y-dispensadores\\\/papel-servilletas\\\/papel-higienico\\\/domestico-papel-higienico\\\/pack-108-higienico-tork-premium-2c-200-servicios\\\/\"]}]},{\"@type\":\"ImageObject\",\"inLanguage\":\"fr-FR\",\"@id\":\"https:\\\/\\\/meprolim.es\\\/producto\\\/complementos-para-banos-y-dispensadores\\\/papel-servilletas\\\/papel-higienico\\\/domestico-papel-higienico\\\/pack-108-higienico-tork-premium-2c-200-servicios\\\/#primaryimage\",\"url\":\"https:\\\/\\\/meprolim.es\\\/wp-content\\\/uploads\\\/2019\\\/08\\\/CR1122.jpg\",\"contentUrl\":\"https:\\\/\\\/meprolim.es\\\/wp-content\\\/uploads\\\/2019\\\/08\\\/CR1122.jpg\",\"width\":768,\"height\":768},{\"@type\":\"BreadcrumbList\",\"@id\":\"https:\\\/\\\/meprolim.es\\\/producto\\\/complementos-para-banos-y-dispensadores\\\/papel-servilletas\\\/papel-higienico\\\/domestico-papel-higienico\\\/pack-108-higienico-tork-premium-2c-200-servicios\\\/#breadcrumb\",\"itemListElement\":[{\"@type\":\"ListItem\",\"position\":1,\"name\":\"Portada\",\"item\":\"https:\\\/\\\/meprolim.es\\\/fr\\\/\"},{\"@type\":\"ListItem\",\"position\":2,\"name\":\"Catalogue\",\"item\":\"https:\\\/\\\/meprolim.es\\\/fr\\\/catalogue\\\/\"},{\"@type\":\"ListItem\",\"position\":3,\"name\":\"PACK 108 HIGI\u00c9NICO TORK PREMIUM 2C 200 SERVICIOS &#8211; C\u00d3DIGO: CR1155\"}]},{\"@type\":\"WebSite\",\"@id\":\"https:\\\/\\\/meprolim.es\\\/fr\\\/#website\",\"url\":\"https:\\\/\\\/meprolim.es\\\/fr\\\/\",\"name\":\"Meprolim\",\"description\":\"Cavas Catalanas S.L.\",\"publisher\":{\"@id\":\"https:\\\/\\\/meprolim.es\\\/fr\\\/#organization\"},\"potentialAction\":[{\"@type\":\"SearchAction\",\"target\":{\"@type\":\"EntryPoint\",\"urlTemplate\":\"https:\\\/\\\/meprolim.es\\\/fr\\\/?s={search_term_string}\"},\"query-input\":{\"@type\":\"PropertyValueSpecification\",\"valueRequired\":true,\"valueName\":\"search_term_string\"}}],\"inLanguage\":\"fr-FR\"},{\"@type\":\"Organization\",\"@id\":\"https:\\\/\\\/meprolim.es\\\/fr\\\/#organization\",\"name\":\"Meprolim\",\"url\":\"https:\\\/\\\/meprolim.es\\\/fr\\\/\",\"logo\":{\"@type\":\"ImageObject\",\"inLanguage\":\"fr-FR\",\"@id\":\"https:\\\/\\\/meprolim.es\\\/fr\\\/#\\\/schema\\\/logo\\\/image\\\/\",\"url\":\"https:\\\/\\\/meprolim.es\\\/wp-content\\\/uploads\\\/2019\\\/07\\\/cropped-logo2.png\",\"contentUrl\":\"https:\\\/\\\/meprolim.es\\\/wp-content\\\/uploads\\\/2019\\\/07\\\/cropped-logo2.png\",\"width\":401,\"height\":162,\"caption\":\"Meprolim\"},\"image\":{\"@id\":\"https:\\\/\\\/meprolim.es\\\/fr\\\/#\\\/schema\\\/logo\\\/image\\\/\"}}]}<\/script>\n<!-- \/ Yoast SEO plugin. -->","yoast_head_json":{"title":"PACK 108 HIGI\u00c9NICO TORK PREMIUM 2C 200 SERVICIOS - C\u00d3DIGO: CR1155 - Meprolim","robots":{"index":"index","follow":"follow","max-snippet":"max-snippet:-1","max-image-preview":"max-image-preview:large","max-video-preview":"max-video-preview:-1"},"canonical":"https:\/\/meprolim.es\/producto\/complementos-para-banos-y-dispensadores\/papel-servilletas\/papel-higienico\/domestico-papel-higienico\/pack-108-higienico-tork-premium-2c-200-servicios\/","og_locale":"fr_FR","og_type":"article","og_title":"PACK 108 HIGI\u00c9NICO TORK PREMIUM 2C 200 SERVICIOS - C\u00d3DIGO: CR1155 - Meprolim","og_description":"Papel higi\u00e9nico dom\u00e9stico.  Pack 10 unidades.  2 Capas  SKU: CR1155","og_url":"https:\/\/meprolim.es\/producto\/complementos-para-banos-y-dispensadores\/papel-servilletas\/papel-higienico\/domestico-papel-higienico\/pack-108-higienico-tork-premium-2c-200-servicios\/","og_site_name":"Meprolim","article_modified_time":"2019-10-27T20:05:49+00:00","og_image":[{"width":768,"height":768,"url":"https:\/\/meprolim.es\/wp-content\/uploads\/2019\/08\/CR1122.jpg","type":"image\/jpeg"}],"twitter_card":"summary_large_image","schema":{"@context":"https:\/\/schema.org","@graph":[{"@type":"WebPage","@id":"https:\/\/meprolim.es\/producto\/complementos-para-banos-y-dispensadores\/papel-servilletas\/papel-higienico\/domestico-papel-higienico\/pack-108-higienico-tork-premium-2c-200-servicios\/","url":"https:\/\/meprolim.es\/producto\/complementos-para-banos-y-dispensadores\/papel-servilletas\/papel-higienico\/domestico-papel-higienico\/pack-108-higienico-tork-premium-2c-200-servicios\/","name":"PACK 108 HIGI\u00c9NICO TORK PREMIUM 2C 200 SERVICIOS - C\u00d3DIGO: CR1155 - Meprolim","isPartOf":{"@id":"https:\/\/meprolim.es\/fr\/#website"},"primaryImageOfPage":{"@id":"https:\/\/meprolim.es\/producto\/complementos-para-banos-y-dispensadores\/papel-servilletas\/papel-higienico\/domestico-papel-higienico\/pack-108-higienico-tork-premium-2c-200-servicios\/#primaryimage"},"image":{"@id":"https:\/\/meprolim.es\/producto\/complementos-para-banos-y-dispensadores\/papel-servilletas\/papel-higienico\/domestico-papel-higienico\/pack-108-higienico-tork-premium-2c-200-servicios\/#primaryimage"},"thumbnailUrl":"https:\/\/meprolim.es\/wp-content\/uploads\/2019\/08\/CR1122.jpg","datePublished":"2019-08-25T21:27:09+00:00","dateModified":"2019-10-27T20:05:49+00:00","breadcrumb":{"@id":"https:\/\/meprolim.es\/producto\/complementos-para-banos-y-dispensadores\/papel-servilletas\/papel-higienico\/domestico-papel-higienico\/pack-108-higienico-tork-premium-2c-200-servicios\/#breadcrumb"},"inLanguage":"fr-FR","potentialAction":[{"@type":"ReadAction","target":["https:\/\/meprolim.es\/producto\/complementos-para-banos-y-dispensadores\/papel-servilletas\/papel-higienico\/domestico-papel-higienico\/pack-108-higienico-tork-premium-2c-200-servicios\/"]}]},{"@type":"ImageObject","inLanguage":"fr-FR","@id":"https:\/\/meprolim.es\/producto\/complementos-para-banos-y-dispensadores\/papel-servilletas\/papel-higienico\/domestico-papel-higienico\/pack-108-higienico-tork-premium-2c-200-servicios\/#primaryimage","url":"https:\/\/meprolim.es\/wp-content\/uploads\/2019\/08\/CR1122.jpg","contentUrl":"https:\/\/meprolim.es\/wp-content\/uploads\/2019\/08\/CR1122.jpg","width":768,"height":768},{"@type":"BreadcrumbList","@id":"https:\/\/meprolim.es\/producto\/complementos-para-banos-y-dispensadores\/papel-servilletas\/papel-higienico\/domestico-papel-higienico\/pack-108-higienico-tork-premium-2c-200-servicios\/#breadcrumb","itemListElement":[{"@type":"ListItem","position":1,"name":"Portada","item":"https:\/\/meprolim.es\/fr\/"},{"@type":"ListItem","position":2,"name":"Catalogue","item":"https:\/\/meprolim.es\/fr\/catalogue\/"},{"@type":"ListItem","position":3,"name":"PACK 108 HIGI\u00c9NICO TORK PREMIUM 2C 200 SERVICIOS &#8211; C\u00d3DIGO: CR1155"}]},{"@type":"WebSite","@id":"https:\/\/meprolim.es\/fr\/#website","url":"https:\/\/meprolim.es\/fr\/","name":"Meprolim","description":"Cavas Catalanas S.L.","publisher":{"@id":"https:\/\/meprolim.es\/fr\/#organization"},"potentialAction":[{"@type":"SearchAction","target":{"@type":"EntryPoint","urlTemplate":"https:\/\/meprolim.es\/fr\/?s={search_term_string}"},"query-input":{"@type":"PropertyValueSpecification","valueRequired":true,"valueName":"search_term_string"}}],"inLanguage":"fr-FR"},{"@type":"Organization","@id":"https:\/\/meprolim.es\/fr\/#organization","name":"Meprolim","url":"https:\/\/meprolim.es\/fr\/","logo":{"@type":"ImageObject","inLanguage":"fr-FR","@id":"https:\/\/meprolim.es\/fr\/#\/schema\/logo\/image\/","url":"https:\/\/meprolim.es\/wp-content\/uploads\/2019\/07\/cropped-logo2.png","contentUrl":"https:\/\/meprolim.es\/wp-content\/uploads\/2019\/07\/cropped-logo2.png","width":401,"height":162,"caption":"Meprolim"},"image":{"@id":"https:\/\/meprolim.es\/fr\/#\/schema\/logo\/image\/"}}]}},"_links":{"self":[{"href":"https:\/\/meprolim.es\/fr\/wp-json\/wp\/v2\/product\/7465","targetHints":{"allow":["GET"]}}],"collection":[{"href":"https:\/\/meprolim.es\/fr\/wp-json\/wp\/v2\/product"}],"about":[{"href":"https:\/\/meprolim.es\/fr\/wp-json\/wp\/v2\/types\/product"}],"wp:featuredmedia":[{"embeddable":true,"href":"https:\/\/meprolim.es\/fr\/wp-json\/wp\/v2\/media\/7463"}],"wp:attachment":[{"href":"https:\/\/meprolim.es\/fr\/wp-json\/wp\/v2\/media?parent=7465"}],"wp:term":[{"taxonomy":"product_brand","embeddable":true,"href":"https:\/\/meprolim.es\/fr\/wp-json\/wp\/v2\/product_brand?post=7465"},{"taxonomy":"product_cat","embeddable":true,"href":"https:\/\/meprolim.es\/fr\/wp-json\/wp\/v2\/product_cat?post=7465"},{"taxonomy":"product_tag","embeddable":true,"href":"https:\/\/meprolim.es\/fr\/wp-json\/wp\/v2\/product_tag?post=7465"}],"curies":[{"name":"wp","href":"https:\/\/api.w.org\/{rel}","templated":true}]}}