{"id":7543,"date":"2019-08-26T03:11:51","date_gmt":"2019-08-26T02:11:51","guid":{"rendered":"http:\/\/www.meprolim.es\/?post_type=product&#038;p=7543"},"modified":"2019-10-27T19:16:04","modified_gmt":"2019-10-27T19:16:04","slug":"dispensador-tork-reflex-central-m4","status":"publish","type":"product","link":"https:\/\/meprolim.es\/fr\/producto\/dispensadores-celulosa-y-complementos\/papel-servilletas-fr-2\/papel-secamanos-fr-2\/sistema-reflex-fr-2\/dispensador-tork-reflex-central-m4\/","title":{"rendered":"DISPENSADOR TORK REFLEX CENTRAL M4 &#8211; C\u00d3DIGO: CR2045"},"content":{"rendered":"<div class=\"wpb-content-wrapper\"><p>[vc_row][vc_column][vc_column_text]<\/p>\n<p style=\"text-align: justify;\">Tork\u00ae dispensador de alimentaci\u00f3n central ReflexTM es una soluci\u00f3n ideal para entornos profesionales en los que es necesario el secado de manos y superficies. Este sistema, con dispensaci\u00f3n individual, controla el consumo hasta en un 37 % en comparaci\u00f3n con el sistema Tork\u00ae alimentaci\u00f3n central.<\/p>\n<p style=\"text-align: justify;\">Facilidad de uso con una sola mano. Reduce el riesgo de contaminaci\u00f3n cruzada dado que los usuarios solo tocan lo que usan. El dispensador est\u00e1 fabricado con policarbonato y, por tanto, resiste los entornos m\u00e1s duros. Mejora el nivel general de limpieza, ya que<br \/>\nfacilita las tareas de limpieza.<\/p>\n<p>&nbsp;<\/p>\n<p>[\/vc_column_text][\/vc_column][\/vc_row]<\/p>\n<\/div>","protected":false},"excerpt":{"rendered":"<ul>\n<li>Port\u00e1tiles y pr\u00e1cticos dispensadores hoja a hoja.<\/li>\n<li>Reducen el consumo y los residuos.<\/li>\n<li>Dispensador\u00a0 25,2\u00a0 x 21 x 24 cm<\/li>\n<\/ul>\n<p><strong>SKU: CR2045<\/strong><\/p>\n","protected":false},"featured_media":7544,"template":"","meta":[],"product_brand":[],"product_cat":[90,1116,518,567],"product_tag":[486,569,570,565],"class_list":{"0":"post-7543","1":"product","2":"type-product","3":"status-publish","4":"has-post-thumbnail","6":"product_cat-complementos-para-banos-y-dispensadores","7":"product_cat-papel-secamanos","8":"product_cat-papel-servilletas","9":"product_cat-sistema-reflex","10":"product_tag-bano","11":"product_tag-papel-autocorte","12":"product_tag-papel-de-limpieza","13":"product_tag-papel-de-manos","15":"first","16":"instock","17":"shipping-taxable","18":"product-type-simple"},"yoast_head":"<!-- This site is optimized with the Yoast SEO plugin v27.4 - https:\/\/yoast.com\/product\/yoast-seo-wordpress\/ -->\n<title>DISPENSADOR TORK REFLEX CENTRAL M4 - C\u00d3DIGO: CR2045 - Meprolim<\/title>\n<meta name=\"robots\" content=\"index, follow, max-snippet:-1, max-image-preview:large, max-video-preview:-1\" \/>\n<link rel=\"canonical\" href=\"https:\/\/meprolim.es\/en\/producto\/complementos-para-banos-y-dispensadores\/papel-servilletas\/papel-secamanos\/sistema-reflex\/dispensador-tork-reflex-central-m4\/\" \/>\n<meta property=\"og:locale\" content=\"fr_FR\" \/>\n<meta property=\"og:type\" content=\"article\" \/>\n<meta property=\"og:title\" content=\"DISPENSADOR TORK REFLEX CENTRAL M4 - C\u00d3DIGO: CR2045 - Meprolim\" \/>\n<meta property=\"og:description\" content=\"Port\u00e1tiles y pr\u00e1cticos dispensadores hoja a hoja.  Reducen el consumo y los residuos.  Dispensador\u00a0 25,2\u00a0 x 21 x 24 cm  SKU: CR2045\" \/>\n<meta property=\"og:url\" content=\"https:\/\/meprolim.es\/en\/producto\/complementos-para-banos-y-dispensadores\/papel-servilletas\/papel-secamanos\/sistema-reflex\/dispensador-tork-reflex-central-m4\/\" \/>\n<meta property=\"og:site_name\" content=\"Meprolim\" \/>\n<meta property=\"article:modified_time\" content=\"2019-10-27T19:16:04+00:00\" \/>\n<meta property=\"og:image\" content=\"https:\/\/meprolim.es\/wp-content\/uploads\/2019\/08\/CR2045.jpg\" \/>\n\t<meta property=\"og:image:width\" content=\"768\" \/>\n\t<meta property=\"og:image:height\" content=\"768\" \/>\n\t<meta property=\"og:image:type\" content=\"image\/jpeg\" \/>\n<meta name=\"twitter:card\" content=\"summary_large_image\" \/>\n<meta name=\"twitter:label1\" content=\"Dur\u00e9e de lecture estim\u00e9e\" \/>\n\t<meta name=\"twitter:data1\" content=\"1 minute\" \/>\n<script type=\"application\/ld+json\" class=\"yoast-schema-graph\">{\"@context\":\"https:\\\/\\\/schema.org\",\"@graph\":[{\"@type\":\"WebPage\",\"@id\":\"https:\\\/\\\/meprolim.es\\\/en\\\/producto\\\/complementos-para-banos-y-dispensadores\\\/papel-servilletas\\\/papel-secamanos\\\/sistema-reflex\\\/dispensador-tork-reflex-central-m4\\\/\",\"url\":\"https:\\\/\\\/meprolim.es\\\/en\\\/producto\\\/complementos-para-banos-y-dispensadores\\\/papel-servilletas\\\/papel-secamanos\\\/sistema-reflex\\\/dispensador-tork-reflex-central-m4\\\/\",\"name\":\"DISPENSADOR TORK REFLEX CENTRAL M4 - C\u00d3DIGO: CR2045 - Meprolim\",\"isPartOf\":{\"@id\":\"https:\\\/\\\/meprolim.es\\\/fr\\\/#website\"},\"primaryImageOfPage\":{\"@id\":\"https:\\\/\\\/meprolim.es\\\/en\\\/producto\\\/complementos-para-banos-y-dispensadores\\\/papel-servilletas\\\/papel-secamanos\\\/sistema-reflex\\\/dispensador-tork-reflex-central-m4\\\/#primaryimage\"},\"image\":{\"@id\":\"https:\\\/\\\/meprolim.es\\\/en\\\/producto\\\/complementos-para-banos-y-dispensadores\\\/papel-servilletas\\\/papel-secamanos\\\/sistema-reflex\\\/dispensador-tork-reflex-central-m4\\\/#primaryimage\"},\"thumbnailUrl\":\"https:\\\/\\\/meprolim.es\\\/wp-content\\\/uploads\\\/2019\\\/08\\\/CR2045.jpg\",\"datePublished\":\"2019-08-26T02:11:51+00:00\",\"dateModified\":\"2019-10-27T19:16:04+00:00\",\"breadcrumb\":{\"@id\":\"https:\\\/\\\/meprolim.es\\\/en\\\/producto\\\/complementos-para-banos-y-dispensadores\\\/papel-servilletas\\\/papel-secamanos\\\/sistema-reflex\\\/dispensador-tork-reflex-central-m4\\\/#breadcrumb\"},\"inLanguage\":\"fr-FR\",\"potentialAction\":[{\"@type\":\"ReadAction\",\"target\":[\"https:\\\/\\\/meprolim.es\\\/en\\\/producto\\\/complementos-para-banos-y-dispensadores\\\/papel-servilletas\\\/papel-secamanos\\\/sistema-reflex\\\/dispensador-tork-reflex-central-m4\\\/\"]}]},{\"@type\":\"ImageObject\",\"inLanguage\":\"fr-FR\",\"@id\":\"https:\\\/\\\/meprolim.es\\\/en\\\/producto\\\/complementos-para-banos-y-dispensadores\\\/papel-servilletas\\\/papel-secamanos\\\/sistema-reflex\\\/dispensador-tork-reflex-central-m4\\\/#primaryimage\",\"url\":\"https:\\\/\\\/meprolim.es\\\/wp-content\\\/uploads\\\/2019\\\/08\\\/CR2045.jpg\",\"contentUrl\":\"https:\\\/\\\/meprolim.es\\\/wp-content\\\/uploads\\\/2019\\\/08\\\/CR2045.jpg\",\"width\":768,\"height\":768},{\"@type\":\"BreadcrumbList\",\"@id\":\"https:\\\/\\\/meprolim.es\\\/en\\\/producto\\\/complementos-para-banos-y-dispensadores\\\/papel-servilletas\\\/papel-secamanos\\\/sistema-reflex\\\/dispensador-tork-reflex-central-m4\\\/#breadcrumb\",\"itemListElement\":[{\"@type\":\"ListItem\",\"position\":1,\"name\":\"Portada\",\"item\":\"https:\\\/\\\/meprolim.es\\\/fr\\\/\"},{\"@type\":\"ListItem\",\"position\":2,\"name\":\"Catalogue\",\"item\":\"https:\\\/\\\/meprolim.es\\\/fr\\\/catalogue\\\/\"},{\"@type\":\"ListItem\",\"position\":3,\"name\":\"DISPENSADOR TORK REFLEX CENTRAL M4 &#8211; C\u00d3DIGO: CR2045\"}]},{\"@type\":\"WebSite\",\"@id\":\"https:\\\/\\\/meprolim.es\\\/fr\\\/#website\",\"url\":\"https:\\\/\\\/meprolim.es\\\/fr\\\/\",\"name\":\"Meprolim\",\"description\":\"Cavas Catalanas S.L.\",\"publisher\":{\"@id\":\"https:\\\/\\\/meprolim.es\\\/fr\\\/#organization\"},\"potentialAction\":[{\"@type\":\"SearchAction\",\"target\":{\"@type\":\"EntryPoint\",\"urlTemplate\":\"https:\\\/\\\/meprolim.es\\\/fr\\\/?s={search_term_string}\"},\"query-input\":{\"@type\":\"PropertyValueSpecification\",\"valueRequired\":true,\"valueName\":\"search_term_string\"}}],\"inLanguage\":\"fr-FR\"},{\"@type\":\"Organization\",\"@id\":\"https:\\\/\\\/meprolim.es\\\/fr\\\/#organization\",\"name\":\"Meprolim\",\"url\":\"https:\\\/\\\/meprolim.es\\\/fr\\\/\",\"logo\":{\"@type\":\"ImageObject\",\"inLanguage\":\"fr-FR\",\"@id\":\"https:\\\/\\\/meprolim.es\\\/fr\\\/#\\\/schema\\\/logo\\\/image\\\/\",\"url\":\"https:\\\/\\\/meprolim.es\\\/wp-content\\\/uploads\\\/2019\\\/07\\\/cropped-logo2.png\",\"contentUrl\":\"https:\\\/\\\/meprolim.es\\\/wp-content\\\/uploads\\\/2019\\\/07\\\/cropped-logo2.png\",\"width\":401,\"height\":162,\"caption\":\"Meprolim\"},\"image\":{\"@id\":\"https:\\\/\\\/meprolim.es\\\/fr\\\/#\\\/schema\\\/logo\\\/image\\\/\"}}]}<\/script>\n<!-- \/ Yoast SEO plugin. -->","yoast_head_json":{"title":"DISPENSADOR TORK REFLEX CENTRAL M4 - C\u00d3DIGO: CR2045 - Meprolim","robots":{"index":"index","follow":"follow","max-snippet":"max-snippet:-1","max-image-preview":"max-image-preview:large","max-video-preview":"max-video-preview:-1"},"canonical":"https:\/\/meprolim.es\/en\/producto\/complementos-para-banos-y-dispensadores\/papel-servilletas\/papel-secamanos\/sistema-reflex\/dispensador-tork-reflex-central-m4\/","og_locale":"fr_FR","og_type":"article","og_title":"DISPENSADOR TORK REFLEX CENTRAL M4 - C\u00d3DIGO: CR2045 - Meprolim","og_description":"Port\u00e1tiles y pr\u00e1cticos dispensadores hoja a hoja.  Reducen el consumo y los residuos.  Dispensador\u00a0 25,2\u00a0 x 21 x 24 cm  SKU: CR2045","og_url":"https:\/\/meprolim.es\/en\/producto\/complementos-para-banos-y-dispensadores\/papel-servilletas\/papel-secamanos\/sistema-reflex\/dispensador-tork-reflex-central-m4\/","og_site_name":"Meprolim","article_modified_time":"2019-10-27T19:16:04+00:00","og_image":[{"width":768,"height":768,"url":"https:\/\/meprolim.es\/wp-content\/uploads\/2019\/08\/CR2045.jpg","type":"image\/jpeg"}],"twitter_card":"summary_large_image","twitter_misc":{"Dur\u00e9e de lecture estim\u00e9e":"1 minute"},"schema":{"@context":"https:\/\/schema.org","@graph":[{"@type":"WebPage","@id":"https:\/\/meprolim.es\/en\/producto\/complementos-para-banos-y-dispensadores\/papel-servilletas\/papel-secamanos\/sistema-reflex\/dispensador-tork-reflex-central-m4\/","url":"https:\/\/meprolim.es\/en\/producto\/complementos-para-banos-y-dispensadores\/papel-servilletas\/papel-secamanos\/sistema-reflex\/dispensador-tork-reflex-central-m4\/","name":"DISPENSADOR TORK REFLEX CENTRAL M4 - C\u00d3DIGO: CR2045 - Meprolim","isPartOf":{"@id":"https:\/\/meprolim.es\/fr\/#website"},"primaryImageOfPage":{"@id":"https:\/\/meprolim.es\/en\/producto\/complementos-para-banos-y-dispensadores\/papel-servilletas\/papel-secamanos\/sistema-reflex\/dispensador-tork-reflex-central-m4\/#primaryimage"},"image":{"@id":"https:\/\/meprolim.es\/en\/producto\/complementos-para-banos-y-dispensadores\/papel-servilletas\/papel-secamanos\/sistema-reflex\/dispensador-tork-reflex-central-m4\/#primaryimage"},"thumbnailUrl":"https:\/\/meprolim.es\/wp-content\/uploads\/2019\/08\/CR2045.jpg","datePublished":"2019-08-26T02:11:51+00:00","dateModified":"2019-10-27T19:16:04+00:00","breadcrumb":{"@id":"https:\/\/meprolim.es\/en\/producto\/complementos-para-banos-y-dispensadores\/papel-servilletas\/papel-secamanos\/sistema-reflex\/dispensador-tork-reflex-central-m4\/#breadcrumb"},"inLanguage":"fr-FR","potentialAction":[{"@type":"ReadAction","target":["https:\/\/meprolim.es\/en\/producto\/complementos-para-banos-y-dispensadores\/papel-servilletas\/papel-secamanos\/sistema-reflex\/dispensador-tork-reflex-central-m4\/"]}]},{"@type":"ImageObject","inLanguage":"fr-FR","@id":"https:\/\/meprolim.es\/en\/producto\/complementos-para-banos-y-dispensadores\/papel-servilletas\/papel-secamanos\/sistema-reflex\/dispensador-tork-reflex-central-m4\/#primaryimage","url":"https:\/\/meprolim.es\/wp-content\/uploads\/2019\/08\/CR2045.jpg","contentUrl":"https:\/\/meprolim.es\/wp-content\/uploads\/2019\/08\/CR2045.jpg","width":768,"height":768},{"@type":"BreadcrumbList","@id":"https:\/\/meprolim.es\/en\/producto\/complementos-para-banos-y-dispensadores\/papel-servilletas\/papel-secamanos\/sistema-reflex\/dispensador-tork-reflex-central-m4\/#breadcrumb","itemListElement":[{"@type":"ListItem","position":1,"name":"Portada","item":"https:\/\/meprolim.es\/fr\/"},{"@type":"ListItem","position":2,"name":"Catalogue","item":"https:\/\/meprolim.es\/fr\/catalogue\/"},{"@type":"ListItem","position":3,"name":"DISPENSADOR TORK REFLEX CENTRAL M4 &#8211; C\u00d3DIGO: CR2045"}]},{"@type":"WebSite","@id":"https:\/\/meprolim.es\/fr\/#website","url":"https:\/\/meprolim.es\/fr\/","name":"Meprolim","description":"Cavas Catalanas S.L.","publisher":{"@id":"https:\/\/meprolim.es\/fr\/#organization"},"potentialAction":[{"@type":"SearchAction","target":{"@type":"EntryPoint","urlTemplate":"https:\/\/meprolim.es\/fr\/?s={search_term_string}"},"query-input":{"@type":"PropertyValueSpecification","valueRequired":true,"valueName":"search_term_string"}}],"inLanguage":"fr-FR"},{"@type":"Organization","@id":"https:\/\/meprolim.es\/fr\/#organization","name":"Meprolim","url":"https:\/\/meprolim.es\/fr\/","logo":{"@type":"ImageObject","inLanguage":"fr-FR","@id":"https:\/\/meprolim.es\/fr\/#\/schema\/logo\/image\/","url":"https:\/\/meprolim.es\/wp-content\/uploads\/2019\/07\/cropped-logo2.png","contentUrl":"https:\/\/meprolim.es\/wp-content\/uploads\/2019\/07\/cropped-logo2.png","width":401,"height":162,"caption":"Meprolim"},"image":{"@id":"https:\/\/meprolim.es\/fr\/#\/schema\/logo\/image\/"}}]}},"_links":{"self":[{"href":"https:\/\/meprolim.es\/fr\/wp-json\/wp\/v2\/product\/7543","targetHints":{"allow":["GET"]}}],"collection":[{"href":"https:\/\/meprolim.es\/fr\/wp-json\/wp\/v2\/product"}],"about":[{"href":"https:\/\/meprolim.es\/fr\/wp-json\/wp\/v2\/types\/product"}],"wp:featuredmedia":[{"embeddable":true,"href":"https:\/\/meprolim.es\/fr\/wp-json\/wp\/v2\/media\/7544"}],"wp:attachment":[{"href":"https:\/\/meprolim.es\/fr\/wp-json\/wp\/v2\/media?parent=7543"}],"wp:term":[{"taxonomy":"product_brand","embeddable":true,"href":"https:\/\/meprolim.es\/fr\/wp-json\/wp\/v2\/product_brand?post=7543"},{"taxonomy":"product_cat","embeddable":true,"href":"https:\/\/meprolim.es\/fr\/wp-json\/wp\/v2\/product_cat?post=7543"},{"taxonomy":"product_tag","embeddable":true,"href":"https:\/\/meprolim.es\/fr\/wp-json\/wp\/v2\/product_tag?post=7543"}],"curies":[{"name":"wp","href":"https:\/\/api.w.org\/{rel}","templated":true}]}}