{"id":7548,"date":"2019-08-26T03:16:43","date_gmt":"2019-08-26T02:16:43","guid":{"rendered":"http:\/\/www.meprolim.es\/?post_type=product&#038;p=7548"},"modified":"2023-04-13T17:04:49","modified_gmt":"2023-04-13T16:04:49","slug":"pack-6-rollos-tork-reflex-secado-450-ser","status":"publish","type":"product","link":"https:\/\/meprolim.es\/fr\/producto\/dispensadores-celulosa-y-complementos\/papel-servilletas-fr-2\/papel-secamanos-fr-2\/sistema-reflex-fr-2\/pack-6-rollos-tork-reflex-secado-450-ser\/","title":{"rendered":"PACK 6 ROLLOS TORK REFLEX SECADO 450 SER &#8211; C\u00d3DIGO: CR4034"},"content":{"rendered":"<div class=\"wpb-content-wrapper\"><p>[vc_row][vc_column][vc_column_text]<strong>Sistema M4- Sistema de alimentaci\u00f3n central Reflex<\/strong><br \/>\n<strong>Color Blanco\u00a0<\/strong><\/p>\n<ul>\n<li>Nivel de calidad Advanced<\/li>\n<li>Capa 2<\/li>\n<li>Longitud del rollo 150,8 m<\/li>\n<li>Ancho del rollo 19,4 cm<\/li>\n<li>Di\u00e1metro del rollo 18,5 cm<\/li>\n<li>N\u00famero de servicios 450<\/li>\n<li>Longitud del servicio 33,5 cm<\/li>\n<li>Di\u00e1metro interior del mandril 5,9 cm<\/li>\n<\/ul>\n<p>[\/vc_column_text][\/vc_column][\/vc_row]<\/p>\n<\/div>","protected":false},"excerpt":{"rendered":"<ul>\n<li>El papel de secado extra Tork Reflex\u2122 de 2\u00a0capas es un papel multiuso que resulta ideal para limpiar l\u00edquidos y secarse las manos. Este papel puede utilizarse con el dispensador de alimentaci\u00f3n central de dispensaci\u00f3n individual Tork Reflex\u2122, que se adapta al flujo de trabajo de tu equipo, reduce el consumo y minimiza el riesgo de contaminaci\u00f3n cruzada.\n<ul class=\"product-usp-list\">\n<li>La dispensaci\u00f3n individual reduce el consumo hasta en un 37\u00a0%.<\/li>\n<li>Extracci\u00f3n de tubos SmartCore\u00ae para reponer de forma f\u00e1cil y sencilla.<\/li>\n<li>Buena capacidad de absorci\u00f3n para limpiar r\u00e1pidamente los derrames de l\u00edquidos.<\/li>\n<li>Es un papel suave, resistente y absorbente, a la vez que ofrece un secado m\u00e1s eficaz y genera menos residuos<\/li>\n<\/ul>\n<\/li>\n<\/ul>\n<p><strong>SKU: CR4034<\/strong><\/p>\n","protected":false},"featured_media":23457,"template":"","meta":[],"product_brand":[],"product_cat":[90,1116,518,567],"product_tag":[486,570,565],"class_list":{"0":"post-7548","1":"product","2":"type-product","3":"status-publish","4":"has-post-thumbnail","6":"product_cat-complementos-para-banos-y-dispensadores","7":"product_cat-papel-secamanos","8":"product_cat-papel-servilletas","9":"product_cat-sistema-reflex","10":"product_tag-bano","11":"product_tag-papel-de-limpieza","12":"product_tag-papel-de-manos","14":"first","15":"instock","16":"shipping-taxable","17":"product-type-simple"},"yoast_head":"<!-- This site is optimized with the Yoast SEO plugin v27.3 - https:\/\/yoast.com\/product\/yoast-seo-wordpress\/ -->\n<title>PACK 6 ROLLOS TORK REFLEX SECADO 450 SER - C\u00d3DIGO: CR4034 - Meprolim<\/title>\n<meta name=\"robots\" content=\"index, follow, max-snippet:-1, max-image-preview:large, max-video-preview:-1\" \/>\n<link rel=\"canonical\" href=\"https:\/\/meprolim.es\/producto\/complementos-para-banos-y-dispensadores\/papel-servilletas\/papel-secamanos\/sistema-reflex\/pack-6-rollos-tork-reflex-secado-450-ser\/\" \/>\n<meta property=\"og:locale\" content=\"fr_FR\" \/>\n<meta property=\"og:type\" content=\"article\" \/>\n<meta property=\"og:title\" content=\"PACK 6 ROLLOS TORK REFLEX SECADO 450 SER - C\u00d3DIGO: CR4034 - Meprolim\" \/>\n<meta property=\"og:description\" content=\"El papel de secado extra Tork Reflex\u2122 de 2\u00a0capas es un papel multiuso que resulta ideal para limpiar l\u00edquidos y secarse las manos. Este papel puede utilizarse con el dispensador de alimentaci\u00f3n central de dispensaci\u00f3n individual Tork Reflex\u2122, que se adapta al flujo de trabajo de tu equipo, reduce el consumo y minimiza el riesgo de contaminaci\u00f3n cruzada.   La dispensaci\u00f3n individual reduce el consumo hasta en un 37\u00a0%.  Extracci\u00f3n de tubos SmartCore\u00ae para reponer de forma f\u00e1cil y sencilla.  Buena capacidad de absorci\u00f3n para limpiar r\u00e1pidamente los derrames de l\u00edquidos.  Es un papel suave, resistente y absorbente, a la vez que ofrece un secado m\u00e1s eficaz y genera menos residuos    SKU: CR4034\" \/>\n<meta property=\"og:url\" content=\"https:\/\/meprolim.es\/producto\/complementos-para-banos-y-dispensadores\/papel-servilletas\/papel-secamanos\/sistema-reflex\/pack-6-rollos-tork-reflex-secado-450-ser\/\" \/>\n<meta property=\"og:site_name\" content=\"Meprolim\" \/>\n<meta property=\"article:modified_time\" content=\"2023-04-13T16:04:49+00:00\" \/>\n<meta property=\"og:image\" content=\"https:\/\/meprolim.es\/wp-content\/uploads\/2023\/04\/CR4034.jpg\" \/>\n\t<meta property=\"og:image:width\" content=\"768\" \/>\n\t<meta property=\"og:image:height\" content=\"768\" \/>\n\t<meta property=\"og:image:type\" content=\"image\/jpeg\" \/>\n<meta name=\"twitter:card\" content=\"summary_large_image\" \/>\n<meta name=\"twitter:label1\" content=\"Dur\u00e9e de lecture estim\u00e9e\" \/>\n\t<meta name=\"twitter:data1\" content=\"1 minute\" \/>\n<script type=\"application\/ld+json\" class=\"yoast-schema-graph\">{\"@context\":\"https:\\\/\\\/schema.org\",\"@graph\":[{\"@type\":\"WebPage\",\"@id\":\"https:\\\/\\\/meprolim.es\\\/producto\\\/complementos-para-banos-y-dispensadores\\\/papel-servilletas\\\/papel-secamanos\\\/sistema-reflex\\\/pack-6-rollos-tork-reflex-secado-450-ser\\\/\",\"url\":\"https:\\\/\\\/meprolim.es\\\/producto\\\/complementos-para-banos-y-dispensadores\\\/papel-servilletas\\\/papel-secamanos\\\/sistema-reflex\\\/pack-6-rollos-tork-reflex-secado-450-ser\\\/\",\"name\":\"PACK 6 ROLLOS TORK REFLEX SECADO 450 SER - C\u00d3DIGO: CR4034 - Meprolim\",\"isPartOf\":{\"@id\":\"https:\\\/\\\/meprolim.es\\\/fr\\\/#website\"},\"primaryImageOfPage\":{\"@id\":\"https:\\\/\\\/meprolim.es\\\/producto\\\/complementos-para-banos-y-dispensadores\\\/papel-servilletas\\\/papel-secamanos\\\/sistema-reflex\\\/pack-6-rollos-tork-reflex-secado-450-ser\\\/#primaryimage\"},\"image\":{\"@id\":\"https:\\\/\\\/meprolim.es\\\/producto\\\/complementos-para-banos-y-dispensadores\\\/papel-servilletas\\\/papel-secamanos\\\/sistema-reflex\\\/pack-6-rollos-tork-reflex-secado-450-ser\\\/#primaryimage\"},\"thumbnailUrl\":\"https:\\\/\\\/meprolim.es\\\/wp-content\\\/uploads\\\/2023\\\/04\\\/CR4034.jpg\",\"datePublished\":\"2019-08-26T02:16:43+00:00\",\"dateModified\":\"2023-04-13T16:04:49+00:00\",\"breadcrumb\":{\"@id\":\"https:\\\/\\\/meprolim.es\\\/producto\\\/complementos-para-banos-y-dispensadores\\\/papel-servilletas\\\/papel-secamanos\\\/sistema-reflex\\\/pack-6-rollos-tork-reflex-secado-450-ser\\\/#breadcrumb\"},\"inLanguage\":\"fr-FR\",\"potentialAction\":[{\"@type\":\"ReadAction\",\"target\":[\"https:\\\/\\\/meprolim.es\\\/producto\\\/complementos-para-banos-y-dispensadores\\\/papel-servilletas\\\/papel-secamanos\\\/sistema-reflex\\\/pack-6-rollos-tork-reflex-secado-450-ser\\\/\"]}]},{\"@type\":\"ImageObject\",\"inLanguage\":\"fr-FR\",\"@id\":\"https:\\\/\\\/meprolim.es\\\/producto\\\/complementos-para-banos-y-dispensadores\\\/papel-servilletas\\\/papel-secamanos\\\/sistema-reflex\\\/pack-6-rollos-tork-reflex-secado-450-ser\\\/#primaryimage\",\"url\":\"https:\\\/\\\/meprolim.es\\\/wp-content\\\/uploads\\\/2023\\\/04\\\/CR4034.jpg\",\"contentUrl\":\"https:\\\/\\\/meprolim.es\\\/wp-content\\\/uploads\\\/2023\\\/04\\\/CR4034.jpg\",\"width\":768,\"height\":768},{\"@type\":\"BreadcrumbList\",\"@id\":\"https:\\\/\\\/meprolim.es\\\/producto\\\/complementos-para-banos-y-dispensadores\\\/papel-servilletas\\\/papel-secamanos\\\/sistema-reflex\\\/pack-6-rollos-tork-reflex-secado-450-ser\\\/#breadcrumb\",\"itemListElement\":[{\"@type\":\"ListItem\",\"position\":1,\"name\":\"Portada\",\"item\":\"https:\\\/\\\/meprolim.es\\\/fr\\\/\"},{\"@type\":\"ListItem\",\"position\":2,\"name\":\"Catalogue\",\"item\":\"https:\\\/\\\/meprolim.es\\\/fr\\\/catalogue\\\/\"},{\"@type\":\"ListItem\",\"position\":3,\"name\":\"PACK 6 ROLLOS TORK REFLEX SECADO 450 SER &#8211; C\u00d3DIGO: CR4034\"}]},{\"@type\":\"WebSite\",\"@id\":\"https:\\\/\\\/meprolim.es\\\/fr\\\/#website\",\"url\":\"https:\\\/\\\/meprolim.es\\\/fr\\\/\",\"name\":\"Meprolim\",\"description\":\"Cavas Catalanas S.L.\",\"publisher\":{\"@id\":\"https:\\\/\\\/meprolim.es\\\/fr\\\/#organization\"},\"potentialAction\":[{\"@type\":\"SearchAction\",\"target\":{\"@type\":\"EntryPoint\",\"urlTemplate\":\"https:\\\/\\\/meprolim.es\\\/fr\\\/?s={search_term_string}\"},\"query-input\":{\"@type\":\"PropertyValueSpecification\",\"valueRequired\":true,\"valueName\":\"search_term_string\"}}],\"inLanguage\":\"fr-FR\"},{\"@type\":\"Organization\",\"@id\":\"https:\\\/\\\/meprolim.es\\\/fr\\\/#organization\",\"name\":\"Meprolim\",\"url\":\"https:\\\/\\\/meprolim.es\\\/fr\\\/\",\"logo\":{\"@type\":\"ImageObject\",\"inLanguage\":\"fr-FR\",\"@id\":\"https:\\\/\\\/meprolim.es\\\/fr\\\/#\\\/schema\\\/logo\\\/image\\\/\",\"url\":\"https:\\\/\\\/meprolim.es\\\/wp-content\\\/uploads\\\/2019\\\/07\\\/cropped-logo2.png\",\"contentUrl\":\"https:\\\/\\\/meprolim.es\\\/wp-content\\\/uploads\\\/2019\\\/07\\\/cropped-logo2.png\",\"width\":401,\"height\":162,\"caption\":\"Meprolim\"},\"image\":{\"@id\":\"https:\\\/\\\/meprolim.es\\\/fr\\\/#\\\/schema\\\/logo\\\/image\\\/\"}}]}<\/script>\n<!-- \/ Yoast SEO plugin. -->","yoast_head_json":{"title":"PACK 6 ROLLOS TORK REFLEX SECADO 450 SER - C\u00d3DIGO: CR4034 - Meprolim","robots":{"index":"index","follow":"follow","max-snippet":"max-snippet:-1","max-image-preview":"max-image-preview:large","max-video-preview":"max-video-preview:-1"},"canonical":"https:\/\/meprolim.es\/producto\/complementos-para-banos-y-dispensadores\/papel-servilletas\/papel-secamanos\/sistema-reflex\/pack-6-rollos-tork-reflex-secado-450-ser\/","og_locale":"fr_FR","og_type":"article","og_title":"PACK 6 ROLLOS TORK REFLEX SECADO 450 SER - C\u00d3DIGO: CR4034 - Meprolim","og_description":"El papel de secado extra Tork Reflex\u2122 de 2\u00a0capas es un papel multiuso que resulta ideal para limpiar l\u00edquidos y secarse las manos. Este papel puede utilizarse con el dispensador de alimentaci\u00f3n central de dispensaci\u00f3n individual Tork Reflex\u2122, que se adapta al flujo de trabajo de tu equipo, reduce el consumo y minimiza el riesgo de contaminaci\u00f3n cruzada.   La dispensaci\u00f3n individual reduce el consumo hasta en un 37\u00a0%.  Extracci\u00f3n de tubos SmartCore\u00ae para reponer de forma f\u00e1cil y sencilla.  Buena capacidad de absorci\u00f3n para limpiar r\u00e1pidamente los derrames de l\u00edquidos.  Es un papel suave, resistente y absorbente, a la vez que ofrece un secado m\u00e1s eficaz y genera menos residuos    SKU: CR4034","og_url":"https:\/\/meprolim.es\/producto\/complementos-para-banos-y-dispensadores\/papel-servilletas\/papel-secamanos\/sistema-reflex\/pack-6-rollos-tork-reflex-secado-450-ser\/","og_site_name":"Meprolim","article_modified_time":"2023-04-13T16:04:49+00:00","og_image":[{"width":768,"height":768,"url":"https:\/\/meprolim.es\/wp-content\/uploads\/2023\/04\/CR4034.jpg","type":"image\/jpeg"}],"twitter_card":"summary_large_image","twitter_misc":{"Dur\u00e9e de lecture estim\u00e9e":"1 minute"},"schema":{"@context":"https:\/\/schema.org","@graph":[{"@type":"WebPage","@id":"https:\/\/meprolim.es\/producto\/complementos-para-banos-y-dispensadores\/papel-servilletas\/papel-secamanos\/sistema-reflex\/pack-6-rollos-tork-reflex-secado-450-ser\/","url":"https:\/\/meprolim.es\/producto\/complementos-para-banos-y-dispensadores\/papel-servilletas\/papel-secamanos\/sistema-reflex\/pack-6-rollos-tork-reflex-secado-450-ser\/","name":"PACK 6 ROLLOS TORK REFLEX SECADO 450 SER - C\u00d3DIGO: CR4034 - Meprolim","isPartOf":{"@id":"https:\/\/meprolim.es\/fr\/#website"},"primaryImageOfPage":{"@id":"https:\/\/meprolim.es\/producto\/complementos-para-banos-y-dispensadores\/papel-servilletas\/papel-secamanos\/sistema-reflex\/pack-6-rollos-tork-reflex-secado-450-ser\/#primaryimage"},"image":{"@id":"https:\/\/meprolim.es\/producto\/complementos-para-banos-y-dispensadores\/papel-servilletas\/papel-secamanos\/sistema-reflex\/pack-6-rollos-tork-reflex-secado-450-ser\/#primaryimage"},"thumbnailUrl":"https:\/\/meprolim.es\/wp-content\/uploads\/2023\/04\/CR4034.jpg","datePublished":"2019-08-26T02:16:43+00:00","dateModified":"2023-04-13T16:04:49+00:00","breadcrumb":{"@id":"https:\/\/meprolim.es\/producto\/complementos-para-banos-y-dispensadores\/papel-servilletas\/papel-secamanos\/sistema-reflex\/pack-6-rollos-tork-reflex-secado-450-ser\/#breadcrumb"},"inLanguage":"fr-FR","potentialAction":[{"@type":"ReadAction","target":["https:\/\/meprolim.es\/producto\/complementos-para-banos-y-dispensadores\/papel-servilletas\/papel-secamanos\/sistema-reflex\/pack-6-rollos-tork-reflex-secado-450-ser\/"]}]},{"@type":"ImageObject","inLanguage":"fr-FR","@id":"https:\/\/meprolim.es\/producto\/complementos-para-banos-y-dispensadores\/papel-servilletas\/papel-secamanos\/sistema-reflex\/pack-6-rollos-tork-reflex-secado-450-ser\/#primaryimage","url":"https:\/\/meprolim.es\/wp-content\/uploads\/2023\/04\/CR4034.jpg","contentUrl":"https:\/\/meprolim.es\/wp-content\/uploads\/2023\/04\/CR4034.jpg","width":768,"height":768},{"@type":"BreadcrumbList","@id":"https:\/\/meprolim.es\/producto\/complementos-para-banos-y-dispensadores\/papel-servilletas\/papel-secamanos\/sistema-reflex\/pack-6-rollos-tork-reflex-secado-450-ser\/#breadcrumb","itemListElement":[{"@type":"ListItem","position":1,"name":"Portada","item":"https:\/\/meprolim.es\/fr\/"},{"@type":"ListItem","position":2,"name":"Catalogue","item":"https:\/\/meprolim.es\/fr\/catalogue\/"},{"@type":"ListItem","position":3,"name":"PACK 6 ROLLOS TORK REFLEX SECADO 450 SER &#8211; C\u00d3DIGO: CR4034"}]},{"@type":"WebSite","@id":"https:\/\/meprolim.es\/fr\/#website","url":"https:\/\/meprolim.es\/fr\/","name":"Meprolim","description":"Cavas Catalanas S.L.","publisher":{"@id":"https:\/\/meprolim.es\/fr\/#organization"},"potentialAction":[{"@type":"SearchAction","target":{"@type":"EntryPoint","urlTemplate":"https:\/\/meprolim.es\/fr\/?s={search_term_string}"},"query-input":{"@type":"PropertyValueSpecification","valueRequired":true,"valueName":"search_term_string"}}],"inLanguage":"fr-FR"},{"@type":"Organization","@id":"https:\/\/meprolim.es\/fr\/#organization","name":"Meprolim","url":"https:\/\/meprolim.es\/fr\/","logo":{"@type":"ImageObject","inLanguage":"fr-FR","@id":"https:\/\/meprolim.es\/fr\/#\/schema\/logo\/image\/","url":"https:\/\/meprolim.es\/wp-content\/uploads\/2019\/07\/cropped-logo2.png","contentUrl":"https:\/\/meprolim.es\/wp-content\/uploads\/2019\/07\/cropped-logo2.png","width":401,"height":162,"caption":"Meprolim"},"image":{"@id":"https:\/\/meprolim.es\/fr\/#\/schema\/logo\/image\/"}}]}},"_links":{"self":[{"href":"https:\/\/meprolim.es\/fr\/wp-json\/wp\/v2\/product\/7548","targetHints":{"allow":["GET"]}}],"collection":[{"href":"https:\/\/meprolim.es\/fr\/wp-json\/wp\/v2\/product"}],"about":[{"href":"https:\/\/meprolim.es\/fr\/wp-json\/wp\/v2\/types\/product"}],"wp:featuredmedia":[{"embeddable":true,"href":"https:\/\/meprolim.es\/fr\/wp-json\/wp\/v2\/media\/23457"}],"wp:attachment":[{"href":"https:\/\/meprolim.es\/fr\/wp-json\/wp\/v2\/media?parent=7548"}],"wp:term":[{"taxonomy":"product_brand","embeddable":true,"href":"https:\/\/meprolim.es\/fr\/wp-json\/wp\/v2\/product_brand?post=7548"},{"taxonomy":"product_cat","embeddable":true,"href":"https:\/\/meprolim.es\/fr\/wp-json\/wp\/v2\/product_cat?post=7548"},{"taxonomy":"product_tag","embeddable":true,"href":"https:\/\/meprolim.es\/fr\/wp-json\/wp\/v2\/product_tag?post=7548"}],"curies":[{"name":"wp","href":"https:\/\/api.w.org\/{rel}","templated":true}]}}