{"id":7697,"date":"2019-08-26T12:16:37","date_gmt":"2019-08-26T11:16:37","guid":{"rendered":"http:\/\/www.meprolim.es\/?post_type=product&#038;p=7697"},"modified":"2019-10-15T14:38:25","modified_gmt":"2019-10-15T13:38:25","slug":"parrilla-pritec-22w-inoxidable","status":"publish","type":"product","link":"https:\/\/meprolim.es\/fr\/producto\/dispensadores-celulosa-y-complementos\/mata-moscas-mosquitos-fr-2\/aplique-electrocutores-fr-2\/parrilla-pritec-22w-inoxidable\/","title":{"rendered":"PARRILLA PRITEC 22W INOXIDABLE &#8211; C\u00d3DIGO: BC1003"},"content":{"rendered":"<div class=\"wpb-content-wrapper\"><p>[vc_row][vc_column][\/vc_column][\/vc_row]<\/p>\n<\/div>","protected":false},"excerpt":{"rendered":"<ul>\n<li>Eliminadores de insectos con sistema de atracci\u00f3n mediante tubos de luz act\u00ednica y la eliminaci\u00f3n por descarga el\u00e9ctrica.<\/li>\n<li>Con rejillas de seguridad para impedir el contacto con las zonas de corriente.<\/li>\n<li>Balasto electr\u00f3nico en el encendido que reduce el consumo energ\u00e9tico.<\/li>\n<li>Bandeja inferior para recoger los insectos que impide que estos caigan al suelo.<\/li>\n<li>La gama industrial est\u00e1 fabricada con acero inoxidable AISI 304 de gran calidad y altamente resistente a la corrosi\u00f3n.<\/li>\n<li>A 230 V y 50 Hz.<\/li>\n<li>Acero inoxidabe Silver Plus\u00a0<\/li>\n<li>Descarga 2.500 V 2&#215;11 W<\/li>\n<li>2,4 kg<\/li>\n<\/ul>\n<p><strong>SKU: BC1003<\/strong><\/p>\n","protected":false},"featured_media":7698,"template":"","meta":[],"product_brand":[],"product_cat":[595,90,1108],"product_tag":[380,487,593,596],"class_list":{"0":"post-7697","1":"product","2":"type-product","3":"status-publish","4":"has-post-thumbnail","6":"product_cat-aplique-electrocutores","7":"product_cat-complementos-para-banos-y-dispensadores","8":"product_cat-mata-moscas-mosquitos","9":"product_tag-acero-inoxidable","10":"product_tag-cocina","11":"product_tag-equipamiento-cocinas","12":"product_tag-mata-insectos","14":"first","15":"instock","16":"shipping-taxable","17":"product-type-simple"},"yoast_head":"<!-- This site is optimized with the Yoast SEO plugin v27.3 - https:\/\/yoast.com\/product\/yoast-seo-wordpress\/ -->\n<title>PARRILLA PRITEC 22W INOXIDABLE - C\u00d3DIGO: BC1003 - Meprolim<\/title>\n<meta name=\"robots\" content=\"index, follow, max-snippet:-1, max-image-preview:large, max-video-preview:-1\" \/>\n<link rel=\"canonical\" href=\"https:\/\/meprolim.es\/producto\/complementos-para-banos-y-dispensadores\/mata-moscas-mosquitos\/aplique-electrocutores\/parrilla-pritec-22w-inoxidable\/\" \/>\n<meta property=\"og:locale\" content=\"fr_FR\" \/>\n<meta property=\"og:type\" content=\"article\" \/>\n<meta property=\"og:title\" content=\"PARRILLA PRITEC 22W INOXIDABLE - C\u00d3DIGO: BC1003 - Meprolim\" \/>\n<meta property=\"og:description\" content=\"Eliminadores de insectos con sistema de atracci\u00f3n mediante tubos de luz act\u00ednica y la eliminaci\u00f3n por descarga el\u00e9ctrica.  Con rejillas de seguridad para impedir el contacto con las zonas de corriente.  Balasto electr\u00f3nico en el encendido que reduce el consumo energ\u00e9tico.  Bandeja inferior para recoger los insectos que impide que estos caigan al suelo.  La gama industrial est\u00e1 fabricada con acero inoxidable AISI 304 de gran calidad y altamente resistente a la corrosi\u00f3n.  A 230 V y 50 Hz.  Acero inoxidabe Silver Plus\u00a0  Descarga 2.500 V 2x11 W  2,4 kg  SKU: BC1003\" \/>\n<meta property=\"og:url\" content=\"https:\/\/meprolim.es\/producto\/complementos-para-banos-y-dispensadores\/mata-moscas-mosquitos\/aplique-electrocutores\/parrilla-pritec-22w-inoxidable\/\" \/>\n<meta property=\"og:site_name\" content=\"Meprolim\" \/>\n<meta property=\"article:modified_time\" content=\"2019-10-15T13:38:25+00:00\" \/>\n<meta property=\"og:image\" content=\"https:\/\/meprolim.es\/wp-content\/uploads\/2019\/08\/BC1003.jpg\" \/>\n\t<meta property=\"og:image:width\" content=\"768\" \/>\n\t<meta property=\"og:image:height\" content=\"768\" \/>\n\t<meta property=\"og:image:type\" content=\"image\/jpeg\" \/>\n<meta name=\"twitter:card\" content=\"summary_large_image\" \/>\n<script type=\"application\/ld+json\" class=\"yoast-schema-graph\">{\"@context\":\"https:\\\/\\\/schema.org\",\"@graph\":[{\"@type\":\"WebPage\",\"@id\":\"https:\\\/\\\/meprolim.es\\\/producto\\\/complementos-para-banos-y-dispensadores\\\/mata-moscas-mosquitos\\\/aplique-electrocutores\\\/parrilla-pritec-22w-inoxidable\\\/\",\"url\":\"https:\\\/\\\/meprolim.es\\\/producto\\\/complementos-para-banos-y-dispensadores\\\/mata-moscas-mosquitos\\\/aplique-electrocutores\\\/parrilla-pritec-22w-inoxidable\\\/\",\"name\":\"PARRILLA PRITEC 22W INOXIDABLE - C\u00d3DIGO: BC1003 - Meprolim\",\"isPartOf\":{\"@id\":\"https:\\\/\\\/meprolim.es\\\/fr\\\/#website\"},\"primaryImageOfPage\":{\"@id\":\"https:\\\/\\\/meprolim.es\\\/producto\\\/complementos-para-banos-y-dispensadores\\\/mata-moscas-mosquitos\\\/aplique-electrocutores\\\/parrilla-pritec-22w-inoxidable\\\/#primaryimage\"},\"image\":{\"@id\":\"https:\\\/\\\/meprolim.es\\\/producto\\\/complementos-para-banos-y-dispensadores\\\/mata-moscas-mosquitos\\\/aplique-electrocutores\\\/parrilla-pritec-22w-inoxidable\\\/#primaryimage\"},\"thumbnailUrl\":\"https:\\\/\\\/meprolim.es\\\/wp-content\\\/uploads\\\/2019\\\/08\\\/BC1003.jpg\",\"datePublished\":\"2019-08-26T11:16:37+00:00\",\"dateModified\":\"2019-10-15T13:38:25+00:00\",\"breadcrumb\":{\"@id\":\"https:\\\/\\\/meprolim.es\\\/producto\\\/complementos-para-banos-y-dispensadores\\\/mata-moscas-mosquitos\\\/aplique-electrocutores\\\/parrilla-pritec-22w-inoxidable\\\/#breadcrumb\"},\"inLanguage\":\"fr-FR\",\"potentialAction\":[{\"@type\":\"ReadAction\",\"target\":[\"https:\\\/\\\/meprolim.es\\\/producto\\\/complementos-para-banos-y-dispensadores\\\/mata-moscas-mosquitos\\\/aplique-electrocutores\\\/parrilla-pritec-22w-inoxidable\\\/\"]}]},{\"@type\":\"ImageObject\",\"inLanguage\":\"fr-FR\",\"@id\":\"https:\\\/\\\/meprolim.es\\\/producto\\\/complementos-para-banos-y-dispensadores\\\/mata-moscas-mosquitos\\\/aplique-electrocutores\\\/parrilla-pritec-22w-inoxidable\\\/#primaryimage\",\"url\":\"https:\\\/\\\/meprolim.es\\\/wp-content\\\/uploads\\\/2019\\\/08\\\/BC1003.jpg\",\"contentUrl\":\"https:\\\/\\\/meprolim.es\\\/wp-content\\\/uploads\\\/2019\\\/08\\\/BC1003.jpg\",\"width\":768,\"height\":768},{\"@type\":\"BreadcrumbList\",\"@id\":\"https:\\\/\\\/meprolim.es\\\/producto\\\/complementos-para-banos-y-dispensadores\\\/mata-moscas-mosquitos\\\/aplique-electrocutores\\\/parrilla-pritec-22w-inoxidable\\\/#breadcrumb\",\"itemListElement\":[{\"@type\":\"ListItem\",\"position\":1,\"name\":\"Portada\",\"item\":\"https:\\\/\\\/meprolim.es\\\/fr\\\/\"},{\"@type\":\"ListItem\",\"position\":2,\"name\":\"Catalogue\",\"item\":\"https:\\\/\\\/meprolim.es\\\/fr\\\/catalogue\\\/\"},{\"@type\":\"ListItem\",\"position\":3,\"name\":\"PARRILLA PRITEC 22W INOXIDABLE &#8211; C\u00d3DIGO: BC1003\"}]},{\"@type\":\"WebSite\",\"@id\":\"https:\\\/\\\/meprolim.es\\\/fr\\\/#website\",\"url\":\"https:\\\/\\\/meprolim.es\\\/fr\\\/\",\"name\":\"Meprolim\",\"description\":\"Cavas Catalanas S.L.\",\"publisher\":{\"@id\":\"https:\\\/\\\/meprolim.es\\\/fr\\\/#organization\"},\"potentialAction\":[{\"@type\":\"SearchAction\",\"target\":{\"@type\":\"EntryPoint\",\"urlTemplate\":\"https:\\\/\\\/meprolim.es\\\/fr\\\/?s={search_term_string}\"},\"query-input\":{\"@type\":\"PropertyValueSpecification\",\"valueRequired\":true,\"valueName\":\"search_term_string\"}}],\"inLanguage\":\"fr-FR\"},{\"@type\":\"Organization\",\"@id\":\"https:\\\/\\\/meprolim.es\\\/fr\\\/#organization\",\"name\":\"Meprolim\",\"url\":\"https:\\\/\\\/meprolim.es\\\/fr\\\/\",\"logo\":{\"@type\":\"ImageObject\",\"inLanguage\":\"fr-FR\",\"@id\":\"https:\\\/\\\/meprolim.es\\\/fr\\\/#\\\/schema\\\/logo\\\/image\\\/\",\"url\":\"https:\\\/\\\/meprolim.es\\\/wp-content\\\/uploads\\\/2019\\\/07\\\/cropped-logo2.png\",\"contentUrl\":\"https:\\\/\\\/meprolim.es\\\/wp-content\\\/uploads\\\/2019\\\/07\\\/cropped-logo2.png\",\"width\":401,\"height\":162,\"caption\":\"Meprolim\"},\"image\":{\"@id\":\"https:\\\/\\\/meprolim.es\\\/fr\\\/#\\\/schema\\\/logo\\\/image\\\/\"}}]}<\/script>\n<!-- \/ Yoast SEO plugin. -->","yoast_head_json":{"title":"PARRILLA PRITEC 22W INOXIDABLE - C\u00d3DIGO: BC1003 - Meprolim","robots":{"index":"index","follow":"follow","max-snippet":"max-snippet:-1","max-image-preview":"max-image-preview:large","max-video-preview":"max-video-preview:-1"},"canonical":"https:\/\/meprolim.es\/producto\/complementos-para-banos-y-dispensadores\/mata-moscas-mosquitos\/aplique-electrocutores\/parrilla-pritec-22w-inoxidable\/","og_locale":"fr_FR","og_type":"article","og_title":"PARRILLA PRITEC 22W INOXIDABLE - C\u00d3DIGO: BC1003 - Meprolim","og_description":"Eliminadores de insectos con sistema de atracci\u00f3n mediante tubos de luz act\u00ednica y la eliminaci\u00f3n por descarga el\u00e9ctrica.  Con rejillas de seguridad para impedir el contacto con las zonas de corriente.  Balasto electr\u00f3nico en el encendido que reduce el consumo energ\u00e9tico.  Bandeja inferior para recoger los insectos que impide que estos caigan al suelo.  La gama industrial est\u00e1 fabricada con acero inoxidable AISI 304 de gran calidad y altamente resistente a la corrosi\u00f3n.  A 230 V y 50 Hz.  Acero inoxidabe Silver Plus\u00a0  Descarga 2.500 V 2x11 W  2,4 kg  SKU: BC1003","og_url":"https:\/\/meprolim.es\/producto\/complementos-para-banos-y-dispensadores\/mata-moscas-mosquitos\/aplique-electrocutores\/parrilla-pritec-22w-inoxidable\/","og_site_name":"Meprolim","article_modified_time":"2019-10-15T13:38:25+00:00","og_image":[{"width":768,"height":768,"url":"https:\/\/meprolim.es\/wp-content\/uploads\/2019\/08\/BC1003.jpg","type":"image\/jpeg"}],"twitter_card":"summary_large_image","schema":{"@context":"https:\/\/schema.org","@graph":[{"@type":"WebPage","@id":"https:\/\/meprolim.es\/producto\/complementos-para-banos-y-dispensadores\/mata-moscas-mosquitos\/aplique-electrocutores\/parrilla-pritec-22w-inoxidable\/","url":"https:\/\/meprolim.es\/producto\/complementos-para-banos-y-dispensadores\/mata-moscas-mosquitos\/aplique-electrocutores\/parrilla-pritec-22w-inoxidable\/","name":"PARRILLA PRITEC 22W INOXIDABLE - C\u00d3DIGO: BC1003 - Meprolim","isPartOf":{"@id":"https:\/\/meprolim.es\/fr\/#website"},"primaryImageOfPage":{"@id":"https:\/\/meprolim.es\/producto\/complementos-para-banos-y-dispensadores\/mata-moscas-mosquitos\/aplique-electrocutores\/parrilla-pritec-22w-inoxidable\/#primaryimage"},"image":{"@id":"https:\/\/meprolim.es\/producto\/complementos-para-banos-y-dispensadores\/mata-moscas-mosquitos\/aplique-electrocutores\/parrilla-pritec-22w-inoxidable\/#primaryimage"},"thumbnailUrl":"https:\/\/meprolim.es\/wp-content\/uploads\/2019\/08\/BC1003.jpg","datePublished":"2019-08-26T11:16:37+00:00","dateModified":"2019-10-15T13:38:25+00:00","breadcrumb":{"@id":"https:\/\/meprolim.es\/producto\/complementos-para-banos-y-dispensadores\/mata-moscas-mosquitos\/aplique-electrocutores\/parrilla-pritec-22w-inoxidable\/#breadcrumb"},"inLanguage":"fr-FR","potentialAction":[{"@type":"ReadAction","target":["https:\/\/meprolim.es\/producto\/complementos-para-banos-y-dispensadores\/mata-moscas-mosquitos\/aplique-electrocutores\/parrilla-pritec-22w-inoxidable\/"]}]},{"@type":"ImageObject","inLanguage":"fr-FR","@id":"https:\/\/meprolim.es\/producto\/complementos-para-banos-y-dispensadores\/mata-moscas-mosquitos\/aplique-electrocutores\/parrilla-pritec-22w-inoxidable\/#primaryimage","url":"https:\/\/meprolim.es\/wp-content\/uploads\/2019\/08\/BC1003.jpg","contentUrl":"https:\/\/meprolim.es\/wp-content\/uploads\/2019\/08\/BC1003.jpg","width":768,"height":768},{"@type":"BreadcrumbList","@id":"https:\/\/meprolim.es\/producto\/complementos-para-banos-y-dispensadores\/mata-moscas-mosquitos\/aplique-electrocutores\/parrilla-pritec-22w-inoxidable\/#breadcrumb","itemListElement":[{"@type":"ListItem","position":1,"name":"Portada","item":"https:\/\/meprolim.es\/fr\/"},{"@type":"ListItem","position":2,"name":"Catalogue","item":"https:\/\/meprolim.es\/fr\/catalogue\/"},{"@type":"ListItem","position":3,"name":"PARRILLA PRITEC 22W INOXIDABLE &#8211; C\u00d3DIGO: BC1003"}]},{"@type":"WebSite","@id":"https:\/\/meprolim.es\/fr\/#website","url":"https:\/\/meprolim.es\/fr\/","name":"Meprolim","description":"Cavas Catalanas S.L.","publisher":{"@id":"https:\/\/meprolim.es\/fr\/#organization"},"potentialAction":[{"@type":"SearchAction","target":{"@type":"EntryPoint","urlTemplate":"https:\/\/meprolim.es\/fr\/?s={search_term_string}"},"query-input":{"@type":"PropertyValueSpecification","valueRequired":true,"valueName":"search_term_string"}}],"inLanguage":"fr-FR"},{"@type":"Organization","@id":"https:\/\/meprolim.es\/fr\/#organization","name":"Meprolim","url":"https:\/\/meprolim.es\/fr\/","logo":{"@type":"ImageObject","inLanguage":"fr-FR","@id":"https:\/\/meprolim.es\/fr\/#\/schema\/logo\/image\/","url":"https:\/\/meprolim.es\/wp-content\/uploads\/2019\/07\/cropped-logo2.png","contentUrl":"https:\/\/meprolim.es\/wp-content\/uploads\/2019\/07\/cropped-logo2.png","width":401,"height":162,"caption":"Meprolim"},"image":{"@id":"https:\/\/meprolim.es\/fr\/#\/schema\/logo\/image\/"}}]}},"_links":{"self":[{"href":"https:\/\/meprolim.es\/fr\/wp-json\/wp\/v2\/product\/7697","targetHints":{"allow":["GET"]}}],"collection":[{"href":"https:\/\/meprolim.es\/fr\/wp-json\/wp\/v2\/product"}],"about":[{"href":"https:\/\/meprolim.es\/fr\/wp-json\/wp\/v2\/types\/product"}],"wp:featuredmedia":[{"embeddable":true,"href":"https:\/\/meprolim.es\/fr\/wp-json\/wp\/v2\/media\/7698"}],"wp:attachment":[{"href":"https:\/\/meprolim.es\/fr\/wp-json\/wp\/v2\/media?parent=7697"}],"wp:term":[{"taxonomy":"product_brand","embeddable":true,"href":"https:\/\/meprolim.es\/fr\/wp-json\/wp\/v2\/product_brand?post=7697"},{"taxonomy":"product_cat","embeddable":true,"href":"https:\/\/meprolim.es\/fr\/wp-json\/wp\/v2\/product_cat?post=7697"},{"taxonomy":"product_tag","embeddable":true,"href":"https:\/\/meprolim.es\/fr\/wp-json\/wp\/v2\/product_tag?post=7697"}],"curies":[{"name":"wp","href":"https:\/\/api.w.org\/{rel}","templated":true}]}}