{"id":7996,"date":"2019-08-29T08:39:28","date_gmt":"2019-08-29T07:39:28","guid":{"rendered":"http:\/\/www.meprolim.es\/?post_type=product&#038;p=7996"},"modified":"2019-10-27T15:32:19","modified_gmt":"2019-10-27T15:32:19","slug":"bidon-5kg-tensogen-citraloe-g-mecanico","status":"publish","type":"product","link":"https:\/\/meprolim.es\/fr\/producto\/quimicos-y-articulos-de-limpieza\/productos-quimicos-industriales-fr-2\/limpieza-manos-protectores-fr-2\/industrial-fr-2\/bidon-5kg-tensogen-citraloe-g-mecanico\/","title":{"rendered":"BID\u00d3N 5 KG TENSOGEN CITRALOE G\/MEC\u00c1NICO &#8211; C\u00d3DIGO: BX4154"},"content":{"rendered":"<div class=\"wpb-content-wrapper\"><p>[vc_row][vc_column][vc_column_text]<\/p>\n<p style=\"text-align: justify;\">Elimina grasa y suciedad persistente. Con microperlas desincrustantes. Contiene EXTRACTO DE ALOE VERA. Suave con la piel. Limpia con facilidad la suciedad acumulada en los pliegues de la piel. M\u00e1xima eficacia contra la grasa y la suciedad de tipo profesional \/ industrial.\u00a0 Lavado impecable, incluso de las manos m\u00e1s sucias.<\/p>\n<p>[\/vc_column_text][\/vc_column][\/vc_row]<\/p>\n<\/div>","protected":false},"excerpt":{"rendered":"<p>Caracter\u00edsticas:<\/p>\n<ul>\n<li>M\u00e1ximo poder de limpieza y excelente tolerancia cut\u00e1nea.<\/li>\n<li>F\u00e1cil aclarado.<\/li>\n<li>Evita la irritaci\u00f3n y la sequedad de la piel.<\/li>\n<\/ul>\n<p>\nDatos t\u00e9cnicos:<\/p>\n<ul>\n<li>Producto en pasta.<\/li>\n<li>Color: Amarillo.<\/li>\n<li>Perfume: c\u00edtrico.<\/li>\n<li>Dosificar sobre las manos secas.<\/li>\n<li>Aplicar la cantidad suficiente para cubrir toda la superficie de las manos.<\/li>\n<li>Frotar para ablandar la suciedad.<\/li>\n<li>Aclarar con agua.<\/li>\n<\/ul>\n<p><strong>SKU: BX4154<\/strong><\/p>\n<p>&nbsp;<\/p>\n<p>&nbsp;<\/p>\n","protected":false},"featured_media":7997,"template":"","meta":[],"product_brand":[],"product_cat":[1030,922,1020,652,94],"product_tag":[655,654],"class_list":{"0":"post-7996","1":"product","2":"type-product","3":"status-publish","4":"has-post-thumbnail","6":"product_cat-granel-industrial","7":"product_cat-industrial","8":"product_cat-limpieza-manos-protectores","9":"product_cat-productos-quimicos-industriales","10":"product_cat-quimicos-articulos-limpieza","11":"product_tag-lavamanos","12":"product_tag-productos-quimicos","14":"first","15":"instock","16":"shipping-taxable","17":"product-type-simple"},"yoast_head":"<!-- This site is optimized with the Yoast SEO plugin v27.3 - https:\/\/yoast.com\/product\/yoast-seo-wordpress\/ -->\n<title>BID\u00d3N 5 KG TENSOGEN CITRALOE G\/MEC\u00c1NICO - C\u00d3DIGO: BX4154 - Meprolim<\/title>\n<meta name=\"robots\" content=\"index, follow, max-snippet:-1, max-image-preview:large, max-video-preview:-1\" \/>\n<link rel=\"canonical\" href=\"https:\/\/meprolim.es\/de\/producto\/quimicos-articulos-limpieza\/productos-quimicos-industriales\/limpieza-manos-protectores\/industrial\/bidon-5kg-tensogen-citraloe-g-mecanico\/\" \/>\n<meta property=\"og:locale\" content=\"fr_FR\" \/>\n<meta property=\"og:type\" content=\"article\" \/>\n<meta property=\"og:title\" content=\"BID\u00d3N 5 KG TENSOGEN CITRALOE G\/MEC\u00c1NICO - C\u00d3DIGO: BX4154 - Meprolim\" \/>\n<meta property=\"og:description\" content=\"Caracter\u00edsticas:   M\u00e1ximo poder de limpieza y excelente tolerancia cut\u00e1nea.  F\u00e1cil aclarado.  Evita la irritaci\u00f3n y la sequedad de la piel.   Datos t\u00e9cnicos:   Producto en pasta.  Color: Amarillo.  Perfume: c\u00edtrico.  Dosificar sobre las manos secas.  Aplicar la cantidad suficiente para cubrir toda la superficie de las manos.  Frotar para ablandar la suciedad.  Aclarar con agua.  SKU: BX4154 &nbsp; &nbsp;\" \/>\n<meta property=\"og:url\" content=\"https:\/\/meprolim.es\/de\/producto\/quimicos-articulos-limpieza\/productos-quimicos-industriales\/limpieza-manos-protectores\/industrial\/bidon-5kg-tensogen-citraloe-g-mecanico\/\" \/>\n<meta property=\"og:site_name\" content=\"Meprolim\" \/>\n<meta property=\"article:modified_time\" content=\"2019-10-27T15:32:19+00:00\" \/>\n<meta property=\"og:image\" content=\"https:\/\/meprolim.es\/wp-content\/uploads\/2019\/08\/BX4154.jpg\" \/>\n\t<meta property=\"og:image:width\" content=\"768\" \/>\n\t<meta property=\"og:image:height\" content=\"768\" \/>\n\t<meta property=\"og:image:type\" content=\"image\/jpeg\" \/>\n<meta name=\"twitter:card\" content=\"summary_large_image\" \/>\n<script type=\"application\/ld+json\" class=\"yoast-schema-graph\">{\"@context\":\"https:\\\/\\\/schema.org\",\"@graph\":[{\"@type\":\"WebPage\",\"@id\":\"https:\\\/\\\/meprolim.es\\\/de\\\/producto\\\/quimicos-articulos-limpieza\\\/productos-quimicos-industriales\\\/limpieza-manos-protectores\\\/industrial\\\/bidon-5kg-tensogen-citraloe-g-mecanico\\\/\",\"url\":\"https:\\\/\\\/meprolim.es\\\/de\\\/producto\\\/quimicos-articulos-limpieza\\\/productos-quimicos-industriales\\\/limpieza-manos-protectores\\\/industrial\\\/bidon-5kg-tensogen-citraloe-g-mecanico\\\/\",\"name\":\"BID\u00d3N 5 KG TENSOGEN CITRALOE G\\\/MEC\u00c1NICO - C\u00d3DIGO: BX4154 - Meprolim\",\"isPartOf\":{\"@id\":\"https:\\\/\\\/meprolim.es\\\/fr\\\/#website\"},\"primaryImageOfPage\":{\"@id\":\"https:\\\/\\\/meprolim.es\\\/de\\\/producto\\\/quimicos-articulos-limpieza\\\/productos-quimicos-industriales\\\/limpieza-manos-protectores\\\/industrial\\\/bidon-5kg-tensogen-citraloe-g-mecanico\\\/#primaryimage\"},\"image\":{\"@id\":\"https:\\\/\\\/meprolim.es\\\/de\\\/producto\\\/quimicos-articulos-limpieza\\\/productos-quimicos-industriales\\\/limpieza-manos-protectores\\\/industrial\\\/bidon-5kg-tensogen-citraloe-g-mecanico\\\/#primaryimage\"},\"thumbnailUrl\":\"https:\\\/\\\/meprolim.es\\\/wp-content\\\/uploads\\\/2019\\\/08\\\/BX4154.jpg\",\"datePublished\":\"2019-08-29T07:39:28+00:00\",\"dateModified\":\"2019-10-27T15:32:19+00:00\",\"breadcrumb\":{\"@id\":\"https:\\\/\\\/meprolim.es\\\/de\\\/producto\\\/quimicos-articulos-limpieza\\\/productos-quimicos-industriales\\\/limpieza-manos-protectores\\\/industrial\\\/bidon-5kg-tensogen-citraloe-g-mecanico\\\/#breadcrumb\"},\"inLanguage\":\"fr-FR\",\"potentialAction\":[{\"@type\":\"ReadAction\",\"target\":[\"https:\\\/\\\/meprolim.es\\\/de\\\/producto\\\/quimicos-articulos-limpieza\\\/productos-quimicos-industriales\\\/limpieza-manos-protectores\\\/industrial\\\/bidon-5kg-tensogen-citraloe-g-mecanico\\\/\"]}]},{\"@type\":\"ImageObject\",\"inLanguage\":\"fr-FR\",\"@id\":\"https:\\\/\\\/meprolim.es\\\/de\\\/producto\\\/quimicos-articulos-limpieza\\\/productos-quimicos-industriales\\\/limpieza-manos-protectores\\\/industrial\\\/bidon-5kg-tensogen-citraloe-g-mecanico\\\/#primaryimage\",\"url\":\"https:\\\/\\\/meprolim.es\\\/wp-content\\\/uploads\\\/2019\\\/08\\\/BX4154.jpg\",\"contentUrl\":\"https:\\\/\\\/meprolim.es\\\/wp-content\\\/uploads\\\/2019\\\/08\\\/BX4154.jpg\",\"width\":768,\"height\":768},{\"@type\":\"BreadcrumbList\",\"@id\":\"https:\\\/\\\/meprolim.es\\\/de\\\/producto\\\/quimicos-articulos-limpieza\\\/productos-quimicos-industriales\\\/limpieza-manos-protectores\\\/industrial\\\/bidon-5kg-tensogen-citraloe-g-mecanico\\\/#breadcrumb\",\"itemListElement\":[{\"@type\":\"ListItem\",\"position\":1,\"name\":\"Portada\",\"item\":\"https:\\\/\\\/meprolim.es\\\/fr\\\/\"},{\"@type\":\"ListItem\",\"position\":2,\"name\":\"Catalogue\",\"item\":\"https:\\\/\\\/meprolim.es\\\/fr\\\/catalogue\\\/\"},{\"@type\":\"ListItem\",\"position\":3,\"name\":\"BID\u00d3N 5 KG TENSOGEN CITRALOE G\\\/MEC\u00c1NICO &#8211; C\u00d3DIGO: BX4154\"}]},{\"@type\":\"WebSite\",\"@id\":\"https:\\\/\\\/meprolim.es\\\/fr\\\/#website\",\"url\":\"https:\\\/\\\/meprolim.es\\\/fr\\\/\",\"name\":\"Meprolim\",\"description\":\"Cavas Catalanas S.L.\",\"publisher\":{\"@id\":\"https:\\\/\\\/meprolim.es\\\/fr\\\/#organization\"},\"potentialAction\":[{\"@type\":\"SearchAction\",\"target\":{\"@type\":\"EntryPoint\",\"urlTemplate\":\"https:\\\/\\\/meprolim.es\\\/fr\\\/?s={search_term_string}\"},\"query-input\":{\"@type\":\"PropertyValueSpecification\",\"valueRequired\":true,\"valueName\":\"search_term_string\"}}],\"inLanguage\":\"fr-FR\"},{\"@type\":\"Organization\",\"@id\":\"https:\\\/\\\/meprolim.es\\\/fr\\\/#organization\",\"name\":\"Meprolim\",\"url\":\"https:\\\/\\\/meprolim.es\\\/fr\\\/\",\"logo\":{\"@type\":\"ImageObject\",\"inLanguage\":\"fr-FR\",\"@id\":\"https:\\\/\\\/meprolim.es\\\/fr\\\/#\\\/schema\\\/logo\\\/image\\\/\",\"url\":\"https:\\\/\\\/meprolim.es\\\/wp-content\\\/uploads\\\/2019\\\/07\\\/cropped-logo2.png\",\"contentUrl\":\"https:\\\/\\\/meprolim.es\\\/wp-content\\\/uploads\\\/2019\\\/07\\\/cropped-logo2.png\",\"width\":401,\"height\":162,\"caption\":\"Meprolim\"},\"image\":{\"@id\":\"https:\\\/\\\/meprolim.es\\\/fr\\\/#\\\/schema\\\/logo\\\/image\\\/\"}}]}<\/script>\n<!-- \/ Yoast SEO plugin. -->","yoast_head_json":{"title":"BID\u00d3N 5 KG TENSOGEN CITRALOE G\/MEC\u00c1NICO - C\u00d3DIGO: BX4154 - Meprolim","robots":{"index":"index","follow":"follow","max-snippet":"max-snippet:-1","max-image-preview":"max-image-preview:large","max-video-preview":"max-video-preview:-1"},"canonical":"https:\/\/meprolim.es\/de\/producto\/quimicos-articulos-limpieza\/productos-quimicos-industriales\/limpieza-manos-protectores\/industrial\/bidon-5kg-tensogen-citraloe-g-mecanico\/","og_locale":"fr_FR","og_type":"article","og_title":"BID\u00d3N 5 KG TENSOGEN CITRALOE G\/MEC\u00c1NICO - C\u00d3DIGO: BX4154 - Meprolim","og_description":"Caracter\u00edsticas:   M\u00e1ximo poder de limpieza y excelente tolerancia cut\u00e1nea.  F\u00e1cil aclarado.  Evita la irritaci\u00f3n y la sequedad de la piel.   Datos t\u00e9cnicos:   Producto en pasta.  Color: Amarillo.  Perfume: c\u00edtrico.  Dosificar sobre las manos secas.  Aplicar la cantidad suficiente para cubrir toda la superficie de las manos.  Frotar para ablandar la suciedad.  Aclarar con agua.  SKU: BX4154 &nbsp; &nbsp;","og_url":"https:\/\/meprolim.es\/de\/producto\/quimicos-articulos-limpieza\/productos-quimicos-industriales\/limpieza-manos-protectores\/industrial\/bidon-5kg-tensogen-citraloe-g-mecanico\/","og_site_name":"Meprolim","article_modified_time":"2019-10-27T15:32:19+00:00","og_image":[{"width":768,"height":768,"url":"https:\/\/meprolim.es\/wp-content\/uploads\/2019\/08\/BX4154.jpg","type":"image\/jpeg"}],"twitter_card":"summary_large_image","schema":{"@context":"https:\/\/schema.org","@graph":[{"@type":"WebPage","@id":"https:\/\/meprolim.es\/de\/producto\/quimicos-articulos-limpieza\/productos-quimicos-industriales\/limpieza-manos-protectores\/industrial\/bidon-5kg-tensogen-citraloe-g-mecanico\/","url":"https:\/\/meprolim.es\/de\/producto\/quimicos-articulos-limpieza\/productos-quimicos-industriales\/limpieza-manos-protectores\/industrial\/bidon-5kg-tensogen-citraloe-g-mecanico\/","name":"BID\u00d3N 5 KG TENSOGEN CITRALOE G\/MEC\u00c1NICO - C\u00d3DIGO: BX4154 - Meprolim","isPartOf":{"@id":"https:\/\/meprolim.es\/fr\/#website"},"primaryImageOfPage":{"@id":"https:\/\/meprolim.es\/de\/producto\/quimicos-articulos-limpieza\/productos-quimicos-industriales\/limpieza-manos-protectores\/industrial\/bidon-5kg-tensogen-citraloe-g-mecanico\/#primaryimage"},"image":{"@id":"https:\/\/meprolim.es\/de\/producto\/quimicos-articulos-limpieza\/productos-quimicos-industriales\/limpieza-manos-protectores\/industrial\/bidon-5kg-tensogen-citraloe-g-mecanico\/#primaryimage"},"thumbnailUrl":"https:\/\/meprolim.es\/wp-content\/uploads\/2019\/08\/BX4154.jpg","datePublished":"2019-08-29T07:39:28+00:00","dateModified":"2019-10-27T15:32:19+00:00","breadcrumb":{"@id":"https:\/\/meprolim.es\/de\/producto\/quimicos-articulos-limpieza\/productos-quimicos-industriales\/limpieza-manos-protectores\/industrial\/bidon-5kg-tensogen-citraloe-g-mecanico\/#breadcrumb"},"inLanguage":"fr-FR","potentialAction":[{"@type":"ReadAction","target":["https:\/\/meprolim.es\/de\/producto\/quimicos-articulos-limpieza\/productos-quimicos-industriales\/limpieza-manos-protectores\/industrial\/bidon-5kg-tensogen-citraloe-g-mecanico\/"]}]},{"@type":"ImageObject","inLanguage":"fr-FR","@id":"https:\/\/meprolim.es\/de\/producto\/quimicos-articulos-limpieza\/productos-quimicos-industriales\/limpieza-manos-protectores\/industrial\/bidon-5kg-tensogen-citraloe-g-mecanico\/#primaryimage","url":"https:\/\/meprolim.es\/wp-content\/uploads\/2019\/08\/BX4154.jpg","contentUrl":"https:\/\/meprolim.es\/wp-content\/uploads\/2019\/08\/BX4154.jpg","width":768,"height":768},{"@type":"BreadcrumbList","@id":"https:\/\/meprolim.es\/de\/producto\/quimicos-articulos-limpieza\/productos-quimicos-industriales\/limpieza-manos-protectores\/industrial\/bidon-5kg-tensogen-citraloe-g-mecanico\/#breadcrumb","itemListElement":[{"@type":"ListItem","position":1,"name":"Portada","item":"https:\/\/meprolim.es\/fr\/"},{"@type":"ListItem","position":2,"name":"Catalogue","item":"https:\/\/meprolim.es\/fr\/catalogue\/"},{"@type":"ListItem","position":3,"name":"BID\u00d3N 5 KG TENSOGEN CITRALOE G\/MEC\u00c1NICO &#8211; C\u00d3DIGO: BX4154"}]},{"@type":"WebSite","@id":"https:\/\/meprolim.es\/fr\/#website","url":"https:\/\/meprolim.es\/fr\/","name":"Meprolim","description":"Cavas Catalanas S.L.","publisher":{"@id":"https:\/\/meprolim.es\/fr\/#organization"},"potentialAction":[{"@type":"SearchAction","target":{"@type":"EntryPoint","urlTemplate":"https:\/\/meprolim.es\/fr\/?s={search_term_string}"},"query-input":{"@type":"PropertyValueSpecification","valueRequired":true,"valueName":"search_term_string"}}],"inLanguage":"fr-FR"},{"@type":"Organization","@id":"https:\/\/meprolim.es\/fr\/#organization","name":"Meprolim","url":"https:\/\/meprolim.es\/fr\/","logo":{"@type":"ImageObject","inLanguage":"fr-FR","@id":"https:\/\/meprolim.es\/fr\/#\/schema\/logo\/image\/","url":"https:\/\/meprolim.es\/wp-content\/uploads\/2019\/07\/cropped-logo2.png","contentUrl":"https:\/\/meprolim.es\/wp-content\/uploads\/2019\/07\/cropped-logo2.png","width":401,"height":162,"caption":"Meprolim"},"image":{"@id":"https:\/\/meprolim.es\/fr\/#\/schema\/logo\/image\/"}}]}},"_links":{"self":[{"href":"https:\/\/meprolim.es\/fr\/wp-json\/wp\/v2\/product\/7996","targetHints":{"allow":["GET"]}}],"collection":[{"href":"https:\/\/meprolim.es\/fr\/wp-json\/wp\/v2\/product"}],"about":[{"href":"https:\/\/meprolim.es\/fr\/wp-json\/wp\/v2\/types\/product"}],"wp:featuredmedia":[{"embeddable":true,"href":"https:\/\/meprolim.es\/fr\/wp-json\/wp\/v2\/media\/7997"}],"wp:attachment":[{"href":"https:\/\/meprolim.es\/fr\/wp-json\/wp\/v2\/media?parent=7996"}],"wp:term":[{"taxonomy":"product_brand","embeddable":true,"href":"https:\/\/meprolim.es\/fr\/wp-json\/wp\/v2\/product_brand?post=7996"},{"taxonomy":"product_cat","embeddable":true,"href":"https:\/\/meprolim.es\/fr\/wp-json\/wp\/v2\/product_cat?post=7996"},{"taxonomy":"product_tag","embeddable":true,"href":"https:\/\/meprolim.es\/fr\/wp-json\/wp\/v2\/product_tag?post=7996"}],"curies":[{"name":"wp","href":"https:\/\/api.w.org\/{rel}","templated":true}]}}