{"id":8043,"date":"2019-08-29T10:33:02","date_gmt":"2019-08-29T09:33:02","guid":{"rendered":"http:\/\/www.meprolim.es\/?post_type=product&#038;p=8043"},"modified":"2019-10-27T15:19:45","modified_gmt":"2019-10-27T15:19:45","slug":"bidon-10kg-floormaq-nt-meprolim","status":"publish","type":"product","link":"https:\/\/meprolim.es\/fr\/producto\/quimicos-y-articulos-de-limpieza\/productos-quimicos-industriales-fr-2\/fregasuelos-fr-2\/espuma-controlada-fr-2\/bidon-10kg-floormaq-nt-meprolim\/","title":{"rendered":"BID\u00d3N 10 KG FLOORMAQ NT MEPROLIM &#8211; C\u00d3DIGO: FR0019"},"content":{"rendered":"<div class=\"wpb-content-wrapper\"><p>[vc_row][vc_column][vc_column_text]<\/p>\n<p style=\"text-align: justify;\">Limpiador neutro concentrado especialmente formulado para la limpieza de suelos acristalado y gres con maquina fregadora. Odoriza el ambiente ya que incorpora fragancias con una alta presistencia. No ataca el brillo de la superficie limpiada. Ideal para todo tipo de suelos (Gres, M\u00e1rmol, terrazo, saipolan, etc.). Todos sus componentes son exentos de espuma para evitar el deterioro de la maquina fregadora.<br \/>\nApto para uso alimentario.<\/p>\n<p>[\/vc_column_text][\/vc_column][\/vc_row]<\/p>\n<\/div>","protected":false},"excerpt":{"rendered":"<ul>\n<li>Bid\u00f3n de 10 litros.<\/li>\n<\/ul>\n<p>Caracter\u00edsticas:<\/p>\n<ul>\n<li>Limpiador neutro concentrado especialmente formulado para la limpieza de suelos acristalados y gres con maquina fregadora.<\/li>\n<li>Odoriza el ambiente ya que incorpora fragancias con una alta persistencia.<\/li>\n<li>No ataca el brillo de las superficies.<\/li>\n<li>Ideal para todo tipo de suelos (gres, m\u00e1rmol, terrazo, saipolan,&#8230;)<\/li>\n<li>Todos sus componentes est\u00e1n exentos de espuma para evitar el deterioro de la m\u00e1quina fregadora.<\/li>\n<li>Producto l\u00edquido transparente.<\/li>\n<li>Color: naranja.<\/li>\n<li>Perfume: mandarina.<\/li>\n<li>Limpieza manual diluir el producto al 2,5% en agua y fregar como habitualmente.<\/li>\n<li>Para m\u00e1quinas fregadoras secadoras con cepillo de nylon duro diluir el producto al 1,5% en agua.\u2022 Para m\u00e1quinas rotativas con disco rojo, pulverizar sobre el suelo con una diluci\u00f3n al 1,25% y pasar la m\u00e1quina.<\/li>\n<\/ul>\n<p><strong>SKU: FR0019<\/strong><\/p>\n<p>&nbsp;<\/p>\n<p>&nbsp;<\/p>\n","protected":false},"featured_media":8044,"template":"","meta":[],"product_brand":[],"product_cat":[661,1048,652,94],"product_tag":[662,663,654],"class_list":{"0":"post-8043","1":"product","2":"type-product","3":"status-publish","4":"has-post-thumbnail","6":"product_cat-espuma-controlada","7":"product_cat-fregasuelos","8":"product_cat-productos-quimicos-industriales","9":"product_cat-quimicos-articulos-limpieza","10":"product_tag-detergente-neutro","11":"product_tag-espuma-controlada","12":"product_tag-productos-quimicos","14":"first","15":"instock","16":"shipping-taxable","17":"product-type-simple"},"yoast_head":"<!-- This site is optimized with the Yoast SEO plugin v27.3 - https:\/\/yoast.com\/product\/yoast-seo-wordpress\/ -->\n<title>BID\u00d3N 10 KG FLOORMAQ NT MEPROLIM - C\u00d3DIGO: FR0019 - Meprolim<\/title>\n<meta name=\"robots\" content=\"index, follow, max-snippet:-1, max-image-preview:large, max-video-preview:-1\" \/>\n<link rel=\"canonical\" href=\"https:\/\/meprolim.es\/producto\/quimicos-articulos-limpieza\/productos-quimicos-industriales\/fregasuelos\/espuma-controlada\/bidon-10kg-floormaq-nt-meprolim\/\" \/>\n<meta property=\"og:locale\" content=\"fr_FR\" \/>\n<meta property=\"og:type\" content=\"article\" \/>\n<meta property=\"og:title\" content=\"BID\u00d3N 10 KG FLOORMAQ NT MEPROLIM - C\u00d3DIGO: FR0019 - Meprolim\" \/>\n<meta property=\"og:description\" content=\"Bid\u00f3n de 10 litros.  Caracter\u00edsticas:   Limpiador neutro concentrado especialmente formulado para la limpieza de suelos acristalados y gres con maquina fregadora.  Odoriza el ambiente ya que incorpora fragancias con una alta persistencia.  No ataca el brillo de las superficies.  Ideal para todo tipo de suelos (gres, m\u00e1rmol, terrazo, saipolan,...)  Todos sus componentes est\u00e1n exentos de espuma para evitar el deterioro de la m\u00e1quina fregadora.  Producto l\u00edquido transparente.  Color: naranja.  Perfume: mandarina.  Limpieza manual diluir el producto al 2,5% en agua y fregar como habitualmente.  Para m\u00e1quinas fregadoras secadoras con cepillo de nylon duro diluir el producto al 1,5% en agua.\u2022 Para m\u00e1quinas rotativas con disco rojo, pulverizar sobre el suelo con una diluci\u00f3n al 1,25% y pasar la m\u00e1quina.  SKU: FR0019 &nbsp; &nbsp;\" \/>\n<meta property=\"og:url\" content=\"https:\/\/meprolim.es\/producto\/quimicos-articulos-limpieza\/productos-quimicos-industriales\/fregasuelos\/espuma-controlada\/bidon-10kg-floormaq-nt-meprolim\/\" \/>\n<meta property=\"og:site_name\" content=\"Meprolim\" \/>\n<meta property=\"article:modified_time\" content=\"2019-10-27T15:19:45+00:00\" \/>\n<meta property=\"og:image\" content=\"https:\/\/meprolim.es\/wp-content\/uploads\/2019\/08\/FR0019.jpg\" \/>\n\t<meta property=\"og:image:width\" content=\"768\" \/>\n\t<meta property=\"og:image:height\" content=\"768\" \/>\n\t<meta property=\"og:image:type\" content=\"image\/jpeg\" \/>\n<meta name=\"twitter:card\" content=\"summary_large_image\" \/>\n<script type=\"application\/ld+json\" class=\"yoast-schema-graph\">{\"@context\":\"https:\\\/\\\/schema.org\",\"@graph\":[{\"@type\":\"WebPage\",\"@id\":\"https:\\\/\\\/meprolim.es\\\/producto\\\/quimicos-articulos-limpieza\\\/productos-quimicos-industriales\\\/fregasuelos\\\/espuma-controlada\\\/bidon-10kg-floormaq-nt-meprolim\\\/\",\"url\":\"https:\\\/\\\/meprolim.es\\\/producto\\\/quimicos-articulos-limpieza\\\/productos-quimicos-industriales\\\/fregasuelos\\\/espuma-controlada\\\/bidon-10kg-floormaq-nt-meprolim\\\/\",\"name\":\"BID\u00d3N 10 KG FLOORMAQ NT MEPROLIM - C\u00d3DIGO: FR0019 - Meprolim\",\"isPartOf\":{\"@id\":\"https:\\\/\\\/meprolim.es\\\/fr\\\/#website\"},\"primaryImageOfPage\":{\"@id\":\"https:\\\/\\\/meprolim.es\\\/producto\\\/quimicos-articulos-limpieza\\\/productos-quimicos-industriales\\\/fregasuelos\\\/espuma-controlada\\\/bidon-10kg-floormaq-nt-meprolim\\\/#primaryimage\"},\"image\":{\"@id\":\"https:\\\/\\\/meprolim.es\\\/producto\\\/quimicos-articulos-limpieza\\\/productos-quimicos-industriales\\\/fregasuelos\\\/espuma-controlada\\\/bidon-10kg-floormaq-nt-meprolim\\\/#primaryimage\"},\"thumbnailUrl\":\"https:\\\/\\\/meprolim.es\\\/wp-content\\\/uploads\\\/2019\\\/08\\\/FR0019.jpg\",\"datePublished\":\"2019-08-29T09:33:02+00:00\",\"dateModified\":\"2019-10-27T15:19:45+00:00\",\"breadcrumb\":{\"@id\":\"https:\\\/\\\/meprolim.es\\\/producto\\\/quimicos-articulos-limpieza\\\/productos-quimicos-industriales\\\/fregasuelos\\\/espuma-controlada\\\/bidon-10kg-floormaq-nt-meprolim\\\/#breadcrumb\"},\"inLanguage\":\"fr-FR\",\"potentialAction\":[{\"@type\":\"ReadAction\",\"target\":[\"https:\\\/\\\/meprolim.es\\\/producto\\\/quimicos-articulos-limpieza\\\/productos-quimicos-industriales\\\/fregasuelos\\\/espuma-controlada\\\/bidon-10kg-floormaq-nt-meprolim\\\/\"]}]},{\"@type\":\"ImageObject\",\"inLanguage\":\"fr-FR\",\"@id\":\"https:\\\/\\\/meprolim.es\\\/producto\\\/quimicos-articulos-limpieza\\\/productos-quimicos-industriales\\\/fregasuelos\\\/espuma-controlada\\\/bidon-10kg-floormaq-nt-meprolim\\\/#primaryimage\",\"url\":\"https:\\\/\\\/meprolim.es\\\/wp-content\\\/uploads\\\/2019\\\/08\\\/FR0019.jpg\",\"contentUrl\":\"https:\\\/\\\/meprolim.es\\\/wp-content\\\/uploads\\\/2019\\\/08\\\/FR0019.jpg\",\"width\":768,\"height\":768},{\"@type\":\"BreadcrumbList\",\"@id\":\"https:\\\/\\\/meprolim.es\\\/producto\\\/quimicos-articulos-limpieza\\\/productos-quimicos-industriales\\\/fregasuelos\\\/espuma-controlada\\\/bidon-10kg-floormaq-nt-meprolim\\\/#breadcrumb\",\"itemListElement\":[{\"@type\":\"ListItem\",\"position\":1,\"name\":\"Portada\",\"item\":\"https:\\\/\\\/meprolim.es\\\/fr\\\/\"},{\"@type\":\"ListItem\",\"position\":2,\"name\":\"Catalogue\",\"item\":\"https:\\\/\\\/meprolim.es\\\/fr\\\/catalogue\\\/\"},{\"@type\":\"ListItem\",\"position\":3,\"name\":\"BID\u00d3N 10 KG FLOORMAQ NT MEPROLIM &#8211; C\u00d3DIGO: FR0019\"}]},{\"@type\":\"WebSite\",\"@id\":\"https:\\\/\\\/meprolim.es\\\/fr\\\/#website\",\"url\":\"https:\\\/\\\/meprolim.es\\\/fr\\\/\",\"name\":\"Meprolim\",\"description\":\"Cavas Catalanas S.L.\",\"publisher\":{\"@id\":\"https:\\\/\\\/meprolim.es\\\/fr\\\/#organization\"},\"potentialAction\":[{\"@type\":\"SearchAction\",\"target\":{\"@type\":\"EntryPoint\",\"urlTemplate\":\"https:\\\/\\\/meprolim.es\\\/fr\\\/?s={search_term_string}\"},\"query-input\":{\"@type\":\"PropertyValueSpecification\",\"valueRequired\":true,\"valueName\":\"search_term_string\"}}],\"inLanguage\":\"fr-FR\"},{\"@type\":\"Organization\",\"@id\":\"https:\\\/\\\/meprolim.es\\\/fr\\\/#organization\",\"name\":\"Meprolim\",\"url\":\"https:\\\/\\\/meprolim.es\\\/fr\\\/\",\"logo\":{\"@type\":\"ImageObject\",\"inLanguage\":\"fr-FR\",\"@id\":\"https:\\\/\\\/meprolim.es\\\/fr\\\/#\\\/schema\\\/logo\\\/image\\\/\",\"url\":\"https:\\\/\\\/meprolim.es\\\/wp-content\\\/uploads\\\/2019\\\/07\\\/cropped-logo2.png\",\"contentUrl\":\"https:\\\/\\\/meprolim.es\\\/wp-content\\\/uploads\\\/2019\\\/07\\\/cropped-logo2.png\",\"width\":401,\"height\":162,\"caption\":\"Meprolim\"},\"image\":{\"@id\":\"https:\\\/\\\/meprolim.es\\\/fr\\\/#\\\/schema\\\/logo\\\/image\\\/\"}}]}<\/script>\n<!-- \/ Yoast SEO plugin. -->","yoast_head_json":{"title":"BID\u00d3N 10 KG FLOORMAQ NT MEPROLIM - C\u00d3DIGO: FR0019 - Meprolim","robots":{"index":"index","follow":"follow","max-snippet":"max-snippet:-1","max-image-preview":"max-image-preview:large","max-video-preview":"max-video-preview:-1"},"canonical":"https:\/\/meprolim.es\/producto\/quimicos-articulos-limpieza\/productos-quimicos-industriales\/fregasuelos\/espuma-controlada\/bidon-10kg-floormaq-nt-meprolim\/","og_locale":"fr_FR","og_type":"article","og_title":"BID\u00d3N 10 KG FLOORMAQ NT MEPROLIM - C\u00d3DIGO: FR0019 - Meprolim","og_description":"Bid\u00f3n de 10 litros.  Caracter\u00edsticas:   Limpiador neutro concentrado especialmente formulado para la limpieza de suelos acristalados y gres con maquina fregadora.  Odoriza el ambiente ya que incorpora fragancias con una alta persistencia.  No ataca el brillo de las superficies.  Ideal para todo tipo de suelos (gres, m\u00e1rmol, terrazo, saipolan,...)  Todos sus componentes est\u00e1n exentos de espuma para evitar el deterioro de la m\u00e1quina fregadora.  Producto l\u00edquido transparente.  Color: naranja.  Perfume: mandarina.  Limpieza manual diluir el producto al 2,5% en agua y fregar como habitualmente.  Para m\u00e1quinas fregadoras secadoras con cepillo de nylon duro diluir el producto al 1,5% en agua.\u2022 Para m\u00e1quinas rotativas con disco rojo, pulverizar sobre el suelo con una diluci\u00f3n al 1,25% y pasar la m\u00e1quina.  SKU: FR0019 &nbsp; &nbsp;","og_url":"https:\/\/meprolim.es\/producto\/quimicos-articulos-limpieza\/productos-quimicos-industriales\/fregasuelos\/espuma-controlada\/bidon-10kg-floormaq-nt-meprolim\/","og_site_name":"Meprolim","article_modified_time":"2019-10-27T15:19:45+00:00","og_image":[{"width":768,"height":768,"url":"https:\/\/meprolim.es\/wp-content\/uploads\/2019\/08\/FR0019.jpg","type":"image\/jpeg"}],"twitter_card":"summary_large_image","schema":{"@context":"https:\/\/schema.org","@graph":[{"@type":"WebPage","@id":"https:\/\/meprolim.es\/producto\/quimicos-articulos-limpieza\/productos-quimicos-industriales\/fregasuelos\/espuma-controlada\/bidon-10kg-floormaq-nt-meprolim\/","url":"https:\/\/meprolim.es\/producto\/quimicos-articulos-limpieza\/productos-quimicos-industriales\/fregasuelos\/espuma-controlada\/bidon-10kg-floormaq-nt-meprolim\/","name":"BID\u00d3N 10 KG FLOORMAQ NT MEPROLIM - C\u00d3DIGO: FR0019 - Meprolim","isPartOf":{"@id":"https:\/\/meprolim.es\/fr\/#website"},"primaryImageOfPage":{"@id":"https:\/\/meprolim.es\/producto\/quimicos-articulos-limpieza\/productos-quimicos-industriales\/fregasuelos\/espuma-controlada\/bidon-10kg-floormaq-nt-meprolim\/#primaryimage"},"image":{"@id":"https:\/\/meprolim.es\/producto\/quimicos-articulos-limpieza\/productos-quimicos-industriales\/fregasuelos\/espuma-controlada\/bidon-10kg-floormaq-nt-meprolim\/#primaryimage"},"thumbnailUrl":"https:\/\/meprolim.es\/wp-content\/uploads\/2019\/08\/FR0019.jpg","datePublished":"2019-08-29T09:33:02+00:00","dateModified":"2019-10-27T15:19:45+00:00","breadcrumb":{"@id":"https:\/\/meprolim.es\/producto\/quimicos-articulos-limpieza\/productos-quimicos-industriales\/fregasuelos\/espuma-controlada\/bidon-10kg-floormaq-nt-meprolim\/#breadcrumb"},"inLanguage":"fr-FR","potentialAction":[{"@type":"ReadAction","target":["https:\/\/meprolim.es\/producto\/quimicos-articulos-limpieza\/productos-quimicos-industriales\/fregasuelos\/espuma-controlada\/bidon-10kg-floormaq-nt-meprolim\/"]}]},{"@type":"ImageObject","inLanguage":"fr-FR","@id":"https:\/\/meprolim.es\/producto\/quimicos-articulos-limpieza\/productos-quimicos-industriales\/fregasuelos\/espuma-controlada\/bidon-10kg-floormaq-nt-meprolim\/#primaryimage","url":"https:\/\/meprolim.es\/wp-content\/uploads\/2019\/08\/FR0019.jpg","contentUrl":"https:\/\/meprolim.es\/wp-content\/uploads\/2019\/08\/FR0019.jpg","width":768,"height":768},{"@type":"BreadcrumbList","@id":"https:\/\/meprolim.es\/producto\/quimicos-articulos-limpieza\/productos-quimicos-industriales\/fregasuelos\/espuma-controlada\/bidon-10kg-floormaq-nt-meprolim\/#breadcrumb","itemListElement":[{"@type":"ListItem","position":1,"name":"Portada","item":"https:\/\/meprolim.es\/fr\/"},{"@type":"ListItem","position":2,"name":"Catalogue","item":"https:\/\/meprolim.es\/fr\/catalogue\/"},{"@type":"ListItem","position":3,"name":"BID\u00d3N 10 KG FLOORMAQ NT MEPROLIM &#8211; C\u00d3DIGO: FR0019"}]},{"@type":"WebSite","@id":"https:\/\/meprolim.es\/fr\/#website","url":"https:\/\/meprolim.es\/fr\/","name":"Meprolim","description":"Cavas Catalanas S.L.","publisher":{"@id":"https:\/\/meprolim.es\/fr\/#organization"},"potentialAction":[{"@type":"SearchAction","target":{"@type":"EntryPoint","urlTemplate":"https:\/\/meprolim.es\/fr\/?s={search_term_string}"},"query-input":{"@type":"PropertyValueSpecification","valueRequired":true,"valueName":"search_term_string"}}],"inLanguage":"fr-FR"},{"@type":"Organization","@id":"https:\/\/meprolim.es\/fr\/#organization","name":"Meprolim","url":"https:\/\/meprolim.es\/fr\/","logo":{"@type":"ImageObject","inLanguage":"fr-FR","@id":"https:\/\/meprolim.es\/fr\/#\/schema\/logo\/image\/","url":"https:\/\/meprolim.es\/wp-content\/uploads\/2019\/07\/cropped-logo2.png","contentUrl":"https:\/\/meprolim.es\/wp-content\/uploads\/2019\/07\/cropped-logo2.png","width":401,"height":162,"caption":"Meprolim"},"image":{"@id":"https:\/\/meprolim.es\/fr\/#\/schema\/logo\/image\/"}}]}},"_links":{"self":[{"href":"https:\/\/meprolim.es\/fr\/wp-json\/wp\/v2\/product\/8043","targetHints":{"allow":["GET"]}}],"collection":[{"href":"https:\/\/meprolim.es\/fr\/wp-json\/wp\/v2\/product"}],"about":[{"href":"https:\/\/meprolim.es\/fr\/wp-json\/wp\/v2\/types\/product"}],"wp:featuredmedia":[{"embeddable":true,"href":"https:\/\/meprolim.es\/fr\/wp-json\/wp\/v2\/media\/8044"}],"wp:attachment":[{"href":"https:\/\/meprolim.es\/fr\/wp-json\/wp\/v2\/media?parent=8043"}],"wp:term":[{"taxonomy":"product_brand","embeddable":true,"href":"https:\/\/meprolim.es\/fr\/wp-json\/wp\/v2\/product_brand?post=8043"},{"taxonomy":"product_cat","embeddable":true,"href":"https:\/\/meprolim.es\/fr\/wp-json\/wp\/v2\/product_cat?post=8043"},{"taxonomy":"product_tag","embeddable":true,"href":"https:\/\/meprolim.es\/fr\/wp-json\/wp\/v2\/product_tag?post=8043"}],"curies":[{"name":"wp","href":"https:\/\/api.w.org\/{rel}","templated":true}]}}