{"id":8064,"date":"2019-08-29T11:25:19","date_gmt":"2019-08-29T10:25:19","guid":{"rendered":"http:\/\/www.meprolim.es\/?post_type=product&#038;p=8064"},"modified":"2023-05-26T00:41:15","modified_gmt":"2023-05-25T23:41:15","slug":"bidon-5kg-multiusos-limp-cleaning","status":"publish","type":"product","link":"https:\/\/meprolim.es\/fr\/producto\/quimicos-y-articulos-de-limpieza\/productos-quimicos-industriales-fr-2\/detergente-multiusos-fr-2\/bidon-5kg-multiusos-limp-cleaning\/","title":{"rendered":"BID\u00d3N 5 KG MULTIUSOS LIMP. CLEANING &#8211; C\u00d3DIGO: FR0103"},"content":{"rendered":"<div class=\"wpb-content-wrapper\"><p>[vc_row][vc_column][vc_column_text]<\/p>\n<p style=\"text-align: justify;\">Producto especialmente formulado para la limpieza de todo tipo de suciedad y grasa sin aclarado en skay, pl\u00e1stico, cristales, espejos, exteriores de campanas extractoras, encimeras de cocinas, televisiones, mesas, pantallas de ordenador, etc. Producto aconsejable para la limpieza de todo tipo de superficies modernas.<\/p>\n<p>[\/vc_column_text][\/vc_column][\/vc_row]<\/p>\n<\/div>","protected":false},"excerpt":{"rendered":"<ul>\n<li>Bid\u00f3n 5 litros.<\/li>\n<li>Producto especialmente formulado para la limpieza de todo tipo de suciedad y grasa sin aclarado en skay, pl\u00e1stico, cristal, espejo, exterior de campana extractora, encimeras de cocinas, televisiones, mesas, pantallas de ordenador,&#8230;<\/li>\n<li>Incorpora alcohol, disuelve todo tipo de suciedad acumulada en la superficie a limpiar, sin dejar residuos.<\/li>\n<li>Poder de limpieza de grasas org\u00e1nicas e inorg\u00e1nicas.<\/li>\n<li>Evita la redeposici\u00f3n de polvo en la superficie donde se aplica.<\/li>\n<li>Tensioactivos, que disuelve la grasa actuando en la porosidad de la superficie.<\/li>\n<li>Contiene disolventes.<\/li>\n<li>Producto l\u00edquido.<\/li>\n<li>Color: morado.<\/li>\n<li>Perfume: naranja.<\/li>\n<li>Pulverizar el producto por la superficie a limpiar y pasar un trapo o gamuza.<\/li>\n<li>Finalmente pasar un trapo o pa\u00f1o seco y limpio, para secar la superficie.<\/li>\n<\/ul>\n<p><strong>SKU: FR0103<\/strong><\/p>\n<p>&nbsp;<\/p>\n<p>&nbsp;<\/p>\n","protected":false},"featured_media":8065,"template":"","meta":[],"product_brand":[],"product_cat":[664,652,94],"product_tag":[694,665,654],"class_list":{"0":"post-8064","1":"product","2":"type-product","3":"status-publish","4":"has-post-thumbnail","6":"product_cat-detergente-multiusos","7":"product_cat-productos-quimicos-industriales","8":"product_cat-quimicos-articulos-limpieza","9":"product_tag-abrillantador","10":"product_tag-detergente-multiusos","11":"product_tag-productos-quimicos","13":"first","14":"instock","15":"shipping-taxable","16":"product-type-simple"},"yoast_head":"<!-- This site is optimized with the Yoast SEO plugin v27.3 - https:\/\/yoast.com\/product\/yoast-seo-wordpress\/ -->\n<title>BID\u00d3N 5 KG MULTIUSOS LIMP. CLEANING - C\u00d3DIGO: FR0103 - Meprolim<\/title>\n<meta name=\"robots\" content=\"index, follow, max-snippet:-1, max-image-preview:large, max-video-preview:-1\" \/>\n<link rel=\"canonical\" href=\"https:\/\/meprolim.es\/producto\/quimicos-articulos-limpieza\/productos-quimicos-industriales\/detergente-multiusos\/bidon-5kg-multiusos-limp-cleaning\/\" \/>\n<meta property=\"og:locale\" content=\"fr_FR\" \/>\n<meta property=\"og:type\" content=\"article\" \/>\n<meta property=\"og:title\" content=\"BID\u00d3N 5 KG MULTIUSOS LIMP. CLEANING - C\u00d3DIGO: FR0103 - Meprolim\" \/>\n<meta property=\"og:description\" content=\"Bid\u00f3n 5 litros.  Producto especialmente formulado para la limpieza de todo tipo de suciedad y grasa sin aclarado en skay, pl\u00e1stico, cristal, espejo, exterior de campana extractora, encimeras de cocinas, televisiones, mesas, pantallas de ordenador,...  Incorpora alcohol, disuelve todo tipo de suciedad acumulada en la superficie a limpiar, sin dejar residuos.  Poder de limpieza de grasas org\u00e1nicas e inorg\u00e1nicas.  Evita la redeposici\u00f3n de polvo en la superficie donde se aplica.  Tensioactivos, que disuelve la grasa actuando en la porosidad de la superficie.  Contiene disolventes.  Producto l\u00edquido.  Color: morado.  Perfume: naranja.  Pulverizar el producto por la superficie a limpiar y pasar un trapo o gamuza.  Finalmente pasar un trapo o pa\u00f1o seco y limpio, para secar la superficie.  SKU: FR0103 &nbsp; &nbsp;\" \/>\n<meta property=\"og:url\" content=\"https:\/\/meprolim.es\/producto\/quimicos-articulos-limpieza\/productos-quimicos-industriales\/detergente-multiusos\/bidon-5kg-multiusos-limp-cleaning\/\" \/>\n<meta property=\"og:site_name\" content=\"Meprolim\" \/>\n<meta property=\"article:modified_time\" content=\"2023-05-25T23:41:15+00:00\" \/>\n<meta property=\"og:image\" content=\"https:\/\/meprolim.es\/wp-content\/uploads\/2019\/08\/FR0103.jpg\" \/>\n\t<meta property=\"og:image:width\" content=\"768\" \/>\n\t<meta property=\"og:image:height\" content=\"768\" \/>\n\t<meta property=\"og:image:type\" content=\"image\/jpeg\" \/>\n<meta name=\"twitter:card\" content=\"summary_large_image\" \/>\n<meta name=\"twitter:label1\" content=\"Dur\u00e9e de lecture estim\u00e9e\" \/>\n\t<meta name=\"twitter:data1\" content=\"1 minute\" \/>\n<script type=\"application\/ld+json\" class=\"yoast-schema-graph\">{\"@context\":\"https:\\\/\\\/schema.org\",\"@graph\":[{\"@type\":\"WebPage\",\"@id\":\"https:\\\/\\\/meprolim.es\\\/producto\\\/quimicos-articulos-limpieza\\\/productos-quimicos-industriales\\\/detergente-multiusos\\\/bidon-5kg-multiusos-limp-cleaning\\\/\",\"url\":\"https:\\\/\\\/meprolim.es\\\/producto\\\/quimicos-articulos-limpieza\\\/productos-quimicos-industriales\\\/detergente-multiusos\\\/bidon-5kg-multiusos-limp-cleaning\\\/\",\"name\":\"BID\u00d3N 5 KG MULTIUSOS LIMP. CLEANING - C\u00d3DIGO: FR0103 - Meprolim\",\"isPartOf\":{\"@id\":\"https:\\\/\\\/meprolim.es\\\/fr\\\/#website\"},\"primaryImageOfPage\":{\"@id\":\"https:\\\/\\\/meprolim.es\\\/producto\\\/quimicos-articulos-limpieza\\\/productos-quimicos-industriales\\\/detergente-multiusos\\\/bidon-5kg-multiusos-limp-cleaning\\\/#primaryimage\"},\"image\":{\"@id\":\"https:\\\/\\\/meprolim.es\\\/producto\\\/quimicos-articulos-limpieza\\\/productos-quimicos-industriales\\\/detergente-multiusos\\\/bidon-5kg-multiusos-limp-cleaning\\\/#primaryimage\"},\"thumbnailUrl\":\"https:\\\/\\\/meprolim.es\\\/wp-content\\\/uploads\\\/2019\\\/08\\\/FR0103.jpg\",\"datePublished\":\"2019-08-29T10:25:19+00:00\",\"dateModified\":\"2023-05-25T23:41:15+00:00\",\"breadcrumb\":{\"@id\":\"https:\\\/\\\/meprolim.es\\\/producto\\\/quimicos-articulos-limpieza\\\/productos-quimicos-industriales\\\/detergente-multiusos\\\/bidon-5kg-multiusos-limp-cleaning\\\/#breadcrumb\"},\"inLanguage\":\"fr-FR\",\"potentialAction\":[{\"@type\":\"ReadAction\",\"target\":[\"https:\\\/\\\/meprolim.es\\\/producto\\\/quimicos-articulos-limpieza\\\/productos-quimicos-industriales\\\/detergente-multiusos\\\/bidon-5kg-multiusos-limp-cleaning\\\/\"]}]},{\"@type\":\"ImageObject\",\"inLanguage\":\"fr-FR\",\"@id\":\"https:\\\/\\\/meprolim.es\\\/producto\\\/quimicos-articulos-limpieza\\\/productos-quimicos-industriales\\\/detergente-multiusos\\\/bidon-5kg-multiusos-limp-cleaning\\\/#primaryimage\",\"url\":\"https:\\\/\\\/meprolim.es\\\/wp-content\\\/uploads\\\/2019\\\/08\\\/FR0103.jpg\",\"contentUrl\":\"https:\\\/\\\/meprolim.es\\\/wp-content\\\/uploads\\\/2019\\\/08\\\/FR0103.jpg\",\"width\":768,\"height\":768},{\"@type\":\"BreadcrumbList\",\"@id\":\"https:\\\/\\\/meprolim.es\\\/producto\\\/quimicos-articulos-limpieza\\\/productos-quimicos-industriales\\\/detergente-multiusos\\\/bidon-5kg-multiusos-limp-cleaning\\\/#breadcrumb\",\"itemListElement\":[{\"@type\":\"ListItem\",\"position\":1,\"name\":\"Portada\",\"item\":\"https:\\\/\\\/meprolim.es\\\/fr\\\/\"},{\"@type\":\"ListItem\",\"position\":2,\"name\":\"Catalogue\",\"item\":\"https:\\\/\\\/meprolim.es\\\/fr\\\/catalogue\\\/\"},{\"@type\":\"ListItem\",\"position\":3,\"name\":\"BID\u00d3N 5 KG MULTIUSOS LIMP. CLEANING &#8211; C\u00d3DIGO: FR0103\"}]},{\"@type\":\"WebSite\",\"@id\":\"https:\\\/\\\/meprolim.es\\\/fr\\\/#website\",\"url\":\"https:\\\/\\\/meprolim.es\\\/fr\\\/\",\"name\":\"Meprolim\",\"description\":\"Cavas Catalanas S.L.\",\"publisher\":{\"@id\":\"https:\\\/\\\/meprolim.es\\\/fr\\\/#organization\"},\"potentialAction\":[{\"@type\":\"SearchAction\",\"target\":{\"@type\":\"EntryPoint\",\"urlTemplate\":\"https:\\\/\\\/meprolim.es\\\/fr\\\/?s={search_term_string}\"},\"query-input\":{\"@type\":\"PropertyValueSpecification\",\"valueRequired\":true,\"valueName\":\"search_term_string\"}}],\"inLanguage\":\"fr-FR\"},{\"@type\":\"Organization\",\"@id\":\"https:\\\/\\\/meprolim.es\\\/fr\\\/#organization\",\"name\":\"Meprolim\",\"url\":\"https:\\\/\\\/meprolim.es\\\/fr\\\/\",\"logo\":{\"@type\":\"ImageObject\",\"inLanguage\":\"fr-FR\",\"@id\":\"https:\\\/\\\/meprolim.es\\\/fr\\\/#\\\/schema\\\/logo\\\/image\\\/\",\"url\":\"https:\\\/\\\/meprolim.es\\\/wp-content\\\/uploads\\\/2019\\\/07\\\/cropped-logo2.png\",\"contentUrl\":\"https:\\\/\\\/meprolim.es\\\/wp-content\\\/uploads\\\/2019\\\/07\\\/cropped-logo2.png\",\"width\":401,\"height\":162,\"caption\":\"Meprolim\"},\"image\":{\"@id\":\"https:\\\/\\\/meprolim.es\\\/fr\\\/#\\\/schema\\\/logo\\\/image\\\/\"}}]}<\/script>\n<!-- \/ Yoast SEO plugin. -->","yoast_head_json":{"title":"BID\u00d3N 5 KG MULTIUSOS LIMP. CLEANING - C\u00d3DIGO: FR0103 - Meprolim","robots":{"index":"index","follow":"follow","max-snippet":"max-snippet:-1","max-image-preview":"max-image-preview:large","max-video-preview":"max-video-preview:-1"},"canonical":"https:\/\/meprolim.es\/producto\/quimicos-articulos-limpieza\/productos-quimicos-industriales\/detergente-multiusos\/bidon-5kg-multiusos-limp-cleaning\/","og_locale":"fr_FR","og_type":"article","og_title":"BID\u00d3N 5 KG MULTIUSOS LIMP. CLEANING - C\u00d3DIGO: FR0103 - Meprolim","og_description":"Bid\u00f3n 5 litros.  Producto especialmente formulado para la limpieza de todo tipo de suciedad y grasa sin aclarado en skay, pl\u00e1stico, cristal, espejo, exterior de campana extractora, encimeras de cocinas, televisiones, mesas, pantallas de ordenador,...  Incorpora alcohol, disuelve todo tipo de suciedad acumulada en la superficie a limpiar, sin dejar residuos.  Poder de limpieza de grasas org\u00e1nicas e inorg\u00e1nicas.  Evita la redeposici\u00f3n de polvo en la superficie donde se aplica.  Tensioactivos, que disuelve la grasa actuando en la porosidad de la superficie.  Contiene disolventes.  Producto l\u00edquido.  Color: morado.  Perfume: naranja.  Pulverizar el producto por la superficie a limpiar y pasar un trapo o gamuza.  Finalmente pasar un trapo o pa\u00f1o seco y limpio, para secar la superficie.  SKU: FR0103 &nbsp; &nbsp;","og_url":"https:\/\/meprolim.es\/producto\/quimicos-articulos-limpieza\/productos-quimicos-industriales\/detergente-multiusos\/bidon-5kg-multiusos-limp-cleaning\/","og_site_name":"Meprolim","article_modified_time":"2023-05-25T23:41:15+00:00","og_image":[{"width":768,"height":768,"url":"https:\/\/meprolim.es\/wp-content\/uploads\/2019\/08\/FR0103.jpg","type":"image\/jpeg"}],"twitter_card":"summary_large_image","twitter_misc":{"Dur\u00e9e de lecture estim\u00e9e":"1 minute"},"schema":{"@context":"https:\/\/schema.org","@graph":[{"@type":"WebPage","@id":"https:\/\/meprolim.es\/producto\/quimicos-articulos-limpieza\/productos-quimicos-industriales\/detergente-multiusos\/bidon-5kg-multiusos-limp-cleaning\/","url":"https:\/\/meprolim.es\/producto\/quimicos-articulos-limpieza\/productos-quimicos-industriales\/detergente-multiusos\/bidon-5kg-multiusos-limp-cleaning\/","name":"BID\u00d3N 5 KG MULTIUSOS LIMP. CLEANING - C\u00d3DIGO: FR0103 - Meprolim","isPartOf":{"@id":"https:\/\/meprolim.es\/fr\/#website"},"primaryImageOfPage":{"@id":"https:\/\/meprolim.es\/producto\/quimicos-articulos-limpieza\/productos-quimicos-industriales\/detergente-multiusos\/bidon-5kg-multiusos-limp-cleaning\/#primaryimage"},"image":{"@id":"https:\/\/meprolim.es\/producto\/quimicos-articulos-limpieza\/productos-quimicos-industriales\/detergente-multiusos\/bidon-5kg-multiusos-limp-cleaning\/#primaryimage"},"thumbnailUrl":"https:\/\/meprolim.es\/wp-content\/uploads\/2019\/08\/FR0103.jpg","datePublished":"2019-08-29T10:25:19+00:00","dateModified":"2023-05-25T23:41:15+00:00","breadcrumb":{"@id":"https:\/\/meprolim.es\/producto\/quimicos-articulos-limpieza\/productos-quimicos-industriales\/detergente-multiusos\/bidon-5kg-multiusos-limp-cleaning\/#breadcrumb"},"inLanguage":"fr-FR","potentialAction":[{"@type":"ReadAction","target":["https:\/\/meprolim.es\/producto\/quimicos-articulos-limpieza\/productos-quimicos-industriales\/detergente-multiusos\/bidon-5kg-multiusos-limp-cleaning\/"]}]},{"@type":"ImageObject","inLanguage":"fr-FR","@id":"https:\/\/meprolim.es\/producto\/quimicos-articulos-limpieza\/productos-quimicos-industriales\/detergente-multiusos\/bidon-5kg-multiusos-limp-cleaning\/#primaryimage","url":"https:\/\/meprolim.es\/wp-content\/uploads\/2019\/08\/FR0103.jpg","contentUrl":"https:\/\/meprolim.es\/wp-content\/uploads\/2019\/08\/FR0103.jpg","width":768,"height":768},{"@type":"BreadcrumbList","@id":"https:\/\/meprolim.es\/producto\/quimicos-articulos-limpieza\/productos-quimicos-industriales\/detergente-multiusos\/bidon-5kg-multiusos-limp-cleaning\/#breadcrumb","itemListElement":[{"@type":"ListItem","position":1,"name":"Portada","item":"https:\/\/meprolim.es\/fr\/"},{"@type":"ListItem","position":2,"name":"Catalogue","item":"https:\/\/meprolim.es\/fr\/catalogue\/"},{"@type":"ListItem","position":3,"name":"BID\u00d3N 5 KG MULTIUSOS LIMP. CLEANING &#8211; C\u00d3DIGO: FR0103"}]},{"@type":"WebSite","@id":"https:\/\/meprolim.es\/fr\/#website","url":"https:\/\/meprolim.es\/fr\/","name":"Meprolim","description":"Cavas Catalanas S.L.","publisher":{"@id":"https:\/\/meprolim.es\/fr\/#organization"},"potentialAction":[{"@type":"SearchAction","target":{"@type":"EntryPoint","urlTemplate":"https:\/\/meprolim.es\/fr\/?s={search_term_string}"},"query-input":{"@type":"PropertyValueSpecification","valueRequired":true,"valueName":"search_term_string"}}],"inLanguage":"fr-FR"},{"@type":"Organization","@id":"https:\/\/meprolim.es\/fr\/#organization","name":"Meprolim","url":"https:\/\/meprolim.es\/fr\/","logo":{"@type":"ImageObject","inLanguage":"fr-FR","@id":"https:\/\/meprolim.es\/fr\/#\/schema\/logo\/image\/","url":"https:\/\/meprolim.es\/wp-content\/uploads\/2019\/07\/cropped-logo2.png","contentUrl":"https:\/\/meprolim.es\/wp-content\/uploads\/2019\/07\/cropped-logo2.png","width":401,"height":162,"caption":"Meprolim"},"image":{"@id":"https:\/\/meprolim.es\/fr\/#\/schema\/logo\/image\/"}}]}},"_links":{"self":[{"href":"https:\/\/meprolim.es\/fr\/wp-json\/wp\/v2\/product\/8064","targetHints":{"allow":["GET"]}}],"collection":[{"href":"https:\/\/meprolim.es\/fr\/wp-json\/wp\/v2\/product"}],"about":[{"href":"https:\/\/meprolim.es\/fr\/wp-json\/wp\/v2\/types\/product"}],"wp:featuredmedia":[{"embeddable":true,"href":"https:\/\/meprolim.es\/fr\/wp-json\/wp\/v2\/media\/8065"}],"wp:attachment":[{"href":"https:\/\/meprolim.es\/fr\/wp-json\/wp\/v2\/media?parent=8064"}],"wp:term":[{"taxonomy":"product_brand","embeddable":true,"href":"https:\/\/meprolim.es\/fr\/wp-json\/wp\/v2\/product_brand?post=8064"},{"taxonomy":"product_cat","embeddable":true,"href":"https:\/\/meprolim.es\/fr\/wp-json\/wp\/v2\/product_cat?post=8064"},{"taxonomy":"product_tag","embeddable":true,"href":"https:\/\/meprolim.es\/fr\/wp-json\/wp\/v2\/product_tag?post=8064"}],"curies":[{"name":"wp","href":"https:\/\/api.w.org\/{rel}","templated":true}]}}