{"id":8333,"date":"2019-09-02T07:10:47","date_gmt":"2019-09-02T06:10:47","guid":{"rendered":"http:\/\/www.meprolim.es\/?post_type=product&#038;p=8333"},"modified":"2023-05-26T00:55:07","modified_gmt":"2023-05-25T23:55:07","slug":"bote-1lt-lavavajillas-higienizante","status":"publish","type":"product","link":"https:\/\/meprolim.es\/fr\/producto\/quimicos-y-articulos-de-limpieza\/productos-quimicos-industriales-fr-2\/lavavajillas-detergentes-abrillantadores-fr-2\/lavavajillas-manuales-fr-2\/bote-1lt-lavavajillas-higienizante\/","title":{"rendered":"BOTE 1 LT LAVAVAJILLAS MANUAL HT &#8211; C\u00d3DIGO: FR0107"},"content":{"rendered":"<div class=\"wpb-content-wrapper\"><p>[vc_row][vc_column][vc_column_text]<\/p>\n<p style=\"text-align: justify;\">Producto ideal para el lavado manual de vajillas. Limpieza, desengrase de todo tipo de superficies, azulejos, suelos, eliminando todo tipo de residuos org\u00e1nicos, sin verse afectada su eficacia por el uso de aguas de extremada dureza. Su formulaci\u00f3n, a base de tensioactivos y su pH neutro no da\u00f1a las manos m\u00e1s delicadas.<\/p>\n<p>[\/vc_column_text][\/vc_column][\/vc_row]<\/p>\n<\/div>","protected":false},"excerpt":{"rendered":"<p>Caracter\u00edsticas:<\/p>\n<ul>\n<li>Producto ideal para el lavado manual de vajillas.<\/li>\n<li>Limpieza, desengrase de todo tipo de superficies, azulejos, suelos.<\/li>\n<li>Eliminando todo tipo de residuos org\u00e1nicos, sin verse afectada su eficacia por el uso de aguas de extremada dureza.<\/li>\n<li>Su formulaci\u00f3n, a base de tensioactivos y su pH neutro no da\u00f1a las manos m\u00e1s delicadas.<\/li>\n<\/ul>\n<p>Datos t\u00e9cnicos:<\/p>\n<ul>\n<li>pH 6-7<\/li>\n<li>Producto l\u00edquido.<\/li>\n<li>Color: amarillo.<\/li>\n<li>Perfume: lim\u00f3n.<\/li>\n<li>Utilizar el producto disuelto en agua en proporci\u00f3n de 4 a 6 gramos por cada 5 litros de agua.<\/li>\n<li>Verter el producto antes que el agua para mejor disoluci\u00f3n.<\/li>\n<\/ul>\n<p><strong>SKU: FR0107<\/strong><\/p>\n<p>&nbsp;<\/p>\n","protected":false},"featured_media":8334,"template":"","meta":[],"product_brand":[],"product_cat":[697,1017,652,94],"product_tag":[487,692,654],"class_list":{"0":"post-8333","1":"product","2":"type-product","3":"status-publish","4":"has-post-thumbnail","6":"product_cat-lavavajillas-manuales","7":"product_cat-lavavajillas-detergentes-abrillantadores","8":"product_cat-productos-quimicos-industriales","9":"product_cat-quimicos-articulos-limpieza","10":"product_tag-cocina","11":"product_tag-lavavajillas","12":"product_tag-productos-quimicos","14":"first","15":"instock","16":"shipping-taxable","17":"product-type-simple"},"yoast_head":"<!-- This site is optimized with the Yoast SEO plugin v27.3 - https:\/\/yoast.com\/product\/yoast-seo-wordpress\/ -->\n<title>BOTE 1 LT LAVAVAJILLAS MANUAL HT - C\u00d3DIGO: FR0107 - Meprolim<\/title>\n<meta name=\"robots\" content=\"index, follow, max-snippet:-1, max-image-preview:large, max-video-preview:-1\" \/>\n<link rel=\"canonical\" href=\"https:\/\/meprolim.es\/producto\/quimicos-articulos-limpieza\/productos-quimicos-industriales\/lavavajillas-detergentes-abrillantadores\/lavavajillas-manuales\/bote-1lt-lavavajillas-higienizante\/\" \/>\n<meta property=\"og:locale\" content=\"fr_FR\" \/>\n<meta property=\"og:type\" content=\"article\" \/>\n<meta property=\"og:title\" content=\"BOTE 1 LT LAVAVAJILLAS MANUAL HT - C\u00d3DIGO: FR0107 - Meprolim\" \/>\n<meta property=\"og:description\" content=\"Caracter\u00edsticas:   Producto ideal para el lavado manual de vajillas.  Limpieza, desengrase de todo tipo de superficies, azulejos, suelos.  Eliminando todo tipo de residuos org\u00e1nicos, sin verse afectada su eficacia por el uso de aguas de extremada dureza.  Su formulaci\u00f3n, a base de tensioactivos y su pH neutro no da\u00f1a las manos m\u00e1s delicadas.  Datos t\u00e9cnicos:   pH 6-7  Producto l\u00edquido.  Color: amarillo.  Perfume: lim\u00f3n.  Utilizar el producto disuelto en agua en proporci\u00f3n de 4 a 6 gramos por cada 5 litros de agua.  Verter el producto antes que el agua para mejor disoluci\u00f3n.  SKU: FR0107  &nbsp;\" \/>\n<meta property=\"og:url\" content=\"https:\/\/meprolim.es\/producto\/quimicos-articulos-limpieza\/productos-quimicos-industriales\/lavavajillas-detergentes-abrillantadores\/lavavajillas-manuales\/bote-1lt-lavavajillas-higienizante\/\" \/>\n<meta property=\"og:site_name\" content=\"Meprolim\" \/>\n<meta property=\"article:modified_time\" content=\"2023-05-25T23:55:07+00:00\" \/>\n<meta property=\"og:image\" content=\"https:\/\/meprolim.es\/wp-content\/uploads\/2019\/09\/FR0107.jpg\" \/>\n\t<meta property=\"og:image:width\" content=\"768\" \/>\n\t<meta property=\"og:image:height\" content=\"768\" \/>\n\t<meta property=\"og:image:type\" content=\"image\/jpeg\" \/>\n<meta name=\"twitter:card\" content=\"summary_large_image\" \/>\n<meta name=\"twitter:label1\" content=\"Dur\u00e9e de lecture estim\u00e9e\" \/>\n\t<meta name=\"twitter:data1\" content=\"1 minute\" \/>\n<script type=\"application\/ld+json\" class=\"yoast-schema-graph\">{\"@context\":\"https:\\\/\\\/schema.org\",\"@graph\":[{\"@type\":\"WebPage\",\"@id\":\"https:\\\/\\\/meprolim.es\\\/producto\\\/quimicos-articulos-limpieza\\\/productos-quimicos-industriales\\\/lavavajillas-detergentes-abrillantadores\\\/lavavajillas-manuales\\\/bote-1lt-lavavajillas-higienizante\\\/\",\"url\":\"https:\\\/\\\/meprolim.es\\\/producto\\\/quimicos-articulos-limpieza\\\/productos-quimicos-industriales\\\/lavavajillas-detergentes-abrillantadores\\\/lavavajillas-manuales\\\/bote-1lt-lavavajillas-higienizante\\\/\",\"name\":\"BOTE 1 LT LAVAVAJILLAS MANUAL HT - C\u00d3DIGO: FR0107 - Meprolim\",\"isPartOf\":{\"@id\":\"https:\\\/\\\/meprolim.es\\\/fr\\\/#website\"},\"primaryImageOfPage\":{\"@id\":\"https:\\\/\\\/meprolim.es\\\/producto\\\/quimicos-articulos-limpieza\\\/productos-quimicos-industriales\\\/lavavajillas-detergentes-abrillantadores\\\/lavavajillas-manuales\\\/bote-1lt-lavavajillas-higienizante\\\/#primaryimage\"},\"image\":{\"@id\":\"https:\\\/\\\/meprolim.es\\\/producto\\\/quimicos-articulos-limpieza\\\/productos-quimicos-industriales\\\/lavavajillas-detergentes-abrillantadores\\\/lavavajillas-manuales\\\/bote-1lt-lavavajillas-higienizante\\\/#primaryimage\"},\"thumbnailUrl\":\"https:\\\/\\\/meprolim.es\\\/wp-content\\\/uploads\\\/2019\\\/09\\\/FR0107.jpg\",\"datePublished\":\"2019-09-02T06:10:47+00:00\",\"dateModified\":\"2023-05-25T23:55:07+00:00\",\"breadcrumb\":{\"@id\":\"https:\\\/\\\/meprolim.es\\\/producto\\\/quimicos-articulos-limpieza\\\/productos-quimicos-industriales\\\/lavavajillas-detergentes-abrillantadores\\\/lavavajillas-manuales\\\/bote-1lt-lavavajillas-higienizante\\\/#breadcrumb\"},\"inLanguage\":\"fr-FR\",\"potentialAction\":[{\"@type\":\"ReadAction\",\"target\":[\"https:\\\/\\\/meprolim.es\\\/producto\\\/quimicos-articulos-limpieza\\\/productos-quimicos-industriales\\\/lavavajillas-detergentes-abrillantadores\\\/lavavajillas-manuales\\\/bote-1lt-lavavajillas-higienizante\\\/\"]}]},{\"@type\":\"ImageObject\",\"inLanguage\":\"fr-FR\",\"@id\":\"https:\\\/\\\/meprolim.es\\\/producto\\\/quimicos-articulos-limpieza\\\/productos-quimicos-industriales\\\/lavavajillas-detergentes-abrillantadores\\\/lavavajillas-manuales\\\/bote-1lt-lavavajillas-higienizante\\\/#primaryimage\",\"url\":\"https:\\\/\\\/meprolim.es\\\/wp-content\\\/uploads\\\/2019\\\/09\\\/FR0107.jpg\",\"contentUrl\":\"https:\\\/\\\/meprolim.es\\\/wp-content\\\/uploads\\\/2019\\\/09\\\/FR0107.jpg\",\"width\":768,\"height\":768},{\"@type\":\"BreadcrumbList\",\"@id\":\"https:\\\/\\\/meprolim.es\\\/producto\\\/quimicos-articulos-limpieza\\\/productos-quimicos-industriales\\\/lavavajillas-detergentes-abrillantadores\\\/lavavajillas-manuales\\\/bote-1lt-lavavajillas-higienizante\\\/#breadcrumb\",\"itemListElement\":[{\"@type\":\"ListItem\",\"position\":1,\"name\":\"Portada\",\"item\":\"https:\\\/\\\/meprolim.es\\\/fr\\\/\"},{\"@type\":\"ListItem\",\"position\":2,\"name\":\"Catalogue\",\"item\":\"https:\\\/\\\/meprolim.es\\\/fr\\\/catalogue\\\/\"},{\"@type\":\"ListItem\",\"position\":3,\"name\":\"BOTE 1 LT LAVAVAJILLAS MANUAL HT &#8211; C\u00d3DIGO: FR0107\"}]},{\"@type\":\"WebSite\",\"@id\":\"https:\\\/\\\/meprolim.es\\\/fr\\\/#website\",\"url\":\"https:\\\/\\\/meprolim.es\\\/fr\\\/\",\"name\":\"Meprolim\",\"description\":\"Cavas Catalanas S.L.\",\"publisher\":{\"@id\":\"https:\\\/\\\/meprolim.es\\\/fr\\\/#organization\"},\"potentialAction\":[{\"@type\":\"SearchAction\",\"target\":{\"@type\":\"EntryPoint\",\"urlTemplate\":\"https:\\\/\\\/meprolim.es\\\/fr\\\/?s={search_term_string}\"},\"query-input\":{\"@type\":\"PropertyValueSpecification\",\"valueRequired\":true,\"valueName\":\"search_term_string\"}}],\"inLanguage\":\"fr-FR\"},{\"@type\":\"Organization\",\"@id\":\"https:\\\/\\\/meprolim.es\\\/fr\\\/#organization\",\"name\":\"Meprolim\",\"url\":\"https:\\\/\\\/meprolim.es\\\/fr\\\/\",\"logo\":{\"@type\":\"ImageObject\",\"inLanguage\":\"fr-FR\",\"@id\":\"https:\\\/\\\/meprolim.es\\\/fr\\\/#\\\/schema\\\/logo\\\/image\\\/\",\"url\":\"https:\\\/\\\/meprolim.es\\\/wp-content\\\/uploads\\\/2019\\\/07\\\/cropped-logo2.png\",\"contentUrl\":\"https:\\\/\\\/meprolim.es\\\/wp-content\\\/uploads\\\/2019\\\/07\\\/cropped-logo2.png\",\"width\":401,\"height\":162,\"caption\":\"Meprolim\"},\"image\":{\"@id\":\"https:\\\/\\\/meprolim.es\\\/fr\\\/#\\\/schema\\\/logo\\\/image\\\/\"}}]}<\/script>\n<!-- \/ Yoast SEO plugin. -->","yoast_head_json":{"title":"BOTE 1 LT LAVAVAJILLAS MANUAL HT - C\u00d3DIGO: FR0107 - Meprolim","robots":{"index":"index","follow":"follow","max-snippet":"max-snippet:-1","max-image-preview":"max-image-preview:large","max-video-preview":"max-video-preview:-1"},"canonical":"https:\/\/meprolim.es\/producto\/quimicos-articulos-limpieza\/productos-quimicos-industriales\/lavavajillas-detergentes-abrillantadores\/lavavajillas-manuales\/bote-1lt-lavavajillas-higienizante\/","og_locale":"fr_FR","og_type":"article","og_title":"BOTE 1 LT LAVAVAJILLAS MANUAL HT - C\u00d3DIGO: FR0107 - Meprolim","og_description":"Caracter\u00edsticas:   Producto ideal para el lavado manual de vajillas.  Limpieza, desengrase de todo tipo de superficies, azulejos, suelos.  Eliminando todo tipo de residuos org\u00e1nicos, sin verse afectada su eficacia por el uso de aguas de extremada dureza.  Su formulaci\u00f3n, a base de tensioactivos y su pH neutro no da\u00f1a las manos m\u00e1s delicadas.  Datos t\u00e9cnicos:   pH 6-7  Producto l\u00edquido.  Color: amarillo.  Perfume: lim\u00f3n.  Utilizar el producto disuelto en agua en proporci\u00f3n de 4 a 6 gramos por cada 5 litros de agua.  Verter el producto antes que el agua para mejor disoluci\u00f3n.  SKU: FR0107  &nbsp;","og_url":"https:\/\/meprolim.es\/producto\/quimicos-articulos-limpieza\/productos-quimicos-industriales\/lavavajillas-detergentes-abrillantadores\/lavavajillas-manuales\/bote-1lt-lavavajillas-higienizante\/","og_site_name":"Meprolim","article_modified_time":"2023-05-25T23:55:07+00:00","og_image":[{"width":768,"height":768,"url":"https:\/\/meprolim.es\/wp-content\/uploads\/2019\/09\/FR0107.jpg","type":"image\/jpeg"}],"twitter_card":"summary_large_image","twitter_misc":{"Dur\u00e9e de lecture estim\u00e9e":"1 minute"},"schema":{"@context":"https:\/\/schema.org","@graph":[{"@type":"WebPage","@id":"https:\/\/meprolim.es\/producto\/quimicos-articulos-limpieza\/productos-quimicos-industriales\/lavavajillas-detergentes-abrillantadores\/lavavajillas-manuales\/bote-1lt-lavavajillas-higienizante\/","url":"https:\/\/meprolim.es\/producto\/quimicos-articulos-limpieza\/productos-quimicos-industriales\/lavavajillas-detergentes-abrillantadores\/lavavajillas-manuales\/bote-1lt-lavavajillas-higienizante\/","name":"BOTE 1 LT LAVAVAJILLAS MANUAL HT - C\u00d3DIGO: FR0107 - Meprolim","isPartOf":{"@id":"https:\/\/meprolim.es\/fr\/#website"},"primaryImageOfPage":{"@id":"https:\/\/meprolim.es\/producto\/quimicos-articulos-limpieza\/productos-quimicos-industriales\/lavavajillas-detergentes-abrillantadores\/lavavajillas-manuales\/bote-1lt-lavavajillas-higienizante\/#primaryimage"},"image":{"@id":"https:\/\/meprolim.es\/producto\/quimicos-articulos-limpieza\/productos-quimicos-industriales\/lavavajillas-detergentes-abrillantadores\/lavavajillas-manuales\/bote-1lt-lavavajillas-higienizante\/#primaryimage"},"thumbnailUrl":"https:\/\/meprolim.es\/wp-content\/uploads\/2019\/09\/FR0107.jpg","datePublished":"2019-09-02T06:10:47+00:00","dateModified":"2023-05-25T23:55:07+00:00","breadcrumb":{"@id":"https:\/\/meprolim.es\/producto\/quimicos-articulos-limpieza\/productos-quimicos-industriales\/lavavajillas-detergentes-abrillantadores\/lavavajillas-manuales\/bote-1lt-lavavajillas-higienizante\/#breadcrumb"},"inLanguage":"fr-FR","potentialAction":[{"@type":"ReadAction","target":["https:\/\/meprolim.es\/producto\/quimicos-articulos-limpieza\/productos-quimicos-industriales\/lavavajillas-detergentes-abrillantadores\/lavavajillas-manuales\/bote-1lt-lavavajillas-higienizante\/"]}]},{"@type":"ImageObject","inLanguage":"fr-FR","@id":"https:\/\/meprolim.es\/producto\/quimicos-articulos-limpieza\/productos-quimicos-industriales\/lavavajillas-detergentes-abrillantadores\/lavavajillas-manuales\/bote-1lt-lavavajillas-higienizante\/#primaryimage","url":"https:\/\/meprolim.es\/wp-content\/uploads\/2019\/09\/FR0107.jpg","contentUrl":"https:\/\/meprolim.es\/wp-content\/uploads\/2019\/09\/FR0107.jpg","width":768,"height":768},{"@type":"BreadcrumbList","@id":"https:\/\/meprolim.es\/producto\/quimicos-articulos-limpieza\/productos-quimicos-industriales\/lavavajillas-detergentes-abrillantadores\/lavavajillas-manuales\/bote-1lt-lavavajillas-higienizante\/#breadcrumb","itemListElement":[{"@type":"ListItem","position":1,"name":"Portada","item":"https:\/\/meprolim.es\/fr\/"},{"@type":"ListItem","position":2,"name":"Catalogue","item":"https:\/\/meprolim.es\/fr\/catalogue\/"},{"@type":"ListItem","position":3,"name":"BOTE 1 LT LAVAVAJILLAS MANUAL HT &#8211; C\u00d3DIGO: FR0107"}]},{"@type":"WebSite","@id":"https:\/\/meprolim.es\/fr\/#website","url":"https:\/\/meprolim.es\/fr\/","name":"Meprolim","description":"Cavas Catalanas S.L.","publisher":{"@id":"https:\/\/meprolim.es\/fr\/#organization"},"potentialAction":[{"@type":"SearchAction","target":{"@type":"EntryPoint","urlTemplate":"https:\/\/meprolim.es\/fr\/?s={search_term_string}"},"query-input":{"@type":"PropertyValueSpecification","valueRequired":true,"valueName":"search_term_string"}}],"inLanguage":"fr-FR"},{"@type":"Organization","@id":"https:\/\/meprolim.es\/fr\/#organization","name":"Meprolim","url":"https:\/\/meprolim.es\/fr\/","logo":{"@type":"ImageObject","inLanguage":"fr-FR","@id":"https:\/\/meprolim.es\/fr\/#\/schema\/logo\/image\/","url":"https:\/\/meprolim.es\/wp-content\/uploads\/2019\/07\/cropped-logo2.png","contentUrl":"https:\/\/meprolim.es\/wp-content\/uploads\/2019\/07\/cropped-logo2.png","width":401,"height":162,"caption":"Meprolim"},"image":{"@id":"https:\/\/meprolim.es\/fr\/#\/schema\/logo\/image\/"}}]}},"_links":{"self":[{"href":"https:\/\/meprolim.es\/fr\/wp-json\/wp\/v2\/product\/8333","targetHints":{"allow":["GET"]}}],"collection":[{"href":"https:\/\/meprolim.es\/fr\/wp-json\/wp\/v2\/product"}],"about":[{"href":"https:\/\/meprolim.es\/fr\/wp-json\/wp\/v2\/types\/product"}],"wp:featuredmedia":[{"embeddable":true,"href":"https:\/\/meprolim.es\/fr\/wp-json\/wp\/v2\/media\/8334"}],"wp:attachment":[{"href":"https:\/\/meprolim.es\/fr\/wp-json\/wp\/v2\/media?parent=8333"}],"wp:term":[{"taxonomy":"product_brand","embeddable":true,"href":"https:\/\/meprolim.es\/fr\/wp-json\/wp\/v2\/product_brand?post=8333"},{"taxonomy":"product_cat","embeddable":true,"href":"https:\/\/meprolim.es\/fr\/wp-json\/wp\/v2\/product_cat?post=8333"},{"taxonomy":"product_tag","embeddable":true,"href":"https:\/\/meprolim.es\/fr\/wp-json\/wp\/v2\/product_tag?post=8333"}],"curies":[{"name":"wp","href":"https:\/\/api.w.org\/{rel}","templated":true}]}}