{"id":8413,"date":"2019-09-02T09:31:47","date_gmt":"2019-09-02T08:31:47","guid":{"rendered":"http:\/\/www.meprolim.es\/?post_type=product&#038;p=8413"},"modified":"2023-05-26T22:20:20","modified_gmt":"2023-05-26T21:20:20","slug":"botella-2lt-lejia-con-detergente","status":"publish","type":"product","link":"https:\/\/meprolim.es\/fr\/producto\/quimicos-y-articulos-de-limpieza\/productos-quimicos-industriales-fr-2\/quimicos-comunes-fr-2\/botella-2lt-lejia-con-detergente\/","title":{"rendered":"BOTELLA 2LT LEJ\u00cdA CON DETERGENTE &#8211; C\u00d3DIGO: PL0237"},"content":{"rendered":"<div class=\"wpb-content-wrapper\"><p>[vc_row][vc_column][\/vc_column][\/vc_row]<\/p>\n<\/div>","protected":false},"excerpt":{"rendered":"<p>Caracter\u00edsticas:<\/p>\n<ul>\n<li>Soluci\u00f3n acuosa de hipoclorito s\u00f3dico en agua depurada.<\/li>\n<li>Concentraci\u00f3n 40 g\/l de cloro activo, mezclado con tensioactivos anf\u00f3teros, que junto con \u00e1lcalis, limpia y desinfecta profundamente, potenciando la acci\u00f3n bactericida del hipoclorito s\u00f3dico.<\/li>\n<li>Contiene menos del 5% de blanqueantes basados en cloro y 1-5% de tensioactivos cati\u00f3nicos.<\/li>\n<\/ul>\n<p>Datos t\u00e9cnicos:<\/p>\n<ul>\n<li>Producto l\u00edquido.<\/li>\n<li>Color: amarillo claro.<\/li>\n<li>Perfume: a cloro.<\/li>\n<li>SUELOS: diluir 1 vaso en 10 l de agua.<\/li>\n<li>WC Y COCINA: pura.<\/li>\n<li>Dejar que act\u00fae por unos minutos.<\/li>\n<li>MANCHAS: frotar a mano.<\/li>\n<\/ul>\n<p><strong>SKU: PL0237<\/strong><\/p>\n<p>&nbsp;<\/p>\n","protected":false},"featured_media":8414,"template":"","meta":[],"product_brand":[],"product_cat":[652,706,94],"product_tag":[709,654],"class_list":{"0":"post-8413","1":"product","2":"type-product","3":"status-publish","4":"has-post-thumbnail","6":"product_cat-productos-quimicos-industriales","7":"product_cat-quimicos-comunes","8":"product_cat-quimicos-articulos-limpieza","9":"product_tag-lejia","10":"product_tag-productos-quimicos","12":"first","13":"instock","14":"shipping-taxable","15":"product-type-simple"},"yoast_head":"<!-- This site is optimized with the Yoast SEO plugin v27.4 - https:\/\/yoast.com\/product\/yoast-seo-wordpress\/ -->\n<title>BOTELLA 2LT LEJ\u00cdA CON DETERGENTE - C\u00d3DIGO: PL0237 - Meprolim<\/title>\n<meta name=\"robots\" content=\"index, follow, max-snippet:-1, max-image-preview:large, max-video-preview:-1\" \/>\n<link rel=\"canonical\" href=\"https:\/\/meprolim.es\/producto\/quimicos-articulos-limpieza\/productos-quimicos-industriales\/quimicos-comunes\/botella-2lt-lejia-con-detergente\/\" \/>\n<meta property=\"og:locale\" content=\"fr_FR\" \/>\n<meta property=\"og:type\" content=\"article\" \/>\n<meta property=\"og:title\" content=\"BOTELLA 2LT LEJ\u00cdA CON DETERGENTE - C\u00d3DIGO: PL0237 - Meprolim\" \/>\n<meta property=\"og:description\" content=\"Caracter\u00edsticas:   Soluci\u00f3n acuosa de hipoclorito s\u00f3dico en agua depurada.  Concentraci\u00f3n 40 g\/l de cloro activo, mezclado con tensioactivos anf\u00f3teros, que junto con \u00e1lcalis, limpia y desinfecta profundamente, potenciando la acci\u00f3n bactericida del hipoclorito s\u00f3dico.  Contiene menos del 5% de blanqueantes basados en cloro y 1-5% de tensioactivos cati\u00f3nicos.  Datos t\u00e9cnicos:   Producto l\u00edquido.  Color: amarillo claro.  Perfume: a cloro.  SUELOS: diluir 1 vaso en 10 l de agua.  WC Y COCINA: pura.  Dejar que act\u00fae por unos minutos.  MANCHAS: frotar a mano.  SKU: PL0237 &nbsp;\" \/>\n<meta property=\"og:url\" content=\"https:\/\/meprolim.es\/producto\/quimicos-articulos-limpieza\/productos-quimicos-industriales\/quimicos-comunes\/botella-2lt-lejia-con-detergente\/\" \/>\n<meta property=\"og:site_name\" content=\"Meprolim\" \/>\n<meta property=\"article:modified_time\" content=\"2023-05-26T21:20:20+00:00\" \/>\n<meta property=\"og:image\" content=\"https:\/\/meprolim.es\/wp-content\/uploads\/2019\/09\/PL0237.jpg\" \/>\n\t<meta property=\"og:image:width\" content=\"768\" \/>\n\t<meta property=\"og:image:height\" content=\"768\" \/>\n\t<meta property=\"og:image:type\" content=\"image\/jpeg\" \/>\n<meta name=\"twitter:card\" content=\"summary_large_image\" \/>\n<meta name=\"twitter:label1\" content=\"Dur\u00e9e de lecture estim\u00e9e\" \/>\n\t<meta name=\"twitter:data1\" content=\"1 minute\" \/>\n<script type=\"application\/ld+json\" class=\"yoast-schema-graph\">{\"@context\":\"https:\\\/\\\/schema.org\",\"@graph\":[{\"@type\":\"WebPage\",\"@id\":\"https:\\\/\\\/meprolim.es\\\/producto\\\/quimicos-articulos-limpieza\\\/productos-quimicos-industriales\\\/quimicos-comunes\\\/botella-2lt-lejia-con-detergente\\\/\",\"url\":\"https:\\\/\\\/meprolim.es\\\/producto\\\/quimicos-articulos-limpieza\\\/productos-quimicos-industriales\\\/quimicos-comunes\\\/botella-2lt-lejia-con-detergente\\\/\",\"name\":\"BOTELLA 2LT LEJ\u00cdA CON DETERGENTE - C\u00d3DIGO: PL0237 - Meprolim\",\"isPartOf\":{\"@id\":\"https:\\\/\\\/meprolim.es\\\/fr\\\/#website\"},\"primaryImageOfPage\":{\"@id\":\"https:\\\/\\\/meprolim.es\\\/producto\\\/quimicos-articulos-limpieza\\\/productos-quimicos-industriales\\\/quimicos-comunes\\\/botella-2lt-lejia-con-detergente\\\/#primaryimage\"},\"image\":{\"@id\":\"https:\\\/\\\/meprolim.es\\\/producto\\\/quimicos-articulos-limpieza\\\/productos-quimicos-industriales\\\/quimicos-comunes\\\/botella-2lt-lejia-con-detergente\\\/#primaryimage\"},\"thumbnailUrl\":\"https:\\\/\\\/meprolim.es\\\/wp-content\\\/uploads\\\/2019\\\/09\\\/PL0237.jpg\",\"datePublished\":\"2019-09-02T08:31:47+00:00\",\"dateModified\":\"2023-05-26T21:20:20+00:00\",\"breadcrumb\":{\"@id\":\"https:\\\/\\\/meprolim.es\\\/producto\\\/quimicos-articulos-limpieza\\\/productos-quimicos-industriales\\\/quimicos-comunes\\\/botella-2lt-lejia-con-detergente\\\/#breadcrumb\"},\"inLanguage\":\"fr-FR\",\"potentialAction\":[{\"@type\":\"ReadAction\",\"target\":[\"https:\\\/\\\/meprolim.es\\\/producto\\\/quimicos-articulos-limpieza\\\/productos-quimicos-industriales\\\/quimicos-comunes\\\/botella-2lt-lejia-con-detergente\\\/\"]}]},{\"@type\":\"ImageObject\",\"inLanguage\":\"fr-FR\",\"@id\":\"https:\\\/\\\/meprolim.es\\\/producto\\\/quimicos-articulos-limpieza\\\/productos-quimicos-industriales\\\/quimicos-comunes\\\/botella-2lt-lejia-con-detergente\\\/#primaryimage\",\"url\":\"https:\\\/\\\/meprolim.es\\\/wp-content\\\/uploads\\\/2019\\\/09\\\/PL0237.jpg\",\"contentUrl\":\"https:\\\/\\\/meprolim.es\\\/wp-content\\\/uploads\\\/2019\\\/09\\\/PL0237.jpg\",\"width\":768,\"height\":768},{\"@type\":\"BreadcrumbList\",\"@id\":\"https:\\\/\\\/meprolim.es\\\/producto\\\/quimicos-articulos-limpieza\\\/productos-quimicos-industriales\\\/quimicos-comunes\\\/botella-2lt-lejia-con-detergente\\\/#breadcrumb\",\"itemListElement\":[{\"@type\":\"ListItem\",\"position\":1,\"name\":\"Portada\",\"item\":\"https:\\\/\\\/meprolim.es\\\/fr\\\/\"},{\"@type\":\"ListItem\",\"position\":2,\"name\":\"Catalogue\",\"item\":\"https:\\\/\\\/meprolim.es\\\/fr\\\/catalogue\\\/\"},{\"@type\":\"ListItem\",\"position\":3,\"name\":\"BOTELLA 2LT LEJ\u00cdA CON DETERGENTE &#8211; C\u00d3DIGO: PL0237\"}]},{\"@type\":\"WebSite\",\"@id\":\"https:\\\/\\\/meprolim.es\\\/fr\\\/#website\",\"url\":\"https:\\\/\\\/meprolim.es\\\/fr\\\/\",\"name\":\"Meprolim\",\"description\":\"Cavas Catalanas S.L.\",\"publisher\":{\"@id\":\"https:\\\/\\\/meprolim.es\\\/fr\\\/#organization\"},\"potentialAction\":[{\"@type\":\"SearchAction\",\"target\":{\"@type\":\"EntryPoint\",\"urlTemplate\":\"https:\\\/\\\/meprolim.es\\\/fr\\\/?s={search_term_string}\"},\"query-input\":{\"@type\":\"PropertyValueSpecification\",\"valueRequired\":true,\"valueName\":\"search_term_string\"}}],\"inLanguage\":\"fr-FR\"},{\"@type\":\"Organization\",\"@id\":\"https:\\\/\\\/meprolim.es\\\/fr\\\/#organization\",\"name\":\"Meprolim\",\"url\":\"https:\\\/\\\/meprolim.es\\\/fr\\\/\",\"logo\":{\"@type\":\"ImageObject\",\"inLanguage\":\"fr-FR\",\"@id\":\"https:\\\/\\\/meprolim.es\\\/fr\\\/#\\\/schema\\\/logo\\\/image\\\/\",\"url\":\"https:\\\/\\\/meprolim.es\\\/wp-content\\\/uploads\\\/2019\\\/07\\\/cropped-logo2.png\",\"contentUrl\":\"https:\\\/\\\/meprolim.es\\\/wp-content\\\/uploads\\\/2019\\\/07\\\/cropped-logo2.png\",\"width\":401,\"height\":162,\"caption\":\"Meprolim\"},\"image\":{\"@id\":\"https:\\\/\\\/meprolim.es\\\/fr\\\/#\\\/schema\\\/logo\\\/image\\\/\"}}]}<\/script>\n<!-- \/ Yoast SEO plugin. -->","yoast_head_json":{"title":"BOTELLA 2LT LEJ\u00cdA CON DETERGENTE - C\u00d3DIGO: PL0237 - Meprolim","robots":{"index":"index","follow":"follow","max-snippet":"max-snippet:-1","max-image-preview":"max-image-preview:large","max-video-preview":"max-video-preview:-1"},"canonical":"https:\/\/meprolim.es\/producto\/quimicos-articulos-limpieza\/productos-quimicos-industriales\/quimicos-comunes\/botella-2lt-lejia-con-detergente\/","og_locale":"fr_FR","og_type":"article","og_title":"BOTELLA 2LT LEJ\u00cdA CON DETERGENTE - C\u00d3DIGO: PL0237 - Meprolim","og_description":"Caracter\u00edsticas:   Soluci\u00f3n acuosa de hipoclorito s\u00f3dico en agua depurada.  Concentraci\u00f3n 40 g\/l de cloro activo, mezclado con tensioactivos anf\u00f3teros, que junto con \u00e1lcalis, limpia y desinfecta profundamente, potenciando la acci\u00f3n bactericida del hipoclorito s\u00f3dico.  Contiene menos del 5% de blanqueantes basados en cloro y 1-5% de tensioactivos cati\u00f3nicos.  Datos t\u00e9cnicos:   Producto l\u00edquido.  Color: amarillo claro.  Perfume: a cloro.  SUELOS: diluir 1 vaso en 10 l de agua.  WC Y COCINA: pura.  Dejar que act\u00fae por unos minutos.  MANCHAS: frotar a mano.  SKU: PL0237 &nbsp;","og_url":"https:\/\/meprolim.es\/producto\/quimicos-articulos-limpieza\/productos-quimicos-industriales\/quimicos-comunes\/botella-2lt-lejia-con-detergente\/","og_site_name":"Meprolim","article_modified_time":"2023-05-26T21:20:20+00:00","og_image":[{"width":768,"height":768,"url":"https:\/\/meprolim.es\/wp-content\/uploads\/2019\/09\/PL0237.jpg","type":"image\/jpeg"}],"twitter_card":"summary_large_image","twitter_misc":{"Dur\u00e9e de lecture estim\u00e9e":"1 minute"},"schema":{"@context":"https:\/\/schema.org","@graph":[{"@type":"WebPage","@id":"https:\/\/meprolim.es\/producto\/quimicos-articulos-limpieza\/productos-quimicos-industriales\/quimicos-comunes\/botella-2lt-lejia-con-detergente\/","url":"https:\/\/meprolim.es\/producto\/quimicos-articulos-limpieza\/productos-quimicos-industriales\/quimicos-comunes\/botella-2lt-lejia-con-detergente\/","name":"BOTELLA 2LT LEJ\u00cdA CON DETERGENTE - C\u00d3DIGO: PL0237 - Meprolim","isPartOf":{"@id":"https:\/\/meprolim.es\/fr\/#website"},"primaryImageOfPage":{"@id":"https:\/\/meprolim.es\/producto\/quimicos-articulos-limpieza\/productos-quimicos-industriales\/quimicos-comunes\/botella-2lt-lejia-con-detergente\/#primaryimage"},"image":{"@id":"https:\/\/meprolim.es\/producto\/quimicos-articulos-limpieza\/productos-quimicos-industriales\/quimicos-comunes\/botella-2lt-lejia-con-detergente\/#primaryimage"},"thumbnailUrl":"https:\/\/meprolim.es\/wp-content\/uploads\/2019\/09\/PL0237.jpg","datePublished":"2019-09-02T08:31:47+00:00","dateModified":"2023-05-26T21:20:20+00:00","breadcrumb":{"@id":"https:\/\/meprolim.es\/producto\/quimicos-articulos-limpieza\/productos-quimicos-industriales\/quimicos-comunes\/botella-2lt-lejia-con-detergente\/#breadcrumb"},"inLanguage":"fr-FR","potentialAction":[{"@type":"ReadAction","target":["https:\/\/meprolim.es\/producto\/quimicos-articulos-limpieza\/productos-quimicos-industriales\/quimicos-comunes\/botella-2lt-lejia-con-detergente\/"]}]},{"@type":"ImageObject","inLanguage":"fr-FR","@id":"https:\/\/meprolim.es\/producto\/quimicos-articulos-limpieza\/productos-quimicos-industriales\/quimicos-comunes\/botella-2lt-lejia-con-detergente\/#primaryimage","url":"https:\/\/meprolim.es\/wp-content\/uploads\/2019\/09\/PL0237.jpg","contentUrl":"https:\/\/meprolim.es\/wp-content\/uploads\/2019\/09\/PL0237.jpg","width":768,"height":768},{"@type":"BreadcrumbList","@id":"https:\/\/meprolim.es\/producto\/quimicos-articulos-limpieza\/productos-quimicos-industriales\/quimicos-comunes\/botella-2lt-lejia-con-detergente\/#breadcrumb","itemListElement":[{"@type":"ListItem","position":1,"name":"Portada","item":"https:\/\/meprolim.es\/fr\/"},{"@type":"ListItem","position":2,"name":"Catalogue","item":"https:\/\/meprolim.es\/fr\/catalogue\/"},{"@type":"ListItem","position":3,"name":"BOTELLA 2LT LEJ\u00cdA CON DETERGENTE &#8211; C\u00d3DIGO: PL0237"}]},{"@type":"WebSite","@id":"https:\/\/meprolim.es\/fr\/#website","url":"https:\/\/meprolim.es\/fr\/","name":"Meprolim","description":"Cavas Catalanas S.L.","publisher":{"@id":"https:\/\/meprolim.es\/fr\/#organization"},"potentialAction":[{"@type":"SearchAction","target":{"@type":"EntryPoint","urlTemplate":"https:\/\/meprolim.es\/fr\/?s={search_term_string}"},"query-input":{"@type":"PropertyValueSpecification","valueRequired":true,"valueName":"search_term_string"}}],"inLanguage":"fr-FR"},{"@type":"Organization","@id":"https:\/\/meprolim.es\/fr\/#organization","name":"Meprolim","url":"https:\/\/meprolim.es\/fr\/","logo":{"@type":"ImageObject","inLanguage":"fr-FR","@id":"https:\/\/meprolim.es\/fr\/#\/schema\/logo\/image\/","url":"https:\/\/meprolim.es\/wp-content\/uploads\/2019\/07\/cropped-logo2.png","contentUrl":"https:\/\/meprolim.es\/wp-content\/uploads\/2019\/07\/cropped-logo2.png","width":401,"height":162,"caption":"Meprolim"},"image":{"@id":"https:\/\/meprolim.es\/fr\/#\/schema\/logo\/image\/"}}]}},"_links":{"self":[{"href":"https:\/\/meprolim.es\/fr\/wp-json\/wp\/v2\/product\/8413","targetHints":{"allow":["GET"]}}],"collection":[{"href":"https:\/\/meprolim.es\/fr\/wp-json\/wp\/v2\/product"}],"about":[{"href":"https:\/\/meprolim.es\/fr\/wp-json\/wp\/v2\/types\/product"}],"wp:featuredmedia":[{"embeddable":true,"href":"https:\/\/meprolim.es\/fr\/wp-json\/wp\/v2\/media\/8414"}],"wp:attachment":[{"href":"https:\/\/meprolim.es\/fr\/wp-json\/wp\/v2\/media?parent=8413"}],"wp:term":[{"taxonomy":"product_brand","embeddable":true,"href":"https:\/\/meprolim.es\/fr\/wp-json\/wp\/v2\/product_brand?post=8413"},{"taxonomy":"product_cat","embeddable":true,"href":"https:\/\/meprolim.es\/fr\/wp-json\/wp\/v2\/product_cat?post=8413"},{"taxonomy":"product_tag","embeddable":true,"href":"https:\/\/meprolim.es\/fr\/wp-json\/wp\/v2\/product_tag?post=8413"}],"curies":[{"name":"wp","href":"https:\/\/api.w.org\/{rel}","templated":true}]}}