{"id":8592,"date":"2019-09-02T13:45:50","date_gmt":"2019-09-02T12:45:50","guid":{"rendered":"http:\/\/www.meprolim.es\/?post_type=product&#038;p=8592"},"modified":"2023-05-27T20:43:43","modified_gmt":"2023-05-27T19:43:43","slug":"bidon-20kg-suavigen-plus-k","status":"publish","type":"product","link":"https:\/\/meprolim.es\/fr\/producto\/quimicos-y-articulos-de-limpieza\/productos-quimicos-industriales-fr-2\/lavanderia-fr-2\/suavisantes-fr-2\/bidon-20kg-suavigen-plus-k\/","title":{"rendered":"BID\u00d3N 20KG SUAVIGEN PLUS K &#8211; C\u00d3DIGO: BX4153"},"content":{"rendered":"<div class=\"wpb-content-wrapper\"><p>[vc_row][vc_column][vc_column_text]<\/p>\n<p style=\"text-align: justify;\">Proporciona sensaci\u00f3n de suavidad y frescura a los tejidos. Aporta un perfume duradero, agradable y sutil. Facilita el planchado y evita que las prendas se vuelvan \u00e1speras. Efecto antiest\u00e1tico.<\/p>\n<p>&nbsp;<\/p>\n<p>[\/vc_column_text][\/vc_column][\/vc_row]<\/p>\n<\/div>","protected":false},"excerpt":{"rendered":"<p>Caracter\u00edsticas:<\/p>\n<ul>\n<li>Proporciona sensaci\u00f3n de suavidad y frescura a los tejidos.<\/li>\n<li>Aporta un perfume duradero, agradable y sutil.<\/li>\n<li>Facilita el planchado y evita que las prendas se vuelvan \u00e1speras.<\/li>\n<li>Efecto antiest\u00e1tico.<\/li>\n<li>Indicado para todo tipo de tejidos en lavander\u00edas profesionales, hospitalarias,&#8230;<\/li>\n<\/ul>\n<p>Datos t\u00e9cnicos:<\/p>\n<ul>\n<li>pH 4.<\/li>\n<li>Producto l\u00edquido opaco.<\/li>\n<li>Color: blanco.<\/li>\n<li>Perfume: floral.<\/li>\n<li>Dosificar en el \u00faltimo aclarado.<\/li>\n<li>2-4 g por kg de ropa para un tacto suave.<\/li>\n<li>4-6 g por kg de ropa para un tacto extra suave.<\/li>\n<\/ul>\n<p><strong>SKU: BX4153<\/strong><\/p>\n<p>&nbsp;<\/p>\n","protected":false},"featured_media":8593,"template":"","meta":[],"product_brand":[],"product_cat":[1049,652,94,1053],"product_tag":[727,654],"class_list":{"0":"post-8592","1":"product","2":"type-product","3":"status-publish","4":"has-post-thumbnail","6":"product_cat-lavanderia","7":"product_cat-productos-quimicos-industriales","8":"product_cat-quimicos-articulos-limpieza","9":"product_cat-suavisantes","10":"product_tag-lavanderia","11":"product_tag-productos-quimicos","13":"first","14":"instock","15":"shipping-taxable","16":"product-type-simple"},"yoast_head":"<!-- This site is optimized with the Yoast SEO plugin v27.3 - https:\/\/yoast.com\/product\/yoast-seo-wordpress\/ -->\n<title>BID\u00d3N 20KG SUAVIGEN PLUS K - C\u00d3DIGO: BX4153 - Meprolim<\/title>\n<meta name=\"robots\" content=\"index, follow, max-snippet:-1, max-image-preview:large, max-video-preview:-1\" \/>\n<link rel=\"canonical\" href=\"https:\/\/meprolim.es\/producto\/quimicos-articulos-limpieza\/productos-quimicos-industriales\/lavanderia\/suavisantes\/bidon-20kg-suavigen-plus-k\/\" \/>\n<meta property=\"og:locale\" content=\"fr_FR\" \/>\n<meta property=\"og:type\" content=\"article\" \/>\n<meta property=\"og:title\" content=\"BID\u00d3N 20KG SUAVIGEN PLUS K - C\u00d3DIGO: BX4153 - Meprolim\" \/>\n<meta property=\"og:description\" content=\"Caracter\u00edsticas:   Proporciona sensaci\u00f3n de suavidad y frescura a los tejidos.  Aporta un perfume duradero, agradable y sutil.  Facilita el planchado y evita que las prendas se vuelvan \u00e1speras.  Efecto antiest\u00e1tico.  Indicado para todo tipo de tejidos en lavander\u00edas profesionales, hospitalarias,...  Datos t\u00e9cnicos:   pH 4.  Producto l\u00edquido opaco.  Color: blanco.  Perfume: floral.  Dosificar en el \u00faltimo aclarado.  2-4 g por kg de ropa para un tacto suave.  4-6 g por kg de ropa para un tacto extra suave.  SKU: BX4153  &nbsp;\" \/>\n<meta property=\"og:url\" content=\"https:\/\/meprolim.es\/producto\/quimicos-articulos-limpieza\/productos-quimicos-industriales\/lavanderia\/suavisantes\/bidon-20kg-suavigen-plus-k\/\" \/>\n<meta property=\"og:site_name\" content=\"Meprolim\" \/>\n<meta property=\"article:modified_time\" content=\"2023-05-27T19:43:43+00:00\" \/>\n<meta property=\"og:image\" content=\"https:\/\/meprolim.es\/wp-content\/uploads\/2019\/09\/BX4153.jpg\" \/>\n\t<meta property=\"og:image:width\" content=\"1417\" \/>\n\t<meta property=\"og:image:height\" content=\"1417\" \/>\n\t<meta property=\"og:image:type\" content=\"image\/jpeg\" \/>\n<meta name=\"twitter:card\" content=\"summary_large_image\" \/>\n<meta name=\"twitter:label1\" content=\"Dur\u00e9e de lecture estim\u00e9e\" \/>\n\t<meta name=\"twitter:data1\" content=\"1 minute\" \/>\n<script type=\"application\/ld+json\" class=\"yoast-schema-graph\">{\"@context\":\"https:\\\/\\\/schema.org\",\"@graph\":[{\"@type\":\"WebPage\",\"@id\":\"https:\\\/\\\/meprolim.es\\\/producto\\\/quimicos-articulos-limpieza\\\/productos-quimicos-industriales\\\/lavanderia\\\/suavisantes\\\/bidon-20kg-suavigen-plus-k\\\/\",\"url\":\"https:\\\/\\\/meprolim.es\\\/producto\\\/quimicos-articulos-limpieza\\\/productos-quimicos-industriales\\\/lavanderia\\\/suavisantes\\\/bidon-20kg-suavigen-plus-k\\\/\",\"name\":\"BID\u00d3N 20KG SUAVIGEN PLUS K - C\u00d3DIGO: BX4153 - Meprolim\",\"isPartOf\":{\"@id\":\"https:\\\/\\\/meprolim.es\\\/fr\\\/#website\"},\"primaryImageOfPage\":{\"@id\":\"https:\\\/\\\/meprolim.es\\\/producto\\\/quimicos-articulos-limpieza\\\/productos-quimicos-industriales\\\/lavanderia\\\/suavisantes\\\/bidon-20kg-suavigen-plus-k\\\/#primaryimage\"},\"image\":{\"@id\":\"https:\\\/\\\/meprolim.es\\\/producto\\\/quimicos-articulos-limpieza\\\/productos-quimicos-industriales\\\/lavanderia\\\/suavisantes\\\/bidon-20kg-suavigen-plus-k\\\/#primaryimage\"},\"thumbnailUrl\":\"https:\\\/\\\/meprolim.es\\\/wp-content\\\/uploads\\\/2019\\\/09\\\/BX4153.jpg\",\"datePublished\":\"2019-09-02T12:45:50+00:00\",\"dateModified\":\"2023-05-27T19:43:43+00:00\",\"breadcrumb\":{\"@id\":\"https:\\\/\\\/meprolim.es\\\/producto\\\/quimicos-articulos-limpieza\\\/productos-quimicos-industriales\\\/lavanderia\\\/suavisantes\\\/bidon-20kg-suavigen-plus-k\\\/#breadcrumb\"},\"inLanguage\":\"fr-FR\",\"potentialAction\":[{\"@type\":\"ReadAction\",\"target\":[\"https:\\\/\\\/meprolim.es\\\/producto\\\/quimicos-articulos-limpieza\\\/productos-quimicos-industriales\\\/lavanderia\\\/suavisantes\\\/bidon-20kg-suavigen-plus-k\\\/\"]}]},{\"@type\":\"ImageObject\",\"inLanguage\":\"fr-FR\",\"@id\":\"https:\\\/\\\/meprolim.es\\\/producto\\\/quimicos-articulos-limpieza\\\/productos-quimicos-industriales\\\/lavanderia\\\/suavisantes\\\/bidon-20kg-suavigen-plus-k\\\/#primaryimage\",\"url\":\"https:\\\/\\\/meprolim.es\\\/wp-content\\\/uploads\\\/2019\\\/09\\\/BX4153.jpg\",\"contentUrl\":\"https:\\\/\\\/meprolim.es\\\/wp-content\\\/uploads\\\/2019\\\/09\\\/BX4153.jpg\",\"width\":1417,\"height\":1417},{\"@type\":\"BreadcrumbList\",\"@id\":\"https:\\\/\\\/meprolim.es\\\/producto\\\/quimicos-articulos-limpieza\\\/productos-quimicos-industriales\\\/lavanderia\\\/suavisantes\\\/bidon-20kg-suavigen-plus-k\\\/#breadcrumb\",\"itemListElement\":[{\"@type\":\"ListItem\",\"position\":1,\"name\":\"Portada\",\"item\":\"https:\\\/\\\/meprolim.es\\\/fr\\\/\"},{\"@type\":\"ListItem\",\"position\":2,\"name\":\"Catalogue\",\"item\":\"https:\\\/\\\/meprolim.es\\\/fr\\\/catalogue\\\/\"},{\"@type\":\"ListItem\",\"position\":3,\"name\":\"BID\u00d3N 20KG SUAVIGEN PLUS K &#8211; C\u00d3DIGO: BX4153\"}]},{\"@type\":\"WebSite\",\"@id\":\"https:\\\/\\\/meprolim.es\\\/fr\\\/#website\",\"url\":\"https:\\\/\\\/meprolim.es\\\/fr\\\/\",\"name\":\"Meprolim\",\"description\":\"Cavas Catalanas S.L.\",\"publisher\":{\"@id\":\"https:\\\/\\\/meprolim.es\\\/fr\\\/#organization\"},\"potentialAction\":[{\"@type\":\"SearchAction\",\"target\":{\"@type\":\"EntryPoint\",\"urlTemplate\":\"https:\\\/\\\/meprolim.es\\\/fr\\\/?s={search_term_string}\"},\"query-input\":{\"@type\":\"PropertyValueSpecification\",\"valueRequired\":true,\"valueName\":\"search_term_string\"}}],\"inLanguage\":\"fr-FR\"},{\"@type\":\"Organization\",\"@id\":\"https:\\\/\\\/meprolim.es\\\/fr\\\/#organization\",\"name\":\"Meprolim\",\"url\":\"https:\\\/\\\/meprolim.es\\\/fr\\\/\",\"logo\":{\"@type\":\"ImageObject\",\"inLanguage\":\"fr-FR\",\"@id\":\"https:\\\/\\\/meprolim.es\\\/fr\\\/#\\\/schema\\\/logo\\\/image\\\/\",\"url\":\"https:\\\/\\\/meprolim.es\\\/wp-content\\\/uploads\\\/2019\\\/07\\\/cropped-logo2.png\",\"contentUrl\":\"https:\\\/\\\/meprolim.es\\\/wp-content\\\/uploads\\\/2019\\\/07\\\/cropped-logo2.png\",\"width\":401,\"height\":162,\"caption\":\"Meprolim\"},\"image\":{\"@id\":\"https:\\\/\\\/meprolim.es\\\/fr\\\/#\\\/schema\\\/logo\\\/image\\\/\"}}]}<\/script>\n<!-- \/ Yoast SEO plugin. -->","yoast_head_json":{"title":"BID\u00d3N 20KG SUAVIGEN PLUS K - C\u00d3DIGO: BX4153 - Meprolim","robots":{"index":"index","follow":"follow","max-snippet":"max-snippet:-1","max-image-preview":"max-image-preview:large","max-video-preview":"max-video-preview:-1"},"canonical":"https:\/\/meprolim.es\/producto\/quimicos-articulos-limpieza\/productos-quimicos-industriales\/lavanderia\/suavisantes\/bidon-20kg-suavigen-plus-k\/","og_locale":"fr_FR","og_type":"article","og_title":"BID\u00d3N 20KG SUAVIGEN PLUS K - C\u00d3DIGO: BX4153 - Meprolim","og_description":"Caracter\u00edsticas:   Proporciona sensaci\u00f3n de suavidad y frescura a los tejidos.  Aporta un perfume duradero, agradable y sutil.  Facilita el planchado y evita que las prendas se vuelvan \u00e1speras.  Efecto antiest\u00e1tico.  Indicado para todo tipo de tejidos en lavander\u00edas profesionales, hospitalarias,...  Datos t\u00e9cnicos:   pH 4.  Producto l\u00edquido opaco.  Color: blanco.  Perfume: floral.  Dosificar en el \u00faltimo aclarado.  2-4 g por kg de ropa para un tacto suave.  4-6 g por kg de ropa para un tacto extra suave.  SKU: BX4153  &nbsp;","og_url":"https:\/\/meprolim.es\/producto\/quimicos-articulos-limpieza\/productos-quimicos-industriales\/lavanderia\/suavisantes\/bidon-20kg-suavigen-plus-k\/","og_site_name":"Meprolim","article_modified_time":"2023-05-27T19:43:43+00:00","og_image":[{"width":1417,"height":1417,"url":"https:\/\/meprolim.es\/wp-content\/uploads\/2019\/09\/BX4153.jpg","type":"image\/jpeg"}],"twitter_card":"summary_large_image","twitter_misc":{"Dur\u00e9e de lecture estim\u00e9e":"1 minute"},"schema":{"@context":"https:\/\/schema.org","@graph":[{"@type":"WebPage","@id":"https:\/\/meprolim.es\/producto\/quimicos-articulos-limpieza\/productos-quimicos-industriales\/lavanderia\/suavisantes\/bidon-20kg-suavigen-plus-k\/","url":"https:\/\/meprolim.es\/producto\/quimicos-articulos-limpieza\/productos-quimicos-industriales\/lavanderia\/suavisantes\/bidon-20kg-suavigen-plus-k\/","name":"BID\u00d3N 20KG SUAVIGEN PLUS K - C\u00d3DIGO: BX4153 - Meprolim","isPartOf":{"@id":"https:\/\/meprolim.es\/fr\/#website"},"primaryImageOfPage":{"@id":"https:\/\/meprolim.es\/producto\/quimicos-articulos-limpieza\/productos-quimicos-industriales\/lavanderia\/suavisantes\/bidon-20kg-suavigen-plus-k\/#primaryimage"},"image":{"@id":"https:\/\/meprolim.es\/producto\/quimicos-articulos-limpieza\/productos-quimicos-industriales\/lavanderia\/suavisantes\/bidon-20kg-suavigen-plus-k\/#primaryimage"},"thumbnailUrl":"https:\/\/meprolim.es\/wp-content\/uploads\/2019\/09\/BX4153.jpg","datePublished":"2019-09-02T12:45:50+00:00","dateModified":"2023-05-27T19:43:43+00:00","breadcrumb":{"@id":"https:\/\/meprolim.es\/producto\/quimicos-articulos-limpieza\/productos-quimicos-industriales\/lavanderia\/suavisantes\/bidon-20kg-suavigen-plus-k\/#breadcrumb"},"inLanguage":"fr-FR","potentialAction":[{"@type":"ReadAction","target":["https:\/\/meprolim.es\/producto\/quimicos-articulos-limpieza\/productos-quimicos-industriales\/lavanderia\/suavisantes\/bidon-20kg-suavigen-plus-k\/"]}]},{"@type":"ImageObject","inLanguage":"fr-FR","@id":"https:\/\/meprolim.es\/producto\/quimicos-articulos-limpieza\/productos-quimicos-industriales\/lavanderia\/suavisantes\/bidon-20kg-suavigen-plus-k\/#primaryimage","url":"https:\/\/meprolim.es\/wp-content\/uploads\/2019\/09\/BX4153.jpg","contentUrl":"https:\/\/meprolim.es\/wp-content\/uploads\/2019\/09\/BX4153.jpg","width":1417,"height":1417},{"@type":"BreadcrumbList","@id":"https:\/\/meprolim.es\/producto\/quimicos-articulos-limpieza\/productos-quimicos-industriales\/lavanderia\/suavisantes\/bidon-20kg-suavigen-plus-k\/#breadcrumb","itemListElement":[{"@type":"ListItem","position":1,"name":"Portada","item":"https:\/\/meprolim.es\/fr\/"},{"@type":"ListItem","position":2,"name":"Catalogue","item":"https:\/\/meprolim.es\/fr\/catalogue\/"},{"@type":"ListItem","position":3,"name":"BID\u00d3N 20KG SUAVIGEN PLUS K &#8211; C\u00d3DIGO: BX4153"}]},{"@type":"WebSite","@id":"https:\/\/meprolim.es\/fr\/#website","url":"https:\/\/meprolim.es\/fr\/","name":"Meprolim","description":"Cavas Catalanas S.L.","publisher":{"@id":"https:\/\/meprolim.es\/fr\/#organization"},"potentialAction":[{"@type":"SearchAction","target":{"@type":"EntryPoint","urlTemplate":"https:\/\/meprolim.es\/fr\/?s={search_term_string}"},"query-input":{"@type":"PropertyValueSpecification","valueRequired":true,"valueName":"search_term_string"}}],"inLanguage":"fr-FR"},{"@type":"Organization","@id":"https:\/\/meprolim.es\/fr\/#organization","name":"Meprolim","url":"https:\/\/meprolim.es\/fr\/","logo":{"@type":"ImageObject","inLanguage":"fr-FR","@id":"https:\/\/meprolim.es\/fr\/#\/schema\/logo\/image\/","url":"https:\/\/meprolim.es\/wp-content\/uploads\/2019\/07\/cropped-logo2.png","contentUrl":"https:\/\/meprolim.es\/wp-content\/uploads\/2019\/07\/cropped-logo2.png","width":401,"height":162,"caption":"Meprolim"},"image":{"@id":"https:\/\/meprolim.es\/fr\/#\/schema\/logo\/image\/"}}]}},"_links":{"self":[{"href":"https:\/\/meprolim.es\/fr\/wp-json\/wp\/v2\/product\/8592","targetHints":{"allow":["GET"]}}],"collection":[{"href":"https:\/\/meprolim.es\/fr\/wp-json\/wp\/v2\/product"}],"about":[{"href":"https:\/\/meprolim.es\/fr\/wp-json\/wp\/v2\/types\/product"}],"wp:featuredmedia":[{"embeddable":true,"href":"https:\/\/meprolim.es\/fr\/wp-json\/wp\/v2\/media\/8593"}],"wp:attachment":[{"href":"https:\/\/meprolim.es\/fr\/wp-json\/wp\/v2\/media?parent=8592"}],"wp:term":[{"taxonomy":"product_brand","embeddable":true,"href":"https:\/\/meprolim.es\/fr\/wp-json\/wp\/v2\/product_brand?post=8592"},{"taxonomy":"product_cat","embeddable":true,"href":"https:\/\/meprolim.es\/fr\/wp-json\/wp\/v2\/product_cat?post=8592"},{"taxonomy":"product_tag","embeddable":true,"href":"https:\/\/meprolim.es\/fr\/wp-json\/wp\/v2\/product_tag?post=8592"}],"curies":[{"name":"wp","href":"https:\/\/api.w.org\/{rel}","templated":true}]}}