{"id":8605,"date":"2019-09-02T14:06:53","date_gmt":"2019-09-02T13:06:53","guid":{"rendered":"http:\/\/www.meprolim.es\/?post_type=product&#038;p=8605"},"modified":"2023-05-25T21:58:33","modified_gmt":"2023-05-25T20:58:33","slug":"saco-25kg-cosmo-df-detergente-universal","status":"publish","type":"product","link":"https:\/\/meprolim.es\/fr\/producto\/quimicos-y-articulos-de-limpieza\/productos-quimicos-industriales-fr-2\/lavanderia-fr-2\/detergentes-polvo-fr-2\/saco-25kg-cosmo-df-detergente-universal\/","title":{"rendered":"SACO 25KG COSMO DF DETERGENTE UNIVERSAL &#8211; C\u00d3DIGO: FR0068"},"content":{"rendered":"<div class=\"wpb-content-wrapper\"><p>[vc_row][vc_column][\/vc_column][\/vc_row]<\/p>\n<\/div>","protected":false},"excerpt":{"rendered":"<p>Caracter\u00edsticas:<\/p>\n<ul>\n<li>Detergente altamente concentrado, con ingredientes de \u00faltima generaci\u00f3n.<\/li>\n<li>Especialmente dise\u00f1ado para trabajar en aguas dif\u00edciles (ferruginosas, duras,&#8230;) a cualquier temperatura.<\/li>\n<li>Ataca las manchas dif\u00edciles e incrustaciones de cal y hierro.<\/li>\n<li>Mejora el rendimiento de otros productos como aditivo en el proceso de lavado.<\/li>\n<li>Compleja la cal para que el principio activo act\u00fae mejor.<\/li>\n<li>Alto poder de limpieza de los restos de suciedad org\u00e1nicos.<\/li>\n<li>Alto poder de destrucci\u00f3n y saponificaci\u00f3n de grasas.<\/li>\n<li>Facilita la eliminaci\u00f3n de la grasa saponificada.<\/li>\n<li>Blanqueantes \u00f3pticos: blanquea las prendas blancas y reaviva los colores de la ropa de color<\/li>\n<\/ul>\n<p>Datos t\u00e9cnicos:<\/p>\n<ul>\n<li>pH 12.<\/li>\n<li>Producto en polvo.<\/li>\n<li>Excelente rendimiento.<\/li>\n<li>Color: blanco.<\/li>\n<li>Perfume: floral.<\/li>\n<li>Con aguas duras, dosificar de 20 a 25 gramos por kilo de ropa.<\/li>\n<\/ul>\n<p><strong>SKU: FR0068<\/strong><\/p>\n<p>&nbsp;<\/p>\n","protected":false},"featured_media":8606,"template":"","meta":[],"product_brand":[],"product_cat":[737,1049,652,94],"product_tag":[727,654],"class_list":{"0":"post-8605","1":"product","2":"type-product","3":"status-publish","4":"has-post-thumbnail","6":"product_cat-detergentes-polvo","7":"product_cat-lavanderia","8":"product_cat-productos-quimicos-industriales","9":"product_cat-quimicos-articulos-limpieza","10":"product_tag-lavanderia","11":"product_tag-productos-quimicos","13":"first","14":"instock","15":"shipping-taxable","16":"product-type-simple"},"yoast_head":"<!-- This site is optimized with the Yoast SEO plugin v27.3 - https:\/\/yoast.com\/product\/yoast-seo-wordpress\/ -->\n<title>SACO 25KG COSMO DF DETERGENTE UNIVERSAL - C\u00d3DIGO: FR0068 - Meprolim<\/title>\n<meta name=\"robots\" content=\"index, follow, max-snippet:-1, max-image-preview:large, max-video-preview:-1\" \/>\n<link rel=\"canonical\" href=\"https:\/\/meprolim.es\/producto\/quimicos-articulos-limpieza\/productos-quimicos-industriales\/lavanderia\/detergentes-polvo\/saco-25kg-cosmo-df-detergente-universal\/\" \/>\n<meta property=\"og:locale\" content=\"fr_FR\" \/>\n<meta property=\"og:type\" content=\"article\" \/>\n<meta property=\"og:title\" content=\"SACO 25KG COSMO DF DETERGENTE UNIVERSAL - C\u00d3DIGO: FR0068 - Meprolim\" \/>\n<meta property=\"og:description\" content=\"Caracter\u00edsticas:   Detergente altamente concentrado, con ingredientes de \u00faltima generaci\u00f3n.  Especialmente dise\u00f1ado para trabajar en aguas dif\u00edciles (ferruginosas, duras,...) a cualquier temperatura.  Ataca las manchas dif\u00edciles e incrustaciones de cal y hierro.  Mejora el rendimiento de otros productos como aditivo en el proceso de lavado.  Compleja la cal para que el principio activo act\u00fae mejor.  Alto poder de limpieza de los restos de suciedad org\u00e1nicos.  Alto poder de destrucci\u00f3n y saponificaci\u00f3n de grasas.  Facilita la eliminaci\u00f3n de la grasa saponificada.  Blanqueantes \u00f3pticos: blanquea las prendas blancas y reaviva los colores de la ropa de color  Datos t\u00e9cnicos:   pH 12.  Producto en polvo.  Excelente rendimiento.  Color: blanco.  Perfume: floral.  Con aguas duras, dosificar de 20 a 25 gramos por kilo de ropa.  SKU: FR0068 &nbsp;\" \/>\n<meta property=\"og:url\" content=\"https:\/\/meprolim.es\/producto\/quimicos-articulos-limpieza\/productos-quimicos-industriales\/lavanderia\/detergentes-polvo\/saco-25kg-cosmo-df-detergente-universal\/\" \/>\n<meta property=\"og:site_name\" content=\"Meprolim\" \/>\n<meta property=\"article:modified_time\" content=\"2023-05-25T20:58:33+00:00\" \/>\n<meta property=\"og:image\" content=\"https:\/\/meprolim.es\/wp-content\/uploads\/2019\/09\/FR0068.jpg\" \/>\n\t<meta property=\"og:image:width\" content=\"768\" \/>\n\t<meta property=\"og:image:height\" content=\"768\" \/>\n\t<meta property=\"og:image:type\" content=\"image\/jpeg\" \/>\n<meta name=\"twitter:card\" content=\"summary_large_image\" \/>\n<meta name=\"twitter:label1\" content=\"Dur\u00e9e de lecture estim\u00e9e\" \/>\n\t<meta name=\"twitter:data1\" content=\"1 minute\" \/>\n<script type=\"application\/ld+json\" class=\"yoast-schema-graph\">{\"@context\":\"https:\\\/\\\/schema.org\",\"@graph\":[{\"@type\":\"WebPage\",\"@id\":\"https:\\\/\\\/meprolim.es\\\/producto\\\/quimicos-articulos-limpieza\\\/productos-quimicos-industriales\\\/lavanderia\\\/detergentes-polvo\\\/saco-25kg-cosmo-df-detergente-universal\\\/\",\"url\":\"https:\\\/\\\/meprolim.es\\\/producto\\\/quimicos-articulos-limpieza\\\/productos-quimicos-industriales\\\/lavanderia\\\/detergentes-polvo\\\/saco-25kg-cosmo-df-detergente-universal\\\/\",\"name\":\"SACO 25KG COSMO DF DETERGENTE UNIVERSAL - C\u00d3DIGO: FR0068 - Meprolim\",\"isPartOf\":{\"@id\":\"https:\\\/\\\/meprolim.es\\\/fr\\\/#website\"},\"primaryImageOfPage\":{\"@id\":\"https:\\\/\\\/meprolim.es\\\/producto\\\/quimicos-articulos-limpieza\\\/productos-quimicos-industriales\\\/lavanderia\\\/detergentes-polvo\\\/saco-25kg-cosmo-df-detergente-universal\\\/#primaryimage\"},\"image\":{\"@id\":\"https:\\\/\\\/meprolim.es\\\/producto\\\/quimicos-articulos-limpieza\\\/productos-quimicos-industriales\\\/lavanderia\\\/detergentes-polvo\\\/saco-25kg-cosmo-df-detergente-universal\\\/#primaryimage\"},\"thumbnailUrl\":\"https:\\\/\\\/meprolim.es\\\/wp-content\\\/uploads\\\/2019\\\/09\\\/FR0068.jpg\",\"datePublished\":\"2019-09-02T13:06:53+00:00\",\"dateModified\":\"2023-05-25T20:58:33+00:00\",\"breadcrumb\":{\"@id\":\"https:\\\/\\\/meprolim.es\\\/producto\\\/quimicos-articulos-limpieza\\\/productos-quimicos-industriales\\\/lavanderia\\\/detergentes-polvo\\\/saco-25kg-cosmo-df-detergente-universal\\\/#breadcrumb\"},\"inLanguage\":\"fr-FR\",\"potentialAction\":[{\"@type\":\"ReadAction\",\"target\":[\"https:\\\/\\\/meprolim.es\\\/producto\\\/quimicos-articulos-limpieza\\\/productos-quimicos-industriales\\\/lavanderia\\\/detergentes-polvo\\\/saco-25kg-cosmo-df-detergente-universal\\\/\"]}]},{\"@type\":\"ImageObject\",\"inLanguage\":\"fr-FR\",\"@id\":\"https:\\\/\\\/meprolim.es\\\/producto\\\/quimicos-articulos-limpieza\\\/productos-quimicos-industriales\\\/lavanderia\\\/detergentes-polvo\\\/saco-25kg-cosmo-df-detergente-universal\\\/#primaryimage\",\"url\":\"https:\\\/\\\/meprolim.es\\\/wp-content\\\/uploads\\\/2019\\\/09\\\/FR0068.jpg\",\"contentUrl\":\"https:\\\/\\\/meprolim.es\\\/wp-content\\\/uploads\\\/2019\\\/09\\\/FR0068.jpg\",\"width\":768,\"height\":768},{\"@type\":\"BreadcrumbList\",\"@id\":\"https:\\\/\\\/meprolim.es\\\/producto\\\/quimicos-articulos-limpieza\\\/productos-quimicos-industriales\\\/lavanderia\\\/detergentes-polvo\\\/saco-25kg-cosmo-df-detergente-universal\\\/#breadcrumb\",\"itemListElement\":[{\"@type\":\"ListItem\",\"position\":1,\"name\":\"Portada\",\"item\":\"https:\\\/\\\/meprolim.es\\\/fr\\\/\"},{\"@type\":\"ListItem\",\"position\":2,\"name\":\"Catalogue\",\"item\":\"https:\\\/\\\/meprolim.es\\\/fr\\\/catalogue\\\/\"},{\"@type\":\"ListItem\",\"position\":3,\"name\":\"SACO 25KG COSMO DF DETERGENTE UNIVERSAL &#8211; C\u00d3DIGO: FR0068\"}]},{\"@type\":\"WebSite\",\"@id\":\"https:\\\/\\\/meprolim.es\\\/fr\\\/#website\",\"url\":\"https:\\\/\\\/meprolim.es\\\/fr\\\/\",\"name\":\"Meprolim\",\"description\":\"Cavas Catalanas S.L.\",\"publisher\":{\"@id\":\"https:\\\/\\\/meprolim.es\\\/fr\\\/#organization\"},\"potentialAction\":[{\"@type\":\"SearchAction\",\"target\":{\"@type\":\"EntryPoint\",\"urlTemplate\":\"https:\\\/\\\/meprolim.es\\\/fr\\\/?s={search_term_string}\"},\"query-input\":{\"@type\":\"PropertyValueSpecification\",\"valueRequired\":true,\"valueName\":\"search_term_string\"}}],\"inLanguage\":\"fr-FR\"},{\"@type\":\"Organization\",\"@id\":\"https:\\\/\\\/meprolim.es\\\/fr\\\/#organization\",\"name\":\"Meprolim\",\"url\":\"https:\\\/\\\/meprolim.es\\\/fr\\\/\",\"logo\":{\"@type\":\"ImageObject\",\"inLanguage\":\"fr-FR\",\"@id\":\"https:\\\/\\\/meprolim.es\\\/fr\\\/#\\\/schema\\\/logo\\\/image\\\/\",\"url\":\"https:\\\/\\\/meprolim.es\\\/wp-content\\\/uploads\\\/2019\\\/07\\\/cropped-logo2.png\",\"contentUrl\":\"https:\\\/\\\/meprolim.es\\\/wp-content\\\/uploads\\\/2019\\\/07\\\/cropped-logo2.png\",\"width\":401,\"height\":162,\"caption\":\"Meprolim\"},\"image\":{\"@id\":\"https:\\\/\\\/meprolim.es\\\/fr\\\/#\\\/schema\\\/logo\\\/image\\\/\"}}]}<\/script>\n<!-- \/ Yoast SEO plugin. -->","yoast_head_json":{"title":"SACO 25KG COSMO DF DETERGENTE UNIVERSAL - C\u00d3DIGO: FR0068 - Meprolim","robots":{"index":"index","follow":"follow","max-snippet":"max-snippet:-1","max-image-preview":"max-image-preview:large","max-video-preview":"max-video-preview:-1"},"canonical":"https:\/\/meprolim.es\/producto\/quimicos-articulos-limpieza\/productos-quimicos-industriales\/lavanderia\/detergentes-polvo\/saco-25kg-cosmo-df-detergente-universal\/","og_locale":"fr_FR","og_type":"article","og_title":"SACO 25KG COSMO DF DETERGENTE UNIVERSAL - C\u00d3DIGO: FR0068 - Meprolim","og_description":"Caracter\u00edsticas:   Detergente altamente concentrado, con ingredientes de \u00faltima generaci\u00f3n.  Especialmente dise\u00f1ado para trabajar en aguas dif\u00edciles (ferruginosas, duras,...) a cualquier temperatura.  Ataca las manchas dif\u00edciles e incrustaciones de cal y hierro.  Mejora el rendimiento de otros productos como aditivo en el proceso de lavado.  Compleja la cal para que el principio activo act\u00fae mejor.  Alto poder de limpieza de los restos de suciedad org\u00e1nicos.  Alto poder de destrucci\u00f3n y saponificaci\u00f3n de grasas.  Facilita la eliminaci\u00f3n de la grasa saponificada.  Blanqueantes \u00f3pticos: blanquea las prendas blancas y reaviva los colores de la ropa de color  Datos t\u00e9cnicos:   pH 12.  Producto en polvo.  Excelente rendimiento.  Color: blanco.  Perfume: floral.  Con aguas duras, dosificar de 20 a 25 gramos por kilo de ropa.  SKU: FR0068 &nbsp;","og_url":"https:\/\/meprolim.es\/producto\/quimicos-articulos-limpieza\/productos-quimicos-industriales\/lavanderia\/detergentes-polvo\/saco-25kg-cosmo-df-detergente-universal\/","og_site_name":"Meprolim","article_modified_time":"2023-05-25T20:58:33+00:00","og_image":[{"width":768,"height":768,"url":"https:\/\/meprolim.es\/wp-content\/uploads\/2019\/09\/FR0068.jpg","type":"image\/jpeg"}],"twitter_card":"summary_large_image","twitter_misc":{"Dur\u00e9e de lecture estim\u00e9e":"1 minute"},"schema":{"@context":"https:\/\/schema.org","@graph":[{"@type":"WebPage","@id":"https:\/\/meprolim.es\/producto\/quimicos-articulos-limpieza\/productos-quimicos-industriales\/lavanderia\/detergentes-polvo\/saco-25kg-cosmo-df-detergente-universal\/","url":"https:\/\/meprolim.es\/producto\/quimicos-articulos-limpieza\/productos-quimicos-industriales\/lavanderia\/detergentes-polvo\/saco-25kg-cosmo-df-detergente-universal\/","name":"SACO 25KG COSMO DF DETERGENTE UNIVERSAL - C\u00d3DIGO: FR0068 - Meprolim","isPartOf":{"@id":"https:\/\/meprolim.es\/fr\/#website"},"primaryImageOfPage":{"@id":"https:\/\/meprolim.es\/producto\/quimicos-articulos-limpieza\/productos-quimicos-industriales\/lavanderia\/detergentes-polvo\/saco-25kg-cosmo-df-detergente-universal\/#primaryimage"},"image":{"@id":"https:\/\/meprolim.es\/producto\/quimicos-articulos-limpieza\/productos-quimicos-industriales\/lavanderia\/detergentes-polvo\/saco-25kg-cosmo-df-detergente-universal\/#primaryimage"},"thumbnailUrl":"https:\/\/meprolim.es\/wp-content\/uploads\/2019\/09\/FR0068.jpg","datePublished":"2019-09-02T13:06:53+00:00","dateModified":"2023-05-25T20:58:33+00:00","breadcrumb":{"@id":"https:\/\/meprolim.es\/producto\/quimicos-articulos-limpieza\/productos-quimicos-industriales\/lavanderia\/detergentes-polvo\/saco-25kg-cosmo-df-detergente-universal\/#breadcrumb"},"inLanguage":"fr-FR","potentialAction":[{"@type":"ReadAction","target":["https:\/\/meprolim.es\/producto\/quimicos-articulos-limpieza\/productos-quimicos-industriales\/lavanderia\/detergentes-polvo\/saco-25kg-cosmo-df-detergente-universal\/"]}]},{"@type":"ImageObject","inLanguage":"fr-FR","@id":"https:\/\/meprolim.es\/producto\/quimicos-articulos-limpieza\/productos-quimicos-industriales\/lavanderia\/detergentes-polvo\/saco-25kg-cosmo-df-detergente-universal\/#primaryimage","url":"https:\/\/meprolim.es\/wp-content\/uploads\/2019\/09\/FR0068.jpg","contentUrl":"https:\/\/meprolim.es\/wp-content\/uploads\/2019\/09\/FR0068.jpg","width":768,"height":768},{"@type":"BreadcrumbList","@id":"https:\/\/meprolim.es\/producto\/quimicos-articulos-limpieza\/productos-quimicos-industriales\/lavanderia\/detergentes-polvo\/saco-25kg-cosmo-df-detergente-universal\/#breadcrumb","itemListElement":[{"@type":"ListItem","position":1,"name":"Portada","item":"https:\/\/meprolim.es\/fr\/"},{"@type":"ListItem","position":2,"name":"Catalogue","item":"https:\/\/meprolim.es\/fr\/catalogue\/"},{"@type":"ListItem","position":3,"name":"SACO 25KG COSMO DF DETERGENTE UNIVERSAL &#8211; C\u00d3DIGO: FR0068"}]},{"@type":"WebSite","@id":"https:\/\/meprolim.es\/fr\/#website","url":"https:\/\/meprolim.es\/fr\/","name":"Meprolim","description":"Cavas Catalanas S.L.","publisher":{"@id":"https:\/\/meprolim.es\/fr\/#organization"},"potentialAction":[{"@type":"SearchAction","target":{"@type":"EntryPoint","urlTemplate":"https:\/\/meprolim.es\/fr\/?s={search_term_string}"},"query-input":{"@type":"PropertyValueSpecification","valueRequired":true,"valueName":"search_term_string"}}],"inLanguage":"fr-FR"},{"@type":"Organization","@id":"https:\/\/meprolim.es\/fr\/#organization","name":"Meprolim","url":"https:\/\/meprolim.es\/fr\/","logo":{"@type":"ImageObject","inLanguage":"fr-FR","@id":"https:\/\/meprolim.es\/fr\/#\/schema\/logo\/image\/","url":"https:\/\/meprolim.es\/wp-content\/uploads\/2019\/07\/cropped-logo2.png","contentUrl":"https:\/\/meprolim.es\/wp-content\/uploads\/2019\/07\/cropped-logo2.png","width":401,"height":162,"caption":"Meprolim"},"image":{"@id":"https:\/\/meprolim.es\/fr\/#\/schema\/logo\/image\/"}}]}},"_links":{"self":[{"href":"https:\/\/meprolim.es\/fr\/wp-json\/wp\/v2\/product\/8605","targetHints":{"allow":["GET"]}}],"collection":[{"href":"https:\/\/meprolim.es\/fr\/wp-json\/wp\/v2\/product"}],"about":[{"href":"https:\/\/meprolim.es\/fr\/wp-json\/wp\/v2\/types\/product"}],"wp:featuredmedia":[{"embeddable":true,"href":"https:\/\/meprolim.es\/fr\/wp-json\/wp\/v2\/media\/8606"}],"wp:attachment":[{"href":"https:\/\/meprolim.es\/fr\/wp-json\/wp\/v2\/media?parent=8605"}],"wp:term":[{"taxonomy":"product_brand","embeddable":true,"href":"https:\/\/meprolim.es\/fr\/wp-json\/wp\/v2\/product_brand?post=8605"},{"taxonomy":"product_cat","embeddable":true,"href":"https:\/\/meprolim.es\/fr\/wp-json\/wp\/v2\/product_cat?post=8605"},{"taxonomy":"product_tag","embeddable":true,"href":"https:\/\/meprolim.es\/fr\/wp-json\/wp\/v2\/product_tag?post=8605"}],"curies":[{"name":"wp","href":"https:\/\/api.w.org\/{rel}","templated":true}]}}