{"id":8654,"date":"2019-09-02T17:45:30","date_gmt":"2019-09-02T16:45:30","guid":{"rendered":"http:\/\/www.meprolim.es\/?post_type=product&#038;p=8654"},"modified":"2023-05-26T00:14:04","modified_gmt":"2023-05-25T23:14:04","slug":"bidon-20kg-ferrosin-complejante-hierro","status":"publish","type":"product","link":"https:\/\/meprolim.es\/fr\/producto\/quimicos-y-articulos-de-limpieza\/productos-quimicos-industriales-fr-2\/lavanderia-fr-2\/aditivos-fr-2\/bidon-20kg-ferrosin-complejante-hierro\/","title":{"rendered":"BID\u00d3N 20KG FERROSIN COMPLEJANTE HIERRO &#8211; C\u00d3DIGO: FR0098"},"content":{"rendered":"<div class=\"wpb-content-wrapper\"><p>[vc_row][vc_column][vc_column_text]<\/p>\n<p>Producto para el tratamiento profesional de eliminaci\u00f3n de manchas de \u00f3xido sobre tejidos.<\/p>\n<p>[\/vc_column_text][\/vc_column][\/vc_row]<\/p>\n<\/div>","protected":false},"excerpt":{"rendered":"<p>Caracter\u00edsticas:<\/p>\n<ul>\n<li>Producto para el tratamiento profesional de eliminaci\u00f3n de manchas de \u00f3xido sobre tejidos.<\/li>\n<li>Comprobar la resistencia del tejido para verificar que el producto no afecta al mismo.<\/li>\n<li>Mezcla de \u00e1cidos org\u00e1nicos: eliminaci\u00f3n eficaz de manchas de \u00f3xido.<\/li>\n<\/ul>\n<p>Datos t\u00e9cnicos:<\/p>\n<ul>\n<li>pH 2-4.<\/li>\n<li>Producto l\u00edquido.<\/li>\n<li>Color: amarillento.<\/li>\n<li>Perfume: caracter\u00edstico.<\/li>\n<li>Dejar actuar el producto de 5 a 10 minutos.<\/li>\n<li>Es importante no dejar secar la zona tratada.<\/li>\n<\/ul>\n<p><strong>SKU: FR0098<\/strong><\/p>\n<p>&nbsp;<\/p>\n","protected":false},"featured_media":8655,"template":"","meta":[],"product_brand":[],"product_cat":[732,652,94],"product_tag":[727,654],"class_list":{"0":"post-8654","1":"product","2":"type-product","3":"status-publish","4":"has-post-thumbnail","6":"product_cat-aditivos","7":"product_cat-productos-quimicos-industriales","8":"product_cat-quimicos-articulos-limpieza","9":"product_tag-lavanderia","10":"product_tag-productos-quimicos","12":"first","13":"instock","14":"shipping-taxable","15":"product-type-simple"},"yoast_head":"<!-- This site is optimized with the Yoast SEO plugin v27.3 - https:\/\/yoast.com\/product\/yoast-seo-wordpress\/ -->\n<title>BID\u00d3N 20KG FERROSIN COMPLEJANTE HIERRO - C\u00d3DIGO: FR0098 - Meprolim<\/title>\n<meta name=\"robots\" content=\"index, follow, max-snippet:-1, max-image-preview:large, max-video-preview:-1\" \/>\n<link rel=\"canonical\" href=\"https:\/\/meprolim.es\/producto\/quimicos-articulos-limpieza\/productos-quimicos-industriales\/lavanderia\/aditivos\/bidon-20kg-ferrosin-complejante-hierro\/\" \/>\n<meta property=\"og:locale\" content=\"fr_FR\" \/>\n<meta property=\"og:type\" content=\"article\" \/>\n<meta property=\"og:title\" content=\"BID\u00d3N 20KG FERROSIN COMPLEJANTE HIERRO - C\u00d3DIGO: FR0098 - Meprolim\" \/>\n<meta property=\"og:description\" content=\"Caracter\u00edsticas:   Producto para el tratamiento profesional de eliminaci\u00f3n de manchas de \u00f3xido sobre tejidos.  Comprobar la resistencia del tejido para verificar que el producto no afecta al mismo.  Mezcla de \u00e1cidos org\u00e1nicos: eliminaci\u00f3n eficaz de manchas de \u00f3xido.  Datos t\u00e9cnicos:   pH 2-4.  Producto l\u00edquido.  Color: amarillento.  Perfume: caracter\u00edstico.  Dejar actuar el producto de 5 a 10 minutos.  Es importante no dejar secar la zona tratada.  SKU: FR0098  &nbsp;\" \/>\n<meta property=\"og:url\" content=\"https:\/\/meprolim.es\/producto\/quimicos-articulos-limpieza\/productos-quimicos-industriales\/lavanderia\/aditivos\/bidon-20kg-ferrosin-complejante-hierro\/\" \/>\n<meta property=\"og:site_name\" content=\"Meprolim\" \/>\n<meta property=\"article:modified_time\" content=\"2023-05-25T23:14:04+00:00\" \/>\n<meta property=\"og:image\" content=\"https:\/\/meprolim.es\/wp-content\/uploads\/2019\/09\/FR0098.jpg\" \/>\n\t<meta property=\"og:image:width\" content=\"768\" \/>\n\t<meta property=\"og:image:height\" content=\"768\" \/>\n\t<meta property=\"og:image:type\" content=\"image\/jpeg\" \/>\n<meta name=\"twitter:card\" content=\"summary_large_image\" \/>\n<meta name=\"twitter:label1\" content=\"Dur\u00e9e de lecture estim\u00e9e\" \/>\n\t<meta name=\"twitter:data1\" content=\"1 minute\" \/>\n<script type=\"application\/ld+json\" class=\"yoast-schema-graph\">{\"@context\":\"https:\\\/\\\/schema.org\",\"@graph\":[{\"@type\":\"WebPage\",\"@id\":\"https:\\\/\\\/meprolim.es\\\/producto\\\/quimicos-articulos-limpieza\\\/productos-quimicos-industriales\\\/lavanderia\\\/aditivos\\\/bidon-20kg-ferrosin-complejante-hierro\\\/\",\"url\":\"https:\\\/\\\/meprolim.es\\\/producto\\\/quimicos-articulos-limpieza\\\/productos-quimicos-industriales\\\/lavanderia\\\/aditivos\\\/bidon-20kg-ferrosin-complejante-hierro\\\/\",\"name\":\"BID\u00d3N 20KG FERROSIN COMPLEJANTE HIERRO - C\u00d3DIGO: FR0098 - Meprolim\",\"isPartOf\":{\"@id\":\"https:\\\/\\\/meprolim.es\\\/fr\\\/#website\"},\"primaryImageOfPage\":{\"@id\":\"https:\\\/\\\/meprolim.es\\\/producto\\\/quimicos-articulos-limpieza\\\/productos-quimicos-industriales\\\/lavanderia\\\/aditivos\\\/bidon-20kg-ferrosin-complejante-hierro\\\/#primaryimage\"},\"image\":{\"@id\":\"https:\\\/\\\/meprolim.es\\\/producto\\\/quimicos-articulos-limpieza\\\/productos-quimicos-industriales\\\/lavanderia\\\/aditivos\\\/bidon-20kg-ferrosin-complejante-hierro\\\/#primaryimage\"},\"thumbnailUrl\":\"https:\\\/\\\/meprolim.es\\\/wp-content\\\/uploads\\\/2019\\\/09\\\/FR0098.jpg\",\"datePublished\":\"2019-09-02T16:45:30+00:00\",\"dateModified\":\"2023-05-25T23:14:04+00:00\",\"breadcrumb\":{\"@id\":\"https:\\\/\\\/meprolim.es\\\/producto\\\/quimicos-articulos-limpieza\\\/productos-quimicos-industriales\\\/lavanderia\\\/aditivos\\\/bidon-20kg-ferrosin-complejante-hierro\\\/#breadcrumb\"},\"inLanguage\":\"fr-FR\",\"potentialAction\":[{\"@type\":\"ReadAction\",\"target\":[\"https:\\\/\\\/meprolim.es\\\/producto\\\/quimicos-articulos-limpieza\\\/productos-quimicos-industriales\\\/lavanderia\\\/aditivos\\\/bidon-20kg-ferrosin-complejante-hierro\\\/\"]}]},{\"@type\":\"ImageObject\",\"inLanguage\":\"fr-FR\",\"@id\":\"https:\\\/\\\/meprolim.es\\\/producto\\\/quimicos-articulos-limpieza\\\/productos-quimicos-industriales\\\/lavanderia\\\/aditivos\\\/bidon-20kg-ferrosin-complejante-hierro\\\/#primaryimage\",\"url\":\"https:\\\/\\\/meprolim.es\\\/wp-content\\\/uploads\\\/2019\\\/09\\\/FR0098.jpg\",\"contentUrl\":\"https:\\\/\\\/meprolim.es\\\/wp-content\\\/uploads\\\/2019\\\/09\\\/FR0098.jpg\",\"width\":768,\"height\":768},{\"@type\":\"BreadcrumbList\",\"@id\":\"https:\\\/\\\/meprolim.es\\\/producto\\\/quimicos-articulos-limpieza\\\/productos-quimicos-industriales\\\/lavanderia\\\/aditivos\\\/bidon-20kg-ferrosin-complejante-hierro\\\/#breadcrumb\",\"itemListElement\":[{\"@type\":\"ListItem\",\"position\":1,\"name\":\"Portada\",\"item\":\"https:\\\/\\\/meprolim.es\\\/fr\\\/\"},{\"@type\":\"ListItem\",\"position\":2,\"name\":\"Catalogue\",\"item\":\"https:\\\/\\\/meprolim.es\\\/fr\\\/catalogue\\\/\"},{\"@type\":\"ListItem\",\"position\":3,\"name\":\"BID\u00d3N 20KG FERROSIN COMPLEJANTE HIERRO &#8211; C\u00d3DIGO: FR0098\"}]},{\"@type\":\"WebSite\",\"@id\":\"https:\\\/\\\/meprolim.es\\\/fr\\\/#website\",\"url\":\"https:\\\/\\\/meprolim.es\\\/fr\\\/\",\"name\":\"Meprolim\",\"description\":\"Cavas Catalanas S.L.\",\"publisher\":{\"@id\":\"https:\\\/\\\/meprolim.es\\\/fr\\\/#organization\"},\"potentialAction\":[{\"@type\":\"SearchAction\",\"target\":{\"@type\":\"EntryPoint\",\"urlTemplate\":\"https:\\\/\\\/meprolim.es\\\/fr\\\/?s={search_term_string}\"},\"query-input\":{\"@type\":\"PropertyValueSpecification\",\"valueRequired\":true,\"valueName\":\"search_term_string\"}}],\"inLanguage\":\"fr-FR\"},{\"@type\":\"Organization\",\"@id\":\"https:\\\/\\\/meprolim.es\\\/fr\\\/#organization\",\"name\":\"Meprolim\",\"url\":\"https:\\\/\\\/meprolim.es\\\/fr\\\/\",\"logo\":{\"@type\":\"ImageObject\",\"inLanguage\":\"fr-FR\",\"@id\":\"https:\\\/\\\/meprolim.es\\\/fr\\\/#\\\/schema\\\/logo\\\/image\\\/\",\"url\":\"https:\\\/\\\/meprolim.es\\\/wp-content\\\/uploads\\\/2019\\\/07\\\/cropped-logo2.png\",\"contentUrl\":\"https:\\\/\\\/meprolim.es\\\/wp-content\\\/uploads\\\/2019\\\/07\\\/cropped-logo2.png\",\"width\":401,\"height\":162,\"caption\":\"Meprolim\"},\"image\":{\"@id\":\"https:\\\/\\\/meprolim.es\\\/fr\\\/#\\\/schema\\\/logo\\\/image\\\/\"}}]}<\/script>\n<!-- \/ Yoast SEO plugin. -->","yoast_head_json":{"title":"BID\u00d3N 20KG FERROSIN COMPLEJANTE HIERRO - C\u00d3DIGO: FR0098 - Meprolim","robots":{"index":"index","follow":"follow","max-snippet":"max-snippet:-1","max-image-preview":"max-image-preview:large","max-video-preview":"max-video-preview:-1"},"canonical":"https:\/\/meprolim.es\/producto\/quimicos-articulos-limpieza\/productos-quimicos-industriales\/lavanderia\/aditivos\/bidon-20kg-ferrosin-complejante-hierro\/","og_locale":"fr_FR","og_type":"article","og_title":"BID\u00d3N 20KG FERROSIN COMPLEJANTE HIERRO - C\u00d3DIGO: FR0098 - Meprolim","og_description":"Caracter\u00edsticas:   Producto para el tratamiento profesional de eliminaci\u00f3n de manchas de \u00f3xido sobre tejidos.  Comprobar la resistencia del tejido para verificar que el producto no afecta al mismo.  Mezcla de \u00e1cidos org\u00e1nicos: eliminaci\u00f3n eficaz de manchas de \u00f3xido.  Datos t\u00e9cnicos:   pH 2-4.  Producto l\u00edquido.  Color: amarillento.  Perfume: caracter\u00edstico.  Dejar actuar el producto de 5 a 10 minutos.  Es importante no dejar secar la zona tratada.  SKU: FR0098  &nbsp;","og_url":"https:\/\/meprolim.es\/producto\/quimicos-articulos-limpieza\/productos-quimicos-industriales\/lavanderia\/aditivos\/bidon-20kg-ferrosin-complejante-hierro\/","og_site_name":"Meprolim","article_modified_time":"2023-05-25T23:14:04+00:00","og_image":[{"width":768,"height":768,"url":"https:\/\/meprolim.es\/wp-content\/uploads\/2019\/09\/FR0098.jpg","type":"image\/jpeg"}],"twitter_card":"summary_large_image","twitter_misc":{"Dur\u00e9e de lecture estim\u00e9e":"1 minute"},"schema":{"@context":"https:\/\/schema.org","@graph":[{"@type":"WebPage","@id":"https:\/\/meprolim.es\/producto\/quimicos-articulos-limpieza\/productos-quimicos-industriales\/lavanderia\/aditivos\/bidon-20kg-ferrosin-complejante-hierro\/","url":"https:\/\/meprolim.es\/producto\/quimicos-articulos-limpieza\/productos-quimicos-industriales\/lavanderia\/aditivos\/bidon-20kg-ferrosin-complejante-hierro\/","name":"BID\u00d3N 20KG FERROSIN COMPLEJANTE HIERRO - C\u00d3DIGO: FR0098 - Meprolim","isPartOf":{"@id":"https:\/\/meprolim.es\/fr\/#website"},"primaryImageOfPage":{"@id":"https:\/\/meprolim.es\/producto\/quimicos-articulos-limpieza\/productos-quimicos-industriales\/lavanderia\/aditivos\/bidon-20kg-ferrosin-complejante-hierro\/#primaryimage"},"image":{"@id":"https:\/\/meprolim.es\/producto\/quimicos-articulos-limpieza\/productos-quimicos-industriales\/lavanderia\/aditivos\/bidon-20kg-ferrosin-complejante-hierro\/#primaryimage"},"thumbnailUrl":"https:\/\/meprolim.es\/wp-content\/uploads\/2019\/09\/FR0098.jpg","datePublished":"2019-09-02T16:45:30+00:00","dateModified":"2023-05-25T23:14:04+00:00","breadcrumb":{"@id":"https:\/\/meprolim.es\/producto\/quimicos-articulos-limpieza\/productos-quimicos-industriales\/lavanderia\/aditivos\/bidon-20kg-ferrosin-complejante-hierro\/#breadcrumb"},"inLanguage":"fr-FR","potentialAction":[{"@type":"ReadAction","target":["https:\/\/meprolim.es\/producto\/quimicos-articulos-limpieza\/productos-quimicos-industriales\/lavanderia\/aditivos\/bidon-20kg-ferrosin-complejante-hierro\/"]}]},{"@type":"ImageObject","inLanguage":"fr-FR","@id":"https:\/\/meprolim.es\/producto\/quimicos-articulos-limpieza\/productos-quimicos-industriales\/lavanderia\/aditivos\/bidon-20kg-ferrosin-complejante-hierro\/#primaryimage","url":"https:\/\/meprolim.es\/wp-content\/uploads\/2019\/09\/FR0098.jpg","contentUrl":"https:\/\/meprolim.es\/wp-content\/uploads\/2019\/09\/FR0098.jpg","width":768,"height":768},{"@type":"BreadcrumbList","@id":"https:\/\/meprolim.es\/producto\/quimicos-articulos-limpieza\/productos-quimicos-industriales\/lavanderia\/aditivos\/bidon-20kg-ferrosin-complejante-hierro\/#breadcrumb","itemListElement":[{"@type":"ListItem","position":1,"name":"Portada","item":"https:\/\/meprolim.es\/fr\/"},{"@type":"ListItem","position":2,"name":"Catalogue","item":"https:\/\/meprolim.es\/fr\/catalogue\/"},{"@type":"ListItem","position":3,"name":"BID\u00d3N 20KG FERROSIN COMPLEJANTE HIERRO &#8211; C\u00d3DIGO: FR0098"}]},{"@type":"WebSite","@id":"https:\/\/meprolim.es\/fr\/#website","url":"https:\/\/meprolim.es\/fr\/","name":"Meprolim","description":"Cavas Catalanas S.L.","publisher":{"@id":"https:\/\/meprolim.es\/fr\/#organization"},"potentialAction":[{"@type":"SearchAction","target":{"@type":"EntryPoint","urlTemplate":"https:\/\/meprolim.es\/fr\/?s={search_term_string}"},"query-input":{"@type":"PropertyValueSpecification","valueRequired":true,"valueName":"search_term_string"}}],"inLanguage":"fr-FR"},{"@type":"Organization","@id":"https:\/\/meprolim.es\/fr\/#organization","name":"Meprolim","url":"https:\/\/meprolim.es\/fr\/","logo":{"@type":"ImageObject","inLanguage":"fr-FR","@id":"https:\/\/meprolim.es\/fr\/#\/schema\/logo\/image\/","url":"https:\/\/meprolim.es\/wp-content\/uploads\/2019\/07\/cropped-logo2.png","contentUrl":"https:\/\/meprolim.es\/wp-content\/uploads\/2019\/07\/cropped-logo2.png","width":401,"height":162,"caption":"Meprolim"},"image":{"@id":"https:\/\/meprolim.es\/fr\/#\/schema\/logo\/image\/"}}]}},"_links":{"self":[{"href":"https:\/\/meprolim.es\/fr\/wp-json\/wp\/v2\/product\/8654","targetHints":{"allow":["GET"]}}],"collection":[{"href":"https:\/\/meprolim.es\/fr\/wp-json\/wp\/v2\/product"}],"about":[{"href":"https:\/\/meprolim.es\/fr\/wp-json\/wp\/v2\/types\/product"}],"wp:featuredmedia":[{"embeddable":true,"href":"https:\/\/meprolim.es\/fr\/wp-json\/wp\/v2\/media\/8655"}],"wp:attachment":[{"href":"https:\/\/meprolim.es\/fr\/wp-json\/wp\/v2\/media?parent=8654"}],"wp:term":[{"taxonomy":"product_brand","embeddable":true,"href":"https:\/\/meprolim.es\/fr\/wp-json\/wp\/v2\/product_brand?post=8654"},{"taxonomy":"product_cat","embeddable":true,"href":"https:\/\/meprolim.es\/fr\/wp-json\/wp\/v2\/product_cat?post=8654"},{"taxonomy":"product_tag","embeddable":true,"href":"https:\/\/meprolim.es\/fr\/wp-json\/wp\/v2\/product_tag?post=8654"}],"curies":[{"name":"wp","href":"https:\/\/api.w.org\/{rel}","templated":true}]}}