{"id":8824,"date":"2019-09-03T13:18:33","date_gmt":"2019-09-03T12:18:33","guid":{"rendered":"http:\/\/www.meprolim.es\/?post_type=product&#038;p=8824"},"modified":"2023-05-23T14:18:03","modified_gmt":"2023-05-23T13:18:03","slug":"caja-30-pastillas-insecticida-electrico","status":"publish","type":"product","link":"https:\/\/meprolim.es\/fr\/producto\/quimicos-y-articulos-de-limpieza\/productos-quimicos-industriales-fr-2\/insecticidas-fr-2\/mecanicos-fr-2\/caja-30-pastillas-insecticida-electrico\/","title":{"rendered":"CAJA 30 PASTILLAS INSECTICIDA EL\u00c9CTRICO &#8211; C\u00d3DIGO: DZ0002"},"content":{"rendered":"<div class=\"wpb-content-wrapper\"><p>[vc_row][vc_column][vc_column_text]<\/p>\n<p style=\"text-align: justify;\">Pastillas insecticidas (1 pastilla por noche). Se puede utilizar en la mayor\u00eda de los difusores para este tipo de\u00a0productos. Eficaz con las ventanas abiertas y luz encendida. Insecticida autorizado para su uso por el p\u00fablico en\u00a0general.<\/p>\n<p style=\"text-align: justify;\">Registrado por la DGSPSE con no 08-30-01580.<\/p>\n<p>[\/vc_column_text][\/vc_column][\/vc_row]<\/p>\n<\/div>","protected":false},"excerpt":{"rendered":"<p>Caracter\u00edsticas:<\/p>\n<ul>\n<li>Pastillas insecticidas (1 pastilla por noche).<\/li>\n<li>Se puede utilizar en la mayor\u00eda de los difusores para este tipo de productos.<\/li>\n<li>Eficaz con las ventanas abiertas y luz encendida.<\/li>\n<li>No utilizar en presencia de animales dom\u00e9sticos.<\/li>\n<li>No utilizar sobre alimentos ni utensilios de cocina, ni sobre superficies donde se manipulen.<\/li>\n<li>No tocar el aparato difusor con las manos h\u00famedas o con objetos met\u00e1licos.<\/li>\n<\/ul>\n<p>Datos t\u00e9cnicos:<\/p>\n<ul>\n<li>Producto s\u00f3lido.<\/li>\n<li>Color: azul claro.<\/li>\n<li>Perfume: caracter\u00edstico.<\/li>\n<li>Aplicaci\u00f3n con difusor el\u00e9ctrico.<\/li>\n<li>Duraci\u00f3n de cada pastilla 8 horas apr\u00f3ximadamente.<\/li>\n<li>La pastilla pierde el color con su uso, cuando su color sea blanco deber\u00e1 sustituirse.<\/li>\n<\/ul>\n<p><strong>SKU: DZ0002<\/strong><\/p>\n","protected":false},"featured_media":8822,"template":"","meta":[],"product_brand":[],"product_cat":[1059,770,652,94],"product_tag":[762,767,766,596,654],"class_list":{"0":"post-8824","1":"product","2":"type-product","3":"status-publish","4":"has-post-thumbnail","6":"product_cat-insecticidas","7":"product_cat-mecanicos","8":"product_cat-productos-quimicos-industriales","9":"product_cat-quimicos-articulos-limpieza","10":"product_tag-insecticida","11":"product_tag-insecticida-electrico","12":"product_tag-insectos-voladores","13":"product_tag-mata-insectos","14":"product_tag-productos-quimicos","16":"first","17":"instock","18":"shipping-taxable","19":"product-type-simple"},"yoast_head":"<!-- This site is optimized with the Yoast SEO plugin v27.3 - https:\/\/yoast.com\/product\/yoast-seo-wordpress\/ -->\n<title>CAJA 30 PASTILLAS INSECTICIDA EL\u00c9CTRICO - C\u00d3DIGO: DZ0002 - Meprolim<\/title>\n<meta name=\"robots\" content=\"index, follow, max-snippet:-1, max-image-preview:large, max-video-preview:-1\" \/>\n<link rel=\"canonical\" href=\"https:\/\/meprolim.es\/producto\/quimicos-articulos-limpieza\/productos-quimicos-industriales\/insecticidas\/mecanicos\/caja-30-pastillas-insecticida-electrico\/\" \/>\n<meta property=\"og:locale\" content=\"fr_FR\" \/>\n<meta property=\"og:type\" content=\"article\" \/>\n<meta property=\"og:title\" content=\"CAJA 30 PASTILLAS INSECTICIDA EL\u00c9CTRICO - C\u00d3DIGO: DZ0002 - Meprolim\" \/>\n<meta property=\"og:description\" content=\"Caracter\u00edsticas:   Pastillas insecticidas (1 pastilla por noche).  Se puede utilizar en la mayor\u00eda de los difusores para este tipo de productos.  Eficaz con las ventanas abiertas y luz encendida.  No utilizar en presencia de animales dom\u00e9sticos.  No utilizar sobre alimentos ni utensilios de cocina, ni sobre superficies donde se manipulen.  No tocar el aparato difusor con las manos h\u00famedas o con objetos met\u00e1licos.  Datos t\u00e9cnicos:   Producto s\u00f3lido.  Color: azul claro.  Perfume: caracter\u00edstico.  Aplicaci\u00f3n con difusor el\u00e9ctrico.  Duraci\u00f3n de cada pastilla 8 horas apr\u00f3ximadamente.  La pastilla pierde el color con su uso, cuando su color sea blanco deber\u00e1 sustituirse.  SKU: DZ0002\" \/>\n<meta property=\"og:url\" content=\"https:\/\/meprolim.es\/producto\/quimicos-articulos-limpieza\/productos-quimicos-industriales\/insecticidas\/mecanicos\/caja-30-pastillas-insecticida-electrico\/\" \/>\n<meta property=\"og:site_name\" content=\"Meprolim\" \/>\n<meta property=\"article:modified_time\" content=\"2023-05-23T13:18:03+00:00\" \/>\n<meta property=\"og:image\" content=\"https:\/\/meprolim.es\/wp-content\/uploads\/2019\/09\/DZ0002.jpg\" \/>\n\t<meta property=\"og:image:width\" content=\"768\" \/>\n\t<meta property=\"og:image:height\" content=\"768\" \/>\n\t<meta property=\"og:image:type\" content=\"image\/jpeg\" \/>\n<meta name=\"twitter:card\" content=\"summary_large_image\" \/>\n<meta name=\"twitter:label1\" content=\"Dur\u00e9e de lecture estim\u00e9e\" \/>\n\t<meta name=\"twitter:data1\" content=\"1 minute\" \/>\n<script type=\"application\/ld+json\" class=\"yoast-schema-graph\">{\"@context\":\"https:\\\/\\\/schema.org\",\"@graph\":[{\"@type\":\"WebPage\",\"@id\":\"https:\\\/\\\/meprolim.es\\\/producto\\\/quimicos-articulos-limpieza\\\/productos-quimicos-industriales\\\/insecticidas\\\/mecanicos\\\/caja-30-pastillas-insecticida-electrico\\\/\",\"url\":\"https:\\\/\\\/meprolim.es\\\/producto\\\/quimicos-articulos-limpieza\\\/productos-quimicos-industriales\\\/insecticidas\\\/mecanicos\\\/caja-30-pastillas-insecticida-electrico\\\/\",\"name\":\"CAJA 30 PASTILLAS INSECTICIDA EL\u00c9CTRICO - C\u00d3DIGO: DZ0002 - Meprolim\",\"isPartOf\":{\"@id\":\"https:\\\/\\\/meprolim.es\\\/fr\\\/#website\"},\"primaryImageOfPage\":{\"@id\":\"https:\\\/\\\/meprolim.es\\\/producto\\\/quimicos-articulos-limpieza\\\/productos-quimicos-industriales\\\/insecticidas\\\/mecanicos\\\/caja-30-pastillas-insecticida-electrico\\\/#primaryimage\"},\"image\":{\"@id\":\"https:\\\/\\\/meprolim.es\\\/producto\\\/quimicos-articulos-limpieza\\\/productos-quimicos-industriales\\\/insecticidas\\\/mecanicos\\\/caja-30-pastillas-insecticida-electrico\\\/#primaryimage\"},\"thumbnailUrl\":\"https:\\\/\\\/meprolim.es\\\/wp-content\\\/uploads\\\/2019\\\/09\\\/DZ0002.jpg\",\"datePublished\":\"2019-09-03T12:18:33+00:00\",\"dateModified\":\"2023-05-23T13:18:03+00:00\",\"breadcrumb\":{\"@id\":\"https:\\\/\\\/meprolim.es\\\/producto\\\/quimicos-articulos-limpieza\\\/productos-quimicos-industriales\\\/insecticidas\\\/mecanicos\\\/caja-30-pastillas-insecticida-electrico\\\/#breadcrumb\"},\"inLanguage\":\"fr-FR\",\"potentialAction\":[{\"@type\":\"ReadAction\",\"target\":[\"https:\\\/\\\/meprolim.es\\\/producto\\\/quimicos-articulos-limpieza\\\/productos-quimicos-industriales\\\/insecticidas\\\/mecanicos\\\/caja-30-pastillas-insecticida-electrico\\\/\"]}]},{\"@type\":\"ImageObject\",\"inLanguage\":\"fr-FR\",\"@id\":\"https:\\\/\\\/meprolim.es\\\/producto\\\/quimicos-articulos-limpieza\\\/productos-quimicos-industriales\\\/insecticidas\\\/mecanicos\\\/caja-30-pastillas-insecticida-electrico\\\/#primaryimage\",\"url\":\"https:\\\/\\\/meprolim.es\\\/wp-content\\\/uploads\\\/2019\\\/09\\\/DZ0002.jpg\",\"contentUrl\":\"https:\\\/\\\/meprolim.es\\\/wp-content\\\/uploads\\\/2019\\\/09\\\/DZ0002.jpg\",\"width\":768,\"height\":768},{\"@type\":\"BreadcrumbList\",\"@id\":\"https:\\\/\\\/meprolim.es\\\/producto\\\/quimicos-articulos-limpieza\\\/productos-quimicos-industriales\\\/insecticidas\\\/mecanicos\\\/caja-30-pastillas-insecticida-electrico\\\/#breadcrumb\",\"itemListElement\":[{\"@type\":\"ListItem\",\"position\":1,\"name\":\"Portada\",\"item\":\"https:\\\/\\\/meprolim.es\\\/fr\\\/\"},{\"@type\":\"ListItem\",\"position\":2,\"name\":\"Catalogue\",\"item\":\"https:\\\/\\\/meprolim.es\\\/fr\\\/catalogue\\\/\"},{\"@type\":\"ListItem\",\"position\":3,\"name\":\"CAJA 30 PASTILLAS INSECTICIDA EL\u00c9CTRICO &#8211; C\u00d3DIGO: DZ0002\"}]},{\"@type\":\"WebSite\",\"@id\":\"https:\\\/\\\/meprolim.es\\\/fr\\\/#website\",\"url\":\"https:\\\/\\\/meprolim.es\\\/fr\\\/\",\"name\":\"Meprolim\",\"description\":\"Cavas Catalanas S.L.\",\"publisher\":{\"@id\":\"https:\\\/\\\/meprolim.es\\\/fr\\\/#organization\"},\"potentialAction\":[{\"@type\":\"SearchAction\",\"target\":{\"@type\":\"EntryPoint\",\"urlTemplate\":\"https:\\\/\\\/meprolim.es\\\/fr\\\/?s={search_term_string}\"},\"query-input\":{\"@type\":\"PropertyValueSpecification\",\"valueRequired\":true,\"valueName\":\"search_term_string\"}}],\"inLanguage\":\"fr-FR\"},{\"@type\":\"Organization\",\"@id\":\"https:\\\/\\\/meprolim.es\\\/fr\\\/#organization\",\"name\":\"Meprolim\",\"url\":\"https:\\\/\\\/meprolim.es\\\/fr\\\/\",\"logo\":{\"@type\":\"ImageObject\",\"inLanguage\":\"fr-FR\",\"@id\":\"https:\\\/\\\/meprolim.es\\\/fr\\\/#\\\/schema\\\/logo\\\/image\\\/\",\"url\":\"https:\\\/\\\/meprolim.es\\\/wp-content\\\/uploads\\\/2019\\\/07\\\/cropped-logo2.png\",\"contentUrl\":\"https:\\\/\\\/meprolim.es\\\/wp-content\\\/uploads\\\/2019\\\/07\\\/cropped-logo2.png\",\"width\":401,\"height\":162,\"caption\":\"Meprolim\"},\"image\":{\"@id\":\"https:\\\/\\\/meprolim.es\\\/fr\\\/#\\\/schema\\\/logo\\\/image\\\/\"}}]}<\/script>\n<!-- \/ Yoast SEO plugin. -->","yoast_head_json":{"title":"CAJA 30 PASTILLAS INSECTICIDA EL\u00c9CTRICO - C\u00d3DIGO: DZ0002 - Meprolim","robots":{"index":"index","follow":"follow","max-snippet":"max-snippet:-1","max-image-preview":"max-image-preview:large","max-video-preview":"max-video-preview:-1"},"canonical":"https:\/\/meprolim.es\/producto\/quimicos-articulos-limpieza\/productos-quimicos-industriales\/insecticidas\/mecanicos\/caja-30-pastillas-insecticida-electrico\/","og_locale":"fr_FR","og_type":"article","og_title":"CAJA 30 PASTILLAS INSECTICIDA EL\u00c9CTRICO - C\u00d3DIGO: DZ0002 - Meprolim","og_description":"Caracter\u00edsticas:   Pastillas insecticidas (1 pastilla por noche).  Se puede utilizar en la mayor\u00eda de los difusores para este tipo de productos.  Eficaz con las ventanas abiertas y luz encendida.  No utilizar en presencia de animales dom\u00e9sticos.  No utilizar sobre alimentos ni utensilios de cocina, ni sobre superficies donde se manipulen.  No tocar el aparato difusor con las manos h\u00famedas o con objetos met\u00e1licos.  Datos t\u00e9cnicos:   Producto s\u00f3lido.  Color: azul claro.  Perfume: caracter\u00edstico.  Aplicaci\u00f3n con difusor el\u00e9ctrico.  Duraci\u00f3n de cada pastilla 8 horas apr\u00f3ximadamente.  La pastilla pierde el color con su uso, cuando su color sea blanco deber\u00e1 sustituirse.  SKU: DZ0002","og_url":"https:\/\/meprolim.es\/producto\/quimicos-articulos-limpieza\/productos-quimicos-industriales\/insecticidas\/mecanicos\/caja-30-pastillas-insecticida-electrico\/","og_site_name":"Meprolim","article_modified_time":"2023-05-23T13:18:03+00:00","og_image":[{"width":768,"height":768,"url":"https:\/\/meprolim.es\/wp-content\/uploads\/2019\/09\/DZ0002.jpg","type":"image\/jpeg"}],"twitter_card":"summary_large_image","twitter_misc":{"Dur\u00e9e de lecture estim\u00e9e":"1 minute"},"schema":{"@context":"https:\/\/schema.org","@graph":[{"@type":"WebPage","@id":"https:\/\/meprolim.es\/producto\/quimicos-articulos-limpieza\/productos-quimicos-industriales\/insecticidas\/mecanicos\/caja-30-pastillas-insecticida-electrico\/","url":"https:\/\/meprolim.es\/producto\/quimicos-articulos-limpieza\/productos-quimicos-industriales\/insecticidas\/mecanicos\/caja-30-pastillas-insecticida-electrico\/","name":"CAJA 30 PASTILLAS INSECTICIDA EL\u00c9CTRICO - C\u00d3DIGO: DZ0002 - Meprolim","isPartOf":{"@id":"https:\/\/meprolim.es\/fr\/#website"},"primaryImageOfPage":{"@id":"https:\/\/meprolim.es\/producto\/quimicos-articulos-limpieza\/productos-quimicos-industriales\/insecticidas\/mecanicos\/caja-30-pastillas-insecticida-electrico\/#primaryimage"},"image":{"@id":"https:\/\/meprolim.es\/producto\/quimicos-articulos-limpieza\/productos-quimicos-industriales\/insecticidas\/mecanicos\/caja-30-pastillas-insecticida-electrico\/#primaryimage"},"thumbnailUrl":"https:\/\/meprolim.es\/wp-content\/uploads\/2019\/09\/DZ0002.jpg","datePublished":"2019-09-03T12:18:33+00:00","dateModified":"2023-05-23T13:18:03+00:00","breadcrumb":{"@id":"https:\/\/meprolim.es\/producto\/quimicos-articulos-limpieza\/productos-quimicos-industriales\/insecticidas\/mecanicos\/caja-30-pastillas-insecticida-electrico\/#breadcrumb"},"inLanguage":"fr-FR","potentialAction":[{"@type":"ReadAction","target":["https:\/\/meprolim.es\/producto\/quimicos-articulos-limpieza\/productos-quimicos-industriales\/insecticidas\/mecanicos\/caja-30-pastillas-insecticida-electrico\/"]}]},{"@type":"ImageObject","inLanguage":"fr-FR","@id":"https:\/\/meprolim.es\/producto\/quimicos-articulos-limpieza\/productos-quimicos-industriales\/insecticidas\/mecanicos\/caja-30-pastillas-insecticida-electrico\/#primaryimage","url":"https:\/\/meprolim.es\/wp-content\/uploads\/2019\/09\/DZ0002.jpg","contentUrl":"https:\/\/meprolim.es\/wp-content\/uploads\/2019\/09\/DZ0002.jpg","width":768,"height":768},{"@type":"BreadcrumbList","@id":"https:\/\/meprolim.es\/producto\/quimicos-articulos-limpieza\/productos-quimicos-industriales\/insecticidas\/mecanicos\/caja-30-pastillas-insecticida-electrico\/#breadcrumb","itemListElement":[{"@type":"ListItem","position":1,"name":"Portada","item":"https:\/\/meprolim.es\/fr\/"},{"@type":"ListItem","position":2,"name":"Catalogue","item":"https:\/\/meprolim.es\/fr\/catalogue\/"},{"@type":"ListItem","position":3,"name":"CAJA 30 PASTILLAS INSECTICIDA EL\u00c9CTRICO &#8211; C\u00d3DIGO: DZ0002"}]},{"@type":"WebSite","@id":"https:\/\/meprolim.es\/fr\/#website","url":"https:\/\/meprolim.es\/fr\/","name":"Meprolim","description":"Cavas Catalanas S.L.","publisher":{"@id":"https:\/\/meprolim.es\/fr\/#organization"},"potentialAction":[{"@type":"SearchAction","target":{"@type":"EntryPoint","urlTemplate":"https:\/\/meprolim.es\/fr\/?s={search_term_string}"},"query-input":{"@type":"PropertyValueSpecification","valueRequired":true,"valueName":"search_term_string"}}],"inLanguage":"fr-FR"},{"@type":"Organization","@id":"https:\/\/meprolim.es\/fr\/#organization","name":"Meprolim","url":"https:\/\/meprolim.es\/fr\/","logo":{"@type":"ImageObject","inLanguage":"fr-FR","@id":"https:\/\/meprolim.es\/fr\/#\/schema\/logo\/image\/","url":"https:\/\/meprolim.es\/wp-content\/uploads\/2019\/07\/cropped-logo2.png","contentUrl":"https:\/\/meprolim.es\/wp-content\/uploads\/2019\/07\/cropped-logo2.png","width":401,"height":162,"caption":"Meprolim"},"image":{"@id":"https:\/\/meprolim.es\/fr\/#\/schema\/logo\/image\/"}}]}},"_links":{"self":[{"href":"https:\/\/meprolim.es\/fr\/wp-json\/wp\/v2\/product\/8824","targetHints":{"allow":["GET"]}}],"collection":[{"href":"https:\/\/meprolim.es\/fr\/wp-json\/wp\/v2\/product"}],"about":[{"href":"https:\/\/meprolim.es\/fr\/wp-json\/wp\/v2\/types\/product"}],"wp:featuredmedia":[{"embeddable":true,"href":"https:\/\/meprolim.es\/fr\/wp-json\/wp\/v2\/media\/8822"}],"wp:attachment":[{"href":"https:\/\/meprolim.es\/fr\/wp-json\/wp\/v2\/media?parent=8824"}],"wp:term":[{"taxonomy":"product_brand","embeddable":true,"href":"https:\/\/meprolim.es\/fr\/wp-json\/wp\/v2\/product_brand?post=8824"},{"taxonomy":"product_cat","embeddable":true,"href":"https:\/\/meprolim.es\/fr\/wp-json\/wp\/v2\/product_cat?post=8824"},{"taxonomy":"product_tag","embeddable":true,"href":"https:\/\/meprolim.es\/fr\/wp-json\/wp\/v2\/product_tag?post=8824"}],"curies":[{"name":"wp","href":"https:\/\/api.w.org\/{rel}","templated":true}]}}