{"id":9726,"date":"2019-09-08T16:57:33","date_gmt":"2019-09-08T15:57:33","guid":{"rendered":"http:\/\/www.meprolim.es\/?post_type=product&#038;p=9726"},"modified":"2023-05-18T21:47:38","modified_gmt":"2023-05-18T20:47:38","slug":"bidon-5kg-la-610-inyeccion-extraccion","status":"publish","type":"product","link":"https:\/\/meprolim.es\/fr\/producto\/quimicos-y-articulos-de-limpieza\/productos-quimicos-industriales-fr-2\/limpieza-alfombras-fr-2\/inyeccion-extraccion-fr-2\/bidon-5kg-la-610-inyeccion-extraccion\/","title":{"rendered":"BID\u00d3N 5KG LA-610 INYECCI\u00d3N\/EXTRACCI\u00d3N &#8211; C\u00d3DIGO: BU2011"},"content":{"rendered":"<div class=\"wpb-content-wrapper\"><p>[vc_row][vc_column][vc_column_text]<\/p>\n<p style=\"text-align: justify;\">Las alfombras y moquetas sint\u00e9ticas o con mezcla de \u00e9stas y algod\u00f3n o lana que poseen poco pelo, deben limpiarse con m\u00e1quinas rotatorias (como las empleadas en el pulimentado de suelos) y cepillo nylon o con m\u00e1quinas de extracci\u00f3n. Estas \u00faltimas, seg\u00fan los modelos trabajan proyectando un fino chorro fr\u00edo o caliente de soluci\u00f3n limpiadora que recogen de inmediato con una boquilla de aspiraci\u00f3n. Para este tipo de limpieza no pueden emplearse champ\u00fas de elevada espumosidad y que adem\u00e1s concentran su poder limpiador en las burbujas de la propia espuma sino que las propiedades limpiadoras deben estar en la propia soluci\u00f3n. Este producto\u00a0ha sido formulado para cubrir este campo de aplicaci\u00f3n de las limpiezas con m\u00e1quinas rotatorias, de extracci\u00f3n y de vapor.<\/p>\n<p>[\/vc_column_text][\/vc_column][\/vc_row]<\/p>\n<\/div>","protected":false},"excerpt":{"rendered":"<ul>\n<li>pH 5-7.<\/li>\n<li>Bid\u00f3n 5 litros.<\/li>\n<li>Producto l\u00edquido lechoso.<\/li>\n<li>Color: rosa.<\/li>\n<li>Perfume: caracter\u00edstico.<\/li>\n<li>Mezclar con agua en la proporci\u00f3n 1\/20.<\/li>\n<li>En caso de emplear m\u00e1quinas rotatorias es necesario simultanear su aplicaci\u00f3n con un aspirador de agua para recoger la soluci\u00f3n limpiadora.<\/li>\n<li>Puede emplearse manualmente en concentraciones superiores para la eliminaci\u00f3n de manchas.<\/li>\n<\/ul>\n<p><strong>SKU: BU2011<\/strong><\/p>\n","protected":false},"featured_media":9724,"template":"","meta":[],"product_brand":[],"product_cat":[868,1047,652,94],"product_tag":[654],"class_list":{"0":"post-9726","1":"product","2":"type-product","3":"status-publish","4":"has-post-thumbnail","6":"product_cat-inyeccion-extraccion","7":"product_cat-limpieza-alfombras","8":"product_cat-productos-quimicos-industriales","9":"product_cat-quimicos-articulos-limpieza","10":"product_tag-productos-quimicos","12":"first","13":"instock","14":"shipping-taxable","15":"product-type-simple"},"yoast_head":"<!-- This site is optimized with the Yoast SEO plugin v27.3 - https:\/\/yoast.com\/product\/yoast-seo-wordpress\/ -->\n<title>BID\u00d3N 5KG LA-610 INYECCI\u00d3N\/EXTRACCI\u00d3N - C\u00d3DIGO: BU2011 - Meprolim<\/title>\n<meta name=\"robots\" content=\"index, follow, max-snippet:-1, max-image-preview:large, max-video-preview:-1\" \/>\n<link rel=\"canonical\" href=\"https:\/\/meprolim.es\/producto\/quimicos-articulos-limpieza\/productos-quimicos-industriales\/limpieza-alfombras\/inyeccion-extraccion\/bidon-5kg-la-610-inyeccion-extraccion\/\" \/>\n<meta property=\"og:locale\" content=\"fr_FR\" \/>\n<meta property=\"og:type\" content=\"article\" \/>\n<meta property=\"og:title\" content=\"BID\u00d3N 5KG LA-610 INYECCI\u00d3N\/EXTRACCI\u00d3N - C\u00d3DIGO: BU2011 - Meprolim\" \/>\n<meta property=\"og:description\" content=\"pH 5-7.  Bid\u00f3n 5 litros.  Producto l\u00edquido lechoso.  Color: rosa.  Perfume: caracter\u00edstico.  Mezclar con agua en la proporci\u00f3n 1\/20.  En caso de emplear m\u00e1quinas rotatorias es necesario simultanear su aplicaci\u00f3n con un aspirador de agua para recoger la soluci\u00f3n limpiadora.  Puede emplearse manualmente en concentraciones superiores para la eliminaci\u00f3n de manchas.  SKU: BU2011\" \/>\n<meta property=\"og:url\" content=\"https:\/\/meprolim.es\/producto\/quimicos-articulos-limpieza\/productos-quimicos-industriales\/limpieza-alfombras\/inyeccion-extraccion\/bidon-5kg-la-610-inyeccion-extraccion\/\" \/>\n<meta property=\"og:site_name\" content=\"Meprolim\" \/>\n<meta property=\"article:modified_time\" content=\"2023-05-18T20:47:38+00:00\" \/>\n<meta property=\"og:image\" content=\"https:\/\/meprolim.es\/wp-content\/uploads\/2019\/09\/BU2011.jpg\" \/>\n\t<meta property=\"og:image:width\" content=\"768\" \/>\n\t<meta property=\"og:image:height\" content=\"768\" \/>\n\t<meta property=\"og:image:type\" content=\"image\/jpeg\" \/>\n<meta name=\"twitter:card\" content=\"summary_large_image\" \/>\n<meta name=\"twitter:label1\" content=\"Dur\u00e9e de lecture estim\u00e9e\" \/>\n\t<meta name=\"twitter:data1\" content=\"1 minute\" \/>\n<script type=\"application\/ld+json\" class=\"yoast-schema-graph\">{\"@context\":\"https:\\\/\\\/schema.org\",\"@graph\":[{\"@type\":\"WebPage\",\"@id\":\"https:\\\/\\\/meprolim.es\\\/producto\\\/quimicos-articulos-limpieza\\\/productos-quimicos-industriales\\\/limpieza-alfombras\\\/inyeccion-extraccion\\\/bidon-5kg-la-610-inyeccion-extraccion\\\/\",\"url\":\"https:\\\/\\\/meprolim.es\\\/producto\\\/quimicos-articulos-limpieza\\\/productos-quimicos-industriales\\\/limpieza-alfombras\\\/inyeccion-extraccion\\\/bidon-5kg-la-610-inyeccion-extraccion\\\/\",\"name\":\"BID\u00d3N 5KG LA-610 INYECCI\u00d3N\\\/EXTRACCI\u00d3N - C\u00d3DIGO: BU2011 - Meprolim\",\"isPartOf\":{\"@id\":\"https:\\\/\\\/meprolim.es\\\/fr\\\/#website\"},\"primaryImageOfPage\":{\"@id\":\"https:\\\/\\\/meprolim.es\\\/producto\\\/quimicos-articulos-limpieza\\\/productos-quimicos-industriales\\\/limpieza-alfombras\\\/inyeccion-extraccion\\\/bidon-5kg-la-610-inyeccion-extraccion\\\/#primaryimage\"},\"image\":{\"@id\":\"https:\\\/\\\/meprolim.es\\\/producto\\\/quimicos-articulos-limpieza\\\/productos-quimicos-industriales\\\/limpieza-alfombras\\\/inyeccion-extraccion\\\/bidon-5kg-la-610-inyeccion-extraccion\\\/#primaryimage\"},\"thumbnailUrl\":\"https:\\\/\\\/meprolim.es\\\/wp-content\\\/uploads\\\/2019\\\/09\\\/BU2011.jpg\",\"datePublished\":\"2019-09-08T15:57:33+00:00\",\"dateModified\":\"2023-05-18T20:47:38+00:00\",\"breadcrumb\":{\"@id\":\"https:\\\/\\\/meprolim.es\\\/producto\\\/quimicos-articulos-limpieza\\\/productos-quimicos-industriales\\\/limpieza-alfombras\\\/inyeccion-extraccion\\\/bidon-5kg-la-610-inyeccion-extraccion\\\/#breadcrumb\"},\"inLanguage\":\"fr-FR\",\"potentialAction\":[{\"@type\":\"ReadAction\",\"target\":[\"https:\\\/\\\/meprolim.es\\\/producto\\\/quimicos-articulos-limpieza\\\/productos-quimicos-industriales\\\/limpieza-alfombras\\\/inyeccion-extraccion\\\/bidon-5kg-la-610-inyeccion-extraccion\\\/\"]}]},{\"@type\":\"ImageObject\",\"inLanguage\":\"fr-FR\",\"@id\":\"https:\\\/\\\/meprolim.es\\\/producto\\\/quimicos-articulos-limpieza\\\/productos-quimicos-industriales\\\/limpieza-alfombras\\\/inyeccion-extraccion\\\/bidon-5kg-la-610-inyeccion-extraccion\\\/#primaryimage\",\"url\":\"https:\\\/\\\/meprolim.es\\\/wp-content\\\/uploads\\\/2019\\\/09\\\/BU2011.jpg\",\"contentUrl\":\"https:\\\/\\\/meprolim.es\\\/wp-content\\\/uploads\\\/2019\\\/09\\\/BU2011.jpg\",\"width\":768,\"height\":768},{\"@type\":\"BreadcrumbList\",\"@id\":\"https:\\\/\\\/meprolim.es\\\/producto\\\/quimicos-articulos-limpieza\\\/productos-quimicos-industriales\\\/limpieza-alfombras\\\/inyeccion-extraccion\\\/bidon-5kg-la-610-inyeccion-extraccion\\\/#breadcrumb\",\"itemListElement\":[{\"@type\":\"ListItem\",\"position\":1,\"name\":\"Portada\",\"item\":\"https:\\\/\\\/meprolim.es\\\/fr\\\/\"},{\"@type\":\"ListItem\",\"position\":2,\"name\":\"Catalogue\",\"item\":\"https:\\\/\\\/meprolim.es\\\/fr\\\/catalogue\\\/\"},{\"@type\":\"ListItem\",\"position\":3,\"name\":\"BID\u00d3N 5KG LA-610 INYECCI\u00d3N\\\/EXTRACCI\u00d3N &#8211; C\u00d3DIGO: BU2011\"}]},{\"@type\":\"WebSite\",\"@id\":\"https:\\\/\\\/meprolim.es\\\/fr\\\/#website\",\"url\":\"https:\\\/\\\/meprolim.es\\\/fr\\\/\",\"name\":\"Meprolim\",\"description\":\"Cavas Catalanas S.L.\",\"publisher\":{\"@id\":\"https:\\\/\\\/meprolim.es\\\/fr\\\/#organization\"},\"potentialAction\":[{\"@type\":\"SearchAction\",\"target\":{\"@type\":\"EntryPoint\",\"urlTemplate\":\"https:\\\/\\\/meprolim.es\\\/fr\\\/?s={search_term_string}\"},\"query-input\":{\"@type\":\"PropertyValueSpecification\",\"valueRequired\":true,\"valueName\":\"search_term_string\"}}],\"inLanguage\":\"fr-FR\"},{\"@type\":\"Organization\",\"@id\":\"https:\\\/\\\/meprolim.es\\\/fr\\\/#organization\",\"name\":\"Meprolim\",\"url\":\"https:\\\/\\\/meprolim.es\\\/fr\\\/\",\"logo\":{\"@type\":\"ImageObject\",\"inLanguage\":\"fr-FR\",\"@id\":\"https:\\\/\\\/meprolim.es\\\/fr\\\/#\\\/schema\\\/logo\\\/image\\\/\",\"url\":\"https:\\\/\\\/meprolim.es\\\/wp-content\\\/uploads\\\/2019\\\/07\\\/cropped-logo2.png\",\"contentUrl\":\"https:\\\/\\\/meprolim.es\\\/wp-content\\\/uploads\\\/2019\\\/07\\\/cropped-logo2.png\",\"width\":401,\"height\":162,\"caption\":\"Meprolim\"},\"image\":{\"@id\":\"https:\\\/\\\/meprolim.es\\\/fr\\\/#\\\/schema\\\/logo\\\/image\\\/\"}}]}<\/script>\n<!-- \/ Yoast SEO plugin. -->","yoast_head_json":{"title":"BID\u00d3N 5KG LA-610 INYECCI\u00d3N\/EXTRACCI\u00d3N - C\u00d3DIGO: BU2011 - Meprolim","robots":{"index":"index","follow":"follow","max-snippet":"max-snippet:-1","max-image-preview":"max-image-preview:large","max-video-preview":"max-video-preview:-1"},"canonical":"https:\/\/meprolim.es\/producto\/quimicos-articulos-limpieza\/productos-quimicos-industriales\/limpieza-alfombras\/inyeccion-extraccion\/bidon-5kg-la-610-inyeccion-extraccion\/","og_locale":"fr_FR","og_type":"article","og_title":"BID\u00d3N 5KG LA-610 INYECCI\u00d3N\/EXTRACCI\u00d3N - C\u00d3DIGO: BU2011 - Meprolim","og_description":"pH 5-7.  Bid\u00f3n 5 litros.  Producto l\u00edquido lechoso.  Color: rosa.  Perfume: caracter\u00edstico.  Mezclar con agua en la proporci\u00f3n 1\/20.  En caso de emplear m\u00e1quinas rotatorias es necesario simultanear su aplicaci\u00f3n con un aspirador de agua para recoger la soluci\u00f3n limpiadora.  Puede emplearse manualmente en concentraciones superiores para la eliminaci\u00f3n de manchas.  SKU: BU2011","og_url":"https:\/\/meprolim.es\/producto\/quimicos-articulos-limpieza\/productos-quimicos-industriales\/limpieza-alfombras\/inyeccion-extraccion\/bidon-5kg-la-610-inyeccion-extraccion\/","og_site_name":"Meprolim","article_modified_time":"2023-05-18T20:47:38+00:00","og_image":[{"width":768,"height":768,"url":"https:\/\/meprolim.es\/wp-content\/uploads\/2019\/09\/BU2011.jpg","type":"image\/jpeg"}],"twitter_card":"summary_large_image","twitter_misc":{"Dur\u00e9e de lecture estim\u00e9e":"1 minute"},"schema":{"@context":"https:\/\/schema.org","@graph":[{"@type":"WebPage","@id":"https:\/\/meprolim.es\/producto\/quimicos-articulos-limpieza\/productos-quimicos-industriales\/limpieza-alfombras\/inyeccion-extraccion\/bidon-5kg-la-610-inyeccion-extraccion\/","url":"https:\/\/meprolim.es\/producto\/quimicos-articulos-limpieza\/productos-quimicos-industriales\/limpieza-alfombras\/inyeccion-extraccion\/bidon-5kg-la-610-inyeccion-extraccion\/","name":"BID\u00d3N 5KG LA-610 INYECCI\u00d3N\/EXTRACCI\u00d3N - C\u00d3DIGO: BU2011 - Meprolim","isPartOf":{"@id":"https:\/\/meprolim.es\/fr\/#website"},"primaryImageOfPage":{"@id":"https:\/\/meprolim.es\/producto\/quimicos-articulos-limpieza\/productos-quimicos-industriales\/limpieza-alfombras\/inyeccion-extraccion\/bidon-5kg-la-610-inyeccion-extraccion\/#primaryimage"},"image":{"@id":"https:\/\/meprolim.es\/producto\/quimicos-articulos-limpieza\/productos-quimicos-industriales\/limpieza-alfombras\/inyeccion-extraccion\/bidon-5kg-la-610-inyeccion-extraccion\/#primaryimage"},"thumbnailUrl":"https:\/\/meprolim.es\/wp-content\/uploads\/2019\/09\/BU2011.jpg","datePublished":"2019-09-08T15:57:33+00:00","dateModified":"2023-05-18T20:47:38+00:00","breadcrumb":{"@id":"https:\/\/meprolim.es\/producto\/quimicos-articulos-limpieza\/productos-quimicos-industriales\/limpieza-alfombras\/inyeccion-extraccion\/bidon-5kg-la-610-inyeccion-extraccion\/#breadcrumb"},"inLanguage":"fr-FR","potentialAction":[{"@type":"ReadAction","target":["https:\/\/meprolim.es\/producto\/quimicos-articulos-limpieza\/productos-quimicos-industriales\/limpieza-alfombras\/inyeccion-extraccion\/bidon-5kg-la-610-inyeccion-extraccion\/"]}]},{"@type":"ImageObject","inLanguage":"fr-FR","@id":"https:\/\/meprolim.es\/producto\/quimicos-articulos-limpieza\/productos-quimicos-industriales\/limpieza-alfombras\/inyeccion-extraccion\/bidon-5kg-la-610-inyeccion-extraccion\/#primaryimage","url":"https:\/\/meprolim.es\/wp-content\/uploads\/2019\/09\/BU2011.jpg","contentUrl":"https:\/\/meprolim.es\/wp-content\/uploads\/2019\/09\/BU2011.jpg","width":768,"height":768},{"@type":"BreadcrumbList","@id":"https:\/\/meprolim.es\/producto\/quimicos-articulos-limpieza\/productos-quimicos-industriales\/limpieza-alfombras\/inyeccion-extraccion\/bidon-5kg-la-610-inyeccion-extraccion\/#breadcrumb","itemListElement":[{"@type":"ListItem","position":1,"name":"Portada","item":"https:\/\/meprolim.es\/fr\/"},{"@type":"ListItem","position":2,"name":"Catalogue","item":"https:\/\/meprolim.es\/fr\/catalogue\/"},{"@type":"ListItem","position":3,"name":"BID\u00d3N 5KG LA-610 INYECCI\u00d3N\/EXTRACCI\u00d3N &#8211; C\u00d3DIGO: BU2011"}]},{"@type":"WebSite","@id":"https:\/\/meprolim.es\/fr\/#website","url":"https:\/\/meprolim.es\/fr\/","name":"Meprolim","description":"Cavas Catalanas S.L.","publisher":{"@id":"https:\/\/meprolim.es\/fr\/#organization"},"potentialAction":[{"@type":"SearchAction","target":{"@type":"EntryPoint","urlTemplate":"https:\/\/meprolim.es\/fr\/?s={search_term_string}"},"query-input":{"@type":"PropertyValueSpecification","valueRequired":true,"valueName":"search_term_string"}}],"inLanguage":"fr-FR"},{"@type":"Organization","@id":"https:\/\/meprolim.es\/fr\/#organization","name":"Meprolim","url":"https:\/\/meprolim.es\/fr\/","logo":{"@type":"ImageObject","inLanguage":"fr-FR","@id":"https:\/\/meprolim.es\/fr\/#\/schema\/logo\/image\/","url":"https:\/\/meprolim.es\/wp-content\/uploads\/2019\/07\/cropped-logo2.png","contentUrl":"https:\/\/meprolim.es\/wp-content\/uploads\/2019\/07\/cropped-logo2.png","width":401,"height":162,"caption":"Meprolim"},"image":{"@id":"https:\/\/meprolim.es\/fr\/#\/schema\/logo\/image\/"}}]}},"_links":{"self":[{"href":"https:\/\/meprolim.es\/fr\/wp-json\/wp\/v2\/product\/9726","targetHints":{"allow":["GET"]}}],"collection":[{"href":"https:\/\/meprolim.es\/fr\/wp-json\/wp\/v2\/product"}],"about":[{"href":"https:\/\/meprolim.es\/fr\/wp-json\/wp\/v2\/types\/product"}],"wp:featuredmedia":[{"embeddable":true,"href":"https:\/\/meprolim.es\/fr\/wp-json\/wp\/v2\/media\/9724"}],"wp:attachment":[{"href":"https:\/\/meprolim.es\/fr\/wp-json\/wp\/v2\/media?parent=9726"}],"wp:term":[{"taxonomy":"product_brand","embeddable":true,"href":"https:\/\/meprolim.es\/fr\/wp-json\/wp\/v2\/product_brand?post=9726"},{"taxonomy":"product_cat","embeddable":true,"href":"https:\/\/meprolim.es\/fr\/wp-json\/wp\/v2\/product_cat?post=9726"},{"taxonomy":"product_tag","embeddable":true,"href":"https:\/\/meprolim.es\/fr\/wp-json\/wp\/v2\/product_tag?post=9726"}],"curies":[{"name":"wp","href":"https:\/\/api.w.org\/{rel}","templated":true}]}}