{"id":9752,"date":"2019-09-09T14:15:52","date_gmt":"2019-09-09T13:15:52","guid":{"rendered":"http:\/\/www.meprolim.es\/?post_type=product&#038;p=9752"},"modified":"2023-05-20T03:52:40","modified_gmt":"2023-05-20T02:52:40","slug":"bidon-5kg-suciwax-cs-cristalizador","status":"publish","type":"product","link":"https:\/\/meprolim.es\/fr\/producto\/quimicos-y-articulos-de-limpieza\/productos-quimicos-industriales-fr-2\/cristalizadores-decapantes-fr-2\/cristalizadores-fr-2\/150-180-rpm-fr-2\/bidon-5kg-suciwax-cs-cristalizador\/","title":{"rendered":"BID\u00d3N 5KG SUCIWAX CS CRISTALIZADOR &#8211; C\u00d3DIGO: BX4022"},"content":{"rendered":"<div class=\"wpb-content-wrapper\"><p>[vc_row][vc_column][vc_column_text]<\/p>\n<p style=\"text-align: justify;\">Prepara el suelo para un perfecto cristalizado. Proporciona un brillo intenso. Mayor dureza, protecci\u00f3n y resistencia al desgaste. Resalta las tonalidades del suelo.<\/p>\n<p>[\/vc_column_text][\/vc_column][\/vc_row]<\/p>\n<\/div>","protected":false},"excerpt":{"rendered":"<ul>\n<li>pH 3.<\/li>\n<li>Bid\u00f3n de 5 litros.<\/li>\n<li>Prepara el suelo para un perfecto cristalizado.<\/li>\n<li>Proporciona un brillo intenso.<\/li>\n<li>Mayor dureza, protecci\u00f3n y resistencia al desgaste.<\/li>\n<li>Resalta las tonalidades del suelo.<\/li>\n<li>Producto l\u00edquido transparente.<\/li>\n<li>Color: azul.<\/li>\n<li>Perfume: caracter\u00edstico.<\/li>\n<li>USO CON M\u00c1QUINA.<\/li>\n<li>Aplicar 25-30 gr\/m2 de producto sobre la superficie.<\/li>\n<li>Extender con la rotativa provista de un pad de lana de acero.<\/li>\n<li>Trabajar hasta que el producto se absorba por completo y aparezca el brillo deseado.<\/li>\n<li>No es aconsejable tratar de una sola vez extensiones superiores a 2-3 m2.<\/li>\n<\/ul>\n<p><strong>SKU: BX4022<\/strong><\/p>\n","protected":false},"featured_media":9754,"template":"","meta":[],"product_brand":[],"product_cat":[871,1058,1057,652,94],"product_tag":[872,654],"class_list":{"0":"post-9752","1":"product","2":"type-product","3":"status-publish","4":"has-post-thumbnail","6":"product_cat-150-180-rpm","7":"product_cat-cristalizadores","8":"product_cat-cristalizadores-decapantes","9":"product_cat-productos-quimicos-industriales","10":"product_cat-quimicos-articulos-limpieza","11":"product_tag-cristalizadores","12":"product_tag-productos-quimicos","14":"first","15":"instock","16":"shipping-taxable","17":"product-type-simple"},"yoast_head":"<!-- This site is optimized with the Yoast SEO plugin v27.5 - https:\/\/yoast.com\/product\/yoast-seo-wordpress\/ -->\n<title>BID\u00d3N 5KG SUCIWAX CS CRISTALIZADOR - C\u00d3DIGO: BX4022 - Meprolim<\/title>\n<meta name=\"robots\" content=\"index, follow, max-snippet:-1, max-image-preview:large, max-video-preview:-1\" \/>\n<link rel=\"canonical\" href=\"https:\/\/meprolim.es\/producto\/quimicos-articulos-limpieza\/productos-quimicos-industriales\/cristalizadores-decapantes\/cristalizadores\/150-180-rpm\/bidon-5kg-suciwax-cs-cristalizador\/\" \/>\n<meta property=\"og:locale\" content=\"fr_FR\" \/>\n<meta property=\"og:type\" content=\"article\" \/>\n<meta property=\"og:title\" content=\"BID\u00d3N 5KG SUCIWAX CS CRISTALIZADOR - C\u00d3DIGO: BX4022 - Meprolim\" \/>\n<meta property=\"og:description\" content=\"pH 3.  Bid\u00f3n de 5 litros.  Prepara el suelo para un perfecto cristalizado.  Proporciona un brillo intenso.  Mayor dureza, protecci\u00f3n y resistencia al desgaste.  Resalta las tonalidades del suelo.  Producto l\u00edquido transparente.  Color: azul.  Perfume: caracter\u00edstico.  USO CON M\u00c1QUINA.  Aplicar 25-30 gr\/m2 de producto sobre la superficie.  Extender con la rotativa provista de un pad de lana de acero.  Trabajar hasta que el producto se absorba por completo y aparezca el brillo deseado.  No es aconsejable tratar de una sola vez extensiones superiores a 2-3 m2.  SKU: BX4022\" \/>\n<meta property=\"og:url\" content=\"https:\/\/meprolim.es\/producto\/quimicos-articulos-limpieza\/productos-quimicos-industriales\/cristalizadores-decapantes\/cristalizadores\/150-180-rpm\/bidon-5kg-suciwax-cs-cristalizador\/\" \/>\n<meta property=\"og:site_name\" content=\"Meprolim\" \/>\n<meta property=\"article:modified_time\" content=\"2023-05-20T02:52:40+00:00\" \/>\n<meta property=\"og:image\" content=\"https:\/\/meprolim.es\/wp-content\/uploads\/2019\/09\/BX4022.jpg\" \/>\n\t<meta property=\"og:image:width\" content=\"768\" \/>\n\t<meta property=\"og:image:height\" content=\"768\" \/>\n\t<meta property=\"og:image:type\" content=\"image\/jpeg\" \/>\n<meta name=\"twitter:card\" content=\"summary_large_image\" \/>\n<meta name=\"twitter:label1\" content=\"Dur\u00e9e de lecture estim\u00e9e\" \/>\n\t<meta name=\"twitter:data1\" content=\"1 minute\" \/>\n<script type=\"application\/ld+json\" class=\"yoast-schema-graph\">{\"@context\":\"https:\\\/\\\/schema.org\",\"@graph\":[{\"@type\":\"WebPage\",\"@id\":\"https:\\\/\\\/meprolim.es\\\/producto\\\/quimicos-articulos-limpieza\\\/productos-quimicos-industriales\\\/cristalizadores-decapantes\\\/cristalizadores\\\/150-180-rpm\\\/bidon-5kg-suciwax-cs-cristalizador\\\/\",\"url\":\"https:\\\/\\\/meprolim.es\\\/producto\\\/quimicos-articulos-limpieza\\\/productos-quimicos-industriales\\\/cristalizadores-decapantes\\\/cristalizadores\\\/150-180-rpm\\\/bidon-5kg-suciwax-cs-cristalizador\\\/\",\"name\":\"BID\u00d3N 5KG SUCIWAX CS CRISTALIZADOR - C\u00d3DIGO: BX4022 - Meprolim\",\"isPartOf\":{\"@id\":\"https:\\\/\\\/meprolim.es\\\/fr\\\/#website\"},\"primaryImageOfPage\":{\"@id\":\"https:\\\/\\\/meprolim.es\\\/producto\\\/quimicos-articulos-limpieza\\\/productos-quimicos-industriales\\\/cristalizadores-decapantes\\\/cristalizadores\\\/150-180-rpm\\\/bidon-5kg-suciwax-cs-cristalizador\\\/#primaryimage\"},\"image\":{\"@id\":\"https:\\\/\\\/meprolim.es\\\/producto\\\/quimicos-articulos-limpieza\\\/productos-quimicos-industriales\\\/cristalizadores-decapantes\\\/cristalizadores\\\/150-180-rpm\\\/bidon-5kg-suciwax-cs-cristalizador\\\/#primaryimage\"},\"thumbnailUrl\":\"https:\\\/\\\/meprolim.es\\\/wp-content\\\/uploads\\\/2019\\\/09\\\/BX4022.jpg\",\"datePublished\":\"2019-09-09T13:15:52+00:00\",\"dateModified\":\"2023-05-20T02:52:40+00:00\",\"breadcrumb\":{\"@id\":\"https:\\\/\\\/meprolim.es\\\/producto\\\/quimicos-articulos-limpieza\\\/productos-quimicos-industriales\\\/cristalizadores-decapantes\\\/cristalizadores\\\/150-180-rpm\\\/bidon-5kg-suciwax-cs-cristalizador\\\/#breadcrumb\"},\"inLanguage\":\"fr-FR\",\"potentialAction\":[{\"@type\":\"ReadAction\",\"target\":[\"https:\\\/\\\/meprolim.es\\\/producto\\\/quimicos-articulos-limpieza\\\/productos-quimicos-industriales\\\/cristalizadores-decapantes\\\/cristalizadores\\\/150-180-rpm\\\/bidon-5kg-suciwax-cs-cristalizador\\\/\"]}]},{\"@type\":\"ImageObject\",\"inLanguage\":\"fr-FR\",\"@id\":\"https:\\\/\\\/meprolim.es\\\/producto\\\/quimicos-articulos-limpieza\\\/productos-quimicos-industriales\\\/cristalizadores-decapantes\\\/cristalizadores\\\/150-180-rpm\\\/bidon-5kg-suciwax-cs-cristalizador\\\/#primaryimage\",\"url\":\"https:\\\/\\\/meprolim.es\\\/wp-content\\\/uploads\\\/2019\\\/09\\\/BX4022.jpg\",\"contentUrl\":\"https:\\\/\\\/meprolim.es\\\/wp-content\\\/uploads\\\/2019\\\/09\\\/BX4022.jpg\",\"width\":768,\"height\":768},{\"@type\":\"BreadcrumbList\",\"@id\":\"https:\\\/\\\/meprolim.es\\\/producto\\\/quimicos-articulos-limpieza\\\/productos-quimicos-industriales\\\/cristalizadores-decapantes\\\/cristalizadores\\\/150-180-rpm\\\/bidon-5kg-suciwax-cs-cristalizador\\\/#breadcrumb\",\"itemListElement\":[{\"@type\":\"ListItem\",\"position\":1,\"name\":\"Portada\",\"item\":\"https:\\\/\\\/meprolim.es\\\/fr\\\/\"},{\"@type\":\"ListItem\",\"position\":2,\"name\":\"Catalogue\",\"item\":\"https:\\\/\\\/meprolim.es\\\/fr\\\/catalogue\\\/\"},{\"@type\":\"ListItem\",\"position\":3,\"name\":\"BID\u00d3N 5KG SUCIWAX CS CRISTALIZADOR &#8211; C\u00d3DIGO: BX4022\"}]},{\"@type\":\"WebSite\",\"@id\":\"https:\\\/\\\/meprolim.es\\\/fr\\\/#website\",\"url\":\"https:\\\/\\\/meprolim.es\\\/fr\\\/\",\"name\":\"Meprolim\",\"description\":\"Cavas Catalanas S.L.\",\"publisher\":{\"@id\":\"https:\\\/\\\/meprolim.es\\\/fr\\\/#organization\"},\"potentialAction\":[{\"@type\":\"SearchAction\",\"target\":{\"@type\":\"EntryPoint\",\"urlTemplate\":\"https:\\\/\\\/meprolim.es\\\/fr\\\/?s={search_term_string}\"},\"query-input\":{\"@type\":\"PropertyValueSpecification\",\"valueRequired\":true,\"valueName\":\"search_term_string\"}}],\"inLanguage\":\"fr-FR\"},{\"@type\":\"Organization\",\"@id\":\"https:\\\/\\\/meprolim.es\\\/fr\\\/#organization\",\"name\":\"Meprolim\",\"url\":\"https:\\\/\\\/meprolim.es\\\/fr\\\/\",\"logo\":{\"@type\":\"ImageObject\",\"inLanguage\":\"fr-FR\",\"@id\":\"https:\\\/\\\/meprolim.es\\\/fr\\\/#\\\/schema\\\/logo\\\/image\\\/\",\"url\":\"https:\\\/\\\/meprolim.es\\\/wp-content\\\/uploads\\\/2019\\\/07\\\/cropped-logo2.png\",\"contentUrl\":\"https:\\\/\\\/meprolim.es\\\/wp-content\\\/uploads\\\/2019\\\/07\\\/cropped-logo2.png\",\"width\":401,\"height\":162,\"caption\":\"Meprolim\"},\"image\":{\"@id\":\"https:\\\/\\\/meprolim.es\\\/fr\\\/#\\\/schema\\\/logo\\\/image\\\/\"}}]}<\/script>\n<!-- \/ Yoast SEO plugin. -->","yoast_head_json":{"title":"BID\u00d3N 5KG SUCIWAX CS CRISTALIZADOR - C\u00d3DIGO: BX4022 - Meprolim","robots":{"index":"index","follow":"follow","max-snippet":"max-snippet:-1","max-image-preview":"max-image-preview:large","max-video-preview":"max-video-preview:-1"},"canonical":"https:\/\/meprolim.es\/producto\/quimicos-articulos-limpieza\/productos-quimicos-industriales\/cristalizadores-decapantes\/cristalizadores\/150-180-rpm\/bidon-5kg-suciwax-cs-cristalizador\/","og_locale":"fr_FR","og_type":"article","og_title":"BID\u00d3N 5KG SUCIWAX CS CRISTALIZADOR - C\u00d3DIGO: BX4022 - Meprolim","og_description":"pH 3.  Bid\u00f3n de 5 litros.  Prepara el suelo para un perfecto cristalizado.  Proporciona un brillo intenso.  Mayor dureza, protecci\u00f3n y resistencia al desgaste.  Resalta las tonalidades del suelo.  Producto l\u00edquido transparente.  Color: azul.  Perfume: caracter\u00edstico.  USO CON M\u00c1QUINA.  Aplicar 25-30 gr\/m2 de producto sobre la superficie.  Extender con la rotativa provista de un pad de lana de acero.  Trabajar hasta que el producto se absorba por completo y aparezca el brillo deseado.  No es aconsejable tratar de una sola vez extensiones superiores a 2-3 m2.  SKU: BX4022","og_url":"https:\/\/meprolim.es\/producto\/quimicos-articulos-limpieza\/productos-quimicos-industriales\/cristalizadores-decapantes\/cristalizadores\/150-180-rpm\/bidon-5kg-suciwax-cs-cristalizador\/","og_site_name":"Meprolim","article_modified_time":"2023-05-20T02:52:40+00:00","og_image":[{"width":768,"height":768,"url":"https:\/\/meprolim.es\/wp-content\/uploads\/2019\/09\/BX4022.jpg","type":"image\/jpeg"}],"twitter_card":"summary_large_image","twitter_misc":{"Dur\u00e9e de lecture estim\u00e9e":"1 minute"},"schema":{"@context":"https:\/\/schema.org","@graph":[{"@type":"WebPage","@id":"https:\/\/meprolim.es\/producto\/quimicos-articulos-limpieza\/productos-quimicos-industriales\/cristalizadores-decapantes\/cristalizadores\/150-180-rpm\/bidon-5kg-suciwax-cs-cristalizador\/","url":"https:\/\/meprolim.es\/producto\/quimicos-articulos-limpieza\/productos-quimicos-industriales\/cristalizadores-decapantes\/cristalizadores\/150-180-rpm\/bidon-5kg-suciwax-cs-cristalizador\/","name":"BID\u00d3N 5KG SUCIWAX CS CRISTALIZADOR - C\u00d3DIGO: BX4022 - Meprolim","isPartOf":{"@id":"https:\/\/meprolim.es\/fr\/#website"},"primaryImageOfPage":{"@id":"https:\/\/meprolim.es\/producto\/quimicos-articulos-limpieza\/productos-quimicos-industriales\/cristalizadores-decapantes\/cristalizadores\/150-180-rpm\/bidon-5kg-suciwax-cs-cristalizador\/#primaryimage"},"image":{"@id":"https:\/\/meprolim.es\/producto\/quimicos-articulos-limpieza\/productos-quimicos-industriales\/cristalizadores-decapantes\/cristalizadores\/150-180-rpm\/bidon-5kg-suciwax-cs-cristalizador\/#primaryimage"},"thumbnailUrl":"https:\/\/meprolim.es\/wp-content\/uploads\/2019\/09\/BX4022.jpg","datePublished":"2019-09-09T13:15:52+00:00","dateModified":"2023-05-20T02:52:40+00:00","breadcrumb":{"@id":"https:\/\/meprolim.es\/producto\/quimicos-articulos-limpieza\/productos-quimicos-industriales\/cristalizadores-decapantes\/cristalizadores\/150-180-rpm\/bidon-5kg-suciwax-cs-cristalizador\/#breadcrumb"},"inLanguage":"fr-FR","potentialAction":[{"@type":"ReadAction","target":["https:\/\/meprolim.es\/producto\/quimicos-articulos-limpieza\/productos-quimicos-industriales\/cristalizadores-decapantes\/cristalizadores\/150-180-rpm\/bidon-5kg-suciwax-cs-cristalizador\/"]}]},{"@type":"ImageObject","inLanguage":"fr-FR","@id":"https:\/\/meprolim.es\/producto\/quimicos-articulos-limpieza\/productos-quimicos-industriales\/cristalizadores-decapantes\/cristalizadores\/150-180-rpm\/bidon-5kg-suciwax-cs-cristalizador\/#primaryimage","url":"https:\/\/meprolim.es\/wp-content\/uploads\/2019\/09\/BX4022.jpg","contentUrl":"https:\/\/meprolim.es\/wp-content\/uploads\/2019\/09\/BX4022.jpg","width":768,"height":768},{"@type":"BreadcrumbList","@id":"https:\/\/meprolim.es\/producto\/quimicos-articulos-limpieza\/productos-quimicos-industriales\/cristalizadores-decapantes\/cristalizadores\/150-180-rpm\/bidon-5kg-suciwax-cs-cristalizador\/#breadcrumb","itemListElement":[{"@type":"ListItem","position":1,"name":"Portada","item":"https:\/\/meprolim.es\/fr\/"},{"@type":"ListItem","position":2,"name":"Catalogue","item":"https:\/\/meprolim.es\/fr\/catalogue\/"},{"@type":"ListItem","position":3,"name":"BID\u00d3N 5KG SUCIWAX CS CRISTALIZADOR &#8211; C\u00d3DIGO: BX4022"}]},{"@type":"WebSite","@id":"https:\/\/meprolim.es\/fr\/#website","url":"https:\/\/meprolim.es\/fr\/","name":"Meprolim","description":"Cavas Catalanas S.L.","publisher":{"@id":"https:\/\/meprolim.es\/fr\/#organization"},"potentialAction":[{"@type":"SearchAction","target":{"@type":"EntryPoint","urlTemplate":"https:\/\/meprolim.es\/fr\/?s={search_term_string}"},"query-input":{"@type":"PropertyValueSpecification","valueRequired":true,"valueName":"search_term_string"}}],"inLanguage":"fr-FR"},{"@type":"Organization","@id":"https:\/\/meprolim.es\/fr\/#organization","name":"Meprolim","url":"https:\/\/meprolim.es\/fr\/","logo":{"@type":"ImageObject","inLanguage":"fr-FR","@id":"https:\/\/meprolim.es\/fr\/#\/schema\/logo\/image\/","url":"https:\/\/meprolim.es\/wp-content\/uploads\/2019\/07\/cropped-logo2.png","contentUrl":"https:\/\/meprolim.es\/wp-content\/uploads\/2019\/07\/cropped-logo2.png","width":401,"height":162,"caption":"Meprolim"},"image":{"@id":"https:\/\/meprolim.es\/fr\/#\/schema\/logo\/image\/"}}]}},"_links":{"self":[{"href":"https:\/\/meprolim.es\/fr\/wp-json\/wp\/v2\/product\/9752","targetHints":{"allow":["GET"]}}],"collection":[{"href":"https:\/\/meprolim.es\/fr\/wp-json\/wp\/v2\/product"}],"about":[{"href":"https:\/\/meprolim.es\/fr\/wp-json\/wp\/v2\/types\/product"}],"wp:featuredmedia":[{"embeddable":true,"href":"https:\/\/meprolim.es\/fr\/wp-json\/wp\/v2\/media\/9754"}],"wp:attachment":[{"href":"https:\/\/meprolim.es\/fr\/wp-json\/wp\/v2\/media?parent=9752"}],"wp:term":[{"taxonomy":"product_brand","embeddable":true,"href":"https:\/\/meprolim.es\/fr\/wp-json\/wp\/v2\/product_brand?post=9752"},{"taxonomy":"product_cat","embeddable":true,"href":"https:\/\/meprolim.es\/fr\/wp-json\/wp\/v2\/product_cat?post=9752"},{"taxonomy":"product_tag","embeddable":true,"href":"https:\/\/meprolim.es\/fr\/wp-json\/wp\/v2\/product_tag?post=9752"}],"curies":[{"name":"wp","href":"https:\/\/api.w.org\/{rel}","templated":true}]}}