{"id":9838,"date":"2019-09-09T22:24:32","date_gmt":"2019-09-09T21:24:32","guid":{"rendered":"http:\/\/www.meprolim.es\/?post_type=product&#038;p=9838"},"modified":"2023-05-22T00:28:47","modified_gmt":"2023-05-21T23:28:47","slug":"bidon-5kg-aquagen-dv","status":"publish","type":"product","link":"https:\/\/meprolim.es\/fr\/producto\/quimicos-y-articulos-de-limpieza\/productos-quimicos-industriales-fr-2\/desinfectantes-higienizantes-fr-2\/frutas-verduras-fr-2\/bidon-5kg-aquagen-dv\/","title":{"rendered":"BID\u00d3N 5KG AQUAGEN DV &#8211; C\u00d3DIGO: BX4102"},"content":{"rendered":"<div class=\"wpb-content-wrapper\"><p>[vc_row][vc_column][vc_column_text]<\/p>\n<p>Lej\u00eda de hipoclorito s\u00f3dico de calidad alimentaria. Elimina los microorganismos pat\u00f3genos. Garantiza \u00f3ptimas condiciones higi\u00e9nicas.<\/p>\n<p>[\/vc_column_text][\/vc_column][\/vc_row]<\/p>\n<\/div>","protected":false},"excerpt":{"rendered":"<ul>\n<li>pH 11.<\/li>\n<li>Bid\u00f3n de 5 litros.<\/li>\n<li>Lej\u00eda de calidad alimentaria.<\/li>\n<li>Hipoclorito de sodio, soluci\u00f3n de 55 g\/l de cloro activo.<\/li>\n<li>Apta para la desinfecci\u00f3n del agua de bebida.<\/li>\n<li>Elimina microorganismos pat\u00f3genos.<\/li>\n<li>Producto l\u00edquido transparente.<\/li>\n<li>Color: amarillo.<\/li>\n<li>Perfume: caracter\u00edstico.<\/li>\n<li>DESINFECCI\u00d3N VEGETALES: concentrar cloro activo de 100 mg\/l (10 ml producto\/5 l agua).<\/li>\n<li>Sumergir los vegetales durante 5 minutos y enjuagarlos antes de su uso.<\/li>\n<li>CLORACI\u00d3N AGUA: dosificar el producto hasta obtener una concentraci\u00f3n de cloro activo entre 0,2-0,6 mg\/l (4-12 ml producto\/1000 l agua).<\/li>\n<li>Los niveles de cloro deben mantenerse a las dosis indicadas para asegurar la desinfecci\u00f3n exigida por la normativa vigente.<\/li>\n<li>Utilizar el KIT CLORO correspondiente.<\/li>\n<\/ul>\n<p><strong>SKU: BX4102<\/strong><\/p>\n","protected":false},"featured_media":9836,"template":"","meta":[],"product_brand":[],"product_cat":[1062,879,652,94],"product_tag":[487,688,654],"class_list":{"0":"post-9838","1":"product","2":"type-product","3":"status-publish","4":"has-post-thumbnail","6":"product_cat-desinfectantes-higienizantes","7":"product_cat-frutas-verduras","8":"product_cat-productos-quimicos-industriales","9":"product_cat-quimicos-articulos-limpieza","10":"product_tag-cocina","11":"product_tag-desinfectante","12":"product_tag-productos-quimicos","14":"first","15":"instock","16":"shipping-taxable","17":"product-type-simple"},"yoast_head":"<!-- This site is optimized with the Yoast SEO plugin v27.4 - https:\/\/yoast.com\/product\/yoast-seo-wordpress\/ -->\n<title>BID\u00d3N 5KG AQUAGEN DV - C\u00d3DIGO: BX4102 - Meprolim<\/title>\n<meta name=\"robots\" content=\"index, follow, max-snippet:-1, max-image-preview:large, max-video-preview:-1\" \/>\n<link rel=\"canonical\" href=\"https:\/\/meprolim.es\/producto\/quimicos-articulos-limpieza\/productos-quimicos-industriales\/desinfectantes-higienizantes\/frutas-verduras\/bidon-5kg-aquagen-dv\/\" \/>\n<meta property=\"og:locale\" content=\"fr_FR\" \/>\n<meta property=\"og:type\" content=\"article\" \/>\n<meta property=\"og:title\" content=\"BID\u00d3N 5KG AQUAGEN DV - C\u00d3DIGO: BX4102 - Meprolim\" \/>\n<meta property=\"og:description\" content=\"pH 11.  Bid\u00f3n de 5 litros.  Lej\u00eda de calidad alimentaria.  Hipoclorito de sodio, soluci\u00f3n de 55 g\/l de cloro activo.  Apta para la desinfecci\u00f3n del agua de bebida.  Elimina microorganismos pat\u00f3genos.  Producto l\u00edquido transparente.  Color: amarillo.  Perfume: caracter\u00edstico.  DESINFECCI\u00d3N VEGETALES: concentrar cloro activo de 100 mg\/l (10 ml producto\/5 l agua).  Sumergir los vegetales durante 5 minutos y enjuagarlos antes de su uso.  CLORACI\u00d3N AGUA: dosificar el producto hasta obtener una concentraci\u00f3n de cloro activo entre 0,2-0,6 mg\/l (4-12 ml producto\/1000 l agua).  Los niveles de cloro deben mantenerse a las dosis indicadas para asegurar la desinfecci\u00f3n exigida por la normativa vigente.  Utilizar el KIT CLORO correspondiente.  SKU: BX4102\" \/>\n<meta property=\"og:url\" content=\"https:\/\/meprolim.es\/producto\/quimicos-articulos-limpieza\/productos-quimicos-industriales\/desinfectantes-higienizantes\/frutas-verduras\/bidon-5kg-aquagen-dv\/\" \/>\n<meta property=\"og:site_name\" content=\"Meprolim\" \/>\n<meta property=\"article:modified_time\" content=\"2023-05-21T23:28:47+00:00\" \/>\n<meta property=\"og:image\" content=\"https:\/\/meprolim.es\/wp-content\/uploads\/2019\/09\/BX4102.jpg\" \/>\n\t<meta property=\"og:image:width\" content=\"1417\" \/>\n\t<meta property=\"og:image:height\" content=\"1417\" \/>\n\t<meta property=\"og:image:type\" content=\"image\/jpeg\" \/>\n<meta name=\"twitter:card\" content=\"summary_large_image\" \/>\n<meta name=\"twitter:label1\" content=\"Dur\u00e9e de lecture estim\u00e9e\" \/>\n\t<meta name=\"twitter:data1\" content=\"1 minute\" \/>\n<script type=\"application\/ld+json\" class=\"yoast-schema-graph\">{\"@context\":\"https:\\\/\\\/schema.org\",\"@graph\":[{\"@type\":\"WebPage\",\"@id\":\"https:\\\/\\\/meprolim.es\\\/producto\\\/quimicos-articulos-limpieza\\\/productos-quimicos-industriales\\\/desinfectantes-higienizantes\\\/frutas-verduras\\\/bidon-5kg-aquagen-dv\\\/\",\"url\":\"https:\\\/\\\/meprolim.es\\\/producto\\\/quimicos-articulos-limpieza\\\/productos-quimicos-industriales\\\/desinfectantes-higienizantes\\\/frutas-verduras\\\/bidon-5kg-aquagen-dv\\\/\",\"name\":\"BID\u00d3N 5KG AQUAGEN DV - C\u00d3DIGO: BX4102 - Meprolim\",\"isPartOf\":{\"@id\":\"https:\\\/\\\/meprolim.es\\\/fr\\\/#website\"},\"primaryImageOfPage\":{\"@id\":\"https:\\\/\\\/meprolim.es\\\/producto\\\/quimicos-articulos-limpieza\\\/productos-quimicos-industriales\\\/desinfectantes-higienizantes\\\/frutas-verduras\\\/bidon-5kg-aquagen-dv\\\/#primaryimage\"},\"image\":{\"@id\":\"https:\\\/\\\/meprolim.es\\\/producto\\\/quimicos-articulos-limpieza\\\/productos-quimicos-industriales\\\/desinfectantes-higienizantes\\\/frutas-verduras\\\/bidon-5kg-aquagen-dv\\\/#primaryimage\"},\"thumbnailUrl\":\"https:\\\/\\\/meprolim.es\\\/wp-content\\\/uploads\\\/2019\\\/09\\\/BX4102.jpg\",\"datePublished\":\"2019-09-09T21:24:32+00:00\",\"dateModified\":\"2023-05-21T23:28:47+00:00\",\"breadcrumb\":{\"@id\":\"https:\\\/\\\/meprolim.es\\\/producto\\\/quimicos-articulos-limpieza\\\/productos-quimicos-industriales\\\/desinfectantes-higienizantes\\\/frutas-verduras\\\/bidon-5kg-aquagen-dv\\\/#breadcrumb\"},\"inLanguage\":\"fr-FR\",\"potentialAction\":[{\"@type\":\"ReadAction\",\"target\":[\"https:\\\/\\\/meprolim.es\\\/producto\\\/quimicos-articulos-limpieza\\\/productos-quimicos-industriales\\\/desinfectantes-higienizantes\\\/frutas-verduras\\\/bidon-5kg-aquagen-dv\\\/\"]}]},{\"@type\":\"ImageObject\",\"inLanguage\":\"fr-FR\",\"@id\":\"https:\\\/\\\/meprolim.es\\\/producto\\\/quimicos-articulos-limpieza\\\/productos-quimicos-industriales\\\/desinfectantes-higienizantes\\\/frutas-verduras\\\/bidon-5kg-aquagen-dv\\\/#primaryimage\",\"url\":\"https:\\\/\\\/meprolim.es\\\/wp-content\\\/uploads\\\/2019\\\/09\\\/BX4102.jpg\",\"contentUrl\":\"https:\\\/\\\/meprolim.es\\\/wp-content\\\/uploads\\\/2019\\\/09\\\/BX4102.jpg\",\"width\":1417,\"height\":1417},{\"@type\":\"BreadcrumbList\",\"@id\":\"https:\\\/\\\/meprolim.es\\\/producto\\\/quimicos-articulos-limpieza\\\/productos-quimicos-industriales\\\/desinfectantes-higienizantes\\\/frutas-verduras\\\/bidon-5kg-aquagen-dv\\\/#breadcrumb\",\"itemListElement\":[{\"@type\":\"ListItem\",\"position\":1,\"name\":\"Portada\",\"item\":\"https:\\\/\\\/meprolim.es\\\/fr\\\/\"},{\"@type\":\"ListItem\",\"position\":2,\"name\":\"Catalogue\",\"item\":\"https:\\\/\\\/meprolim.es\\\/fr\\\/catalogue\\\/\"},{\"@type\":\"ListItem\",\"position\":3,\"name\":\"BID\u00d3N 5KG AQUAGEN DV &#8211; C\u00d3DIGO: BX4102\"}]},{\"@type\":\"WebSite\",\"@id\":\"https:\\\/\\\/meprolim.es\\\/fr\\\/#website\",\"url\":\"https:\\\/\\\/meprolim.es\\\/fr\\\/\",\"name\":\"Meprolim\",\"description\":\"Cavas Catalanas S.L.\",\"publisher\":{\"@id\":\"https:\\\/\\\/meprolim.es\\\/fr\\\/#organization\"},\"potentialAction\":[{\"@type\":\"SearchAction\",\"target\":{\"@type\":\"EntryPoint\",\"urlTemplate\":\"https:\\\/\\\/meprolim.es\\\/fr\\\/?s={search_term_string}\"},\"query-input\":{\"@type\":\"PropertyValueSpecification\",\"valueRequired\":true,\"valueName\":\"search_term_string\"}}],\"inLanguage\":\"fr-FR\"},{\"@type\":\"Organization\",\"@id\":\"https:\\\/\\\/meprolim.es\\\/fr\\\/#organization\",\"name\":\"Meprolim\",\"url\":\"https:\\\/\\\/meprolim.es\\\/fr\\\/\",\"logo\":{\"@type\":\"ImageObject\",\"inLanguage\":\"fr-FR\",\"@id\":\"https:\\\/\\\/meprolim.es\\\/fr\\\/#\\\/schema\\\/logo\\\/image\\\/\",\"url\":\"https:\\\/\\\/meprolim.es\\\/wp-content\\\/uploads\\\/2019\\\/07\\\/cropped-logo2.png\",\"contentUrl\":\"https:\\\/\\\/meprolim.es\\\/wp-content\\\/uploads\\\/2019\\\/07\\\/cropped-logo2.png\",\"width\":401,\"height\":162,\"caption\":\"Meprolim\"},\"image\":{\"@id\":\"https:\\\/\\\/meprolim.es\\\/fr\\\/#\\\/schema\\\/logo\\\/image\\\/\"}}]}<\/script>\n<!-- \/ Yoast SEO plugin. -->","yoast_head_json":{"title":"BID\u00d3N 5KG AQUAGEN DV - C\u00d3DIGO: BX4102 - Meprolim","robots":{"index":"index","follow":"follow","max-snippet":"max-snippet:-1","max-image-preview":"max-image-preview:large","max-video-preview":"max-video-preview:-1"},"canonical":"https:\/\/meprolim.es\/producto\/quimicos-articulos-limpieza\/productos-quimicos-industriales\/desinfectantes-higienizantes\/frutas-verduras\/bidon-5kg-aquagen-dv\/","og_locale":"fr_FR","og_type":"article","og_title":"BID\u00d3N 5KG AQUAGEN DV - C\u00d3DIGO: BX4102 - Meprolim","og_description":"pH 11.  Bid\u00f3n de 5 litros.  Lej\u00eda de calidad alimentaria.  Hipoclorito de sodio, soluci\u00f3n de 55 g\/l de cloro activo.  Apta para la desinfecci\u00f3n del agua de bebida.  Elimina microorganismos pat\u00f3genos.  Producto l\u00edquido transparente.  Color: amarillo.  Perfume: caracter\u00edstico.  DESINFECCI\u00d3N VEGETALES: concentrar cloro activo de 100 mg\/l (10 ml producto\/5 l agua).  Sumergir los vegetales durante 5 minutos y enjuagarlos antes de su uso.  CLORACI\u00d3N AGUA: dosificar el producto hasta obtener una concentraci\u00f3n de cloro activo entre 0,2-0,6 mg\/l (4-12 ml producto\/1000 l agua).  Los niveles de cloro deben mantenerse a las dosis indicadas para asegurar la desinfecci\u00f3n exigida por la normativa vigente.  Utilizar el KIT CLORO correspondiente.  SKU: BX4102","og_url":"https:\/\/meprolim.es\/producto\/quimicos-articulos-limpieza\/productos-quimicos-industriales\/desinfectantes-higienizantes\/frutas-verduras\/bidon-5kg-aquagen-dv\/","og_site_name":"Meprolim","article_modified_time":"2023-05-21T23:28:47+00:00","og_image":[{"width":1417,"height":1417,"url":"https:\/\/meprolim.es\/wp-content\/uploads\/2019\/09\/BX4102.jpg","type":"image\/jpeg"}],"twitter_card":"summary_large_image","twitter_misc":{"Dur\u00e9e de lecture estim\u00e9e":"1 minute"},"schema":{"@context":"https:\/\/schema.org","@graph":[{"@type":"WebPage","@id":"https:\/\/meprolim.es\/producto\/quimicos-articulos-limpieza\/productos-quimicos-industriales\/desinfectantes-higienizantes\/frutas-verduras\/bidon-5kg-aquagen-dv\/","url":"https:\/\/meprolim.es\/producto\/quimicos-articulos-limpieza\/productos-quimicos-industriales\/desinfectantes-higienizantes\/frutas-verduras\/bidon-5kg-aquagen-dv\/","name":"BID\u00d3N 5KG AQUAGEN DV - C\u00d3DIGO: BX4102 - Meprolim","isPartOf":{"@id":"https:\/\/meprolim.es\/fr\/#website"},"primaryImageOfPage":{"@id":"https:\/\/meprolim.es\/producto\/quimicos-articulos-limpieza\/productos-quimicos-industriales\/desinfectantes-higienizantes\/frutas-verduras\/bidon-5kg-aquagen-dv\/#primaryimage"},"image":{"@id":"https:\/\/meprolim.es\/producto\/quimicos-articulos-limpieza\/productos-quimicos-industriales\/desinfectantes-higienizantes\/frutas-verduras\/bidon-5kg-aquagen-dv\/#primaryimage"},"thumbnailUrl":"https:\/\/meprolim.es\/wp-content\/uploads\/2019\/09\/BX4102.jpg","datePublished":"2019-09-09T21:24:32+00:00","dateModified":"2023-05-21T23:28:47+00:00","breadcrumb":{"@id":"https:\/\/meprolim.es\/producto\/quimicos-articulos-limpieza\/productos-quimicos-industriales\/desinfectantes-higienizantes\/frutas-verduras\/bidon-5kg-aquagen-dv\/#breadcrumb"},"inLanguage":"fr-FR","potentialAction":[{"@type":"ReadAction","target":["https:\/\/meprolim.es\/producto\/quimicos-articulos-limpieza\/productos-quimicos-industriales\/desinfectantes-higienizantes\/frutas-verduras\/bidon-5kg-aquagen-dv\/"]}]},{"@type":"ImageObject","inLanguage":"fr-FR","@id":"https:\/\/meprolim.es\/producto\/quimicos-articulos-limpieza\/productos-quimicos-industriales\/desinfectantes-higienizantes\/frutas-verduras\/bidon-5kg-aquagen-dv\/#primaryimage","url":"https:\/\/meprolim.es\/wp-content\/uploads\/2019\/09\/BX4102.jpg","contentUrl":"https:\/\/meprolim.es\/wp-content\/uploads\/2019\/09\/BX4102.jpg","width":1417,"height":1417},{"@type":"BreadcrumbList","@id":"https:\/\/meprolim.es\/producto\/quimicos-articulos-limpieza\/productos-quimicos-industriales\/desinfectantes-higienizantes\/frutas-verduras\/bidon-5kg-aquagen-dv\/#breadcrumb","itemListElement":[{"@type":"ListItem","position":1,"name":"Portada","item":"https:\/\/meprolim.es\/fr\/"},{"@type":"ListItem","position":2,"name":"Catalogue","item":"https:\/\/meprolim.es\/fr\/catalogue\/"},{"@type":"ListItem","position":3,"name":"BID\u00d3N 5KG AQUAGEN DV &#8211; C\u00d3DIGO: BX4102"}]},{"@type":"WebSite","@id":"https:\/\/meprolim.es\/fr\/#website","url":"https:\/\/meprolim.es\/fr\/","name":"Meprolim","description":"Cavas Catalanas S.L.","publisher":{"@id":"https:\/\/meprolim.es\/fr\/#organization"},"potentialAction":[{"@type":"SearchAction","target":{"@type":"EntryPoint","urlTemplate":"https:\/\/meprolim.es\/fr\/?s={search_term_string}"},"query-input":{"@type":"PropertyValueSpecification","valueRequired":true,"valueName":"search_term_string"}}],"inLanguage":"fr-FR"},{"@type":"Organization","@id":"https:\/\/meprolim.es\/fr\/#organization","name":"Meprolim","url":"https:\/\/meprolim.es\/fr\/","logo":{"@type":"ImageObject","inLanguage":"fr-FR","@id":"https:\/\/meprolim.es\/fr\/#\/schema\/logo\/image\/","url":"https:\/\/meprolim.es\/wp-content\/uploads\/2019\/07\/cropped-logo2.png","contentUrl":"https:\/\/meprolim.es\/wp-content\/uploads\/2019\/07\/cropped-logo2.png","width":401,"height":162,"caption":"Meprolim"},"image":{"@id":"https:\/\/meprolim.es\/fr\/#\/schema\/logo\/image\/"}}]}},"_links":{"self":[{"href":"https:\/\/meprolim.es\/fr\/wp-json\/wp\/v2\/product\/9838","targetHints":{"allow":["GET"]}}],"collection":[{"href":"https:\/\/meprolim.es\/fr\/wp-json\/wp\/v2\/product"}],"about":[{"href":"https:\/\/meprolim.es\/fr\/wp-json\/wp\/v2\/types\/product"}],"wp:featuredmedia":[{"embeddable":true,"href":"https:\/\/meprolim.es\/fr\/wp-json\/wp\/v2\/media\/9836"}],"wp:attachment":[{"href":"https:\/\/meprolim.es\/fr\/wp-json\/wp\/v2\/media?parent=9838"}],"wp:term":[{"taxonomy":"product_brand","embeddable":true,"href":"https:\/\/meprolim.es\/fr\/wp-json\/wp\/v2\/product_brand?post=9838"},{"taxonomy":"product_cat","embeddable":true,"href":"https:\/\/meprolim.es\/fr\/wp-json\/wp\/v2\/product_cat?post=9838"},{"taxonomy":"product_tag","embeddable":true,"href":"https:\/\/meprolim.es\/fr\/wp-json\/wp\/v2\/product_tag?post=9838"}],"curies":[{"name":"wp","href":"https:\/\/api.w.org\/{rel}","templated":true}]}}