{"id":9885,"date":"2019-09-09T23:13:03","date_gmt":"2019-09-09T22:13:03","guid":{"rendered":"http:\/\/www.meprolim.es\/?post_type=product&#038;p=9885"},"modified":"2023-05-27T20:10:22","modified_gmt":"2023-05-27T19:10:22","slug":"bote-2kg-cleangen-amolimp","status":"publish","type":"product","link":"https:\/\/meprolim.es\/fr\/producto\/quimicos-y-articulos-de-limpieza\/productos-quimicos-industriales-fr-2\/amoniacales-fr-2\/bote-2kg-cleangen-amolimp\/","title":{"rendered":"BOTE 2KG CLEANGEN AMOLIMP &#8211; C\u00d3DIGO: BX4145"},"content":{"rendered":"<div class=\"wpb-content-wrapper\"><p>[vc_row][vc_column][vc_column_text]<\/p>\n<p style=\"text-align: justify;\">Elimina la suciedad general. Gran eficacia y acci\u00f3n desengrasante. Secado sin rastros. Limpia y abrillanta de forma f\u00e1cil y sin esfuerzo.<\/p>\n<p>[\/vc_column_text][\/vc_column][\/vc_row]<\/p>\n<\/div>","protected":false},"excerpt":{"rendered":"<p>Caracter\u00edsticas:<\/p>\n<ul>\n<li>Elimina la suciedad general.<\/li>\n<li>Gran eficacia y acci\u00f3n desengrasante.<\/li>\n<li>Secado sin rastros.<\/li>\n<li>Limpia y abrillanta de forma f\u00e1cil y sin esfuerzo.<\/li>\n<\/ul>\n<p>Datos t\u00e9cnicos:<\/p>\n<ul>\n<li>Producto l\u00edquido transparente.<\/li>\n<li>Color: verde.<\/li>\n<li>Perfume: pino.<\/li>\n<li>SUELOS: dosificar 0,2-1% de producto en agua.<\/li>\n<li>Fregar del modo habitual.<\/li>\n<li>SUPERFICIES: dosificar 5-10% de producto en agua.<\/li>\n<li>Frotar con una bayeta o pa\u00f1o h\u00famedo.<\/li>\n<li>Aclarar con agua.<\/li>\n<li>Caja de 4 bidones de 5 litros.<\/li>\n<li>pH 11.<\/li>\n<\/ul>\n<p><strong>SKU: BX4145<\/strong><\/p>\n","protected":false},"featured_media":9886,"template":"","meta":[],"product_brand":[],"product_cat":[882,652,94],"product_tag":[654],"class_list":{"0":"post-9885","1":"product","2":"type-product","3":"status-publish","4":"has-post-thumbnail","6":"product_cat-amoniacales","7":"product_cat-productos-quimicos-industriales","8":"product_cat-quimicos-articulos-limpieza","9":"product_tag-productos-quimicos","11":"first","12":"instock","13":"shipping-taxable","14":"product-type-simple"},"yoast_head":"<!-- This site is optimized with the Yoast SEO plugin v27.3 - https:\/\/yoast.com\/product\/yoast-seo-wordpress\/ -->\n<title>BOTE 2KG CLEANGEN AMOLIMP - C\u00d3DIGO: BX4145 - Meprolim<\/title>\n<meta name=\"robots\" content=\"index, follow, max-snippet:-1, max-image-preview:large, max-video-preview:-1\" \/>\n<link rel=\"canonical\" href=\"https:\/\/meprolim.es\/producto\/quimicos-articulos-limpieza\/productos-quimicos-industriales\/amoniacales\/bote-2kg-cleangen-amolimp\/\" \/>\n<meta property=\"og:locale\" content=\"fr_FR\" \/>\n<meta property=\"og:type\" content=\"article\" \/>\n<meta property=\"og:title\" content=\"BOTE 2KG CLEANGEN AMOLIMP - C\u00d3DIGO: BX4145 - Meprolim\" \/>\n<meta property=\"og:description\" content=\"Caracter\u00edsticas:   Elimina la suciedad general.  Gran eficacia y acci\u00f3n desengrasante.  Secado sin rastros.  Limpia y abrillanta de forma f\u00e1cil y sin esfuerzo.  Datos t\u00e9cnicos:   Producto l\u00edquido transparente.  Color: verde.  Perfume: pino.  SUELOS: dosificar 0,2-1% de producto en agua.  Fregar del modo habitual.  SUPERFICIES: dosificar 5-10% de producto en agua.  Frotar con una bayeta o pa\u00f1o h\u00famedo.  Aclarar con agua.  Caja de 4 bidones de 5 litros.  pH 11.  SKU: BX4145\" \/>\n<meta property=\"og:url\" content=\"https:\/\/meprolim.es\/producto\/quimicos-articulos-limpieza\/productos-quimicos-industriales\/amoniacales\/bote-2kg-cleangen-amolimp\/\" \/>\n<meta property=\"og:site_name\" content=\"Meprolim\" \/>\n<meta property=\"article:modified_time\" content=\"2023-05-27T19:10:22+00:00\" \/>\n<meta property=\"og:image\" content=\"https:\/\/meprolim.es\/wp-content\/uploads\/2019\/09\/BX4145.jpg\" \/>\n\t<meta property=\"og:image:width\" content=\"768\" \/>\n\t<meta property=\"og:image:height\" content=\"768\" \/>\n\t<meta property=\"og:image:type\" content=\"image\/jpeg\" \/>\n<meta name=\"twitter:card\" content=\"summary_large_image\" \/>\n<meta name=\"twitter:label1\" content=\"Dur\u00e9e de lecture estim\u00e9e\" \/>\n\t<meta name=\"twitter:data1\" content=\"1 minute\" \/>\n<script type=\"application\/ld+json\" class=\"yoast-schema-graph\">{\"@context\":\"https:\\\/\\\/schema.org\",\"@graph\":[{\"@type\":\"WebPage\",\"@id\":\"https:\\\/\\\/meprolim.es\\\/producto\\\/quimicos-articulos-limpieza\\\/productos-quimicos-industriales\\\/amoniacales\\\/bote-2kg-cleangen-amolimp\\\/\",\"url\":\"https:\\\/\\\/meprolim.es\\\/producto\\\/quimicos-articulos-limpieza\\\/productos-quimicos-industriales\\\/amoniacales\\\/bote-2kg-cleangen-amolimp\\\/\",\"name\":\"BOTE 2KG CLEANGEN AMOLIMP - C\u00d3DIGO: BX4145 - Meprolim\",\"isPartOf\":{\"@id\":\"https:\\\/\\\/meprolim.es\\\/fr\\\/#website\"},\"primaryImageOfPage\":{\"@id\":\"https:\\\/\\\/meprolim.es\\\/producto\\\/quimicos-articulos-limpieza\\\/productos-quimicos-industriales\\\/amoniacales\\\/bote-2kg-cleangen-amolimp\\\/#primaryimage\"},\"image\":{\"@id\":\"https:\\\/\\\/meprolim.es\\\/producto\\\/quimicos-articulos-limpieza\\\/productos-quimicos-industriales\\\/amoniacales\\\/bote-2kg-cleangen-amolimp\\\/#primaryimage\"},\"thumbnailUrl\":\"https:\\\/\\\/meprolim.es\\\/wp-content\\\/uploads\\\/2019\\\/09\\\/BX4145.jpg\",\"datePublished\":\"2019-09-09T22:13:03+00:00\",\"dateModified\":\"2023-05-27T19:10:22+00:00\",\"breadcrumb\":{\"@id\":\"https:\\\/\\\/meprolim.es\\\/producto\\\/quimicos-articulos-limpieza\\\/productos-quimicos-industriales\\\/amoniacales\\\/bote-2kg-cleangen-amolimp\\\/#breadcrumb\"},\"inLanguage\":\"fr-FR\",\"potentialAction\":[{\"@type\":\"ReadAction\",\"target\":[\"https:\\\/\\\/meprolim.es\\\/producto\\\/quimicos-articulos-limpieza\\\/productos-quimicos-industriales\\\/amoniacales\\\/bote-2kg-cleangen-amolimp\\\/\"]}]},{\"@type\":\"ImageObject\",\"inLanguage\":\"fr-FR\",\"@id\":\"https:\\\/\\\/meprolim.es\\\/producto\\\/quimicos-articulos-limpieza\\\/productos-quimicos-industriales\\\/amoniacales\\\/bote-2kg-cleangen-amolimp\\\/#primaryimage\",\"url\":\"https:\\\/\\\/meprolim.es\\\/wp-content\\\/uploads\\\/2019\\\/09\\\/BX4145.jpg\",\"contentUrl\":\"https:\\\/\\\/meprolim.es\\\/wp-content\\\/uploads\\\/2019\\\/09\\\/BX4145.jpg\",\"width\":768,\"height\":768},{\"@type\":\"BreadcrumbList\",\"@id\":\"https:\\\/\\\/meprolim.es\\\/producto\\\/quimicos-articulos-limpieza\\\/productos-quimicos-industriales\\\/amoniacales\\\/bote-2kg-cleangen-amolimp\\\/#breadcrumb\",\"itemListElement\":[{\"@type\":\"ListItem\",\"position\":1,\"name\":\"Portada\",\"item\":\"https:\\\/\\\/meprolim.es\\\/fr\\\/\"},{\"@type\":\"ListItem\",\"position\":2,\"name\":\"Catalogue\",\"item\":\"https:\\\/\\\/meprolim.es\\\/fr\\\/catalogue\\\/\"},{\"@type\":\"ListItem\",\"position\":3,\"name\":\"BOTE 2KG CLEANGEN AMOLIMP &#8211; C\u00d3DIGO: BX4145\"}]},{\"@type\":\"WebSite\",\"@id\":\"https:\\\/\\\/meprolim.es\\\/fr\\\/#website\",\"url\":\"https:\\\/\\\/meprolim.es\\\/fr\\\/\",\"name\":\"Meprolim\",\"description\":\"Cavas Catalanas S.L.\",\"publisher\":{\"@id\":\"https:\\\/\\\/meprolim.es\\\/fr\\\/#organization\"},\"potentialAction\":[{\"@type\":\"SearchAction\",\"target\":{\"@type\":\"EntryPoint\",\"urlTemplate\":\"https:\\\/\\\/meprolim.es\\\/fr\\\/?s={search_term_string}\"},\"query-input\":{\"@type\":\"PropertyValueSpecification\",\"valueRequired\":true,\"valueName\":\"search_term_string\"}}],\"inLanguage\":\"fr-FR\"},{\"@type\":\"Organization\",\"@id\":\"https:\\\/\\\/meprolim.es\\\/fr\\\/#organization\",\"name\":\"Meprolim\",\"url\":\"https:\\\/\\\/meprolim.es\\\/fr\\\/\",\"logo\":{\"@type\":\"ImageObject\",\"inLanguage\":\"fr-FR\",\"@id\":\"https:\\\/\\\/meprolim.es\\\/fr\\\/#\\\/schema\\\/logo\\\/image\\\/\",\"url\":\"https:\\\/\\\/meprolim.es\\\/wp-content\\\/uploads\\\/2019\\\/07\\\/cropped-logo2.png\",\"contentUrl\":\"https:\\\/\\\/meprolim.es\\\/wp-content\\\/uploads\\\/2019\\\/07\\\/cropped-logo2.png\",\"width\":401,\"height\":162,\"caption\":\"Meprolim\"},\"image\":{\"@id\":\"https:\\\/\\\/meprolim.es\\\/fr\\\/#\\\/schema\\\/logo\\\/image\\\/\"}}]}<\/script>\n<!-- \/ Yoast SEO plugin. -->","yoast_head_json":{"title":"BOTE 2KG CLEANGEN AMOLIMP - C\u00d3DIGO: BX4145 - Meprolim","robots":{"index":"index","follow":"follow","max-snippet":"max-snippet:-1","max-image-preview":"max-image-preview:large","max-video-preview":"max-video-preview:-1"},"canonical":"https:\/\/meprolim.es\/producto\/quimicos-articulos-limpieza\/productos-quimicos-industriales\/amoniacales\/bote-2kg-cleangen-amolimp\/","og_locale":"fr_FR","og_type":"article","og_title":"BOTE 2KG CLEANGEN AMOLIMP - C\u00d3DIGO: BX4145 - Meprolim","og_description":"Caracter\u00edsticas:   Elimina la suciedad general.  Gran eficacia y acci\u00f3n desengrasante.  Secado sin rastros.  Limpia y abrillanta de forma f\u00e1cil y sin esfuerzo.  Datos t\u00e9cnicos:   Producto l\u00edquido transparente.  Color: verde.  Perfume: pino.  SUELOS: dosificar 0,2-1% de producto en agua.  Fregar del modo habitual.  SUPERFICIES: dosificar 5-10% de producto en agua.  Frotar con una bayeta o pa\u00f1o h\u00famedo.  Aclarar con agua.  Caja de 4 bidones de 5 litros.  pH 11.  SKU: BX4145","og_url":"https:\/\/meprolim.es\/producto\/quimicos-articulos-limpieza\/productos-quimicos-industriales\/amoniacales\/bote-2kg-cleangen-amolimp\/","og_site_name":"Meprolim","article_modified_time":"2023-05-27T19:10:22+00:00","og_image":[{"width":768,"height":768,"url":"https:\/\/meprolim.es\/wp-content\/uploads\/2019\/09\/BX4145.jpg","type":"image\/jpeg"}],"twitter_card":"summary_large_image","twitter_misc":{"Dur\u00e9e de lecture estim\u00e9e":"1 minute"},"schema":{"@context":"https:\/\/schema.org","@graph":[{"@type":"WebPage","@id":"https:\/\/meprolim.es\/producto\/quimicos-articulos-limpieza\/productos-quimicos-industriales\/amoniacales\/bote-2kg-cleangen-amolimp\/","url":"https:\/\/meprolim.es\/producto\/quimicos-articulos-limpieza\/productos-quimicos-industriales\/amoniacales\/bote-2kg-cleangen-amolimp\/","name":"BOTE 2KG CLEANGEN AMOLIMP - C\u00d3DIGO: BX4145 - Meprolim","isPartOf":{"@id":"https:\/\/meprolim.es\/fr\/#website"},"primaryImageOfPage":{"@id":"https:\/\/meprolim.es\/producto\/quimicos-articulos-limpieza\/productos-quimicos-industriales\/amoniacales\/bote-2kg-cleangen-amolimp\/#primaryimage"},"image":{"@id":"https:\/\/meprolim.es\/producto\/quimicos-articulos-limpieza\/productos-quimicos-industriales\/amoniacales\/bote-2kg-cleangen-amolimp\/#primaryimage"},"thumbnailUrl":"https:\/\/meprolim.es\/wp-content\/uploads\/2019\/09\/BX4145.jpg","datePublished":"2019-09-09T22:13:03+00:00","dateModified":"2023-05-27T19:10:22+00:00","breadcrumb":{"@id":"https:\/\/meprolim.es\/producto\/quimicos-articulos-limpieza\/productos-quimicos-industriales\/amoniacales\/bote-2kg-cleangen-amolimp\/#breadcrumb"},"inLanguage":"fr-FR","potentialAction":[{"@type":"ReadAction","target":["https:\/\/meprolim.es\/producto\/quimicos-articulos-limpieza\/productos-quimicos-industriales\/amoniacales\/bote-2kg-cleangen-amolimp\/"]}]},{"@type":"ImageObject","inLanguage":"fr-FR","@id":"https:\/\/meprolim.es\/producto\/quimicos-articulos-limpieza\/productos-quimicos-industriales\/amoniacales\/bote-2kg-cleangen-amolimp\/#primaryimage","url":"https:\/\/meprolim.es\/wp-content\/uploads\/2019\/09\/BX4145.jpg","contentUrl":"https:\/\/meprolim.es\/wp-content\/uploads\/2019\/09\/BX4145.jpg","width":768,"height":768},{"@type":"BreadcrumbList","@id":"https:\/\/meprolim.es\/producto\/quimicos-articulos-limpieza\/productos-quimicos-industriales\/amoniacales\/bote-2kg-cleangen-amolimp\/#breadcrumb","itemListElement":[{"@type":"ListItem","position":1,"name":"Portada","item":"https:\/\/meprolim.es\/fr\/"},{"@type":"ListItem","position":2,"name":"Catalogue","item":"https:\/\/meprolim.es\/fr\/catalogue\/"},{"@type":"ListItem","position":3,"name":"BOTE 2KG CLEANGEN AMOLIMP &#8211; C\u00d3DIGO: BX4145"}]},{"@type":"WebSite","@id":"https:\/\/meprolim.es\/fr\/#website","url":"https:\/\/meprolim.es\/fr\/","name":"Meprolim","description":"Cavas Catalanas S.L.","publisher":{"@id":"https:\/\/meprolim.es\/fr\/#organization"},"potentialAction":[{"@type":"SearchAction","target":{"@type":"EntryPoint","urlTemplate":"https:\/\/meprolim.es\/fr\/?s={search_term_string}"},"query-input":{"@type":"PropertyValueSpecification","valueRequired":true,"valueName":"search_term_string"}}],"inLanguage":"fr-FR"},{"@type":"Organization","@id":"https:\/\/meprolim.es\/fr\/#organization","name":"Meprolim","url":"https:\/\/meprolim.es\/fr\/","logo":{"@type":"ImageObject","inLanguage":"fr-FR","@id":"https:\/\/meprolim.es\/fr\/#\/schema\/logo\/image\/","url":"https:\/\/meprolim.es\/wp-content\/uploads\/2019\/07\/cropped-logo2.png","contentUrl":"https:\/\/meprolim.es\/wp-content\/uploads\/2019\/07\/cropped-logo2.png","width":401,"height":162,"caption":"Meprolim"},"image":{"@id":"https:\/\/meprolim.es\/fr\/#\/schema\/logo\/image\/"}}]}},"_links":{"self":[{"href":"https:\/\/meprolim.es\/fr\/wp-json\/wp\/v2\/product\/9885","targetHints":{"allow":["GET"]}}],"collection":[{"href":"https:\/\/meprolim.es\/fr\/wp-json\/wp\/v2\/product"}],"about":[{"href":"https:\/\/meprolim.es\/fr\/wp-json\/wp\/v2\/types\/product"}],"wp:featuredmedia":[{"embeddable":true,"href":"https:\/\/meprolim.es\/fr\/wp-json\/wp\/v2\/media\/9886"}],"wp:attachment":[{"href":"https:\/\/meprolim.es\/fr\/wp-json\/wp\/v2\/media?parent=9885"}],"wp:term":[{"taxonomy":"product_brand","embeddable":true,"href":"https:\/\/meprolim.es\/fr\/wp-json\/wp\/v2\/product_brand?post=9885"},{"taxonomy":"product_cat","embeddable":true,"href":"https:\/\/meprolim.es\/fr\/wp-json\/wp\/v2\/product_cat?post=9885"},{"taxonomy":"product_tag","embeddable":true,"href":"https:\/\/meprolim.es\/fr\/wp-json\/wp\/v2\/product_tag?post=9885"}],"curies":[{"name":"wp","href":"https:\/\/api.w.org\/{rel}","templated":true}]}}