{"id":9904,"date":"2019-09-09T23:25:53","date_gmt":"2019-09-09T22:25:53","guid":{"rendered":"http:\/\/www.meprolim.es\/?post_type=product&#038;p=9904"},"modified":"2023-05-26T00:48:40","modified_gmt":"2023-05-25T23:48:40","slug":"bidon-5kg-limpiador-amoniacal-cleaning","status":"publish","type":"product","link":"https:\/\/meprolim.es\/fr\/producto\/quimicos-y-articulos-de-limpieza\/productos-quimicos-industriales-fr-2\/amoniacales-fr-2\/bidon-5kg-limpiador-amoniacal-cleaning\/","title":{"rendered":"BID\u00d3N 5KG LIMPIADOR AMONIACAL CLEANING &#8211; C\u00d3DIGO: FR0105"},"content":{"rendered":"<div class=\"wpb-content-wrapper\"><p>[vc_row][vc_column][vc_column_text]<\/p>\n<p style=\"text-align: justify;\">Producto indicado para la limpieza de todo tipo de superficies duras (suelos, azulejos, encimeras, etc.) Formulaci\u00f3n basada en el poder de tersivo de los tensioactivos que disuelven la suciedad. La acci\u00f3n de los tensioactivos se apoya con la incorporaci\u00f3n de disolventes. El producto contiene amoniaco que le da un gran poder de limpieza e higiene.<\/p>\n<p>[\/vc_column_text][\/vc_column][\/vc_row]<\/p>\n<\/div>","protected":false},"excerpt":{"rendered":"<p>Caracter\u00edsticas:<\/p>\n<ul>\n<li>Producto indicado para la limpieza de todo tipo de superficies duras (suelos, azulejos, encimeras,&#8230;)<\/li>\n<li>Formulaci\u00f3n basada en el poder detersivo de los tensioactivos que disuelven la suciedad.<\/li>\n<li>La acci\u00f3n de los tensioactivos se apoya con la incorporaci\u00f3n de disolventes.<\/li>\n<li>El producto contiene amoniaco que le da un gran poder de limpieza.<\/li>\n<li>Alta concentraci\u00f3n: excelente rendimiento, sin atacar la superficie.<\/li>\n<li>Contiene amoniaco: refuerza el poder de limpieza y poder de higiene.<\/li>\n<\/ul>\n<p>Datos t\u00e9cnicos:<\/p>\n<ul>\n<li>pH 10-12.<\/li>\n<li>Producto l\u00edquido.<\/li>\n<li>Color: verde.<\/li>\n<li>Perfume: pino.<\/li>\n<li>Dosificaci\u00f3n seg\u00fan el tipo de suciedad.<\/li>\n<li>Limpieza de mantenimiento: diluir 120 cc en un cubo de agua.<\/li>\n<li>Limpieza a fondo: diluir 200 cc en un cubo de agua.<\/li>\n<li>Suciedad incrustada: aplicar directamente.<\/li>\n<\/ul>\n<p><strong>SKU: FR0105<\/strong><\/p>\n","protected":false},"featured_media":9907,"template":"","meta":[],"product_brand":[],"product_cat":[882,652,94],"product_tag":[654],"class_list":{"0":"post-9904","1":"product","2":"type-product","3":"status-publish","4":"has-post-thumbnail","6":"product_cat-amoniacales","7":"product_cat-productos-quimicos-industriales","8":"product_cat-quimicos-articulos-limpieza","9":"product_tag-productos-quimicos","11":"first","12":"instock","13":"shipping-taxable","14":"product-type-simple"},"yoast_head":"<!-- This site is optimized with the Yoast SEO plugin v27.3 - https:\/\/yoast.com\/product\/yoast-seo-wordpress\/ -->\n<title>BID\u00d3N 5KG LIMPIADOR AMONIACAL CLEANING - C\u00d3DIGO: FR0105 - Meprolim<\/title>\n<meta name=\"robots\" content=\"index, follow, max-snippet:-1, max-image-preview:large, max-video-preview:-1\" \/>\n<link rel=\"canonical\" href=\"https:\/\/meprolim.es\/producto\/quimicos-articulos-limpieza\/productos-quimicos-industriales\/amoniacales\/bidon-5kg-limpiador-amoniacal-cleaning\/\" \/>\n<meta property=\"og:locale\" content=\"fr_FR\" \/>\n<meta property=\"og:type\" content=\"article\" \/>\n<meta property=\"og:title\" content=\"BID\u00d3N 5KG LIMPIADOR AMONIACAL CLEANING - C\u00d3DIGO: FR0105 - Meprolim\" \/>\n<meta property=\"og:description\" content=\"Caracter\u00edsticas:   Producto indicado para la limpieza de todo tipo de superficies duras (suelos, azulejos, encimeras,...)  Formulaci\u00f3n basada en el poder detersivo de los tensioactivos que disuelven la suciedad.  La acci\u00f3n de los tensioactivos se apoya con la incorporaci\u00f3n de disolventes.  El producto contiene amoniaco que le da un gran poder de limpieza.  Alta concentraci\u00f3n: excelente rendimiento, sin atacar la superficie.  Contiene amoniaco: refuerza el poder de limpieza y poder de higiene.  Datos t\u00e9cnicos:   pH 10-12.  Producto l\u00edquido.  Color: verde.  Perfume: pino.  Dosificaci\u00f3n seg\u00fan el tipo de suciedad.  Limpieza de mantenimiento: diluir 120 cc en un cubo de agua.  Limpieza a fondo: diluir 200 cc en un cubo de agua.  Suciedad incrustada: aplicar directamente.  SKU: FR0105\" \/>\n<meta property=\"og:url\" content=\"https:\/\/meprolim.es\/producto\/quimicos-articulos-limpieza\/productos-quimicos-industriales\/amoniacales\/bidon-5kg-limpiador-amoniacal-cleaning\/\" \/>\n<meta property=\"og:site_name\" content=\"Meprolim\" \/>\n<meta property=\"article:modified_time\" content=\"2023-05-25T23:48:40+00:00\" \/>\n<meta property=\"og:image\" content=\"https:\/\/meprolim.es\/wp-content\/uploads\/2019\/09\/FR0105.jpg\" \/>\n\t<meta property=\"og:image:width\" content=\"768\" \/>\n\t<meta property=\"og:image:height\" content=\"768\" \/>\n\t<meta property=\"og:image:type\" content=\"image\/jpeg\" \/>\n<meta name=\"twitter:card\" content=\"summary_large_image\" \/>\n<meta name=\"twitter:label1\" content=\"Dur\u00e9e de lecture estim\u00e9e\" \/>\n\t<meta name=\"twitter:data1\" content=\"1 minute\" \/>\n<script type=\"application\/ld+json\" class=\"yoast-schema-graph\">{\"@context\":\"https:\\\/\\\/schema.org\",\"@graph\":[{\"@type\":\"WebPage\",\"@id\":\"https:\\\/\\\/meprolim.es\\\/producto\\\/quimicos-articulos-limpieza\\\/productos-quimicos-industriales\\\/amoniacales\\\/bidon-5kg-limpiador-amoniacal-cleaning\\\/\",\"url\":\"https:\\\/\\\/meprolim.es\\\/producto\\\/quimicos-articulos-limpieza\\\/productos-quimicos-industriales\\\/amoniacales\\\/bidon-5kg-limpiador-amoniacal-cleaning\\\/\",\"name\":\"BID\u00d3N 5KG LIMPIADOR AMONIACAL CLEANING - C\u00d3DIGO: FR0105 - Meprolim\",\"isPartOf\":{\"@id\":\"https:\\\/\\\/meprolim.es\\\/fr\\\/#website\"},\"primaryImageOfPage\":{\"@id\":\"https:\\\/\\\/meprolim.es\\\/producto\\\/quimicos-articulos-limpieza\\\/productos-quimicos-industriales\\\/amoniacales\\\/bidon-5kg-limpiador-amoniacal-cleaning\\\/#primaryimage\"},\"image\":{\"@id\":\"https:\\\/\\\/meprolim.es\\\/producto\\\/quimicos-articulos-limpieza\\\/productos-quimicos-industriales\\\/amoniacales\\\/bidon-5kg-limpiador-amoniacal-cleaning\\\/#primaryimage\"},\"thumbnailUrl\":\"https:\\\/\\\/meprolim.es\\\/wp-content\\\/uploads\\\/2019\\\/09\\\/FR0105.jpg\",\"datePublished\":\"2019-09-09T22:25:53+00:00\",\"dateModified\":\"2023-05-25T23:48:40+00:00\",\"breadcrumb\":{\"@id\":\"https:\\\/\\\/meprolim.es\\\/producto\\\/quimicos-articulos-limpieza\\\/productos-quimicos-industriales\\\/amoniacales\\\/bidon-5kg-limpiador-amoniacal-cleaning\\\/#breadcrumb\"},\"inLanguage\":\"fr-FR\",\"potentialAction\":[{\"@type\":\"ReadAction\",\"target\":[\"https:\\\/\\\/meprolim.es\\\/producto\\\/quimicos-articulos-limpieza\\\/productos-quimicos-industriales\\\/amoniacales\\\/bidon-5kg-limpiador-amoniacal-cleaning\\\/\"]}]},{\"@type\":\"ImageObject\",\"inLanguage\":\"fr-FR\",\"@id\":\"https:\\\/\\\/meprolim.es\\\/producto\\\/quimicos-articulos-limpieza\\\/productos-quimicos-industriales\\\/amoniacales\\\/bidon-5kg-limpiador-amoniacal-cleaning\\\/#primaryimage\",\"url\":\"https:\\\/\\\/meprolim.es\\\/wp-content\\\/uploads\\\/2019\\\/09\\\/FR0105.jpg\",\"contentUrl\":\"https:\\\/\\\/meprolim.es\\\/wp-content\\\/uploads\\\/2019\\\/09\\\/FR0105.jpg\",\"width\":768,\"height\":768},{\"@type\":\"BreadcrumbList\",\"@id\":\"https:\\\/\\\/meprolim.es\\\/producto\\\/quimicos-articulos-limpieza\\\/productos-quimicos-industriales\\\/amoniacales\\\/bidon-5kg-limpiador-amoniacal-cleaning\\\/#breadcrumb\",\"itemListElement\":[{\"@type\":\"ListItem\",\"position\":1,\"name\":\"Portada\",\"item\":\"https:\\\/\\\/meprolim.es\\\/fr\\\/\"},{\"@type\":\"ListItem\",\"position\":2,\"name\":\"Catalogue\",\"item\":\"https:\\\/\\\/meprolim.es\\\/fr\\\/catalogue\\\/\"},{\"@type\":\"ListItem\",\"position\":3,\"name\":\"BID\u00d3N 5KG LIMPIADOR AMONIACAL CLEANING &#8211; C\u00d3DIGO: FR0105\"}]},{\"@type\":\"WebSite\",\"@id\":\"https:\\\/\\\/meprolim.es\\\/fr\\\/#website\",\"url\":\"https:\\\/\\\/meprolim.es\\\/fr\\\/\",\"name\":\"Meprolim\",\"description\":\"Cavas Catalanas S.L.\",\"publisher\":{\"@id\":\"https:\\\/\\\/meprolim.es\\\/fr\\\/#organization\"},\"potentialAction\":[{\"@type\":\"SearchAction\",\"target\":{\"@type\":\"EntryPoint\",\"urlTemplate\":\"https:\\\/\\\/meprolim.es\\\/fr\\\/?s={search_term_string}\"},\"query-input\":{\"@type\":\"PropertyValueSpecification\",\"valueRequired\":true,\"valueName\":\"search_term_string\"}}],\"inLanguage\":\"fr-FR\"},{\"@type\":\"Organization\",\"@id\":\"https:\\\/\\\/meprolim.es\\\/fr\\\/#organization\",\"name\":\"Meprolim\",\"url\":\"https:\\\/\\\/meprolim.es\\\/fr\\\/\",\"logo\":{\"@type\":\"ImageObject\",\"inLanguage\":\"fr-FR\",\"@id\":\"https:\\\/\\\/meprolim.es\\\/fr\\\/#\\\/schema\\\/logo\\\/image\\\/\",\"url\":\"https:\\\/\\\/meprolim.es\\\/wp-content\\\/uploads\\\/2019\\\/07\\\/cropped-logo2.png\",\"contentUrl\":\"https:\\\/\\\/meprolim.es\\\/wp-content\\\/uploads\\\/2019\\\/07\\\/cropped-logo2.png\",\"width\":401,\"height\":162,\"caption\":\"Meprolim\"},\"image\":{\"@id\":\"https:\\\/\\\/meprolim.es\\\/fr\\\/#\\\/schema\\\/logo\\\/image\\\/\"}}]}<\/script>\n<!-- \/ Yoast SEO plugin. -->","yoast_head_json":{"title":"BID\u00d3N 5KG LIMPIADOR AMONIACAL CLEANING - C\u00d3DIGO: FR0105 - Meprolim","robots":{"index":"index","follow":"follow","max-snippet":"max-snippet:-1","max-image-preview":"max-image-preview:large","max-video-preview":"max-video-preview:-1"},"canonical":"https:\/\/meprolim.es\/producto\/quimicos-articulos-limpieza\/productos-quimicos-industriales\/amoniacales\/bidon-5kg-limpiador-amoniacal-cleaning\/","og_locale":"fr_FR","og_type":"article","og_title":"BID\u00d3N 5KG LIMPIADOR AMONIACAL CLEANING - C\u00d3DIGO: FR0105 - Meprolim","og_description":"Caracter\u00edsticas:   Producto indicado para la limpieza de todo tipo de superficies duras (suelos, azulejos, encimeras,...)  Formulaci\u00f3n basada en el poder detersivo de los tensioactivos que disuelven la suciedad.  La acci\u00f3n de los tensioactivos se apoya con la incorporaci\u00f3n de disolventes.  El producto contiene amoniaco que le da un gran poder de limpieza.  Alta concentraci\u00f3n: excelente rendimiento, sin atacar la superficie.  Contiene amoniaco: refuerza el poder de limpieza y poder de higiene.  Datos t\u00e9cnicos:   pH 10-12.  Producto l\u00edquido.  Color: verde.  Perfume: pino.  Dosificaci\u00f3n seg\u00fan el tipo de suciedad.  Limpieza de mantenimiento: diluir 120 cc en un cubo de agua.  Limpieza a fondo: diluir 200 cc en un cubo de agua.  Suciedad incrustada: aplicar directamente.  SKU: FR0105","og_url":"https:\/\/meprolim.es\/producto\/quimicos-articulos-limpieza\/productos-quimicos-industriales\/amoniacales\/bidon-5kg-limpiador-amoniacal-cleaning\/","og_site_name":"Meprolim","article_modified_time":"2023-05-25T23:48:40+00:00","og_image":[{"width":768,"height":768,"url":"https:\/\/meprolim.es\/wp-content\/uploads\/2019\/09\/FR0105.jpg","type":"image\/jpeg"}],"twitter_card":"summary_large_image","twitter_misc":{"Dur\u00e9e de lecture estim\u00e9e":"1 minute"},"schema":{"@context":"https:\/\/schema.org","@graph":[{"@type":"WebPage","@id":"https:\/\/meprolim.es\/producto\/quimicos-articulos-limpieza\/productos-quimicos-industriales\/amoniacales\/bidon-5kg-limpiador-amoniacal-cleaning\/","url":"https:\/\/meprolim.es\/producto\/quimicos-articulos-limpieza\/productos-quimicos-industriales\/amoniacales\/bidon-5kg-limpiador-amoniacal-cleaning\/","name":"BID\u00d3N 5KG LIMPIADOR AMONIACAL CLEANING - C\u00d3DIGO: FR0105 - Meprolim","isPartOf":{"@id":"https:\/\/meprolim.es\/fr\/#website"},"primaryImageOfPage":{"@id":"https:\/\/meprolim.es\/producto\/quimicos-articulos-limpieza\/productos-quimicos-industriales\/amoniacales\/bidon-5kg-limpiador-amoniacal-cleaning\/#primaryimage"},"image":{"@id":"https:\/\/meprolim.es\/producto\/quimicos-articulos-limpieza\/productos-quimicos-industriales\/amoniacales\/bidon-5kg-limpiador-amoniacal-cleaning\/#primaryimage"},"thumbnailUrl":"https:\/\/meprolim.es\/wp-content\/uploads\/2019\/09\/FR0105.jpg","datePublished":"2019-09-09T22:25:53+00:00","dateModified":"2023-05-25T23:48:40+00:00","breadcrumb":{"@id":"https:\/\/meprolim.es\/producto\/quimicos-articulos-limpieza\/productos-quimicos-industriales\/amoniacales\/bidon-5kg-limpiador-amoniacal-cleaning\/#breadcrumb"},"inLanguage":"fr-FR","potentialAction":[{"@type":"ReadAction","target":["https:\/\/meprolim.es\/producto\/quimicos-articulos-limpieza\/productos-quimicos-industriales\/amoniacales\/bidon-5kg-limpiador-amoniacal-cleaning\/"]}]},{"@type":"ImageObject","inLanguage":"fr-FR","@id":"https:\/\/meprolim.es\/producto\/quimicos-articulos-limpieza\/productos-quimicos-industriales\/amoniacales\/bidon-5kg-limpiador-amoniacal-cleaning\/#primaryimage","url":"https:\/\/meprolim.es\/wp-content\/uploads\/2019\/09\/FR0105.jpg","contentUrl":"https:\/\/meprolim.es\/wp-content\/uploads\/2019\/09\/FR0105.jpg","width":768,"height":768},{"@type":"BreadcrumbList","@id":"https:\/\/meprolim.es\/producto\/quimicos-articulos-limpieza\/productos-quimicos-industriales\/amoniacales\/bidon-5kg-limpiador-amoniacal-cleaning\/#breadcrumb","itemListElement":[{"@type":"ListItem","position":1,"name":"Portada","item":"https:\/\/meprolim.es\/fr\/"},{"@type":"ListItem","position":2,"name":"Catalogue","item":"https:\/\/meprolim.es\/fr\/catalogue\/"},{"@type":"ListItem","position":3,"name":"BID\u00d3N 5KG LIMPIADOR AMONIACAL CLEANING &#8211; C\u00d3DIGO: FR0105"}]},{"@type":"WebSite","@id":"https:\/\/meprolim.es\/fr\/#website","url":"https:\/\/meprolim.es\/fr\/","name":"Meprolim","description":"Cavas Catalanas S.L.","publisher":{"@id":"https:\/\/meprolim.es\/fr\/#organization"},"potentialAction":[{"@type":"SearchAction","target":{"@type":"EntryPoint","urlTemplate":"https:\/\/meprolim.es\/fr\/?s={search_term_string}"},"query-input":{"@type":"PropertyValueSpecification","valueRequired":true,"valueName":"search_term_string"}}],"inLanguage":"fr-FR"},{"@type":"Organization","@id":"https:\/\/meprolim.es\/fr\/#organization","name":"Meprolim","url":"https:\/\/meprolim.es\/fr\/","logo":{"@type":"ImageObject","inLanguage":"fr-FR","@id":"https:\/\/meprolim.es\/fr\/#\/schema\/logo\/image\/","url":"https:\/\/meprolim.es\/wp-content\/uploads\/2019\/07\/cropped-logo2.png","contentUrl":"https:\/\/meprolim.es\/wp-content\/uploads\/2019\/07\/cropped-logo2.png","width":401,"height":162,"caption":"Meprolim"},"image":{"@id":"https:\/\/meprolim.es\/fr\/#\/schema\/logo\/image\/"}}]}},"_links":{"self":[{"href":"https:\/\/meprolim.es\/fr\/wp-json\/wp\/v2\/product\/9904","targetHints":{"allow":["GET"]}}],"collection":[{"href":"https:\/\/meprolim.es\/fr\/wp-json\/wp\/v2\/product"}],"about":[{"href":"https:\/\/meprolim.es\/fr\/wp-json\/wp\/v2\/types\/product"}],"wp:featuredmedia":[{"embeddable":true,"href":"https:\/\/meprolim.es\/fr\/wp-json\/wp\/v2\/media\/9907"}],"wp:attachment":[{"href":"https:\/\/meprolim.es\/fr\/wp-json\/wp\/v2\/media?parent=9904"}],"wp:term":[{"taxonomy":"product_brand","embeddable":true,"href":"https:\/\/meprolim.es\/fr\/wp-json\/wp\/v2\/product_brand?post=9904"},{"taxonomy":"product_cat","embeddable":true,"href":"https:\/\/meprolim.es\/fr\/wp-json\/wp\/v2\/product_cat?post=9904"},{"taxonomy":"product_tag","embeddable":true,"href":"https:\/\/meprolim.es\/fr\/wp-json\/wp\/v2\/product_tag?post=9904"}],"curies":[{"name":"wp","href":"https:\/\/api.w.org\/{rel}","templated":true}]}}